{"id":6270,"date":"2023-02-23T12:02:07","date_gmt":"2023-02-23T18:02:07","guid":{"rendered":"https:\/\/tecsecmty.com\/index.php\/producto\/bosch-m_lbb199000-controlador-de-alarma-por-voz-plena-amplificador-240w-salida-de-6-zonas\/"},"modified":"2023-03-22T23:21:28","modified_gmt":"2023-03-23T05:21:28","slug":"bosch-m_lbb199000-controlador-de-alarma-por-voz-plena-amplificador-240w-salida-de-6-zonas","status":"publish","type":"product","link":"https:\/\/tecsecmty.com\/index.php\/producto\/bosch-m_lbb199000-controlador-de-alarma-por-voz-plena-amplificador-240w-salida-de-6-zonas\/","title":{"rendered":"BOSCH M_LBB199000 &#8211; Controlador de alarma por voz plena \/ Amplificador 240W \/ Salida de 6 zonas"},"content":{"rendered":"<h5 class=\"card-title text-center\">LBB 1990\/00 Controlador de alarma por voz Plena<\/h5>\n<p class=\"ql-align-justify\"><strong>La unidad del controlador de LBB 1990\/00 Alarma por voz es el n\u00facleo del Sistema de alarma por voz Plena.\u00a0<\/strong>Se trata del componente principal del Sistema de alarma por voz Plena y posee las funcionalidades b\u00e1sicas para cumplir las normas\u00a0<strong>EN 54\u201116 y EN 60849,<\/strong>\u00a0incluida la supervisi\u00f3n de todo el sistema, la supervisi\u00f3n de la impedancia de la l\u00ednea de altavoces, un micr\u00f3fono de emergencia supervisado ubicado en el panel frontal y un gestor de mensajes supervisados.<\/p>\n<p class=\"ql-align-justify\">Los mensajes pueden fusionarse para permitir un uso m\u00e1s flexible de los avisos pregrabados y los mensajes de evacuaci\u00f3n. El controlador se puede utilizar como sistema independiente de hasta seis zonas, o puede ampliarse\u00a0<strong>hasta 120 zonas<\/strong>\u00a0mediante el uso de enrutadores adicionales de seis zonas. Es posible conectar hasta ocho estaciones de llamada. Se pueden realizar interconexiones mediante conectores\u00a0<strong>RJ45\u00a0<\/strong>est\u00e1ndar y un cable\u00a0<strong>CAT-5\u00a0<\/strong>blindado.<\/p>\n<p class=\"ql-align-justify\"><strong>Un amplificador de 240 W<\/strong>\u00a0integrado proporciona alimentaci\u00f3n para el canal de llamadas de emergencia y m\u00fasica ambiental. Se pueden a\u00f1adir amplificadores adicionales para ofrecer un funcionamiento de dos canales. Todos los amplificadores est\u00e1n supervisados. La salida de audio utiliza la conmutaci\u00f3n de l\u00ednea de\u00a0<strong>100 V<\/strong>\u00a0de audio anal\u00f3gica est\u00e1ndar para una compatibilidad total con la gama de productos de equipos de megafon\u00eda y altavoces de Bosch compatibles con la norma\u00a0<strong>EVAC<\/strong>. El sistema se configura mediante interruptores DIP para la funcionalidad b\u00e1sica y un\u00a0<strong>PC\u00a0<\/strong>para funciones m\u00e1s avanzadas.<\/p>\n<p class=\"ql-align-justify\"><strong>Funciones b\u00e1sicas<\/strong><\/p>\n<p class=\"ql-align-justify\">El controlador dispone de dos entradas para fuentes de m\u00fasica ambiental y una entrada de micr\u00f3fono\/l\u00ednea con prioridad configurable, filtro de voz, alimentaci\u00f3n fantasma y activaci\u00f3n por voz seleccionable. Se pueden establecer hasta 16 niveles de prioridad para el micr\u00f3fono, las estaciones de llamada y las entradas de activaci\u00f3n, lo que proporciona una gran flexibilidad al sistema.<\/p>\n<p class=\"ql-align-justify\">La potente secci\u00f3n de salida de 240 W dispone de seis salidas de tensi\u00f3n constante de 100 V, aisladas por transformador, para alimentar los altavoces de 100 V en seis zonas separadas. La t\u00e9cnica de 100 V reduce las p\u00e9rdidas de l\u00ednea en distancias mayores y permite la conexi\u00f3n paralela de varios altavoces de una forma sencilla. Todas las zonas se pueden seleccionar por separado desde el panel frontal y el nivel de salida de m\u00fasica ambiental de cada zona se puede establecer individualmente en seis pasos. El controlador admite el cableado A\/B.<\/p>\n<p class=\"ql-align-justify\">La salida del amplificador tambi\u00e9n est\u00e1 disponible como salida independiente\u00a0<strong>en 100 V y 70 V<\/strong>. La salida de solo llamada de 100 V independiente proporciona avisos para una zona en la que no se necesita m\u00fasica ambiental, pero s\u00ed avisos con prioridad. Hay disponibles seis contactos de salida para anular los reguladores de volumen locales durante las llamadas con prioridad. Se admiten esquemas de\u00a0<strong>3 y 4 hilos<\/strong>. Un medidor tipo LED controla la salida.<\/p>\n<p class=\"ql-align-justify\"><strong>Controles e indicadores Frontal<\/strong><\/p>\n<ul>\n<li class=\"ql-align-justify\">Medidor de alimentaci\u00f3n del LED.<\/li>\n<li class=\"ql-align-justify\">13 LED de fallo del sistema.<\/li>\n<li class=\"ql-align-justify\">Dos botones de estado de fallo.<\/li>\n<li class=\"ql-align-justify\">Dos botones de estado de emergencia.<\/li>\n<li class=\"ql-align-justify\">Seis pares de LED de estado de zonas de emergencia.<\/li>\n<li class=\"ql-align-justify\">Seis botones de selecci\u00f3n de zona de emergencia.<\/li>\n<li class=\"ql-align-justify\">Seis LED de selecci\u00f3n de zona de m\u00fasica ambiental.<\/li>\n<li class=\"ql-align-justify\">Seis botones de selecci\u00f3n de zona de m\u00fasica ambiental.<\/li>\n<li class=\"ql-align-justify\">Seis mandos de control de volumen de zonas de m\u00fasica ambiental.<\/li>\n<li class=\"ql-align-justify\">Dos LED de estado de fuente de m\u00fasica ambiental.<\/li>\n<li class=\"ql-align-justify\">Tres mandos para regulaci\u00f3n de niveles de volumen, agudos y bajos de m\u00fasica ambiental.<\/li>\n<li class=\"ql-align-justify\">Bot\u00f3n de llamada general.<\/li>\n<li class=\"ql-align-justify\">Bot\u00f3n de prueba de indicador.<\/li>\n<li class=\"ql-align-justify\">Bot\u00f3n de estado de emergencia.<\/li>\n<li class=\"ql-align-justify\">Bot\u00f3n de mensaje de alerta.<\/li>\n<\/ul>\n<p class=\"ql-align-justify\"><strong>Parte trasera<\/strong><\/p>\n<ul>\n<li class=\"ql-align-justify\">Tres interruptores DIP de ajustes de servicio.<\/li>\n<li class=\"ql-align-justify\">Interruptor de calibraci\u00f3n.<\/li>\n<li class=\"ql-align-justify\">Cuatro interruptores DIP de configuraci\u00f3n del sistema.<\/li>\n<li class=\"ql-align-justify\">Selector de tensi\u00f3n de alimentaci\u00f3n.<\/li>\n<li class=\"ql-align-justify\">Interruptor de alimentaci\u00f3n.<\/li>\n<li class=\"ql-align-justify\">Toma del cable de alimentaci\u00f3n.<\/li>\n<li class=\"ql-align-justify\">Interruptor de nivel de micr\u00f3fono\/l\u00ednea.<\/li>\n<li class=\"ql-align-justify\">Tres interruptores DIP para VOX, voz y alimentaci\u00f3n fantasma.<\/li>\n<li class=\"ql-align-justify\">Mando de regulaci\u00f3n de volumen del micr\u00f3fono.<\/li>\n<li class=\"ql-align-justify\">Tornillo de regulaci\u00f3n de volumen de mensajes digitales.<\/li>\n<li class=\"ql-align-justify\">Mando de regulaci\u00f3n de volumen de altavoces de control.<\/li>\n<\/ul>\n<p class=\"ql-align-justify\"><strong>Certificados y homologaciones<\/strong><\/p>\n<ul>\n<li class=\"ql-align-justify\">Seguridad Conforme a EN 60065.<\/li>\n<li class=\"ql-align-justify\">Inmunidad Conforme a EN 50130\u20114.<\/li>\n<li class=\"ql-align-justify\">Emisi\u00f3n Conforme a EN 55103-1.<\/li>\n<li class=\"ql-align-justify\">Emergencia Conforme a EN 54\u201116\/EN 60849.<\/li>\n<\/ul>\n<p class=\"ql-align-justify\"><strong>Nota: LBB 1990\/00 Controlador de alarma por voz<\/strong><\/p>\n<p class=\"ql-align-justify\"><strong>Plena Unidad de control principal totalmente supervisada para utilizarla con Sistema de alarma por voz Plena, amplificador de 240 W integrado.<\/strong><\/p>\n<p class=\"ql-align-justify\"><strong>N\u00famero de pedido: LBB1990\/00.<\/strong><\/p>\n<p class=\"ql-align-justify\"><strong>Principales Caracter\u00edsticas<\/strong><\/p>\n<ul>\n<li class=\"ql-align-justify\">N\u00facleo del Sistema de alarma por voz Plena.<\/li>\n<li class=\"ql-align-justify\">Con certificaci\u00f3n EN 54\u201116 y compatible con EN 60849.<\/li>\n<li class=\"ql-align-justify\">Gestor de mensajes y amplificador de 240 W incorporado .<\/li>\n<li class=\"ql-align-justify\">Salidas de seis zonas.<\/li>\n<li class=\"ql-align-justify\">6 de emergencia y 6 de activaci\u00f3n.<\/li>\n<\/ul>\n<p class=\"ql-align-justify\"><strong>Especificaciones<\/strong><\/p>\n<p class=\"ql-align-justify\"><strong>El\u00e9ctricas<\/strong><\/p>\n<ul>\n<li class=\"ql-align-justify\">Fuente de alimentaci\u00f3n.<\/li>\n<li class=\"ql-align-justify\">Tensi\u00f3n 230\/115 VCA, \u00b115%, 50\/60 Hz.<\/li>\n<li class=\"ql-align-justify\">Entrada de corriente 8 A.<\/li>\n<li class=\"ql-align-justify\">Consumo m\u00e1ximo 600 VA.<\/li>\n<li class=\"ql-align-justify\">Alimentaci\u00f3n por bater\u00edas.<\/li>\n<li class=\"ql-align-justify\">Tensi\u00f3n 24 VCC, +15%\/-15%.<\/li>\n<li class=\"ql-align-justify\">Corriente m\u00e1x. 14 A.<\/li>\n<li class=\"ql-align-justify\">Rendimiento Potencia de salida (rms\/ m\u00e1xima) 240 W\/360 W.<\/li>\n<li class=\"ql-align-justify\">Reducci\u00f3n de potencia con alimentaci\u00f3n de reserva -1 dB.<\/li>\n<li class=\"ql-align-justify\">Respuesta en frecuencia De 60 Hz a 18 kHz (+1\/-3 dB a -10 dB de salida nominal de ref.).<\/li>\n<li class=\"ql-align-justify\">Distorsi\u00f3n &lt; 1% a potencia de salida nominal, 1 kHz.<\/li>\n<\/ul>\n<p class=\"ql-align-justify\"><strong>Mec\u00e1nicas<\/strong><\/p>\n<ul>\n<li class=\"ql-align-justify\">Dimensiones (Al. x An. x Pr.) 144 x 430 x 370 mm (19 pulg. de ancho, 3U de alto).<\/li>\n<li class=\"ql-align-justify\">Peso Aprox. 21,17 kg.<\/li>\n<li class=\"ql-align-justify\">Montaje Rack de 19 pulg.<\/li>\n<li class=\"ql-align-justify\">Color Gris oscuro.<\/li>\n<\/ul>\n<p class=\"ql-align-justify\"><strong>Medioambientales<\/strong><\/p>\n<ul>\n<li class=\"ql-align-justify\">Temperatura de funcionamiento: De -10 \u00b0C a +55 \u00b0C (de +14 \u00b0F a +131 \u00b0F).<\/li>\n<li class=\"ql-align-justify\">Temperatura de almacenamiento: De -40 \u00b0C a +70 \u00b0C (de -40 \u00b0F a +158 \u00b0F).<\/li>\n<li class=\"ql-align-justify\">Humedad relativa &lt; 95%.<\/li>\n<li class=\"ql-align-justify\">Nivel de ruido ac\u00fastico del ventilador NPA &lt; 48 dB a 1 m (salida m\u00e1x.).<\/li>\n<\/ul>\n","protected":false},"excerpt":{"rendered":"<p>LBB 1990\/00 Controlador de alarma por voz Plena La unidad del controlador de LBB 1990\/00 Alarma por voz es el n\u00facleo del Sistema de alarma por voz Plena.\u00a0Se trata del componente principal del Sistema de alarma por voz Plena y posee las funcionalidades b\u00e1sicas para&hellip;<\/p>\n","protected":false},"featured_media":6269,"comment_status":"open","ping_status":"closed","template":"","meta":{"om_disable_all_campaigns":false,"_monsterinsights_skip_tracking":false,"_monsterinsights_sitenote_active":false,"_monsterinsights_sitenote_note":"","_monsterinsights_sitenote_category":0},"product_brand":[],"product_cat":[530],"product_tag":[513,514,511,516,519,517,520,515,181,518,512],"class_list":{"0":"post-6270","1":"product","2":"type-product","3":"status-publish","4":"has-post-thumbnail","6":"product_cat-mezcladoras","7":"product_tag-altavoces","8":"product_tag-amplificadores","9":"product_tag-audio-y-video","10":"product_tag-audioporteros","11":"product_tag-digital-signage","12":"product_tag-intercomunicadores","13":"product_tag-kits-videoporteros","14":"product_tag-mezcladoras","15":"product_tag-microfonos","16":"product_tag-sistemas-de-enfermeria","17":"product_tag-videoporteros","19":"first","20":"instock","21":"sale","22":"taxable","23":"shipping-taxable","24":"purchasable","25":"product-type-simple"},"aioseo_notices":[],"_links":{"self":[{"href":"https:\/\/tecsecmty.com\/index.php\/wp-json\/wp\/v2\/product\/6270","targetHints":{"allow":["GET"]}}],"collection":[{"href":"https:\/\/tecsecmty.com\/index.php\/wp-json\/wp\/v2\/product"}],"about":[{"href":"https:\/\/tecsecmty.com\/index.php\/wp-json\/wp\/v2\/types\/product"}],"replies":[{"embeddable":true,"href":"https:\/\/tecsecmty.com\/index.php\/wp-json\/wp\/v2\/comments?post=6270"}],"version-history":[{"count":0,"href":"https:\/\/tecsecmty.com\/index.php\/wp-json\/wp\/v2\/product\/6270\/revisions"}],"wp:featuredmedia":[{"embeddable":true,"href":"https:\/\/tecsecmty.com\/index.php\/wp-json\/wp\/v2\/media\/6269"}],"wp:attachment":[{"href":"https:\/\/tecsecmty.com\/index.php\/wp-json\/wp\/v2\/media?parent=6270"}],"wp:term":[{"taxonomy":"product_brand","embeddable":true,"href":"https:\/\/tecsecmty.com\/index.php\/wp-json\/wp\/v2\/product_brand?post=6270"},{"taxonomy":"product_cat","embeddable":true,"href":"https:\/\/tecsecmty.com\/index.php\/wp-json\/wp\/v2\/product_cat?post=6270"},{"taxonomy":"product_tag","embeddable":true,"href":"https:\/\/tecsecmty.com\/index.php\/wp-json\/wp\/v2\/product_tag?post=6270"}],"curies":[{"name":"wp","href":"https:\/\/api.w.org\/{rel}","templated":true}]}}