{"id":6272,"date":"2023-02-23T12:02:10","date_gmt":"2023-02-23T18:02:10","guid":{"rendered":"https:\/\/tecsecmty.com\/index.php\/producto\/bosch-m_lbb199200-enrutador-de-alarma-por-voz-plena-expansion-de-6-zonas-y-12-contactos-de-entrada-al-lbb195600\/"},"modified":"2023-03-22T23:21:28","modified_gmt":"2023-03-23T05:21:28","slug":"bosch-m_lbb199200-enrutador-de-alarma-por-voz-plena-expansion-de-6-zonas-y-12-contactos-de-entrada-al-lbb195600","status":"publish","type":"product","link":"https:\/\/tecsecmty.com\/index.php\/producto\/bosch-m_lbb199200-enrutador-de-alarma-por-voz-plena-expansion-de-6-zonas-y-12-contactos-de-entrada-al-lbb195600\/","title":{"rendered":"BOSCH M_LBB199200 &#8211; ENRUTADOR De alarma por voz plena \/ Expansion de 6 zonas y 12 contactos de entrada al LBB195600"},"content":{"rendered":"<h5 class=\"card-title text-center\">LBB 1992\/00 Enrutador de Alarma por Voz Plena<\/h5>\n<p class=\"ql-align-justify\"><strong>El enrutador LBB 1992\/00 Alarma por voz es una unidad de expansi\u00f3n que puede a\u00f1adir seis zonas y 12 contactos de entrada al Sistema de alarma por voz Plena.<\/strong>\u00a0Puede utilizar el amplificador integrado en el controlador de alarma por voz<strong>\u00a0LBB 1990\/00\u00a0<\/strong>Sistema de alarma por voz Plena y proporciona entradas y salidas para uno o dos amplificadores en un multiamplificador y un sistema de dos canales.<\/p>\n<p class=\"ql-align-justify\">Dispone de un modo de funcionamiento de dos canales para llamadas y m\u00fasica ambiental simult\u00e1neamente, hasta un m\u00e1ximo de seis zonas diferentes, utilizando dos amplificadores. Adem\u00e1s, dispone del modo de funcionamiento de un canal con un \u00fanico amplificador.<\/p>\n<p class=\"ql-align-justify\">Los diferentes enrutadores tambi\u00e9n pueden compartir un amplificador, incluido el amplificador interno en la unidad del controlador. Se puede utilizar cualquier cantidad de amplificadores desde uno hasta el n\u00famero de enrutadores utilizados. El controlador admite el cableado A\/B.<\/p>\n<p class=\"ql-align-justify\"><strong>Funciones b\u00e1sicas<\/strong><\/p>\n<p class=\"ql-align-justify\"><strong>El LBB 1992\/00 incluye un conjunto de seis rel\u00e9s que permite\u00a0<\/strong>conmutar las salidas del amplificador de potencia a diferentes zonas de grupos de altavoces.<\/p>\n<p class=\"ql-align-justify\"><strong>Cada zona se puede alternar entre:<\/strong><\/p>\n<ul>\n<li class=\"ql-align-justify\">El canal de llamada (selecci\u00f3n por estaci\u00f3n de llamada, micr\u00f3fono para llamada general o activaci\u00f3n de emergencia).<\/li>\n<li class=\"ql-align-justify\">El canal de m\u00fasica ambiental (selecci\u00f3n en el panel frontal).<\/li>\n<li class=\"ql-align-justify\">Desactivado.<\/li>\n<\/ul>\n<p class=\"ql-align-justify\">Los contactos de rel\u00e9 que permiten anular los reguladores de volumen se proporcionan para cada zona por separado para anular los controles de volumen de altavoz locales. Esto garantiza que los mensajes de prioridad se emitan con un volumen determinado, aunque los controladores de volumen locales puedan configurarse a un nivel de volumen bajo para la m\u00fasica ambiental, por ejemplo. Se admiten esquemas de anulaci\u00f3n tanto de tres hilos como de cuatro hilos. Una entrada de llamada o de alarma activar\u00e1 estos contactos para las zonas adecuadas, junto con un contacto sin tensi\u00f3n adicional (llamada activa) para fines de control.<\/p>\n<p class=\"ql-align-justify\"><strong>La salida de 24 VCC protegida contra sobrecargas proporciona alimentaci\u00f3n para el manejo de rel\u00e9s externos<\/strong>, lo que hace innecesario el uso de una fuente de alimentaci\u00f3n externa. El canal de salida principal, o uno de los canales de entrada, se puede seleccionar para su supervisi\u00f3n mediante el conector de auriculares y el medidor tipo LED.<\/p>\n<p class=\"ql-align-justify\"><strong>Controles e indicadores Frontal<\/strong><\/p>\n<ul>\n<li class=\"ql-align-justify\">Medidor (LED para -20, -6, 0 dB y encendido).<\/li>\n<li class=\"ql-align-justify\">Ocho LED de fallo del sistema.<\/li>\n<li class=\"ql-align-justify\">12 LED de fallo de l\u00ednea de altavoces.<\/li>\n<li class=\"ql-align-justify\">Seis botones de selecci\u00f3n de zona de llamada de emergencia.<\/li>\n<li class=\"ql-align-justify\">12 LED de estado de zona de llamada de emergencia.<\/li>\n<li class=\"ql-align-justify\">Seis botones de selectores de zona de m\u00fasica ambiental.<\/li>\n<li class=\"ql-align-justify\">Seis LED de estado de zona de m\u00fasica ambiental.<\/li>\n<\/ul>\n<p class=\"ql-align-justify\"><strong>Parte trasera<\/strong><\/p>\n<ul>\n<li class=\"ql-align-justify\">Dos interruptores DIP.<\/li>\n<li class=\"ql-align-justify\">Control giratorio de ID de unidad.<\/li>\n<li class=\"ql-align-justify\">Selector de tensi\u00f3n de alimentaci\u00f3n.<\/li>\n<li class=\"ql-align-justify\">Interruptor de alimentaci\u00f3n.<\/li>\n<li class=\"ql-align-justify\">Toma el\u00e9ctrica.<\/li>\n<\/ul>\n<p class=\"ql-align-justify\"><strong>Interconexiones Parte trasera<\/strong><\/p>\n<ul>\n<li class=\"ql-align-justify\">12 salidas de altavoz.<\/li>\n<li class=\"ql-align-justify\">Dos entradas de amplificador externo.<\/li>\n<li class=\"ql-align-justify\">Salida de llamadas.<\/li>\n<li class=\"ql-align-justify\">Seis salidas de anulaci\u00f3n de volumen.<\/li>\n<li class=\"ql-align-justify\">12 entradas de activaci\u00f3n.<\/li>\n<li class=\"ql-align-justify\">Conector RS-232.<\/li>\n<li class=\"ql-align-justify\">Dos interv\u00ednculos de sistema.<\/li>\n<li class=\"ql-align-justify\">Dos salidas de amplificador externo (XLR\/ balanceada).<\/li>\n<li class=\"ql-align-justify\">Salida de fallo de amplificador de alimentaci\u00f3n.<\/li>\n<li class=\"ql-align-justify\">Salida de alimentaci\u00f3n de 24 VCC.<\/li>\n<li class=\"ql-align-justify\">Entrada de alimentaci\u00f3n de 24 VCC.<\/li>\n<li class=\"ql-align-justify\">Dos salidas de activaci\u00f3n adicionales.<\/li>\n<li class=\"ql-align-justify\">Tornillo de conexi\u00f3n a tierra.<\/li>\n<\/ul>\n<p class=\"ql-align-justify\"><strong>Certificados y homologaciones<\/strong><\/p>\n<ul>\n<li class=\"ql-align-justify\">Seguridad Conforme a EN 60065.<\/li>\n<li class=\"ql-align-justify\">Inmunidad Conforme a EN 50130-4.<\/li>\n<li class=\"ql-align-justify\">Emisi\u00f3n Conforme a EN 55103-1.<\/li>\n<li class=\"ql-align-justify\">Emergencia Conforme a EN 54\u201116.<\/li>\n<\/ul>\n<p class=\"ql-align-justify\"><strong>Piezas incluidas<\/strong><\/p>\n<ul>\n<li class=\"ql-align-justify\">1 Enrutador LBB 1992\/00 Alarma por voz.<\/li>\n<li class=\"ql-align-justify\">1 Cable de alimentaci\u00f3n.<\/li>\n<li class=\"ql-align-justify\">1 Juego de soportes de montaje de 19 pulg.<\/li>\n<li class=\"ql-align-justify\">1 Instrucciones de seguridad.<\/li>\n<li class=\"ql-align-justify\">1 Cable XLR.<\/li>\n<li class=\"ql-align-justify\">1 Cable Ethernet.<\/li>\n<\/ul>\n<p class=\"ql-align-justify\"><strong>Nota: LBB 1992\/00 Enrutador de Alarma por Voz Plena<\/strong><\/p>\n<p class=\"ql-align-justify\"><strong>Una unidad de expansi\u00f3n para a\u00f1adir seis zonas y 12 contactos de entrada al Sistema de alarma por voz Plena.<\/strong><\/p>\n<p class=\"ql-align-justify\"><strong>N\u00famero de pedido: LBB1992\/00.<\/strong><\/p>\n<p class=\"ql-align-justify\"><strong>Principales Caracter\u00edsticas<\/strong><\/p>\n<ul>\n<li class=\"ql-align-justify\">Ampl\u00ede el Sistema de alarma por voz Plena con seis zonas.<\/li>\n<li class=\"ql-align-justify\">Con certificaci\u00f3n EN 54\u201116.<\/li>\n<li class=\"ql-align-justify\">12 contactos de entrada adicionales.<\/li>\n<li class=\"ql-align-justify\">Seis contactos de salida de anulaci\u00f3n de volumen.<\/li>\n<li class=\"ql-align-justify\">Supervisi\u00f3n dentro del Sistema de alarma por voz Plena.<\/li>\n<\/ul>\n<p class=\"ql-align-justify\"><strong>Especificaciones<\/strong><\/p>\n<p class=\"ql-align-justify\"><strong>El\u00e9ctricas<\/strong><\/p>\n<p class=\"ql-align-justify\"><strong>Fuente de alimentaci\u00f3n<\/strong><\/p>\n<ul>\n<li class=\"ql-align-justify\">Tensi\u00f3n 230\/115 VCA, \u00b110%, 50\/60 Hz.<\/li>\n<li class=\"ql-align-justify\">Corriente de entrada 1,5 A a 230 VCA\/3 A a 115 VCA.<\/li>\n<li class=\"ql-align-justify\">Consumo m\u00e1ximo 50 VA.<\/li>\n<li class=\"ql-align-justify\">Corriente en espera\/carg m\u00e1x. 0,2 A\/0,3 A.<\/li>\n<\/ul>\n<p class=\"ql-align-justify\"><strong>Alimentaci\u00f3n por bater\u00edas<\/strong><\/p>\n<ul>\n<li class=\"ql-align-justify\">Tensi\u00f3n 24 VCC, +15%\/-15%.<\/li>\n<li class=\"ql-align-justify\">Corriente m\u00e1x. 1,8 A.<\/li>\n<li class=\"ql-align-justify\">Corriente t\u00edpica\/carga m\u00e1x.* 0,51 A\/1,5 A<\/li>\n<\/ul>\n<p class=\"ql-align-justify\"><strong>Entradas de activaci\u00f3n 12 (6 de emergencia y 6 convencionales)<\/strong><\/p>\n<ul>\n<li class=\"ql-align-justify\">Conectores MC1,5\/14-ST-3,5<\/li>\n<li class=\"ql-align-justify\">Activaci\u00f3n Programable<\/li>\n<li class=\"ql-align-justify\">Supervisi\u00f3n En entradas de emergencia (EMG),programable.<\/li>\n<li class=\"ql-align-justify\">M\u00e9todo de supervisi\u00f3n Resistencia en serie\/paralelo.<\/li>\n<\/ul>\n<p class=\"ql-align-justify\"><strong>Entrada de 100 V Conector MSTB 2,5\/16-ST<\/strong><\/p>\n<ul>\n<li class=\"ql-align-justify\">Amp. 1 100 V\/70 V\/0 V.<\/li>\n<li class=\"ql-align-justify\">Amp. 2 100 V\/0 V.<\/li>\n<li class=\"ql-align-justify\">Capacidad de gesti\u00f3n de potencia 1.000 W.<\/li>\n<\/ul>\n<p class=\"ql-align-justify\"><strong>Salidas de altavoz 12 (2 x 6 zonas)<\/strong><\/p>\n<ul>\n<li class=\"ql-align-justify\">Conectores MSTB 2,5\/16-ST, flotante.<\/li>\n<li class=\"ql-align-justify\">Salida de 100 V 700 W de potencia nominal por zona.<\/li>\n<li class=\"ql-align-justify\">Tipos de anulaci\u00f3n de volumen<\/li>\n<li class=\"ql-align-justify\">3 hilos, 4 hilos (24 V), 4 hilos a prueba de fallos.<\/li>\n<\/ul>\n<p class=\"ql-align-justify\"><strong>Contactos de salida<\/strong><\/p>\n<ul>\n<li class=\"ql-align-justify\">Conector MC1,5\/14-ST-3,5.<\/li>\n<li class=\"ql-align-justify\">Potencia nominal 250 V, 7 A, sin tensi\u00f3n<\/li>\n<li class=\"ql-align-justify\">Rel\u00e9s para fines generales (2) NO\/COM.<\/li>\n<\/ul>\n<p class=\"ql-align-justify\"><strong>Mec\u00e1nicas<\/strong><\/p>\n<ul>\n<li class=\"ql-align-justify\">Dimensiones (Al. x An. x Pr.) 88 x 430 x 260 mm (19 pulg. de ancho, 2U de alto).<\/li>\n<li class=\"ql-align-justify\">Peso Aprox. 3 kg.<\/li>\n<li class=\"ql-align-justify\">Montaje Rack independiente de 19 pulg.<\/li>\n<li class=\"ql-align-justify\">Color Gris oscuro.<\/li>\n<\/ul>\n<p class=\"ql-align-justify\"><strong>Medioambientales<\/strong><\/p>\n<ul>\n<li class=\"ql-align-justify\">Temperatura de funcionamiento: De -10 \u00b0C a +55 \u00b0C (de +14 \u00b0F a +131 \u00b0F).<\/li>\n<li class=\"ql-align-justify\">Temperatura de almacenamiento: De -40 \u00b0C a +70 \u00b0C (de -40 \u00b0F a +158 \u00b0F)<\/li>\n<li class=\"ql-align-justify\">Humedad relativa &lt; 95%.<\/li>\n<\/ul>\n<p><img fetchpriority=\"high\" decoding=\"async\" class=\"alignnone size-full wp-image-9777\" src=\"https:\/\/tecsecmty.com\/wp-content\/uploads\/2023\/02\/8.png\" alt=\"\" width=\"960\" height=\"540\" \/><\/p>\n","protected":false},"excerpt":{"rendered":"<p>LBB 1992\/00 Enrutador de Alarma por Voz Plena El enrutador LBB 1992\/00 Alarma por voz es una unidad de expansi\u00f3n que puede a\u00f1adir seis zonas y 12 contactos de entrada al Sistema de alarma por voz Plena.\u00a0Puede utilizar el amplificador integrado en el controlador de&hellip;<\/p>\n","protected":false},"featured_media":6271,"comment_status":"open","ping_status":"closed","template":"","meta":{"om_disable_all_campaigns":false,"_monsterinsights_skip_tracking":false,"_monsterinsights_sitenote_active":false,"_monsterinsights_sitenote_note":"","_monsterinsights_sitenote_category":0},"product_brand":[],"product_cat":[530],"product_tag":[513,514,511,516,519,517,520,515,181,518,512],"class_list":{"0":"post-6272","1":"product","2":"type-product","3":"status-publish","4":"has-post-thumbnail","6":"product_cat-mezcladoras","7":"product_tag-altavoces","8":"product_tag-amplificadores","9":"product_tag-audio-y-video","10":"product_tag-audioporteros","11":"product_tag-digital-signage","12":"product_tag-intercomunicadores","13":"product_tag-kits-videoporteros","14":"product_tag-mezcladoras","15":"product_tag-microfonos","16":"product_tag-sistemas-de-enfermeria","17":"product_tag-videoporteros","19":"first","20":"instock","21":"sale","22":"taxable","23":"shipping-taxable","24":"purchasable","25":"product-type-simple"},"aioseo_notices":[],"_links":{"self":[{"href":"https:\/\/tecsecmty.com\/index.php\/wp-json\/wp\/v2\/product\/6272","targetHints":{"allow":["GET"]}}],"collection":[{"href":"https:\/\/tecsecmty.com\/index.php\/wp-json\/wp\/v2\/product"}],"about":[{"href":"https:\/\/tecsecmty.com\/index.php\/wp-json\/wp\/v2\/types\/product"}],"replies":[{"embeddable":true,"href":"https:\/\/tecsecmty.com\/index.php\/wp-json\/wp\/v2\/comments?post=6272"}],"version-history":[{"count":0,"href":"https:\/\/tecsecmty.com\/index.php\/wp-json\/wp\/v2\/product\/6272\/revisions"}],"wp:featuredmedia":[{"embeddable":true,"href":"https:\/\/tecsecmty.com\/index.php\/wp-json\/wp\/v2\/media\/6271"}],"wp:attachment":[{"href":"https:\/\/tecsecmty.com\/index.php\/wp-json\/wp\/v2\/media?parent=6272"}],"wp:term":[{"taxonomy":"product_brand","embeddable":true,"href":"https:\/\/tecsecmty.com\/index.php\/wp-json\/wp\/v2\/product_brand?post=6272"},{"taxonomy":"product_cat","embeddable":true,"href":"https:\/\/tecsecmty.com\/index.php\/wp-json\/wp\/v2\/product_cat?post=6272"},{"taxonomy":"product_tag","embeddable":true,"href":"https:\/\/tecsecmty.com\/index.php\/wp-json\/wp\/v2\/product_tag?post=6272"}],"curies":[{"name":"wp","href":"https:\/\/api.w.org\/{rel}","templated":true}]}}