{"id":6274,"date":"2023-02-23T12:02:12","date_gmt":"2023-02-23T18:02:12","guid":{"rendered":"https:\/\/tecsecmty.com\/index.php\/producto\/bosch-m_lbb199500-panel-para-bomberos-del-sistema-de-alarma-por-voz-plena-control-remoto-e-vac-de-llamada-general-con-m\/"},"modified":"2023-03-22T23:21:28","modified_gmt":"2023-03-23T05:21:28","slug":"bosch-m_lbb199500-panel-para-bomberos-del-sistema-de-alarma-por-voz-plena-control-remoto-e-vac-de-llamada-general-con-m","status":"publish","type":"product","link":"https:\/\/tecsecmty.com\/index.php\/producto\/bosch-m_lbb199500-panel-para-bomberos-del-sistema-de-alarma-por-voz-plena-control-remoto-e-vac-de-llamada-general-con-m\/","title":{"rendered":"BOSCH M_LBB199500 &#8211; Panel para bomberos del sistema de alarma por voz plena \/ Control remoto E VAC de llamada general con m"},"content":{"rendered":"<p class=\"ql-align-justify\"><strong>Los paneles del control remoto del Sistema de alarma por voz Plena permiten controlar el sistema de forma remota desde una o dos ubicaciones.<\/strong><\/p>\n<p class=\"ql-align-justify\">Hay cinco modelos disponibles:<\/p>\n<ul>\n<li class=\"ql-align-justify\">El panel de bomberos, con funci\u00f3n de llamada general y botones iluminados de gran tama\u00f1o.<\/li>\n<li class=\"ql-align-justify\">La unidad de control remoto principal, que duplica el panel frontal del controlador de Sistema de alarma por voz Plena.<\/li>\n<li class=\"ql-align-justify\">La extensi\u00f3n del control remoto, que duplica el panel frontal del enrutador.<\/li>\n<li class=\"ql-align-justify\">El kit del control remoto principal.<\/li>\n<li class=\"ql-align-justify\">El kit de extensi\u00f3n del control remoto.<\/li>\n<\/ul>\n<p class=\"ql-align-justify\"><strong>Los kits son un complemento funcional para el control remoto y la extensi\u00f3n de este<\/strong>, con conectores en el panel frontal en lugar de controles e indicadores.<\/p>\n<p class=\"ql-align-justify\"><strong>Funciones b\u00e1sicas<\/strong><\/p>\n<p class=\"ql-align-justify\"><strong>El panel de bomberos LBB 1995\/00\u00a0<\/strong>es un control remoto con botones e indicadores espec\u00edficos para bomberos. El control remoto no tiene ninguna zona seleccionada, como el control remoto est\u00e1ndar, pero s\u00ed cuenta con grandes botones retroiluminados.<\/p>\n<p class=\"ql-align-justify\">Es posible introducir o reconocer el estado de emergencia y reconocer y restablecer el estado de fallo. Se pueden iniciar mensajes de emergencia o alerta y realizar llamadas en directo.<\/p>\n<p class=\"ql-align-justify\"><strong>Nota: LBB 1995\/00 Panel de bomberos del sistema de alarma por voz Plena Panel de bomberos del sistema de alarma por voz, control remoto EVAC de llamada general con micr\u00f3fono.<\/strong><\/p>\n<p class=\"ql-align-justify\"><strong>N\u00famero de pedido: LBB1995\/00.<\/strong><\/p>\n<p class=\"ql-align-justify\">\u00a0<strong>Principales Caracter\u00edsticas:<\/strong><\/p>\n<ul>\n<li class=\"ql-align-justify\">Control remoto del Sistema de alarma por voz Plena.<\/li>\n<li class=\"ql-align-justify\">Con certificaci\u00f3n EN 54-16 u Micr\u00f3fono de emergencia.<\/li>\n<li class=\"ql-align-justify\">Indicadores de estado de emergencia y fallo.<\/li>\n<li class=\"ql-align-justify\">Altavoz de supervisi\u00f3n de llamadas.<\/li>\n<\/ul>\n<p class=\"ql-align-justify\"><strong>Especificaciones:<\/strong><\/p>\n<p class=\"ql-align-justify\"><strong>Fuente de alimentaci\u00f3n<\/strong><\/p>\n<ul>\n<li class=\"ql-align-justify\"><strong>Tensi\u00f3n 24 VCC, +20%\/-10%<\/strong><\/li>\n<li class=\"ql-align-justify\">Corriente t\u00edpica 100 mA<\/li>\n<li class=\"ql-align-justify\">Corriente m\u00e1x. (prueba de indicador) 250 mA<\/li>\n<li class=\"ql-align-justify\">Contactos de rel\u00e9 con prioridad 30 V, 1 A<\/li>\n<li class=\"ql-align-justify\">Contactos de rel\u00e9 de emergencia 30 V, 1 A<\/li>\n<li class=\"ql-align-justify\">Datos de rendimiento t\u00e9cnico seg\u00fan IEC 60268-3<\/li>\n<\/ul>\n<p class=\"ql-align-justify\"><strong>Especificaciones mec\u00e1nicas<\/strong><\/p>\n<ul>\n<li class=\"ql-align-justify\">Dimensiones 134 x 430 x 90 mm (19 pulg. de ancho, 3U de alto)<\/li>\n<li class=\"ql-align-justify\">Peso Aprox. 3 kg<\/li>\n<li class=\"ql-align-justify\">Montaje Rack de 19 pulg. o en pared<\/li>\n<li class=\"ql-align-justify\">Color Gris oscuro<\/li>\n<\/ul>\n<p class=\"ql-align-justify\"><strong>Especificaciones medioambientales<\/strong><\/p>\n<ul>\n<li class=\"ql-align-justify\">Temperatura de funcionamiento De -10 \u00b0C a +55 \u00b0C (de +14 \u00b0F a +131 \u00b0F)<\/li>\n<li class=\"ql-align-justify\">Temperatura de almacenamiento De -40 \u00b0C a +70 \u00b0C (de -40 \u00b0F a +158 \u00b0F)<\/li>\n<li class=\"ql-align-justify\">Humedad relativa &lt; 95%.<\/li>\n<\/ul>\n<p class=\"ql-align-justify\">\n","protected":false},"excerpt":{"rendered":"<p>Los paneles del control remoto del Sistema de alarma por voz Plena permiten controlar el sistema de forma remota desde una o dos ubicaciones. Hay cinco modelos disponibles: El panel de bomberos, con funci\u00f3n de llamada general y botones iluminados de gran tama\u00f1o. La unidad&hellip;<\/p>\n","protected":false},"featured_media":6273,"comment_status":"open","ping_status":"closed","template":"","meta":{"om_disable_all_campaigns":false,"_monsterinsights_skip_tracking":false,"_monsterinsights_sitenote_active":false,"_monsterinsights_sitenote_note":"","_monsterinsights_sitenote_category":0},"product_brand":[],"product_cat":[530],"product_tag":[513,514,511,516,519,517,520,515,181,518,512],"class_list":{"0":"post-6274","1":"product","2":"type-product","3":"status-publish","4":"has-post-thumbnail","6":"product_cat-mezcladoras","7":"product_tag-altavoces","8":"product_tag-amplificadores","9":"product_tag-audio-y-video","10":"product_tag-audioporteros","11":"product_tag-digital-signage","12":"product_tag-intercomunicadores","13":"product_tag-kits-videoporteros","14":"product_tag-mezcladoras","15":"product_tag-microfonos","16":"product_tag-sistemas-de-enfermeria","17":"product_tag-videoporteros","19":"first","20":"instock","21":"sale","22":"taxable","23":"shipping-taxable","24":"purchasable","25":"product-type-simple"},"aioseo_notices":[],"_links":{"self":[{"href":"https:\/\/tecsecmty.com\/index.php\/wp-json\/wp\/v2\/product\/6274","targetHints":{"allow":["GET"]}}],"collection":[{"href":"https:\/\/tecsecmty.com\/index.php\/wp-json\/wp\/v2\/product"}],"about":[{"href":"https:\/\/tecsecmty.com\/index.php\/wp-json\/wp\/v2\/types\/product"}],"replies":[{"embeddable":true,"href":"https:\/\/tecsecmty.com\/index.php\/wp-json\/wp\/v2\/comments?post=6274"}],"version-history":[{"count":0,"href":"https:\/\/tecsecmty.com\/index.php\/wp-json\/wp\/v2\/product\/6274\/revisions"}],"wp:featuredmedia":[{"embeddable":true,"href":"https:\/\/tecsecmty.com\/index.php\/wp-json\/wp\/v2\/media\/6273"}],"wp:attachment":[{"href":"https:\/\/tecsecmty.com\/index.php\/wp-json\/wp\/v2\/media?parent=6274"}],"wp:term":[{"taxonomy":"product_brand","embeddable":true,"href":"https:\/\/tecsecmty.com\/index.php\/wp-json\/wp\/v2\/product_brand?post=6274"},{"taxonomy":"product_cat","embeddable":true,"href":"https:\/\/tecsecmty.com\/index.php\/wp-json\/wp\/v2\/product_cat?post=6274"},{"taxonomy":"product_tag","embeddable":true,"href":"https:\/\/tecsecmty.com\/index.php\/wp-json\/wp\/v2\/product_tag?post=6274"}],"curies":[{"name":"wp","href":"https:\/\/api.w.org\/{rel}","templated":true}]}}