{"id":6278,"date":"2023-02-23T12:02:16","date_gmt":"2023-02-23T18:02:16","guid":{"rendered":"https:\/\/tecsecmty.com\/index.php\/producto\/bosch-m_lm1msb1-conjunto-de-adaptador-de-soporte-suspension-metalico\/"},"modified":"2023-03-22T23:21:32","modified_gmt":"2023-03-23T05:21:32","slug":"bosch-m_lm1msb1-conjunto-de-adaptador-de-soporte-suspension-metalico","status":"publish","type":"product","link":"https:\/\/tecsecmty.com\/index.php\/producto\/bosch-m_lm1msb1-conjunto-de-adaptador-de-soporte-suspension-metalico\/","title":{"rendered":"BOSCH M_LM1MSB1- CONJUNTO DE ADAPTADOR DE SOPORTE SUSPENSION METALICO"},"content":{"rendered":"<h5 class=\"card-title text-center\">Conjunto adaptador de soporte de suspensi\u00f3n met\u00e1lico LM1-MSB-1<\/h5>\n<p class=\"ql-align-justify\"><strong>El altavoz hemidireccional de Bosch<\/strong>\u00a0es un altavoz innovador y f\u00e1cil de instalar que emite un sonido de gran calidad y de forma constante, lo que garantiza una reproducci\u00f3n excepcional de la m\u00fasica ambiental y gran inteligibilidad de voz en mensajes de megafon\u00eda y llamadas de emergencia.\u00a0<strong>El \u00e1ngulo de apertura del altavoz y el alto nivel de presi\u00f3n ac\u00fastica le permiten cubrir hasta 700 m2 , lo que lo hace perfectamente apropiado para \u00e1reas interiores de techos altos, como almacenes, terminales de transporte, centros de exposiciones, grandes superficies y piscinas.<\/strong><\/p>\n<p class=\"ql-align-justify\"><strong>Funciones b\u00e1sicas<\/strong><\/p>\n<p class=\"ql-align-justify\"><strong>Altavoces de alarma por voz<\/strong><\/p>\n<p class=\"ql-align-justify\"><strong>El altavoz LS1\u2011OC100E\u20111\u00a0<\/strong>se utiliza en sistemas de alarma por voz y cumple las normas de emergencia. El altavoz cuenta con una protecci\u00f3n incorporada que garantiza que un altavoz afectado por el fuego no provoque ning\u00fan fallo en el circuito al que est\u00e1 conectado. Esto garantiza la integridad del sistema, lo que significa que los altavoces de otras \u00e1reas se podr\u00e1n seguir utilizando para informar a la gente del incendio. El altavoz dispone de bloques de terminales cer\u00e1mico, un fusible t\u00e9rmico y resistente al calor, y cableado resistente a las altas temperaturas.<\/p>\n<p class=\"ql-align-justify\"><strong>Nota: Este accesorios de hardware como el Conjunto adaptador de soporte de suspensi\u00f3n met\u00e1lico LM1-MSB-1 es utilizado por el altavoz LS1\u2011OC100E\u20111 y se utiliza en sistemas de alarma por voz y cumple las normas de emergencia.<\/strong><\/p>\n<p class=\"ql-align-justify\"><strong>Este conjunto adaptador de soporte de suspensi\u00f3n met\u00e1lico para suspensi\u00f3n fija del altavoz hemidireccional LS1-OC100E-1, impide el movimiento del altavoz, acero con ba\u00f1o de zinc que se suministra con 4 patillas de fijaci\u00f3n y tornillos.<\/strong><\/p>\n<p class=\"ql-align-justify\"><strong>N\u00famero de pedido: LM1-MSB-1.<\/strong><\/p>\n<p><img fetchpriority=\"high\" decoding=\"async\" class=\"alignnone size-full wp-image-9764\" src=\"https:\/\/tecsecmty.com\/wp-content\/uploads\/2023\/02\/5-1.png\" alt=\"\" width=\"960\" height=\"540\" \/><\/p>\n","protected":false},"excerpt":{"rendered":"<p>Conjunto adaptador de soporte de suspensi\u00f3n met\u00e1lico LM1-MSB-1 El altavoz hemidireccional de Bosch\u00a0es un altavoz innovador y f\u00e1cil de instalar que emite un sonido de gran calidad y de forma constante, lo que garantiza una reproducci\u00f3n excepcional de la m\u00fasica ambiental y gran inteligibilidad de&hellip;<\/p>\n","protected":false},"featured_media":6277,"comment_status":"open","ping_status":"closed","template":"","meta":{"om_disable_all_campaigns":false,"_monsterinsights_skip_tracking":false,"_monsterinsights_sitenote_active":false,"_monsterinsights_sitenote_note":"","_monsterinsights_sitenote_category":0},"product_brand":[],"product_cat":[530],"product_tag":[513,514,511,516,519,517,520,515,181,518,512],"class_list":{"0":"post-6278","1":"product","2":"type-product","3":"status-publish","4":"has-post-thumbnail","6":"product_cat-mezcladoras","7":"product_tag-altavoces","8":"product_tag-amplificadores","9":"product_tag-audio-y-video","10":"product_tag-audioporteros","11":"product_tag-digital-signage","12":"product_tag-intercomunicadores","13":"product_tag-kits-videoporteros","14":"product_tag-mezcladoras","15":"product_tag-microfonos","16":"product_tag-sistemas-de-enfermeria","17":"product_tag-videoporteros","19":"first","20":"instock","21":"sale","22":"taxable","23":"shipping-taxable","24":"purchasable","25":"product-type-simple"},"aioseo_notices":[],"_links":{"self":[{"href":"https:\/\/tecsecmty.com\/index.php\/wp-json\/wp\/v2\/product\/6278","targetHints":{"allow":["GET"]}}],"collection":[{"href":"https:\/\/tecsecmty.com\/index.php\/wp-json\/wp\/v2\/product"}],"about":[{"href":"https:\/\/tecsecmty.com\/index.php\/wp-json\/wp\/v2\/types\/product"}],"replies":[{"embeddable":true,"href":"https:\/\/tecsecmty.com\/index.php\/wp-json\/wp\/v2\/comments?post=6278"}],"version-history":[{"count":0,"href":"https:\/\/tecsecmty.com\/index.php\/wp-json\/wp\/v2\/product\/6278\/revisions"}],"wp:featuredmedia":[{"embeddable":true,"href":"https:\/\/tecsecmty.com\/index.php\/wp-json\/wp\/v2\/media\/6277"}],"wp:attachment":[{"href":"https:\/\/tecsecmty.com\/index.php\/wp-json\/wp\/v2\/media?parent=6278"}],"wp:term":[{"taxonomy":"product_brand","embeddable":true,"href":"https:\/\/tecsecmty.com\/index.php\/wp-json\/wp\/v2\/product_brand?post=6278"},{"taxonomy":"product_cat","embeddable":true,"href":"https:\/\/tecsecmty.com\/index.php\/wp-json\/wp\/v2\/product_cat?post=6278"},{"taxonomy":"product_tag","embeddable":true,"href":"https:\/\/tecsecmty.com\/index.php\/wp-json\/wp\/v2\/product_tag?post=6278"}],"curies":[{"name":"wp","href":"https:\/\/api.w.org\/{rel}","templated":true}]}}