{"id":6280,"date":"2023-02-23T12:02:20","date_gmt":"2023-02-23T18:02:20","guid":{"rendered":"https:\/\/tecsecmty.com\/index.php\/producto\/bosch-m_modulo-remoto-de-administracion-de-llamada-praesideo\/"},"modified":"2023-03-22T23:21:32","modified_gmt":"2023-03-23T05:21:32","slug":"bosch-m_modulo-remoto-de-administracion-de-llamada-praesideo","status":"publish","type":"product","link":"https:\/\/tecsecmty.com\/index.php\/producto\/bosch-m_modulo-remoto-de-administracion-de-llamada-praesideo\/","title":{"rendered":"BOSCH M_MODULO REMOTO DE ADMINISTRACION DE LLAMADA PRAESIDEO"},"content":{"rendered":"<h5 class=\"card-title text-center\">M\u00f3dulo remoto de la estaci\u00f3n de llamada Praesideo<\/h5>\n<p class=\"ql-align-justify\"><strong>El PRS-CSRM es un m\u00f3dulo con las mismas funciones que la estaci\u00f3n de llamada remota, PRS-CSR, pero sin la carcasa y otros componentes.<\/strong>\u00a0Se trata de un bloque de generaci\u00f3n que se usa para crear estaciones de llamada o centrales. Se conecta directamente mediante un cable<strong>\u00a0CAT-5<\/strong>\u00a0a la interfaz de estaci\u00f3n de llamada,\u00a0<strong>PRS-CSI<\/strong>, que forma parte de la red \u00f3ptica Praesideo. El cable CAT-5, que transfiere el audio digital y los datos de control, puede tener una longitud de hasta 1 km. La longitud del cable CAT-5 no forma parte de la longitud de la red de fibra \u00f3ptica Praesideo. De esta forma se aumenta de manera significativa la longitud global posible de la red. El dispositivo PRS-CSRM puede ampliarse con hasta 16 teclados<strong>\u00a0(LBB 4432\/00 o PRS-CSKPM)<\/strong>, cada uno con ocho teclas configurables. Tambi\u00e9n es posible la ampliaci\u00f3n con un teclado num\u00e9rico\u00a0<strong>(PRS-CSNKP).<\/strong><\/p>\n<p class=\"ql-align-justify\"><strong>Funciones b\u00e1sicas<\/strong><\/p>\n<p class=\"ql-align-justify\">El m\u00f3dulo de la estaci\u00f3n de llamada tiene una conexi\u00f3n para un micr\u00f3fono supervisado. Un limitador y un filtro de voz mejoran la inteligibilidad y evitan que se produzcan cortes en el audio. Tiene un regulador de volumen para el altavoz de control y los auriculares. La reproducci\u00f3n de un tono o un mensaje pregrabado en el m\u00f3dulo se puede controlar mediante un altavoz o unos auriculares conectados. Cuando se conectan los auriculares, estos sustituyen al micr\u00f3fono y al altavoz. La estaci\u00f3n de llamada cuenta con un procesador digital de llamada (<strong>DSP<\/strong>) para las funciones de procesamiento de audio, incluidos los ajustes de sensibilidad, del limitador y de la ecualizaci\u00f3n param\u00e9trica.<\/p>\n<p class=\"ql-align-justify\">El m\u00f3dulo de la estaci\u00f3n obtiene la alimentaci\u00f3n de la unidad de interfaz mediante el cable CAT-5, pero tambi\u00e9n cuenta con una conexi\u00f3n de fuente de alimentaci\u00f3n local para casos extremos con un cable muy largo y muchos teclados. Los teclados de la estaci\u00f3n de llamada se pueden conectar al m\u00f3dulo a trav\u00e9s de la comunicaci\u00f3n de datos en serie.<\/p>\n<p class=\"ql-align-justify\">El m\u00f3dulo proporciona alimentaci\u00f3n a los teclados. La estaci\u00f3n de llamada remota es un sistema completamente supervisado y admite el funcionamiento con protecci\u00f3n frente a fallos. Incluso si el controlador de red Praesideo falla, la estaci\u00f3n de llamada puede realizar llamadas de emergencia.<\/p>\n<p class=\"ql-align-justify\"><strong>Controles e indicadores<\/strong><\/p>\n<p class=\"ql-align-justify\"><strong>Estos elementos los debe proporcionar el instalador.<\/strong><\/p>\n<p class=\"ql-align-justify\"><strong>Interconexiones<\/strong><\/p>\n<ul>\n<li class=\"ql-align-justify\">Entrada de fuente de alimentaci\u00f3n externa y 2 entradas de control.<\/li>\n<li class=\"ql-align-justify\">Interfaz de fuente de alimentaci\u00f3n y datos en serie para teclados de estaci\u00f3n de llamada.<\/li>\n<li class=\"ql-align-justify\">Micr\u00f3fono.<\/li>\n<li class=\"ql-align-justify\">Altavoz.<\/li>\n<li class=\"ql-align-justify\">Zumbador.<\/li>\n<li class=\"ql-align-justify\">Auriculares.<\/li>\n<li class=\"ql-align-justify\">Control de volumen para altavoces\/auriculares.<\/li>\n<li class=\"ql-align-justify\">Entrada de control (para el bot\u00f3n \u00abpulsar para hablar\u00bb).<\/li>\n<li class=\"ql-align-justify\">Cinco salidas de control (para LED de estado).<\/li>\n<\/ul>\n<p class=\"ql-align-justify\"><strong>Certificados y homologaciones<\/strong><\/p>\n<ul>\n<li class=\"ql-align-justify\">Seguridad Conforme a IEC 60065\/EN 60065.<\/li>\n<li class=\"ql-align-justify\">Inmunidad Conforme a EN 55103-2.<\/li>\n<li class=\"ql-align-justify\">Emisiones Conforme a EN 55103-1\/FCC-47 parte 15B.<\/li>\n<li class=\"ql-align-justify\">Emergencia Conforme a EN 60849, EN54-16 e ISO7240-16.<\/li>\n<li class=\"ql-align-justify\">Navegaci\u00f3n mar\u00edtima Conforme a IEC 60945 (salvo la prueba de roc\u00edo de sal).<\/li>\n<\/ul>\n<p class=\"ql-align-justify\"><strong>Piezas incluidas<\/strong><\/p>\n<ul>\n<li class=\"ql-align-justify\">1 M\u00f3dulo de estaci\u00f3n de llamada remota PRS-CSRM.<\/li>\n<li class=\"ql-align-justify\">1 Juego de conectores.<\/li>\n<\/ul>\n<p class=\"ql-align-justify\"><strong>Nota: M\u00f3dulo remoto de la estaci\u00f3n de llamada<\/strong><\/p>\n<p class=\"ql-align-justify\"><strong>Praesideo M\u00f3dulo para estaci\u00f3n de llamada remota personalizada, conexiones para micr\u00f3fono, bot\u00f3n \u00abpulsar para hablar\u00bb, altavoz de supervisi\u00f3n, para conectar a una unidad PRS-CSI mediante un cable CAT-5.<\/strong><\/p>\n<p class=\"ql-align-justify\"><strong>N\u00famero de pedido: PRS-CSRM.<\/strong><\/p>\n<p class=\"ql-align-justify\"><strong>Principales b\u00e1sicas<\/strong><\/p>\n<ul>\n<li class=\"ql-align-justify\">Se conecta a la interfaz de estaci\u00f3n de llamada trav\u00e9s de un cable CAT-5.<\/li>\n<li class=\"ql-align-justify\">Hasta 1 km desde la red de fibra \u00f3ptica Praesideo.<\/li>\n<li class=\"ql-align-justify\">Conexi\u00f3n para teclados.<\/li>\n<li class=\"ql-align-justify\">Conexi\u00f3n para transductores y LED de estado.<\/li>\n<li class=\"ql-align-justify\">Carcasa de metal estable.<\/li>\n<\/ul>\n<p class=\"ql-align-justify\"><strong>Especificaciones<\/strong><\/p>\n<p class=\"ql-align-justify\">El\u00e9ctricas<\/p>\n<ul>\n<li class=\"ql-align-justify\">Consumo de energ\u00eda 4 W a 48 V sin teclados.<\/li>\n<li class=\"ql-align-justify\">Fuente de alimentaci\u00f3n externa: De 18 a 56 VCC.<\/li>\n<\/ul>\n<p class=\"ql-align-justify\"><strong>Micr\u00f3fono<\/strong><\/p>\n<ul>\n<li class=\"ql-align-justify\">Sensibilidad: De -63 a -48 dBV.<\/li>\n<li class=\"ql-align-justify\">Relaci\u00f3n S\/R &gt; 60 dB a -55 dBV.<\/li>\n<li class=\"ql-align-justify\">Respuesta de frecuencia: De 340 Hz a 14 kHz (-3 dB).<\/li>\n<\/ul>\n<p class=\"ql-align-justify\"><strong>Salida del altavoz<\/strong><\/p>\n<ul>\n<li class=\"ql-align-justify\">Se\u00f1al\/ruido 80 dB \u00b13 dB m\u00e1x.<\/li>\n<li class=\"ql-align-justify\">Impedancia: De 8 a 32 ohmios.<\/li>\n<li class=\"ql-align-justify\">Alimentaci\u00f3n 100 mW t\u00edpico, 300 mW m\u00e1x.<\/li>\n<\/ul>\n<p class=\"ql-align-justify\"><strong>Auriculares<\/strong><\/p>\n<ul>\n<li class=\"ql-align-justify\">Sensibilidad de entrada: De -52 a -37 dBV.<\/li>\n<li class=\"ql-align-justify\">Impedancia de los auriculares &gt; 16 ohmios.<\/li>\n<li class=\"ql-align-justify\">Salidas de estado: 5 de drenaje\/colectores abiertos.<\/li>\n<li class=\"ql-align-justify\">Corriente m\u00e1xima (interna) 10 mA por patilla; 30 mA en total.<\/li>\n<li class=\"ql-align-justify\">Tensi\u00f3n m\u00e1x. 56 V por patilla.<\/li>\n<li class=\"ql-align-justify\">Corriente de colector m\u00e1xima 100 mA por patilla de salida.<\/li>\n<li class=\"ql-align-justify\">Entradas de control 2.<\/li>\n<li class=\"ql-align-justify\">Funcionamiento Contacto de cierre (con supervisi\u00f3n).<\/li>\n<\/ul>\n<p class=\"ql-align-justify\"><strong>Mec\u00e1nicas<\/strong><\/p>\n<ul>\n<li class=\"ql-align-justify\">Dimensiones (Al. x An. x Pr.) 43 x 183 x 164 mm (1,69 x 7,20 x 6,46 pulg.).<\/li>\n<li class=\"ql-align-justify\">Peso 0,8 kg (1,76 libras).<\/li>\n<li class=\"ql-align-justify\">Montaje Carcasa de metal apilable.<\/li>\n<\/ul>\n<p class=\"ql-align-justify\"><strong>Medioambientales<\/strong><\/p>\n<ul>\n<li class=\"ql-align-justify\">Temperatura de funcionamiento: De -5 \u00baC a +55 \u00baC (de +23 \u00baF a +131 \u00baF).<\/li>\n<li class=\"ql-align-justify\">Temperatura de almacenamiento: De -20 \u00b0C a +70 \u00b0C (de -4 \u00b0F a +158 \u00b0F).<\/li>\n<li class=\"ql-align-justify\">Humedad Del 15% al 90%.<\/li>\n<li class=\"ql-align-justify\">Presi\u00f3n de aire De 600 a 1.100 hPa.<\/li>\n<\/ul>\n<p>&nbsp;<\/p>\n","protected":false},"excerpt":{"rendered":"<p>M\u00f3dulo remoto de la estaci\u00f3n de llamada Praesideo El PRS-CSRM es un m\u00f3dulo con las mismas funciones que la estaci\u00f3n de llamada remota, PRS-CSR, pero sin la carcasa y otros componentes.\u00a0Se trata de un bloque de generaci\u00f3n que se usa para crear estaciones de llamada&hellip;<\/p>\n","protected":false},"featured_media":6279,"comment_status":"open","ping_status":"closed","template":"","meta":{"om_disable_all_campaigns":false,"_monsterinsights_skip_tracking":false,"_monsterinsights_sitenote_active":false,"_monsterinsights_sitenote_note":"","_monsterinsights_sitenote_category":0},"product_brand":[],"product_cat":[530],"product_tag":[513,514,511,516,519,517,520,515,181,518,512],"class_list":{"0":"post-6280","1":"product","2":"type-product","3":"status-publish","4":"has-post-thumbnail","6":"product_cat-mezcladoras","7":"product_tag-altavoces","8":"product_tag-amplificadores","9":"product_tag-audio-y-video","10":"product_tag-audioporteros","11":"product_tag-digital-signage","12":"product_tag-intercomunicadores","13":"product_tag-kits-videoporteros","14":"product_tag-mezcladoras","15":"product_tag-microfonos","16":"product_tag-sistemas-de-enfermeria","17":"product_tag-videoporteros","19":"first","20":"instock","21":"sale","22":"taxable","23":"shipping-taxable","24":"purchasable","25":"product-type-simple"},"aioseo_notices":[],"_links":{"self":[{"href":"https:\/\/tecsecmty.com\/index.php\/wp-json\/wp\/v2\/product\/6280","targetHints":{"allow":["GET"]}}],"collection":[{"href":"https:\/\/tecsecmty.com\/index.php\/wp-json\/wp\/v2\/product"}],"about":[{"href":"https:\/\/tecsecmty.com\/index.php\/wp-json\/wp\/v2\/types\/product"}],"replies":[{"embeddable":true,"href":"https:\/\/tecsecmty.com\/index.php\/wp-json\/wp\/v2\/comments?post=6280"}],"version-history":[{"count":0,"href":"https:\/\/tecsecmty.com\/index.php\/wp-json\/wp\/v2\/product\/6280\/revisions"}],"wp:featuredmedia":[{"embeddable":true,"href":"https:\/\/tecsecmty.com\/index.php\/wp-json\/wp\/v2\/media\/6279"}],"wp:attachment":[{"href":"https:\/\/tecsecmty.com\/index.php\/wp-json\/wp\/v2\/media?parent=6280"}],"wp:term":[{"taxonomy":"product_brand","embeddable":true,"href":"https:\/\/tecsecmty.com\/index.php\/wp-json\/wp\/v2\/product_brand?post=6280"},{"taxonomy":"product_cat","embeddable":true,"href":"https:\/\/tecsecmty.com\/index.php\/wp-json\/wp\/v2\/product_cat?post=6280"},{"taxonomy":"product_tag","embeddable":true,"href":"https:\/\/tecsecmty.com\/index.php\/wp-json\/wp\/v2\/product_tag?post=6280"}],"curies":[{"name":"wp","href":"https:\/\/api.w.org\/{rel}","templated":true}]}}