{"id":6290,"date":"2023-02-23T12:02:29","date_gmt":"2023-02-23T18:02:29","guid":{"rendered":"https:\/\/tecsecmty.com\/index.php\/producto\/bosch-m_prascl-controlador-del-sistema-praesensa-grande\/"},"modified":"2023-03-22T23:21:33","modified_gmt":"2023-03-23T05:21:33","slug":"bosch-m_prascl-controlador-del-sistema-praesensa-grande","status":"publish","type":"product","link":"https:\/\/tecsecmty.com\/index.php\/producto\/bosch-m_prascl-controlador-del-sistema-praesensa-grande\/","title":{"rendered":"BOSCH M_PRASCL- CONTROLADOR DEL SISTEMA PRAESENSA\/ GRANDE"},"content":{"rendered":"<h5 class=\"card-title text-center\">Resumen<\/h5>\n<p>El PRA-SCL es la versi\u00f3n m\u00e1s potente de una serie de controladores del sistema.<\/p>\n<p>El controlador del sistema gestiona todas las funciones relacionadas con el sistema en un sistema de megafon\u00eda y alarma por voz PRAESENSA. Enruta todas las conexiones de audio entre fuentes de audio y destinos de PRAESENSA conectado a red. Supervisa y reproduce los mensajes y tonos almacenados en su memoria flash, ya sea de forma programada o iniciada manualmente desde un PC o una central de llamadas.<\/p>\n<p>Gestiona el direccionamiento de secuencias de m\u00fasica de fondo junto con las llamadas convencionales y de emergencia, basadas en el nivel de prioridad y la ocupaci\u00f3n de la zona. Recopila toda la informaci\u00f3n de estado de los dispositivos del sistema conectado, gestiona los registros de eventos y notifica fallos.<\/p>\n<p>El controlador del sistema est\u00e1 conectado a la red a trav\u00e9s de OMNEO y recibe alimentaci\u00f3n CC desde una fuente de alimentaci\u00f3n multifunci\u00f3n con respaldo de bater\u00eda integrado, dando cabida tanto a topolog\u00edas del sistema centralizadas como descentralizadas. Las conexiones a otros dispositivos del sistema se realizan mediante un conmutador de 5 puertos integrado compatible con RSTP. El servidor web integrado permite la configuraci\u00f3n del sistema mediante un navegador.<\/p>\n<p>&nbsp;<\/p>\n<p>&nbsp;<\/p>\n<p><img fetchpriority=\"high\" decoding=\"async\" class=\"wp-image-9698 alignnone\" src=\"https:\/\/tecsecmty.com\/wp-content\/uploads\/2023\/02\/400x300-logo-300x225.png\" alt=\"\" width=\"411\" height=\"308\" \/><\/p>\n<h2>Caracter\u00edsticas<\/h2>\n<p class=\"text-muted\">\n<ul>\n<li>Control total sobre dispositivos PRAESENSA y direccionamiento de audio<\/li>\n<li>Almacenamiento integrado supervisado de mensajes y archivos de tono<\/li>\n<li>Soporte para secuencias de entrada y salida de audio Dante<\/li>\n<li>Interfaz abierta para aplicaciones de otros fabricantes<\/li>\n<li>Conectado a red IP en OMNEO de audio y control<\/li>\n<\/ul>\n<p>&nbsp;<\/p>\n<p>&nbsp;<\/p>\n<h5 class=\"card-title text-center\">Funciones<\/h5>\n<p><strong>Control del sistema y direccionamiento de audio<\/strong><\/p>\n<ul>\n<li>Capacidad para controlar un sistema con hasta 250 dispositivos para servir m\u00e1s de 500 zonas.<\/li>\n<li>Soporte nativo para redes conmutadas de subred\u00fanica, con soporte add\u2011on para topolog\u00edas de m\u00faltiples subredes enrutadas.*<\/li>\n<li>Asignaci\u00f3n din\u00e1mica de varios canales de audio simult\u00e1neos para ahorrar ancho de banda de red; las conexiones de audio se crean cuando una llamada o un mensaje se difunde y se liberan inmediatamente a continuaci\u00f3n.<\/li>\n<li>Interconexiones seguras mediante est\u00e1ndar de cifrado avanzado (AES128) para datos de audio y seguridad de la capa de transporte (TLS) para datos de control.<\/li>\n<li>Receptor para canales de audio Dante o AES67 desde fuentes externas con redireccionamiento din\u00e1mico a canales seguros o abiertos OMNEO.<\/li>\n<li>Capacidad de almacenamiento interno de mensajes y tonos; se pueden reproducir simult\u00e1neamente hasta ocho de mensajes.<\/li>\n<li>Reloj interno en tiempo real para eventos programados e inserci\u00f3n de c\u00f3digo de tiempo en eventos; soporte para el protocolo de hora de red (NTP) con ajuste autom\u00e1tico para el horario de verano (DST).<\/li>\n<li>Registro de eventos de fallo y de eventos internos del sistema.<\/li>\n<li>Interfaz de control de red para aplicaciones de otros fabricantes.<\/li>\n<li>Servidor web integrado para la configuraci\u00f3n gesti\u00f3n de archivos a trav\u00e9s de un navegador.<\/li>\n<li>Opci\u00f3n de controlador de sistema redundante dual para obtener la m\u00e1xima disponibilidad del sistema en aplicaciones esenciales.<\/li>\n<\/ul>\n<p><strong>Calidad de sonido<\/strong><\/p>\n<ul>\n<li>Audio sobre IP, utiliza OMNEO, la interfaz de audio digital de alta calidad Bosch, compatible con Dante y AES67; la frecuencia de muestreo de audio es de 48 kHz con tama\u00f1o de la muestra de 24 bits.<\/li>\n<li>Los mensajes y tonos se guardan como archivos wav sin comprimir de alta definici\u00f3n.<\/li>\n<\/ul>\n<p><strong>Supervisi\u00f3n<\/strong><\/p>\n<ul>\n<li>Supervisi\u00f3n de mensajes y tonos almacenados.<\/li>\n<li>Supervisi\u00f3n de integridad de datos espec\u00edficos del sitio.<\/li>\n<li>Temporizadores de supervisi\u00f3n interna paradetectar y recuperarse de fallos de procesamiento.<\/li>\n<li>Se recogen, notifican y registran los problemas o fallos de todos los dispositivos del sistema.<\/li>\n<\/ul>\n<p><strong>Tolerancia a fallos<\/strong><\/p>\n<ul>\n<li>Cinco puertos de conexi\u00f3n de red OMNEO compatibles con RSTP.<\/li>\n<li>Entradas CC duales con protecci\u00f3n de inversi\u00f3n de polaridad.<\/li>\n<\/ul>\n<p><strong><u>Especificaciones de arquitectos e ingenieros<\/u><\/strong><\/p>\n<p>El controlador del sistema de red IP est\u00e1 dise\u00f1ado exclusivamente para su uso con sistemas Bosch PRAESENSA. El controlador del sistema deber\u00e1 asignar din\u00e1micamente canales de audio de red para el direccionamiento de audio entre dispositivos del sistema a trav\u00e9s de varias subredes. Admite &gt; 100 canales de audio simult\u00e1neos de alta definici\u00f3n (24 bits, 48 kHz) para direccionamiento de m\u00fasica y realizaci\u00f3n de llamadas, con cifrado y autenticaci\u00f3n de protecci\u00f3n frente a escuchas y hacking. Con capacidad para recibir secuencias de audio Dante y AES67. El controlador del sistema proporciona una interfaz para el control de datos y audio digital multicanal a trav\u00e9s de OMNEO mediante un switch Ethernet de 5 puertos integrado para conexiones de red redundantes compatible con RSTP y cableado en bucle. El controlador del sistema tiene entradas de fuente de alimentaci\u00f3n duales y fuentes de alimentaci\u00f3n. El controlador del sistema gestiona todos los dispositivos del sistema para proporcionar las funciones del sistema configuradas. Incorpora un almacenamiento supervisado de los archivos de mensajes y tonos con reproducci\u00f3n en red de hasta ocho secuencias al mismo tiempo. Permite mantener un registro interno de eventos de fallo y eventos de llamada. El controlador del sistema proporciona una interfaz abierta TCP\/IP segura para control y diagn\u00f3stico remoto. El controlador del sistema proporciona indicaciones de LED del panel frontal para el estado de fuentes de alimentaci\u00f3n y la presencia de fallos en el sistema y supervisi\u00f3n del software adicional y funciones de notificaci\u00f3n de fallos. El controlador del sistema puede montarse en rack (1U). Se debe poder conectar un controlador del sistema de respaldo para redundancia dual con conmutaci\u00f3n autom\u00e1tica en caso de fallo. El controlador del sistema se certifica para EN 54-16 \/ ISO 7240-16, cuenta con marcado CE y cumple la Directiva sobre restricciones de ciertas sustancias peligrosas (RoHS). La garant\u00eda m\u00ednima es de tres a\u00f1os. El controlador del sistema es un Bosch PRA-SCL.<\/p>\n<p>&nbsp;<\/p>\n<p><img decoding=\"async\" class=\"alignnone wp-image-9706 size-full\" src=\"https:\/\/tecsecmty.com\/wp-content\/uploads\/2023\/02\/1920x400-funciones-1.png\" alt=\"\" width=\"1920\" height=\"400\" \/><\/p>\n<p>&nbsp;<\/p>\n<p><img decoding=\"async\" class=\"alignnone size-medium wp-image-9709\" src=\"https:\/\/tecsecmty.com\/wp-content\/uploads\/2023\/02\/ultima-300x225.png\" alt=\"\" width=\"300\" height=\"225\" \/><\/p>\n<h2>Certificaciones y aprobaciones<\/h2>\n<p class=\"text-muted\">\n<p>Certificaciones y aprobaciones<\/p>\n<p>&nbsp;<\/p>\n","protected":false},"excerpt":{"rendered":"<p>Resumen El PRA-SCL es la versi\u00f3n m\u00e1s potente de una serie de controladores del sistema. El controlador del sistema gestiona todas las funciones relacionadas con el sistema en un sistema de megafon\u00eda y alarma por voz PRAESENSA. Enruta todas las conexiones de audio entre fuentes&hellip;<\/p>\n","protected":false},"featured_media":6289,"comment_status":"open","ping_status":"closed","template":"","meta":{"om_disable_all_campaigns":false,"_monsterinsights_skip_tracking":false,"_monsterinsights_sitenote_active":false,"_monsterinsights_sitenote_note":"","_monsterinsights_sitenote_category":0},"product_brand":[],"product_cat":[530],"product_tag":[513,514,511,516,519,517,520,515,181,518,512],"class_list":{"0":"post-6290","1":"product","2":"type-product","3":"status-publish","4":"has-post-thumbnail","6":"product_cat-mezcladoras","7":"product_tag-altavoces","8":"product_tag-amplificadores","9":"product_tag-audio-y-video","10":"product_tag-audioporteros","11":"product_tag-digital-signage","12":"product_tag-intercomunicadores","13":"product_tag-kits-videoporteros","14":"product_tag-mezcladoras","15":"product_tag-microfonos","16":"product_tag-sistemas-de-enfermeria","17":"product_tag-videoporteros","19":"first","20":"instock","21":"sale","22":"taxable","23":"shipping-taxable","24":"purchasable","25":"product-type-simple"},"aioseo_notices":[],"_links":{"self":[{"href":"https:\/\/tecsecmty.com\/index.php\/wp-json\/wp\/v2\/product\/6290","targetHints":{"allow":["GET"]}}],"collection":[{"href":"https:\/\/tecsecmty.com\/index.php\/wp-json\/wp\/v2\/product"}],"about":[{"href":"https:\/\/tecsecmty.com\/index.php\/wp-json\/wp\/v2\/types\/product"}],"replies":[{"embeddable":true,"href":"https:\/\/tecsecmty.com\/index.php\/wp-json\/wp\/v2\/comments?post=6290"}],"version-history":[{"count":0,"href":"https:\/\/tecsecmty.com\/index.php\/wp-json\/wp\/v2\/product\/6290\/revisions"}],"wp:featuredmedia":[{"embeddable":true,"href":"https:\/\/tecsecmty.com\/index.php\/wp-json\/wp\/v2\/media\/6289"}],"wp:attachment":[{"href":"https:\/\/tecsecmty.com\/index.php\/wp-json\/wp\/v2\/media?parent=6290"}],"wp:term":[{"taxonomy":"product_brand","embeddable":true,"href":"https:\/\/tecsecmty.com\/index.php\/wp-json\/wp\/v2\/product_brand?post=6290"},{"taxonomy":"product_cat","embeddable":true,"href":"https:\/\/tecsecmty.com\/index.php\/wp-json\/wp\/v2\/product_cat?post=6290"},{"taxonomy":"product_tag","embeddable":true,"href":"https:\/\/tecsecmty.com\/index.php\/wp-json\/wp\/v2\/product_tag?post=6290"}],"curies":[{"name":"wp","href":"https:\/\/api.w.org\/{rel}","templated":true}]}}