{"id":6292,"date":"2023-02-23T12:02:31","date_gmt":"2023-02-23T18:02:31","guid":{"rendered":"https:\/\/tecsecmty.com\/index.php\/producto\/bosch-m_prs16mci-interfaz-multicanal-hasta-16-canales-de-audio-sistema-praes-ideo\/"},"modified":"2023-03-22T23:21:33","modified_gmt":"2023-03-23T05:21:33","slug":"bosch-m_prs16mci-interfaz-multicanal-hasta-16-canales-de-audio-sistema-praes-ideo","status":"publish","type":"product","link":"https:\/\/tecsecmty.com\/index.php\/producto\/bosch-m_prs16mci-interfaz-multicanal-hasta-16-canales-de-audio-sistema-praes-ideo\/","title":{"rendered":"BOSCH M_PRS16MCI &#8211; Interfaz multicanal \/ Hasta 16 canales de audio \/ Sistema PRAES IDEO"},"content":{"rendered":"<h5 class=\"card-title text-center\">PRS\u201116MCI Interfaz multicanal<\/h5>\n<p class=\"ql-align-justify\"><strong>El modelo PRS-16MCI forma parte de la red Praesideo y act\u00faa como una interfaz con los amplificadores b\u00e1sicos<\/strong>\u00a0Praesideo que no proporcionan conexi\u00f3n con la red. La unidad est\u00e1 prevista para su uso en sistemas de sonido de megafon\u00eda y emergencia. La interfaz multicanal\u00a0<strong>proporciona 16 canales de salida configurables<\/strong>\u00a0<strong>(14 salidas principales y dos salidas de reserva)<\/strong>. Proporciona se\u00f1ales de audio a los amplificadores b\u00e1sicos y tiene un control completo sobre los amplificadores. Se supervisa a s\u00ed mismo y a los amplificadores b\u00e1sicos conectados e informa de los eventos de fallo al controlador de red Praesideo.<\/p>\n<p class=\"ql-align-justify\"><strong>Nota: La unidad se debe instalar en un rack de 19 pulg. con los soportes de montaje incluidos.<\/strong><\/p>\n<p class=\"ql-align-justify\"><strong>Funciones b\u00e1sicas<\/strong><\/p>\n<p class=\"ql-align-justify\"><strong>Esta unidad constituye la interfaz entre la red Praesideo y los amplificadores b\u00e1sicos Praesideo.<\/strong>\u00a0Puede obtener la alimentaci\u00f3n de los amplificadores a los que est\u00e1 conectada, o bien de la red.\u00a0<strong>Dispone de 16 canales de audio para hasta 14 amplificadores principales (zonas) y dos de reserva.<\/strong>\u00a0\u00c9stos se pueden asignar a una matriz no de mezcla de 28 canales Praesideo.\u00a0<strong>Hay conexiones para 32 entradas de control y 16 salidas de control.<\/strong><\/p>\n<p class=\"ql-align-justify\"><strong>La interfaz proporciona supervisi\u00f3n para la propia unidad y para todos los amplificadores b\u00e1sicos conectados.<\/strong>\u00a0La interfaz supervisa las funciones de los amplificadores y puede activar un amplificador de reserva para sustituir a otro que notifique un fallo.\u00a0<strong>Dispone de entradas y salidas en bucle y admite el modo de autoprotecci\u00f3n, que realiza llamadas de emergencia aunque la unidad falle.<\/strong>\u00a0Como componente est\u00e1ndar se incluye un controlador para supervisi\u00f3n de varias l\u00edneas y de altavoces. La interfaz se puede configurar para conmutaci\u00f3n A\/B de grupos redundantes o para cableado en bucle de clase A de los amplificadores b\u00e1sicos conectados. Todo el proceso de configuraci\u00f3n se lleva a cabo con software a trav\u00e9s de la red.<\/p>\n<p class=\"ql-align-justify\"><strong>Controles e indicadores<\/strong><\/p>\n<ul>\n<li class=\"ql-align-justify\">16 LED bicolor de estado de los canales del amplificador<\/li>\n<li class=\"ql-align-justify\">LED bicolor de estado de la red<\/li>\n<\/ul>\n<p class=\"ql-align-justify\"><strong>Interconexi\u00f3n<\/strong><\/p>\n<ul>\n<li class=\"ql-align-justify\">Dos conectores de red del sistema<\/li>\n<li class=\"ql-align-justify\">32 clavijas RJ45 para los amplificadores b\u00e1sicos<\/li>\n<li class=\"ql-align-justify\">Conectores XLR-3 hembra para entrada de audio en bucle de autoprotecci\u00f3n<\/li>\n<li class=\"ql-align-justify\">Conector XLR-3 macho para bucle y supervisi\u00f3n de audio de autoprotecci\u00f3n<\/li>\n<li class=\"ql-align-justify\">32 entradas de control en bornes de estilo europeo extra\u00edbles.<\/li>\n<li class=\"ql-align-justify\">16 salidas de control en bornes de estilo europeo extra\u00edbles.<\/li>\n<\/ul>\n<p class=\"ql-align-justify\"><strong>Piezas incluidas<\/strong><\/p>\n<ul>\n<li class=\"ql-align-justify\">1 Interfaz multicanal PRS-16MCI.<\/li>\n<li class=\"ql-align-justify\">1 Juego de soportes de montaje para bastidor de 19 pulg.<\/li>\n<li class=\"ql-align-justify\">1 Juego de conectores.<\/li>\n<\/ul>\n<p class=\"ql-align-justify\"><strong>Nota: PRS\u201116MCI Interfaz multicanal Interfaz para la red<\/strong><\/p>\n<p class=\"ql-align-justify\"><strong>Praesideo que ofrece 16 salidas de audio con control y supervisi\u00f3n de los amplificadores b\u00e1sicos no conectados a la red, recibe alimentaci\u00f3n desde la red Praesideo o los amplificadores conectados, unidad de rack de 2 RU.<\/strong><\/p>\n<p class=\"ql-align-justify\"><strong>N\u00famero de pedido: PRS-16MCI.\u00a0<\/strong><\/p>\n<p class=\"ql-align-justify\"><strong>Principales Caracter\u00edsticas<\/strong><\/p>\n<ul>\n<li class=\"ql-align-justify\">Interfaz con amplificadores b\u00e1sicos Praesideo.<\/li>\n<li class=\"ql-align-justify\">Hasta 16 canales de audio.<\/li>\n<li class=\"ql-align-justify\">Conexi\u00f3n de red de fibra \u00f3ptica redundante.<\/li>\n<li class=\"ql-align-justify\">Conexiones de salida y entrada de control.<\/li>\n<li class=\"ql-align-justify\">Supervisi\u00f3n total.<\/li>\n<\/ul>\n<p class=\"ql-align-justify\"><strong>Especificaciones<\/strong><\/p>\n<p class=\"ql-align-justify\"><strong>El\u00e9ctricas<\/strong><\/p>\n<ul>\n<li class=\"ql-align-justify\">Consumo 12 W (CC).<\/li>\n<li class=\"ql-align-justify\">Rendimiento Respuesta de frecuencia: De 20 Hz a 20 kHz (-3 dB). Distorsi\u00f3n arm\u00f3nica total: &lt;0,1% (1 kHz).<\/li>\n<li class=\"ql-align-justify\">Diafon\u00eda: &lt;-80 dB (1 kHz).<\/li>\n<li class=\"ql-align-justify\">Se\u00f1al\/ruido: &gt;85 dB (sin tono piloto).<\/li>\n<li class=\"ql-align-justify\">Entrada de l\u00ednea: 1 Conector XLR de desv\u00edo.<\/li>\n<li class=\"ql-align-justify\">Salida de l\u00ednea: 1 Conector XLR en bucle Salida de l\u00ednea 16. Conectores: Clavija RJ45 (en pares) 0 dBV (sim\u00e9trica)<\/li>\n<li class=\"ql-align-justify\">Entradas de control: 32 Conectores.<\/li>\n<li class=\"ql-align-justify\">Terminales: atornillado extra\u00edbles.<\/li>\n<li class=\"ql-align-justify\">Funcionamiento Contacto de cierre:(con supervisi\u00f3n)<\/li>\n<li class=\"ql-align-justify\">Salidas de control: 16 Conectores.<\/li>\n<li class=\"ql-align-justify\">Terminales atornillados extra\u00edbles<\/li>\n<li class=\"ql-align-justify\">Funcionamiento Contacto inversor: (SPDT) Rel\u00e9 sin tensi\u00f3n.<\/li>\n<li class=\"ql-align-justify\">Potencia 24 V, 1 A.<\/li>\n<\/ul>\n<p class=\"ql-align-justify\"><strong>Mec\u00e1nicas<\/strong><\/p>\n<ul>\n<li class=\"ql-align-justify\">Dimensiones (Al. x An. x Pr.): Rack con soportes 88 x 483 x 400 mm (3,5 x 19 x 15,7 pulg.).<\/li>\n<li class=\"ql-align-justify\">Delante de los soportes 40 mm (1,6 pulg.)<\/li>\n<li class=\"ql-align-justify\">Detr\u00e1s de los soportes 360 mm (14,2 pulg.)<\/li>\n<li class=\"ql-align-justify\">Peso 7 kg (15,4 libras).<\/li>\n<li class=\"ql-align-justify\">Montaje Rack: de 19 pulg.<\/li>\n<li class=\"ql-align-justify\">Color: Gris oscuro y plateado.<\/li>\n<\/ul>\n<p class=\"ql-align-justify\"><strong>Medioambientales<\/strong><\/p>\n<ul>\n<li class=\"ql-align-justify\">Temperatura de funcionamiento: De -5 \u00b0C a +55 \u00b0C (de +23 \u00b0F a +131 \u00b0F).<\/li>\n<li class=\"ql-align-justify\">Temperatura de almacenamiento: De -40 \u00b0C a +70 \u00b0C (de -40 \u00b0F a +158 \u00b0F).<\/li>\n<li class=\"ql-align-justify\">Humedad Del 15% al 90%<\/li>\n<li class=\"ql-align-justify\">Presi\u00f3n de aire: De 600 a 1.100 hPa.<\/li>\n<\/ul>\n","protected":false},"excerpt":{"rendered":"<p>PRS\u201116MCI Interfaz multicanal El modelo PRS-16MCI forma parte de la red Praesideo y act\u00faa como una interfaz con los amplificadores b\u00e1sicos\u00a0Praesideo que no proporcionan conexi\u00f3n con la red. La unidad est\u00e1 prevista para su uso en sistemas de sonido de megafon\u00eda y emergencia. La interfaz&hellip;<\/p>\n","protected":false},"featured_media":6291,"comment_status":"open","ping_status":"closed","template":"","meta":{"om_disable_all_campaigns":false,"_monsterinsights_skip_tracking":false,"_monsterinsights_sitenote_active":false,"_monsterinsights_sitenote_note":"","_monsterinsights_sitenote_category":0},"product_brand":[],"product_cat":[530],"product_tag":[513,514,511,516,519,517,520,515,181,518,512],"class_list":{"0":"post-6292","1":"product","2":"type-product","3":"status-publish","4":"has-post-thumbnail","6":"product_cat-mezcladoras","7":"product_tag-altavoces","8":"product_tag-amplificadores","9":"product_tag-audio-y-video","10":"product_tag-audioporteros","11":"product_tag-digital-signage","12":"product_tag-intercomunicadores","13":"product_tag-kits-videoporteros","14":"product_tag-mezcladoras","15":"product_tag-microfonos","16":"product_tag-sistemas-de-enfermeria","17":"product_tag-videoporteros","19":"first","20":"instock","21":"sale","22":"taxable","23":"shipping-taxable","24":"purchasable","25":"product-type-simple"},"aioseo_notices":[],"_links":{"self":[{"href":"https:\/\/tecsecmty.com\/index.php\/wp-json\/wp\/v2\/product\/6292","targetHints":{"allow":["GET"]}}],"collection":[{"href":"https:\/\/tecsecmty.com\/index.php\/wp-json\/wp\/v2\/product"}],"about":[{"href":"https:\/\/tecsecmty.com\/index.php\/wp-json\/wp\/v2\/types\/product"}],"replies":[{"embeddable":true,"href":"https:\/\/tecsecmty.com\/index.php\/wp-json\/wp\/v2\/comments?post=6292"}],"version-history":[{"count":0,"href":"https:\/\/tecsecmty.com\/index.php\/wp-json\/wp\/v2\/product\/6292\/revisions"}],"wp:featuredmedia":[{"embeddable":true,"href":"https:\/\/tecsecmty.com\/index.php\/wp-json\/wp\/v2\/media\/6291"}],"wp:attachment":[{"href":"https:\/\/tecsecmty.com\/index.php\/wp-json\/wp\/v2\/media?parent=6292"}],"wp:term":[{"taxonomy":"product_brand","embeddable":true,"href":"https:\/\/tecsecmty.com\/index.php\/wp-json\/wp\/v2\/product_brand?post=6292"},{"taxonomy":"product_cat","embeddable":true,"href":"https:\/\/tecsecmty.com\/index.php\/wp-json\/wp\/v2\/product_cat?post=6292"},{"taxonomy":"product_tag","embeddable":true,"href":"https:\/\/tecsecmty.com\/index.php\/wp-json\/wp\/v2\/product_tag?post=6292"}],"curies":[{"name":"wp","href":"https:\/\/api.w.org\/{rel}","templated":true}]}}