{"id":6294,"date":"2023-02-23T12:02:34","date_gmt":"2023-02-23T18:02:34","guid":{"rendered":"https:\/\/tecsecmty.com\/index.php\/producto\/bosch-m_prs1aip1-interfaz-de-audio-ip-para-sistema-praesideo\/"},"modified":"2023-03-22T23:21:33","modified_gmt":"2023-03-23T05:21:33","slug":"bosch-m_prs1aip1-interfaz-de-audio-ip-para-sistema-praesideo","status":"publish","type":"product","link":"https:\/\/tecsecmty.com\/index.php\/producto\/bosch-m_prs1aip1-interfaz-de-audio-ip-para-sistema-praesideo\/","title":{"rendered":"BOSCH M_PRS1AIP1- INTERFAZ DE AUDIO IP PARA SISTEMA PRAESIDEO"},"content":{"rendered":"<h5 class=\"card-title text-center\">PRS-1AIP1 Interfaz de Audio IP<\/h5>\n<p class=\"ql-align-justify\"><strong>La interfaz PRS-1AIP1 es un dispositivo de audio universal basado en IP que admite las aplicaciones VoIP y Audio sobre IP.<\/strong>\u00a0Es una soluci\u00f3n ideal para conectar cierres de contacto y audio a trav\u00e9s de\u00a0<strong>redes LAN y WAN<\/strong>\u00a0<strong>de larga distancia, por ejemplo, en centros comerciales, t\u00faneles, o en y entre estaciones ferroviarias. Ampl\u00eda y ofrece interfaces tanto a sistemas Praesideo como a sistemas de megafon\u00eda tradicionales<\/strong>\u00a0no basados en red sin necesidad de usar un PC durante el funcionamiento. La unidad tiene salidas y entradas de audio anal\u00f3gicas para una sencilla interconexi\u00f3n con la supervisi\u00f3n de tono piloto opcional para fines de sonido de emergencias. Una entrada de audio se puede cambiar a sensibilidad del micr\u00f3fono con supervisi\u00f3n de micr\u00f3fono incorporada. Las entradas de control tambi\u00e9n ofrecen supervisi\u00f3n del cable y la conexi\u00f3n. Las entradas y salidas de control se pueden utilizar para configurar una conexi\u00f3n de audio con el fin de iniciar una llamada remota, pero tambi\u00e9n para pasar eventos de fallos remotos al controlador del sistema.<\/p>\n<p class=\"ql-align-justify\"><strong>Funciones b\u00e1sicas<\/strong><\/p>\n<p class=\"ql-align-justify\"><strong>Audio<\/strong><\/p>\n<p class=\"ql-align-justify\">Se admiten varios formatos de audio: monocanal, PCM de 16 bits de d\u00faplex completo o G.711 para latencia muy baja, y MP3 para env\u00edo y recepci\u00f3n de dos canales para audio de alta calidad con varias frecuencias de muestreo y ajustes de compresi\u00f3n. La unidad proporciona dos entradas de l\u00ednea balanceadas y dos salidas de l\u00ednea balanceadas. Una de las entradas se puede configurar como entrada de micr\u00f3fono balanceada con un suministro de alimentaci\u00f3n fantasma para la supervisi\u00f3n de la conexi\u00f3n de micr\u00f3fonos y micr\u00f3fonos electret o de condensador. El nivel de salida se puede configurar. Se admite la supervisi\u00f3n de la conexi\u00f3n de audio mediante un tono piloto de 20 kHz, con detecci\u00f3n en la entrada de audio del transmisor y regeneraci\u00f3n en la salida de audio del receptor. Se puede utilizar un retardo de audio configurable para retardar artificialmente la reproducci\u00f3n del audio para la alineaci\u00f3n de los altavoces, por ejemplo, en t\u00faneles.<\/p>\n<p class=\"ql-align-justify\"><strong>Direccionamiento de audio<\/strong><\/p>\n<p class=\"ql-align-justify\">Las se\u00f1ales de audio se pueden dirigir en unicast a un m\u00e1ximo de 16 receptores, preconfigurados o al activarse las entradas de control. Los receptores pueden volver a difundir la secuencia de audio entrante a otros receptores. Si las interfaces est\u00e1n en la misma LAN, tambi\u00e9n se admite la difusi\u00f3n. En PCM y G.711 (uLaw y aLaw), es posible la interconexi\u00f3n de audio de d\u00faplex completo entre dos unidades.<\/p>\n<p class=\"ql-align-justify\"><strong>Entradas y salidas de control<\/strong><\/p>\n<p class=\"ql-align-justify\">La unidad tiene ocho entradas de control con supervisi\u00f3n configurable en circuitos abiertos y cortocircuitos. Las ocho salidas de control tienen rel\u00e9s de contacto seco. Las entradas de control se pueden dirigir a salidas de control para realizar acciones remotas o pasar informaci\u00f3n de fallos entre el transmisor y el receptor de audio, en ambas direcciones. Las entradas de control tambi\u00e9n se pueden configurar para cambiar el direccionamiento de audio. Se proporciona un rel\u00e9 de contacto seco adicional para la indicaci\u00f3n de fallo de la unidad, incluida una situaci\u00f3n de fallo debido a la alta temperatura.<\/p>\n<p class=\"ql-align-justify\"><strong>Interfaces de red<\/strong><\/p>\n<p class=\"ql-align-justify\">La unidad se conecta a redes<strong>\u00a0Ethernet de 10 y 100 Mbit<\/strong>\u00a0y anuncia la direcci\u00f3n IP que le asign\u00f3 un servidor\u00a0<strong>DHCP<\/strong>. Tambi\u00e9n puede buscar en la red una direcci\u00f3n\u00a0<strong>IP\u00a0<\/strong>libre o se le puede asignar una direcci\u00f3n IP est\u00e1tica. Hay disponible una segunda conexi\u00f3n Ethernet para permitir la redundancia de la red. Se proporciona una interfaz\u00a0<strong>RS 232<\/strong>\u00a0para comunicar datos de serie adicionales a trav\u00e9s de la red IP.<\/p>\n<p class=\"ql-align-justify\"><strong>Fuentes de alimentaci\u00f3n<\/strong><\/p>\n<p class=\"ql-align-justify\">Se proporcionan dos conexiones de fuente de alimentaci\u00f3n como entrada principal y entrada de reserva con la supervisi\u00f3n de ambas fuentes.<\/p>\n<p class=\"ql-align-justify\"><strong>Controles e indicadores (parte frontal)<\/strong><\/p>\n<ul>\n<li class=\"ql-align-justify\">Bot\u00f3n de restablecimiento, empotrado.<\/li>\n<li class=\"ql-align-justify\">Dos indicadores LED de estado para la red.<\/li>\n<li class=\"ql-align-justify\">Ocho LED de estado para las entradas de control.<\/li>\n<\/ul>\n<p class=\"ql-align-justify\"><strong>Interconexiones (parte posterior)<\/strong><\/p>\n<ul>\n<li class=\"ql-align-justify\">Ocho entradas de control en el Euroconector.<\/li>\n<li class=\"ql-align-justify\">Ocho salidas de control en el Euroconector.<\/li>\n<li class=\"ql-align-justify\">Salida de rel\u00e9 de fallo en el Euroconector.<\/li>\n<li class=\"ql-align-justify\">Dos entradas de audio balanceadas en el Euroconector (una entrada de l\u00ednea y una entrada de l\u00ednea\/micr\u00f3fono).<\/li>\n<li class=\"ql-align-justify\">Dos salidas de audio balanceadas en el Euroconector.<\/li>\n<li class=\"ql-align-justify\">Dos conexiones Ethernet en RJ45.<\/li>\n<li class=\"ql-align-justify\">RS 232 en Sub-D.<\/li>\n<li class=\"ql-align-justify\">RS 485 en Euroconector.<\/li>\n<li class=\"ql-align-justify\">Fuente de alimentaci\u00f3n principal en la toma.<\/li>\n<li class=\"ql-align-justify\">Fuente de alimentaci\u00f3n de reserva en el Euroconector.<\/li>\n<\/ul>\n<p class=\"ql-align-justify\"><strong>Piezas incluidas<\/strong><\/p>\n<ul>\n<li class=\"ql-align-justify\">1 PRS-1AIP1 Interfaz de Audio IP .<\/li>\n<li class=\"ql-align-justify\">1 Fuente de alimentaci\u00f3n.<\/li>\n<li class=\"ql-align-justify\">1 Juego de conectores.<\/li>\n<\/ul>\n<p class=\"ql-align-justify\"><strong>Nota: PRS-1AIP1 Interfaz de Audio IP<\/strong><\/p>\n<p class=\"ql-align-justify\"><strong>Interfaz de 1 o 2 canales bidireccional compacta para audio supervisado con protocolo RS232\/485 y GPIO.<\/strong><\/p>\n<p class=\"ql-align-justify\"><strong>N\u00famero de pedido: PRS-1AIP1.<\/strong><\/p>\n<p class=\"ql-align-justify\"><strong>Principales Caracter\u00edsticas<\/strong><\/p>\n<ul>\n<li class=\"ql-align-justify\">Soluci\u00f3n todo en uno para el transporte de audio en redes IP.<\/li>\n<li class=\"ql-align-justify\">Entradas y salidas de control supervisadas.<\/li>\n<li class=\"ql-align-justify\">Admite la redifusi\u00f3n.<\/li>\n<li class=\"ql-align-justify\">Retardo de audio configurable en la salida para la alineaci\u00f3n de los altavoces.<\/li>\n<li class=\"ql-align-justify\">F\u00e1cil de instalar y configurar mediante un explorador Web est\u00e1ndar.<\/li>\n<\/ul>\n<p class=\"ql-align-justify\"><strong>Especificaciones<\/strong><\/p>\n<p class=\"ql-align-justify\"><strong>El\u00e9ctricas<\/strong><\/p>\n<ul>\n<li class=\"ql-align-justify\">Fuente de alimentaci\u00f3n externa 1 De 18 a 56 VCC.<\/li>\n<li class=\"ql-align-justify\">Fuente de alimentaci\u00f3n externa 2 De 18 a 56 VCC.<\/li>\n<li class=\"ql-align-justify\">Consumo de energ\u00eda 8 W m\u00e1x.<\/li>\n<\/ul>\n<p class=\"ql-align-justify\"><strong>Entrada de micr\u00f3fono (entrada de audio 1)<\/strong><\/p>\n<ul>\n<li class=\"ql-align-justify\">Sensibilidad De -48,5 a -26 dBV Impedancia 1360 ohmios.<\/li>\n<li class=\"ql-align-justify\">Respuesta en frecuencia De 100 Hz a 15 kHz.<\/li>\n<li class=\"ql-align-justify\">Se\u00f1al\/ruido &gt; 60 dB.<\/li>\n<li class=\"ql-align-justify\">Detecci\u00f3n de supervisi\u00f3n Electret: 0,4 \u2013 5 mA.<\/li>\n<li class=\"ql-align-justify\">Din\u00e1mico: 120 \u2013 1300 ohmios.<\/li>\n<\/ul>\n<p class=\"ql-align-justify\"><strong>Entradas de l\u00ednea (entradas de audio 1 y 2)<\/strong><\/p>\n<ul>\n<li class=\"ql-align-justify\">Sensibilidad De -16,5 a +6 dBV.<\/li>\n<li class=\"ql-align-justify\">Impedancia 22 kiloohmios.<\/li>\n<li class=\"ql-align-justify\">Respuesta en frecuencia De 20 Hz a 15 kHz.<\/li>\n<li class=\"ql-align-justify\">Se\u00f1al\/ruido &gt; 70 dB.<\/li>\n<\/ul>\n<p class=\"ql-align-justify\"><strong>Salidas de l\u00ednea (salidas de audio 1 y 2)<\/strong><\/p>\n<ul>\n<li class=\"ql-align-justify\">Nivel 6 dBV m\u00e1x.<\/li>\n<li class=\"ql-align-justify\">Nivel de tono piloto (solo salida 2) -20 dBV (20 kHz).<\/li>\n<\/ul>\n<p class=\"ql-align-justify\"><strong>Formatos de audio<\/strong><\/p>\n<ul>\n<li class=\"ql-align-justify\">MPEG 1\u2011layer 3 (MP3) 32, frecuencia de muestreo de 44,1 y 48 kHz.<\/li>\n<li class=\"ql-align-justify\">Codificaci\u00f3n de hasta 192 kbps y VBR Decodificaci\u00f3n de hasta 320 kbps (est\u00e9reo).<\/li>\n<li class=\"ql-align-justify\">MPEG 1\u2011layer 2 16, frecuencia de muestreo de 22,05 y 24 kHz G.711.<\/li>\n<li class=\"ql-align-justify\">uLaw, aLaw en frecuencia de muestreo de 8, 24 o 32 kHz.<\/li>\n<li class=\"ql-align-justify\">PCM 16 bits en frecuencia de muestreo de 8, 24 o 32 kH.<\/li>\n<\/ul>\n<p class=\"ql-align-justify\"><strong>Ethernet 1 y 2<\/strong><\/p>\n<ul>\n<li class=\"ql-align-justify\">Conector RJ45 dual, conexi\u00f3n DTE.<\/li>\n<li class=\"ql-align-justify\">Est\u00e1ndar 802.3i\/802.3u.<\/li>\n<li class=\"ql-align-justify\">Velocidad 10\/100 Mbps, autonegociaci\u00f3n.<\/li>\n<li class=\"ql-align-justify\">Flujo D\u00faplex completo\/semid\u00faplex, autonegociaci\u00f3n.<\/li>\n<li class=\"ql-align-justify\">Protocolo: TCP\/IP, UDP, RTP, SIP, IGMP, DHCP y SNMP.<\/li>\n<\/ul>\n<p class=\"ql-align-justify\"><strong>RS 232\/RS 485<\/strong><\/p>\n<ul>\n<li class=\"ql-align-justify\">Conector RS 232.<\/li>\n<li class=\"ql-align-justify\">Macho Sub-D de 9 patillas, conexi\u00f3n DTE.<\/li>\n<li class=\"ql-align-justify\">Conector RS 485.<\/li>\n<li class=\"ql-align-justify\">Terminales atornillados extra\u00edbles.<\/li>\n<li class=\"ql-align-justify\">Conexi\u00f3n De 300 a 115.200 baudios.<\/li>\n<li class=\"ql-align-justify\">Ajuste (predeterminado) 9600, 8, N, 1.<\/li>\n<\/ul>\n<p class=\"ql-align-justify\"><strong>Mec\u00e1nicas<\/strong><\/p>\n<ul>\n<li class=\"ql-align-justify\">Dimensiones (Al. x An. x Pr.) 216 x 38 x 125 mm (8,5 x 1,5 x 4,92 pulg.) (media anchura de 19 pulg.)<\/li>\n<li class=\"ql-align-justify\">Peso 0,7 kg (1,5 libras).<\/li>\n<li class=\"ql-align-justify\">Montaje Sobremesa o en bastidor de 19 pulg. con chasis adicional.<\/li>\n<li class=\"ql-align-justify\">Color Plata con grafito.<\/li>\n<\/ul>\n<p class=\"ql-align-justify\"><strong>Medioambientales<\/strong><\/p>\n<ul>\n<li class=\"ql-align-justify\">Temperatura de funcionamiento: De -5 \u00b0C a +50 \u00b0C (de +23 \u00b0F a +122 \u00b0F).<\/li>\n<li class=\"ql-align-justify\">Temperatura de arranque: De 0 \u00b0C a +50 \u00b0C (de +32 \u00b0F a +122 \u00b0F) Temperatura de almacenamiento: De -20 \u00b0C a +70 \u00b0C (de -4 \u00b0F a +158 \u00b0F).<\/li>\n<li class=\"ql-align-justify\">Humedad Del 15 al 90%.<\/li>\n<li class=\"ql-align-justify\">Presi\u00f3n de aire De 600 a 1.100 hPa.<\/li>\n<\/ul>\n","protected":false},"excerpt":{"rendered":"<p>PRS-1AIP1 Interfaz de Audio IP La interfaz PRS-1AIP1 es un dispositivo de audio universal basado en IP que admite las aplicaciones VoIP y Audio sobre IP.\u00a0Es una soluci\u00f3n ideal para conectar cierres de contacto y audio a trav\u00e9s de\u00a0redes LAN y WAN\u00a0de larga distancia, por&hellip;<\/p>\n","protected":false},"featured_media":6293,"comment_status":"open","ping_status":"closed","template":"","meta":{"om_disable_all_campaigns":false,"_monsterinsights_skip_tracking":false,"_monsterinsights_sitenote_active":false,"_monsterinsights_sitenote_note":"","_monsterinsights_sitenote_category":0},"product_brand":[],"product_cat":[530],"product_tag":[513,514,511,516,519,517,520,515,181,518,512],"class_list":{"0":"post-6294","1":"product","2":"type-product","3":"status-publish","4":"has-post-thumbnail","6":"product_cat-mezcladoras","7":"product_tag-altavoces","8":"product_tag-amplificadores","9":"product_tag-audio-y-video","10":"product_tag-audioporteros","11":"product_tag-digital-signage","12":"product_tag-intercomunicadores","13":"product_tag-kits-videoporteros","14":"product_tag-mezcladoras","15":"product_tag-microfonos","16":"product_tag-sistemas-de-enfermeria","17":"product_tag-videoporteros","19":"first","20":"instock","21":"sale","22":"taxable","23":"shipping-taxable","24":"purchasable","25":"product-type-simple"},"aioseo_notices":[],"_links":{"self":[{"href":"https:\/\/tecsecmty.com\/index.php\/wp-json\/wp\/v2\/product\/6294","targetHints":{"allow":["GET"]}}],"collection":[{"href":"https:\/\/tecsecmty.com\/index.php\/wp-json\/wp\/v2\/product"}],"about":[{"href":"https:\/\/tecsecmty.com\/index.php\/wp-json\/wp\/v2\/types\/product"}],"replies":[{"embeddable":true,"href":"https:\/\/tecsecmty.com\/index.php\/wp-json\/wp\/v2\/comments?post=6294"}],"version-history":[{"count":0,"href":"https:\/\/tecsecmty.com\/index.php\/wp-json\/wp\/v2\/product\/6294\/revisions"}],"wp:featuredmedia":[{"embeddable":true,"href":"https:\/\/tecsecmty.com\/index.php\/wp-json\/wp\/v2\/media\/6293"}],"wp:attachment":[{"href":"https:\/\/tecsecmty.com\/index.php\/wp-json\/wp\/v2\/media?parent=6294"}],"wp:term":[{"taxonomy":"product_brand","embeddable":true,"href":"https:\/\/tecsecmty.com\/index.php\/wp-json\/wp\/v2\/product_brand?post=6294"},{"taxonomy":"product_cat","embeddable":true,"href":"https:\/\/tecsecmty.com\/index.php\/wp-json\/wp\/v2\/product_cat?post=6294"},{"taxonomy":"product_tag","embeddable":true,"href":"https:\/\/tecsecmty.com\/index.php\/wp-json\/wp\/v2\/product_tag?post=6294"}],"curies":[{"name":"wp","href":"https:\/\/api.w.org\/{rel}","templated":true}]}}