{"id":6300,"date":"2023-02-23T12:02:44","date_gmt":"2023-02-23T18:02:44","guid":{"rendered":"https:\/\/tecsecmty.com\/index.php\/producto\/bosch-m_prsnco3-controlador-de-red-servidor-web-integrado-megafonia\/"},"modified":"2023-03-22T23:21:34","modified_gmt":"2023-03-23T05:21:34","slug":"bosch-m_prsnco3-controlador-de-red-servidor-web-integrado-megafonia","status":"publish","type":"product","link":"https:\/\/tecsecmty.com\/index.php\/producto\/bosch-m_prsnco3-controlador-de-red-servidor-web-integrado-megafonia\/","title":{"rendered":"BOSCH M_PRSNCO3- CONTROLADOR DE RED\/ SERVIDOR WEB INTEGRADO\/ MEGAFONIA"},"content":{"rendered":"<h5 class=\"card-title text-center\">Controlador de red PRS-NCO3<\/h5>\n<p class=\"ql-align-justify\"><strong>El controlador de red es el n\u00facleo del sistema Praesideo. Esta unidad dirige hasta 28 canales de audio simult\u00e1neos<\/strong>, proporciona alimentaci\u00f3n al sistema, informa sobre fallos y controla el sistema.\u00a0<strong>Las entradas de audio pueden ser avisos procedentes de estaciones de llamada, m\u00fasica ambiental o entradas de audio local.<\/strong><\/p>\n<p class=\"ql-align-justify\">El controlador de red puede configurarse para los sistemas de megafon\u00eda m\u00e1s complejos. Esta configuraci\u00f3n puede realizarse c\u00f3moda y eficazmente mediante un PC. El PC solo es necesario para realizar la configuraci\u00f3n. El controlador pueden funcionar de forma independiente al\u00a0<strong>PC<\/strong>. Sin embargo, el controlador puede emplear un\u00a0<strong>PC\u00a0<\/strong>para mostrar informaci\u00f3n sobre el estado del sistema mediante el software que se suministra con la unidad. La unidad se puede instalar en sobremesa o montarse en un r<strong>ack de 19 pulgadas<\/strong>. El\u00a0<strong>controlador de red PRS-NCO3 necesita la versi\u00f3n 4.0 o posterior del software PRS-SW.<\/strong><\/p>\n<p class=\"ql-align-justify\"><strong>Funciones b\u00e1sicas<\/strong><\/p>\n<p class=\"ql-align-justify\"><strong>Conectividad<\/strong><\/p>\n<p class=\"ql-align-justify\">El controlador de red dispone de cuatro entradas de audio anal\u00f3gicas. Dos de ellas pueden seleccionarse entre el micr\u00f3fono y la l\u00ednea. Las otras dos son siempre entradas de l\u00ednea. Las entradas de micr\u00f3fono\/ l\u00ednea pueden usarse como entradas para llamadas si se programan de forma condicional para cualquiera de las ocho entradas de control, que se programan libremente para acciones de sistema, con prioridades configurables a voluntad. Las entradas de l\u00ednea ofrecen detecci\u00f3n seleccionable del tono piloto de 20 kHz para la supervisi\u00f3n del cable.<\/p>\n<p class=\"ql-align-justify\"><strong>El controlador tiene cuatro salidas de l\u00ednea de audio anal\u00f3gicas<\/strong>, cada una de ellas con una se\u00f1al de\u00a0<strong>supervisi\u00f3n de 20 kHz seleccionable<\/strong>. Hay tres salidas de control que pueden programarse para fallos o llamadas, y otras dos se utilizan para conectar los indicadores visuales y sonoros de fallos. Hay disponible\u00a0<strong>una salida auxiliar de 24 VCC<\/strong>\u00a0que se puede utilizar para alimentar un fallo visual externo o una torre de luz de emergencia.<\/p>\n<p class=\"ql-align-justify\"><strong>Funcionamiento y rendimiento<\/strong><\/p>\n<p class=\"ql-align-justify\"><strong>El controlador de red puede configurarse completamente desde un PC<\/strong>\u00a0usando el software suministrado, que tambi\u00e9n ofrece el estado actual del sistema en funcionamiento y permite realizar la configuraci\u00f3n de forma c\u00f3moda y eficaz. Una vez configurado, el controlador tambi\u00e9n puede ejecutarse sin conexi\u00f3n a un PC. El panel frontal est\u00e1 equipado con una pantalla LCD de 2 x 16 caracteres y un control giratorio para desplazarse por el men\u00fa y seleccionar los elementos del men\u00fa. Las consultas de direcci\u00f3n, versi\u00f3n, eventos de fallo y supervisi\u00f3n pueden realizarse a trav\u00e9s de la pantalla y el mando de control. El controlador de red puede supervisar hasta 60 nodos. Entre ellos se incluyen equipos como amplificadores de potencia, expansores de audio, estaciones de llamada, kits de estaci\u00f3n de llamada, etc.<\/p>\n<p class=\"ql-align-justify\"><strong>Seguridad<\/strong><\/p>\n<p class=\"ql-align-justify\">El controlador de red admite el cableado de red redundante. La red se puede cablear mediante una \u00fanica bifurcaci\u00f3n o un bucle redundante.\u00a0<strong>El sistema puede gestionar 256 prioridades para realizar llamadas a cientos de zona<\/strong>s, lo que satisface los requisitos de emergencia y megafon\u00eda m\u00e1s complejos. El controlador supervisa el estado de todo el equipo en el sistema,<strong>\u00a0informa sobre cambios de estado y almacena los \u00faltimos 200 mensajes de fallos en el sistema.<\/strong>\u00a0Este control abarca desde la c\u00e1psula de un micr\u00f3fono de estaci\u00f3n de llamada hasta el extremo de una l\u00ednea de altavoces. Se controlan los cables externos conectados a las entradas de control para detectar posibles cortocircuitos y circuitos abiertos. Hay disponible un tono piloto que se genera de forma interna para supervisar las salidas de audio.\u00a0<strong>El controlador funciona con alimentaci\u00f3n el\u00e9ctrica y con alimentaci\u00f3n de una bater\u00eda de 48 VCC<\/strong>\u00a0como reserva de emergencia, con conmutaci\u00f3n autom\u00e1tica. Puede supervisar ambas fuentes de alimentaci\u00f3n.<\/p>\n<p class=\"ql-align-justify\"><strong>Piezas incluidas\u00a0<\/strong><\/p>\n<ul>\n<li class=\"ql-align-justify\">1 Controlador de red PRS-NCO3.<\/li>\n<li class=\"ql-align-justify\">1 Cable de alimentaci\u00f3n.<\/li>\n<li class=\"ql-align-justify\">1 Juego de soportes de montaje en rack de 19 pulg.<\/li>\n<li class=\"ql-align-justify\">1 Juego de pies.<\/li>\n<li class=\"ql-align-justify\">1 Juego de conectores.<\/li>\n<li class=\"ql-align-justify\">1 Software de configuraci\u00f3n, diagn\u00f3stico y conexi\u00f3n PRS- -SW.<\/li>\n<\/ul>\n<p class=\"ql-align-justify\"><strong>Principales Caracter\u00edsticas<\/strong><\/p>\n<ul>\n<li class=\"ql-align-justify\">Unidad de control del sistema ac\u00fastico de emergencia y megafon\u00eda.<\/li>\n<li class=\"ql-align-justify\">Control y direcci\u00f3n de 28 canales de audio simult\u00e1neamente.<\/li>\n<li class=\"ql-align-justify\">Interfaz Ethernet para la configuraci\u00f3n, el control, el diagn\u00f3stico y el inicio de sesi\u00f3n.<\/li>\n<li class=\"ql-align-justify\">Almacenamiento digital de mensajes pregrabados.<\/li>\n<li class=\"ql-align-justify\">Certificaci\u00f3n del sistema ISO 7240\u201116 y EN 54\u201116.<\/li>\n<\/ul>\n<p class=\"ql-align-justify\"><strong>Especificaciones<\/strong><\/p>\n<p class=\"ql-align-justify\"><strong>El\u00e9ctricas<\/strong><\/p>\n<p class=\"ql-align-justify\"><strong>Fuente de alimentaci\u00f3n<\/strong><\/p>\n<ul>\n<li class=\"ql-align-justify\">Tensi\u00f3n: 115\/230 VCA \u00b110%, 50\/60 Hz.<\/li>\n<li class=\"ql-align-justify\">Consumo de energ\u00eda 21 W sin carga 160 W con carga m\u00e1xima.<\/li>\n<\/ul>\n<p class=\"ql-align-justify\"><strong>Alimentaci\u00f3n por bater\u00edas<\/strong><\/p>\n<ul>\n<li class=\"ql-align-justify\">Tensi\u00f3n 48 VCC, de -10% a +20%.<\/li>\n<\/ul>\n<p class=\"ql-align-justify\"><strong>Rendimiento<\/strong><\/p>\n<ul>\n<li class=\"ql-align-justify\">Respuesta en frecuencia De 20 Hz a 20 kHz (-3 dB)<\/li>\n<li class=\"ql-align-justify\">Entradas de l\u00ednea: 2<\/li>\n<li class=\"ql-align-justify\">Conectores XLR de 3 patillas y Cinch est\u00e9reo (para cada l\u00ednea) Se\u00f1al\/ruido &gt; 87 dBA a m\u00e1ximo nivel.<\/li>\n<li class=\"ql-align-justify\">CMRR &gt; 40 dB.<\/li>\n<li class=\"ql-align-justify\">Rango de entrada De +6 dBV a +18 dBV (XLR) De -6 dBV a +6 dBV (Cinch).<\/li>\n<\/ul>\n<p class=\"ql-align-justify\"><strong>Entradas de control: 8<\/strong><\/p>\n<ul>\n<li class=\"ql-align-justify\">Conectores Terminales atornillados extra\u00edbles.<\/li>\n<li class=\"ql-align-justify\">Funcionamiento Contacto de cierre (con supervisi\u00f3n).<\/li>\n<\/ul>\n<p class=\"ql-align-justify\"><strong>Salidas de control: 5<\/strong><\/p>\n<ul>\n<li class=\"ql-align-justify\">Conectores Terminales atornillados extra\u00edbles.<\/li>\n<li class=\"ql-align-justify\"><strong>Entradas de l\u00ednea\/micr\u00f3fono: 2<\/strong><\/li>\n<li class=\"ql-align-justify\">Conector XLR de 3 patillas.<\/li>\n<li class=\"ql-align-justify\">Nivel de entrada nominal -57 dBV.<\/li>\n<li class=\"ql-align-justify\">Se\u00f1al\/ruido &gt; 62 dBA con tolerancia de 25 dB CMRR &gt; 55 dB a 100 Hz Impedancia de entrada 1.360 ohmio.<\/li>\n<li class=\"ql-align-justify\">Alimentaci\u00f3n fantasma 12 V \u00b11 V a 15 mA.<\/li>\n<li class=\"ql-align-justify\">Rango de entrada De -7 dB a 8 dB de nivel de entrada nominal de ref.<\/li>\n<\/ul>\n<p class=\"ql-align-justify\"><strong>Salidas de l\u00ednea: 4<\/strong><\/p>\n<ul>\n<li class=\"ql-align-justify\">Conectores XLR y Cinch est\u00e9reo (para cada l\u00ednea)<\/li>\n<li class=\"ql-align-justify\">Impedancia de salida &lt; 100 ohmios Se\u00f1al\/ruido &gt; 89 dBA a m\u00e1ximo nivel.<\/li>\n<\/ul>\n<p class=\"ql-align-justify\"><strong>Mec\u00e1nicas<\/strong><\/p>\n<p class=\"ql-align-justify\"><strong>Dimensiones (Al. x An. x Pr.) :<\/strong><\/p>\n<ul>\n<li class=\"ql-align-justify\">Sobremesa, con patas 92 x 440 x 400 mm (3,6 x 17,3 x 15,7 pulg.).<\/li>\n<li class=\"ql-align-justify\">En rack con soportes 88 x 483 x 400 mm (3,5 x 19 x 15,7 pulg.).<\/li>\n<li class=\"ql-align-justify\">Delante de los soportes 40 mm (1,6 pulg.) Detr\u00e1s de los soportes 360 mm (14,2 pulg.).<\/li>\n<li class=\"ql-align-justify\">Peso 7 kg (15,4 libras).<\/li>\n<li class=\"ql-align-justify\">Montaje Rack independiente de 19 pulg.<\/li>\n<li class=\"ql-align-justify\">Color Gris oscuro con plateado.<\/li>\n<\/ul>\n<p class=\"ql-align-justify\"><strong>Medioambientales<\/strong><\/p>\n<ul>\n<li class=\"ql-align-justify\">Temperatura de funcionamiento De -5 \u00b0C a +55 \u00b0C (de +23 \u00b0F a +131 \u00b0F) .<\/li>\n<li class=\"ql-align-justify\">Temperatura de almacenamiento De -40 \u00b0C a +70 \u00b0C (de -40 \u00b0F a +158 \u00b0F) .<\/li>\n<li class=\"ql-align-justify\">Humedad Del 15% al 90% Presi\u00f3n de aire De 600 a 1.100 hPa.<\/li>\n<\/ul>\n<p><img decoding=\"async\" class=\"overview-center-img-\" src=\"https:\/\/tvc.mx\/media\/6801\/Logoopaginas-oficial.png\" alt=\"\" \/><\/p>\n","protected":false},"excerpt":{"rendered":"<p>Controlador de red PRS-NCO3 El controlador de red es el n\u00facleo del sistema Praesideo. Esta unidad dirige hasta 28 canales de audio simult\u00e1neos, proporciona alimentaci\u00f3n al sistema, informa sobre fallos y controla el sistema.\u00a0Las entradas de audio pueden ser avisos procedentes de estaciones de llamada,&hellip;<\/p>\n","protected":false},"featured_media":6299,"comment_status":"open","ping_status":"closed","template":"","meta":{"om_disable_all_campaigns":false,"_monsterinsights_skip_tracking":false,"_monsterinsights_sitenote_active":false,"_monsterinsights_sitenote_note":"","_monsterinsights_sitenote_category":0},"product_brand":[],"product_cat":[530],"product_tag":[513,514,511,516,519,517,520,515,181,518,512],"class_list":{"0":"post-6300","1":"product","2":"type-product","3":"status-publish","4":"has-post-thumbnail","6":"product_cat-mezcladoras","7":"product_tag-altavoces","8":"product_tag-amplificadores","9":"product_tag-audio-y-video","10":"product_tag-audioporteros","11":"product_tag-digital-signage","12":"product_tag-intercomunicadores","13":"product_tag-kits-videoporteros","14":"product_tag-mezcladoras","15":"product_tag-microfonos","16":"product_tag-sistemas-de-enfermeria","17":"product_tag-videoporteros","19":"first","20":"instock","21":"sale","22":"taxable","23":"shipping-taxable","24":"purchasable","25":"product-type-simple"},"aioseo_notices":[],"_links":{"self":[{"href":"https:\/\/tecsecmty.com\/index.php\/wp-json\/wp\/v2\/product\/6300","targetHints":{"allow":["GET"]}}],"collection":[{"href":"https:\/\/tecsecmty.com\/index.php\/wp-json\/wp\/v2\/product"}],"about":[{"href":"https:\/\/tecsecmty.com\/index.php\/wp-json\/wp\/v2\/types\/product"}],"replies":[{"embeddable":true,"href":"https:\/\/tecsecmty.com\/index.php\/wp-json\/wp\/v2\/comments?post=6300"}],"version-history":[{"count":0,"href":"https:\/\/tecsecmty.com\/index.php\/wp-json\/wp\/v2\/product\/6300\/revisions"}],"wp:featuredmedia":[{"embeddable":true,"href":"https:\/\/tecsecmty.com\/index.php\/wp-json\/wp\/v2\/media\/6299"}],"wp:attachment":[{"href":"https:\/\/tecsecmty.com\/index.php\/wp-json\/wp\/v2\/media?parent=6300"}],"wp:term":[{"taxonomy":"product_brand","embeddable":true,"href":"https:\/\/tecsecmty.com\/index.php\/wp-json\/wp\/v2\/product_brand?post=6300"},{"taxonomy":"product_cat","embeddable":true,"href":"https:\/\/tecsecmty.com\/index.php\/wp-json\/wp\/v2\/product_cat?post=6300"},{"taxonomy":"product_tag","embeddable":true,"href":"https:\/\/tecsecmty.com\/index.php\/wp-json\/wp\/v2\/product_tag?post=6300"}],"curies":[{"name":"wp","href":"https:\/\/api.w.org\/{rel}","templated":true}]}}