{"id":6302,"date":"2023-02-23T12:02:46","date_gmt":"2023-02-23T18:02:46","guid":{"rendered":"https:\/\/tecsecmty.com\/index.php\/producto\/bosch-m_pva4cr12-controlador-paviro-8-entradas-de-audio-locales-y-4-salidas-de-audio\/"},"modified":"2023-03-22T23:21:35","modified_gmt":"2023-03-23T05:21:35","slug":"bosch-m_pva4cr12-controlador-paviro-8-entradas-de-audio-locales-y-4-salidas-de-audio","status":"publish","type":"product","link":"https:\/\/tecsecmty.com\/index.php\/producto\/bosch-m_pva4cr12-controlador-paviro-8-entradas-de-audio-locales-y-4-salidas-de-audio\/","title":{"rendered":"BOSCH M_PVA4CR12- CONTROLADOR PAVIRO\/ 8 ENTRADAS DE AUDIO LOCALES Y 4 SALIDAS DE AUDIO"},"content":{"rendered":"<h5 class=\"card-title text-center\">Controlador PVA-4CR12 PAVIRO<\/h5>\n<p class=\"ql-align-justify\"><strong>El controlador PVA-4CR12 es<\/strong>\u00a0el localizador central.<\/p>\n<p class=\"ql-align-justify\">Responsable del sistema\u00a0<strong>PAVIRO<\/strong>. Ocho audio local las entradas se pueden cambiar a cuatro salidas de audio. El gestor de mensajes del canal est\u00e1 integrado. El controlador proporciona todo el procesamiento de audio, supervisi\u00f3n y funciones de control para un completo sistema\u00a0<strong>PAVIRO<\/strong>.\u00a0<strong>UNA controlador \u00fanico soporta hasta 16 estaciones de llamada y 492 zonas de paginaci\u00f3n<\/strong>. El controlador est\u00e1\u00a0<strong>equipado con 12 Zonas, 18 GPIs y 19 GPOs<\/strong>. Un controlador puede manejar<strong>\u00a0hasta 2000 vatios de carga de altavoz<\/strong>.\u00a0<strong>Adicional<\/strong><\/p>\n<p class=\"ql-align-justify\">Las zonas y la potencia se pueden agregar usando hasta 20 Enrutadores externos y 40 amplificadores con cada 2 \u2715 500 W. Las luces indicadoras de zona en el frente indican.<\/p>\n<p class=\"ql-align-justify\"><strong>El estado actual de cada zona:<\/strong><\/p>\n<ul>\n<li class=\"ql-align-justify\">Verde: Zona en uso para prop\u00f3sitos que no sean de emergencia.<\/li>\n<li class=\"ql-align-justify\">Rojo: Zona en uso para prop\u00f3sitos de emergencia.<\/li>\n<li class=\"ql-align-justify\">Amarillo: Detectada falla de zona.<\/li>\n<li class=\"ql-align-justify\">Apagado: Zona en estado inactivo.<\/li>\n<\/ul>\n<p class=\"ql-align-justify\"><strong>Certificaciones y homologaciones<\/strong><\/p>\n<ul>\n<li class=\"ql-align-justify\">IEC 60065.<\/li>\n<li class=\"ql-align-justify\">EN 61000-6-3.<\/li>\n<li class=\"ql-align-justify\">EN 50130-4.<\/li>\n<li class=\"ql-align-justify\">EN 60945.<\/li>\n<li class=\"ql-align-justify\">EN 60950.<\/li>\n<li class=\"ql-align-justify\">EN 54-16.<\/li>\n<\/ul>\n<p class=\"ql-align-justify\"><strong>Partes incluidas<\/strong><\/p>\n<ul>\n<li class=\"ql-align-justify\">1 PVA-4CR12<\/li>\n<li class=\"ql-align-justify\">2 Resistencia de terminaci\u00f3n CAN (120 ohm).<\/li>\n<li class=\"ql-align-justify\">1 conector Euroblock de 2 polos (Phoenix, PC 5\/2-STF-7,62,1975697, F.01U.108.398).<\/li>\n<li class=\"ql-align-justify\">6 conectores Euroblock de 3 polos (Phoenix, MC 1,5 \/ 3) STF-3,81, Nr. 1827716, F.01U.104.680) Conector Euroblock.<\/li>\n<li class=\"ql-align-justify\">2 6 polos (Phoenix, MC 1,5 \/ 6- ST-3,81, 1827745, F.01U.104.179).<\/li>\n<li class=\"ql-align-justify\">4 conectores Euroblock de 10 polos (Phoenix, MC 1,5 \/ 10- STF-3,81, 1827787, F.01U.301.445).<\/li>\n<li class=\"ql-align-justify\">2 conectores Euroblock de 12 polos (Phoenix, MC 1,5 \/ 12-STF-3,81, 1827800, F.01U.108.397).<\/li>\n<li class=\"ql-align-justify\">4 Soporte de pies (autoadhesivo).<\/li>\n<li class=\"ql-align-justify\">1 manual de instrucciones.<\/li>\n<li class=\"ql-align-justify\">1 instrucciones importantes de seguridad.<\/li>\n<\/ul>\n<p class=\"ql-align-justify\"><strong>Nota: Controlador PAVIRO<\/strong><\/p>\n<p class=\"ql-align-justify\"><strong>N\u00famero de pedido: PVA-4CR12.<\/strong><\/p>\n<p class=\"ql-align-justify\"><strong>Principales Caracter\u00edsticas<\/strong><\/p>\n<ul>\n<li class=\"ql-align-justify\">Bajo consumo de energ\u00eda en modo de espera.<\/li>\n<li class=\"ql-align-justify\">Flexibilidad extrema.<\/li>\n<li class=\"ql-align-justify\">Excelente calidad de sonido&gt; 106 dB s \/ n relaci\u00f3n.<\/li>\n<li class=\"ql-align-justify\">Hasta 85 minutos de almacenamiento interno de mensajes digitales.<\/li>\n<\/ul>\n<p class=\"ql-align-justify\"><strong>Especificaciones<\/strong><\/p>\n<p class=\"ql-align-justify\"><strong>Especificaciones t\u00e9cnicas<\/strong><\/p>\n<ul>\n<li class=\"ql-align-justify\">Controlador PVA-4CR12: Controlador PAVIRO incluyendo se\u00f1al procesamiento, enrutamiento, sistema control y supervisi\u00f3n de Audio 8 entradas de audio, 4 salidas de audio.<\/li>\n<li class=\"ql-align-justify\">Seguridad \/ redundancia Supervisi\u00f3n interna, sistema monitoreo, vigilancia, falla de salida.<\/li>\n<\/ul>\n<p class=\"ql-align-justify\"><strong>Configuraci\u00f3n y control de PC.<\/strong><\/p>\n<p class=\"ql-align-justify\"><strong>Software<\/strong><\/p>\n<ul>\n<li class=\"ql-align-justify\">\u2022 Asistente de configuraci\u00f3n: Sistema facil configuraci\u00f3n.<\/li>\n<li class=\"ql-align-justify\">IRIS-Net: Integraci\u00f3n de controlador, amplificadores, llamada estaciones, enrutadores y control perif\u00e9rico; configuraci\u00f3n, control, y supervisi\u00f3n para sistemas de audio completos; usuario programable paneles de control y niveles deacceso.<\/li>\n<li class=\"ql-align-justify\">Swapper caliente (incluido en Paquete IRIS-Net): F\u00e1cil actualizaci\u00f3n de mensajes durante el tiempo de ejecuci\u00f3n.<\/li>\n<li class=\"ql-align-justify\">Respuesta de frecuencia (ref. 1 kHz) 20 Hz a 20 kHz (-0,5 dB).<\/li>\n<li class=\"ql-align-justify\">Relaci\u00f3n se\u00f1al \/ ruido (ponderada A) Entrada de l\u00ednea a l\u00ednea: 106 dB t\u00edpico THD + N &lt;0.05%.<\/li>\n<li class=\"ql-align-justify\">Interferencia (nivel de l\u00ednea) Entrada de l\u00ednea a salida (ganancia de 0 dB): &lt; 100 dB a 1 kHz.<\/li>\n<li class=\"ql-align-justify\">Frecuencia de muestreo 48 kHz.<\/li>\n<li class=\"ql-align-justify\">Resoluci\u00f3n de procesamiento DSP 24 bits lineal A \/ D y D \/ A conversi\u00f3n, procesamiento de 48 bits.<\/li>\n<\/ul>\n<p class=\"ql-align-justify\"><strong>Entradas de audio (micr\u00f3fono \/ l\u00ednea nivel)<\/strong><\/p>\n<ul>\n<li class=\"ql-align-justify\">MIC \/ LINE: 2 \u2715 puerto de 3 pines, simetrico electronicamente<\/li>\n<li class=\"ql-align-justify\">AUX: 2 \u2715 RCA est\u00e9reo<\/li>\n<li class=\"ql-align-justify\">Nivel de entrada (nominal) MIC \/ LINE: 15 dBu AUX: 9 dBu.<\/li>\n<li class=\"ql-align-justify\">Nivel de entrada (m\u00e1x. Antes acortar) MIC \/ LINE: 18 dBu AUX: 12 dBu.<\/li>\n<li class=\"ql-align-justify\">Impedancias de entrada MIC \/ LINE: 2.2 k\u03a9 AUX: 8 k\u03a9.<\/li>\n<li class=\"ql-align-justify\">Rechazo de modo com\u00fan MIC \/ LINE:&gt; 50 dB.<\/li>\n<li class=\"ql-align-justify\">Poder fantasma, conmutable MIC \/ LINE: 48 V DC.<\/li>\n<li class=\"ql-align-justify\">Conversi\u00f3n A \/ D de 24 bits, Sigma-Delta, 128 veces sobremuestreo.<\/li>\n<\/ul>\n<p class=\"ql-align-justify\"><strong>Entradas de audio (100 V) Entrada AMP: puerto de 2-6 pines<\/strong><\/p>\n<ul>\n<li class=\"ql-align-justify\">Max. voltaje 120 V.<\/li>\n<li class=\"ql-align-justify\">Max. corriente 7.2 A.<\/li>\n<li class=\"ql-align-justify\">Max. potencia 500 W.<\/li>\n<\/ul>\n<p class=\"ql-align-justify\"><strong>Salidas de audio (nivel de l\u00ednea) LINE OUT: 1 x RJ-45, 4 x 3 pines<\/strong><\/p>\n<p class=\"ql-align-justify\"><strong>Puerto<\/strong><\/p>\n<ul>\n<li class=\"ql-align-justify\">Nivel de salida (nominal) 6 dBu.<\/li>\n<li class=\"ql-align-justify\">Nivel de salida (m\u00e1x. Antes acortar) 9 dBu.<\/li>\n<li class=\"ql-align-justify\">Impedancia de salida &lt;50.<\/li>\n<li class=\"ql-align-justify\">Min. impedancia de carga 400 \u03a9.<\/li>\n<li class=\"ql-align-justify\">Conversi\u00f3n D \/ A 24 Bit, Sigma-Delta, 128 vecesn sobremuestreo.<\/li>\n<\/ul>\n<p class=\"ql-align-justify\"><strong>Salidas de audio (100 V) SALIDA DE ALTAVOZ: 2 \u2715 puerto de 12 pines.<\/strong><\/p>\n<ul>\n<li class=\"ql-align-justify\">Max. voltaje 120 Veff<\/li>\n<li class=\"ql-align-justify\">Max. corriente 7.2 A<\/li>\n<li class=\"ql-align-justify\">Max. potencia 500 W<\/li>\n<li class=\"ql-align-justify\">Crosstalk (100 V) AMP IN a SPEAKER OUT: &lt;100 dB a 1 kHz con 1 k\u03a9 de carga.<\/li>\n<\/ul>\n<p class=\"ql-align-justify\"><strong>Estaci\u00f3n de llamada bus (CST) 4 \u2715 de potencia integrada + CAN + interfaz de audio, RJ-45<\/strong><\/p>\n<ul>\n<li class=\"ql-align-justify\">Alimentaci\u00f3n +24 V DC, fusible electr\u00f3nico.<\/li>\n<li class=\"ql-align-justify\">CAN 10, 20 o 62.5 kbit \/ s.<\/li>\n<li class=\"ql-align-justify\">Audio sim\u00e9trico electr\u00f3nicamente.<\/li>\n<li class=\"ql-align-justify\">Max. longitud 1000 m.<\/li>\n<\/ul>\n<p class=\"ql-align-justify\"><strong>CONTROL ANAL\u00d3GICO EN 1 \u2715 puerto de 12 pines<\/strong><\/p>\n<ul>\n<li class=\"ql-align-justify\">Entradas de control.<\/li>\n<li class=\"ql-align-justify\">8 (anal\u00f3gica 0-10 V \/ l\u00f3gica) controlar; bajo: U \u2264 5 V DC; alta: U \u2265 10 V DC; Umax = 32 V DC).<\/li>\n<li class=\"ql-align-justify\">Salidas de referencia \u2022 +10 V, 100 mA<\/li>\n<li class=\"ql-align-justify\">GND.<\/li>\n<li class=\"ql-align-justify\">Entrada de sincronizaci\u00f3n de tiempo 1 (receptor DCF-77)<\/li>\n<\/ul>\n<p class=\"ql-align-justify\"><strong>CONTROL OUT HP 1 \u2715 puerto de 12 pines<\/strong><\/p>\n<ul>\n<li class=\"ql-align-justify\">Salidas de control de 6 salidas de alta potencia (colector abierto, Umax = 32 V, Imax = 1 A).<\/li>\n<\/ul>\n<ul>\n<li class=\"ql-align-justify\">Salida de referencia V \u2022 +24 V, Imax = 200 mA<\/li>\n<li class=\"ql-align-justify\">Salida lista \/ falla 1 (contactos de rel\u00e9 NO \/ NC, Umax =32 V, Imax = 1 A).<\/li>\n<li class=\"ql-align-justify\">Salida de reloj esclavo 1 (24 V CC, m\u00e1x. 1 A)<\/li>\n<\/ul>\n<p class=\"ql-align-justify\"><strong>CONTROL EN 2 \u2715 puerto de 10 pines<\/strong><\/p>\n<ul>\n<li class=\"ql-align-justify\">Entradas de control de 5 entradas supervisadas (0\u2013 24 V, Umax = 32 V).<\/li>\n<li class=\"ql-align-justify\">5 entradas aisladas (bajo: U \u2264 5 V DC; alta: U \u2265 10 V DC; Umax = 32 V).<\/li>\n<\/ul>\n<p class=\"ql-align-justify\"><strong>CONTROL OUT 2 \u2715 puerto de 10 pines<\/strong><\/p>\n<ul>\n<li class=\"ql-align-justify\">Salidas de control 12 salidas de baja potencia (abiertascolector, Umax = 32 V, Imax = 40mam\u00e1).<\/li>\n<li class=\"ql-align-justify\">Rel\u00e9 de control 1 (contactos de rel\u00e9 NO \/ NC, Umax = 32 V, Imax = 1 A).<\/li>\n<\/ul>\n<p class=\"ql-align-justify\"><strong>Interfaces<\/strong><\/p>\n<ul>\n<li class=\"ql-align-justify\">Ethernet 1 \u2715 RJ-45, 10\/100 MB (para PC conexi\u00f3n)<\/li>\n<li class=\"ql-align-justify\">PUEDE BUS puerto 2 \u2715 RJ-45, 10 a 500 kbit \/ s (para amplificador, conexi\u00f3n enrutador)<\/li>\n<li class=\"ql-align-justify\">Entrada de corriente DC 21\u201332 V DC.<\/li>\n<li class=\"ql-align-justify\">Consumo de energ\u00eda 10 a 250 W.<\/li>\n<li class=\"ql-align-justify\">Temperatura de funcionamiento -5 \u00b0 C a +45 \u00b0 C.<\/li>\n<li class=\"ql-align-justify\">Entorno electromagn\u00e9tico E1, E2, E3.<\/li>\n<li class=\"ql-align-justify\">Dimensiones del producto (Ancho \u2715 Altura \u2715 Profundidad)<\/li>\n<li class=\"ql-align-justify\">19 \u00ab, 2 UH, 483 \u2715 88.2 \u2715 391 mm.<\/li>\n<li class=\"ql-align-justify\">Peso neto de 8,0 kg.<\/li>\n<li class=\"ql-align-justify\">Peso del env\u00edo 9.5 kg.<\/li>\n<\/ul>\n<p><img decoding=\"async\" class=\"overview-center-img-web\" src=\"https:\/\/tvc.mx\/media\/31589\/Logoopaginas-oficial-1920x400.png\" alt=\"\" \/><\/p>\n","protected":false},"excerpt":{"rendered":"<p>Controlador PVA-4CR12 PAVIRO El controlador PVA-4CR12 es\u00a0el localizador central. Responsable del sistema\u00a0PAVIRO. Ocho audio local las entradas se pueden cambiar a cuatro salidas de audio. El gestor de mensajes del canal est\u00e1 integrado. El controlador proporciona todo el procesamiento de audio, supervisi\u00f3n y funciones de&hellip;<\/p>\n","protected":false},"featured_media":6301,"comment_status":"open","ping_status":"closed","template":"","meta":{"om_disable_all_campaigns":false,"_monsterinsights_skip_tracking":false,"_monsterinsights_sitenote_active":false,"_monsterinsights_sitenote_note":"","_monsterinsights_sitenote_category":0},"product_brand":[],"product_cat":[530],"product_tag":[513,514,511,516,519,517,520,515,181,518,512],"class_list":{"0":"post-6302","1":"product","2":"type-product","3":"status-publish","4":"has-post-thumbnail","6":"product_cat-mezcladoras","7":"product_tag-altavoces","8":"product_tag-amplificadores","9":"product_tag-audio-y-video","10":"product_tag-audioporteros","11":"product_tag-digital-signage","12":"product_tag-intercomunicadores","13":"product_tag-kits-videoporteros","14":"product_tag-mezcladoras","15":"product_tag-microfonos","16":"product_tag-sistemas-de-enfermeria","17":"product_tag-videoporteros","19":"first","20":"instock","21":"sale","22":"taxable","23":"shipping-taxable","24":"purchasable","25":"product-type-simple"},"aioseo_notices":[],"_links":{"self":[{"href":"https:\/\/tecsecmty.com\/index.php\/wp-json\/wp\/v2\/product\/6302","targetHints":{"allow":["GET"]}}],"collection":[{"href":"https:\/\/tecsecmty.com\/index.php\/wp-json\/wp\/v2\/product"}],"about":[{"href":"https:\/\/tecsecmty.com\/index.php\/wp-json\/wp\/v2\/types\/product"}],"replies":[{"embeddable":true,"href":"https:\/\/tecsecmty.com\/index.php\/wp-json\/wp\/v2\/comments?post=6302"}],"version-history":[{"count":0,"href":"https:\/\/tecsecmty.com\/index.php\/wp-json\/wp\/v2\/product\/6302\/revisions"}],"wp:featuredmedia":[{"embeddable":true,"href":"https:\/\/tecsecmty.com\/index.php\/wp-json\/wp\/v2\/media\/6301"}],"wp:attachment":[{"href":"https:\/\/tecsecmty.com\/index.php\/wp-json\/wp\/v2\/media?parent=6302"}],"wp:term":[{"taxonomy":"product_brand","embeddable":true,"href":"https:\/\/tecsecmty.com\/index.php\/wp-json\/wp\/v2\/product_brand?post=6302"},{"taxonomy":"product_cat","embeddable":true,"href":"https:\/\/tecsecmty.com\/index.php\/wp-json\/wp\/v2\/product_cat?post=6302"},{"taxonomy":"product_tag","embeddable":true,"href":"https:\/\/tecsecmty.com\/index.php\/wp-json\/wp\/v2\/product_tag?post=6302"}],"curies":[{"name":"wp","href":"https:\/\/api.w.org\/{rel}","templated":true}]}}