{"id":6306,"date":"2023-02-23T12:02:51","date_gmt":"2023-02-23T18:02:51","guid":{"rendered":"https:\/\/tecsecmty.com\/index.php\/producto\/bosch-m_dcnmaps2-switch-con-alimentacion-y-procesador-de-audio-dicentis\/"},"modified":"2023-03-22T23:21:26","modified_gmt":"2023-03-23T05:21:26","slug":"bosch-m_dcnmaps2-switch-con-alimentacion-y-procesador-de-audio-dicentis","status":"publish","type":"product","link":"https:\/\/tecsecmty.com\/index.php\/producto\/bosch-m_dcnmaps2-switch-con-alimentacion-y-procesador-de-audio-dicentis\/","title":{"rendered":"BOSCH M_DCNMAPS2- SWITCH CON ALIMENTACION Y PROCESADOR DE AUDIO DICENTIS"},"content":{"rendered":"<h5 class=\"card-title text-center\">DCNM-APS2 Procesador audio y switch alimentaci\u00f3n<\/h5>\n<p class=\"ql-align-justify\"><strong>El switch con alimentaci\u00f3n y procesador de audio es responsable de direccionar, controlar y procesar el audio y suministra energ\u00eda a las unidades multimedia.<\/strong>\u00a0Incluye un supresor de retroalimentaci\u00f3n ac\u00fastica adaptable e inteligente, cancelaci\u00f3n de eco y dos ecualizadores param\u00e9tricos de 5 bandas para la \u00f3ptima inteligibilidad de la palabra. Adem\u00e1s, dispone de dos entradas de audio para introducir se\u00f1ales de audio anal\u00f3gicas externas en el sistema y proporciona tambi\u00e9n mix-minus para conectar el sistema de conferencias DICENTIS a un equipo de (video)conferencias.<\/p>\n<p class=\"ql-align-justify\">Las dos salidas de audio se utilizan para mix-minus y para conectar un sistema de refuerzo de sonido externo.<\/p>\n<p class=\"ql-align-justify\">El switch Ethernet integrado conecta todos los dispositivos del sistema en una red y admite la conexi\u00f3n en bucle, lo que permite conectar el dispositivo de debate DICENTIS a otro dispositivo de debate DICENTIS; incluso el \u00faltimo dispositivo de debate DICENTIS en el bucle puede conectarse a un switch con alimentaci\u00f3n (y procesador de audio) para obtener redundancia de cables.<\/p>\n<p class=\"ql-align-justify\"><strong>Funciones b\u00e1sicas<\/strong><\/p>\n<p class=\"ql-align-justify\"><strong>Controles e indicadores<\/strong><\/p>\n<ul>\n<li class=\"ql-align-justify\">Interruptor de alimentaci\u00f3n en la parte trasera para encender el switch con alimentaci\u00f3n y procesador de audio.<\/li>\n<li class=\"ql-align-justify\">Interruptor de toma de tierra.<\/li>\n<li class=\"ql-align-justify\">LED en la parte frontal para indicar: verde (encendido), \u00e1mbar (modo de espera), parpadeo (sin conexi\u00f3n al sistema).<\/li>\n<li class=\"ql-align-justify\">LED en la parte trasera para indicar: verde (disponibilidad de alimentaci\u00f3n en cada toma de alimentaci\u00f3n), rojo (sobrecarga en toma de alimentaci\u00f3n).<\/li>\n<li class=\"ql-align-justify\">LED Ethernet amarillo y \u00e1mbar para cada toma.<\/li>\n<li class=\"ql-align-justify\">Con tomas de alimentaci\u00f3n independientes; un cortocircuito en una de las tomas no influye sobre las dem\u00e1s.<\/li>\n<li class=\"ql-align-justify\">Es compatible con Plug and Play en caliente.<\/li>\n<\/ul>\n<p class=\"ql-align-justify\"><strong>Interconexiones<\/strong><\/p>\n<ul>\n<li class=\"ql-align-justify\">2 entradas de l\u00ednea de audio balanceadas XLR de tres patillas con separaci\u00f3n galv\u00e1nica.<\/li>\n<li class=\"ql-align-justify\">4 entradas de l\u00ednea de audio no balanceadas RCA.<\/li>\n<li class=\"ql-align-justify\">2 salidas de l\u00ednea de audio balanceadas XLR de tres patillas con separaci\u00f3n galv\u00e1nica.<\/li>\n<li class=\"ql-align-justify\">4 salidas de l\u00ednea de audio no balanceadas RCA.<\/li>\n<li class=\"ql-align-justify\">Entrada de rango autom\u00e1tico de fuente de alimentaci\u00f3n.<\/li>\n<li class=\"ql-align-justify\">1 toma con Ethernet sin alimentaci\u00f3n, compatible con RJ45.<\/li>\n<li class=\"ql-align-justify\">3 tomas con Ethernet con fuente de alimentaci\u00f3n alta (144 W), compatible con RJ45.<\/li>\n<li class=\"ql-align-justify\">1 toma con Ethernet con fuente de alimentaci\u00f3n baja (15 W), compatible con RJ45.<\/li>\n<\/ul>\n<p class=\"ql-align-justify\"><strong>Certificaciones y aprobaciones<\/strong><\/p>\n<ul>\n<li class=\"ql-align-justify\">Europa CE DECL EC DCNM-APS2.<\/li>\n<\/ul>\n<p class=\"ql-align-justify\"><strong>Piezas incluidas<\/strong><\/p>\n<ul>\n<li class=\"ql-align-justify\">1 Switch con alimentaci\u00f3n y procesador de audio DCNM\u2011APS2 DICENTIS.<\/li>\n<\/ul>\n<p class=\"ql-align-justify\"><strong>Nota: DCNM-APS2 Procesador audio y switch alimentaci\u00f3n<\/strong><\/p>\n<p class=\"ql-align-justify\"><strong>Switch para controlar y direccionar el audio del sistema con funciones de supresi\u00f3n de realimentaci\u00f3n ac\u00fastica, cancelaci\u00f3n de eco y ecualizaci\u00f3n. Suministra alimentaci\u00f3n a dispositivos de debate DICENTIS, switch Ethernet integrado. Se necesita un DCNM\u2011APS2 por cada sistema de conferencias DICENTIS.<\/strong><\/p>\n<p class=\"ql-align-justify\"><strong>N\u00famero de pedido: DCNM-APS2<\/strong><\/p>\n<p class=\"ql-align-justify\"><strong>Principales caracter\u00edsticas:<\/strong><\/p>\n<ul>\n<li class=\"ql-align-justify\">Sin configuraci\u00f3n de red.<\/li>\n<li class=\"ql-align-justify\">Totalmente compatible con los est\u00e1ndares Ethernet (IEEE802.3) y OMNEO.<\/li>\n<li class=\"ql-align-justify\">Admite conexi\u00f3n en bucle con redundancia de cables.<\/li>\n<li class=\"ql-align-justify\">Supresi\u00f3n de realimentaci\u00f3n ac\u00fastica, cancelaci\u00f3n de eco y ecualizador.<\/li>\n<li class=\"ql-align-justify\">Modo en espera, para ser responsable con un sostenible medio ambiente.<\/li>\n<\/ul>\n<p class=\"ql-align-justify\"><strong>Especificaciones<\/strong><\/p>\n<p class=\"ql-align-justify\"><strong>El\u00e9ctricas<\/strong><\/p>\n<ul>\n<li class=\"ql-align-justify\">Tensi\u00f3n de alimentaci\u00f3n 100\u2011240 VCA, 50\u201160 Hz.<\/li>\n<li class=\"ql-align-justify\">Consumo de energ\u00eda 530 W.<\/li>\n<li class=\"ql-align-justify\">Alimentaci\u00f3n del sistema 48 VCC.<\/li>\n<li class=\"ql-align-justify\">Alimentaci\u00f3n total 3 x 144 W + 15 W.<\/li>\n<li class=\"ql-align-justify\">Respuesta en frecuencia 30 Hz &#8211; 20 kHz.<\/li>\n<li class=\"ql-align-justify\">Distorsi\u00f3n arm\u00f3nica total a nivel nominal &lt;0,1 %.<\/li>\n<li class=\"ql-align-justify\">Rango din\u00e1mico &gt;95 dB.<\/li>\n<li class=\"ql-align-justify\">Relaci\u00f3n se\u00f1al\/ruido &gt;95 dB.<\/li>\n<\/ul>\n<p class=\"ql-align-justify\"><strong>Audio<\/strong><\/p>\n<ul>\n<li class=\"ql-align-justify\">Entrada nominal XLR -18 dBV (+6 dB \/ -18 dB).<\/li>\n<li class=\"ql-align-justify\">Entrada m\u00e1xima XLR +18 dBV.<\/li>\n<li class=\"ql-align-justify\">Entrada nominal Cinch -30 dBV (+6 dB \/ -18 dB).<\/li>\n<li class=\"ql-align-justify\">Entrada m\u00e1xima Cinch +6 dBV.<\/li>\n<\/ul>\n<p class=\"ql-align-justify\"><strong>Salidas de audio<\/strong><\/p>\n<ul>\n<li class=\"ql-align-justify\">Salida nominal XLR -18 dBV (+8 \/ -24 dB).<\/li>\n<li class=\"ql-align-justify\">Salida m\u00e1xima XLR +20 dBV.<\/li>\n<li class=\"ql-align-justify\">Salida nominal Cinch -30 dBV (+8 \/ -24 dB).<\/li>\n<li class=\"ql-align-justify\">Salida m\u00e1xima Cinch +8 dBV.<\/li>\n<\/ul>\n<p class=\"ql-align-justify\"><strong>Mec\u00e1nicas<\/strong><\/p>\n<ul>\n<li class=\"ql-align-justify\">Peso: 7,62 kg (16,79 lb).<\/li>\n<\/ul>\n<p class=\"ql-align-justify\"><strong>Color<\/strong><\/p>\n<ul>\n<li class=\"ql-align-justify\">Negro RAL 9017.<\/li>\n<li class=\"ql-align-justify\">Gris claro perlado RAL 9022.<\/li>\n<li class=\"ql-align-justify\">Montaje Sobremesa o en un bastidor de 19 pulgadas.<\/li>\n<\/ul>\n<p class=\"ql-align-justify\"><strong>Dimensiones (al x an x pr)<\/strong><\/p>\n<ul>\n<li class=\"ql-align-justify\">Para sobremesa (con pies): 92 x 440 x 400 mm (3,6 x 17,3 x 15,7 pulg.)<\/li>\n<li class=\"ql-align-justify\">Para bastidor de 19 pulgadas (con soportes): 88 x 483 x 400 mm (3,5 x 19 x 15,7 pulg.)<\/li>\n<li class=\"ql-align-justify\">Delante de los soportes 40 mm (1,6 pulg.)<\/li>\n<li class=\"ql-align-justify\">Detr\u00e1s de los soportes 360 mm (14,2 pulg.)<\/li>\n<\/ul>\n<p class=\"ql-align-justify\"><strong>Medioambientales<\/strong><\/p>\n<ul>\n<li class=\"ql-align-justify\">Temperatura de funcionamiento: 0 \u00b0C a +45 \u00b0C (-32 \u00b0F a +113 \u00b0F).<\/li>\n<li class=\"ql-align-justify\">Temperatura de transporte y almacenamiento: De -20 \u00baC a +70 \u00baC (de -4 \u00baF a +158 \u00baF).<\/li>\n<li class=\"ql-align-justify\">Humedad relativa: &lt;96 %, &gt;5 %.<\/li>\n<\/ul>\n<p><img decoding=\"async\" class=\"overview-center-img-web\" src=\"https:\/\/tvc.mx\/media\/31869\/Logoopaginas-oficial-1920x400.png\" alt=\"\" \/><\/p>\n","protected":false},"excerpt":{"rendered":"<p>DCNM-APS2 Procesador audio y switch alimentaci\u00f3n El switch con alimentaci\u00f3n y procesador de audio es responsable de direccionar, controlar y procesar el audio y suministra energ\u00eda a las unidades multimedia.\u00a0Incluye un supresor de retroalimentaci\u00f3n ac\u00fastica adaptable e inteligente, cancelaci\u00f3n de eco y dos ecualizadores param\u00e9tricos&hellip;<\/p>\n","protected":false},"featured_media":6305,"comment_status":"open","ping_status":"closed","template":"","meta":{"om_disable_all_campaigns":false,"_monsterinsights_skip_tracking":false,"_monsterinsights_sitenote_active":false,"_monsterinsights_sitenote_note":"","_monsterinsights_sitenote_category":0},"product_brand":[],"product_cat":[531],"product_tag":[513,514,511,516,519,517,520,515,181,518,512],"class_list":{"0":"post-6306","1":"product","2":"type-product","3":"status-publish","4":"has-post-thumbnail","6":"product_cat-microfonos-audio-y-megafonia","7":"product_tag-altavoces","8":"product_tag-amplificadores","9":"product_tag-audio-y-video","10":"product_tag-audioporteros","11":"product_tag-digital-signage","12":"product_tag-intercomunicadores","13":"product_tag-kits-videoporteros","14":"product_tag-mezcladoras","15":"product_tag-microfonos","16":"product_tag-sistemas-de-enfermeria","17":"product_tag-videoporteros","19":"first","20":"instock","21":"sale","22":"taxable","23":"shipping-taxable","24":"purchasable","25":"product-type-simple"},"aioseo_notices":[],"_links":{"self":[{"href":"https:\/\/tecsecmty.com\/index.php\/wp-json\/wp\/v2\/product\/6306","targetHints":{"allow":["GET"]}}],"collection":[{"href":"https:\/\/tecsecmty.com\/index.php\/wp-json\/wp\/v2\/product"}],"about":[{"href":"https:\/\/tecsecmty.com\/index.php\/wp-json\/wp\/v2\/types\/product"}],"replies":[{"embeddable":true,"href":"https:\/\/tecsecmty.com\/index.php\/wp-json\/wp\/v2\/comments?post=6306"}],"version-history":[{"count":0,"href":"https:\/\/tecsecmty.com\/index.php\/wp-json\/wp\/v2\/product\/6306\/revisions"}],"wp:featuredmedia":[{"embeddable":true,"href":"https:\/\/tecsecmty.com\/index.php\/wp-json\/wp\/v2\/media\/6305"}],"wp:attachment":[{"href":"https:\/\/tecsecmty.com\/index.php\/wp-json\/wp\/v2\/media?parent=6306"}],"wp:term":[{"taxonomy":"product_brand","embeddable":true,"href":"https:\/\/tecsecmty.com\/index.php\/wp-json\/wp\/v2\/product_brand?post=6306"},{"taxonomy":"product_cat","embeddable":true,"href":"https:\/\/tecsecmty.com\/index.php\/wp-json\/wp\/v2\/product_cat?post=6306"},{"taxonomy":"product_tag","embeddable":true,"href":"https:\/\/tecsecmty.com\/index.php\/wp-json\/wp\/v2\/product_tag?post=6306"}],"curies":[{"name":"wp","href":"https:\/\/api.w.org\/{rel}","templated":true}]}}