{"id":6310,"date":"2023-02-23T12:02:55","date_gmt":"2023-02-23T18:02:55","guid":{"rendered":"https:\/\/tecsecmty.com\/index.php\/producto\/bosch-m_dcnmhdmic-microfono-altamente-directivo\/"},"modified":"2023-03-22T23:21:26","modified_gmt":"2023-03-23T05:21:26","slug":"bosch-m_dcnmhdmic-microfono-altamente-directivo","status":"publish","type":"product","link":"https:\/\/tecsecmty.com\/index.php\/producto\/bosch-m_dcnmhdmic-microfono-altamente-directivo\/","title":{"rendered":"BOSCH M_DCNMHDMIC- Micr\u00f3fono altamente directivo"},"content":{"rendered":"<h5 class=\"card-title text-center\">DCNM-HDMIC Micr\u00f3fono altamente directivo<\/h5>\n<p class=\"ql-align-justify\"><strong>El micr\u00f3fono altamente directivo de dise\u00f1o innovador, elegante y ergon\u00f3mico ofrece al usuario la posibilidad de ver la sala de reuniones sin obst\u00e1culos.<\/strong>\u00a0El micr\u00f3fono altamente directivo contiene dos c\u00e1psulas colocadas con precisi\u00f3n que proporcionan una respuesta de alto nivel que hace posible hablar a una distancia superior a la normal incluso en ambientes ruidosos. El micr\u00f3fono ofrece bajo nivel de ruido e inmunidad a las interferencias de tel\u00e9fonos m\u00f3viles.<\/p>\n<p class=\"ql-align-justify\"><strong>Funciones b\u00e1sicas<\/strong><\/p>\n<p class=\"ql-align-justify\"><strong>Controles e indicadores<\/strong><\/p>\n<ul>\n<li class=\"ql-align-justify\">Indicador luminoso rojo o verde. Rojo indica que el micr\u00f3fono est\u00e1 activo; verde indica solicitud de intervenci\u00f3n aceptada.<\/li>\n<\/ul>\n<p class=\"ql-align-justify\"><strong>Interconexiones<\/strong><\/p>\n<ul>\n<li class=\"ql-align-justify\">Conector para el micr\u00f3fono.<\/li>\n<\/ul>\n<p class=\"ql-align-justify\"><strong>Certificaciones y aprobaciones<\/strong><\/p>\n<ul>\n<li class=\"ql-align-justify\">Europa CE DECL_CE_DCNM-HDMIC.<\/li>\n<\/ul>\n<p class=\"ql-align-justify\"><strong>Piezas incluidas<\/strong><\/p>\n<ul>\n<li class=\"ql-align-justify\">1 Micr\u00f3fono de alta directividad DCNM\u2011HDMIC DICENTIS.<\/li>\n<\/ul>\n<p class=\"ql-align-justify\"><strong>Nota: DCNM-HDMIC Micr\u00f3fono altamente directivo<\/strong><\/p>\n<p class=\"ql-align-justify\"><strong>Micr\u00f3fono de alta direccionalidad DICENTIS para el sistema de conferencias DICENTIS o el sistema de conferencias inal\u00e1mbrico DICENTIS.<\/strong><\/p>\n<p class=\"ql-align-justify\"><strong>N\u00famero de pedido: DCNM-HDMIC.<\/strong><\/p>\n<p class=\"ql-align-justify\"><strong>Principales caracter\u00edsticas<\/strong><\/p>\n<ul>\n<li class=\"ql-align-justify\">Micr\u00f3fono discreto para comodidad del usuario.<\/li>\n<li class=\"ql-align-justify\">Respuesta altamente directiva.<\/li>\n<li class=\"ql-align-justify\">Inmunidad a tel\u00e9fonos m\u00f3viles.<\/li>\n<li class=\"ql-align-justify\">Ruido ultra bajo.<\/li>\n<li class=\"ql-align-justify\">Libertad de movimientos.<\/li>\n<\/ul>\n<p class=\"ql-align-justify\"><strong>Especificaciones<\/strong><\/p>\n<p class=\"ql-align-justify\"><strong>El\u00e9ctricas<\/strong><\/p>\n<ul>\n<li class=\"ql-align-justify\">Fuente de alimentaci\u00f3n 5 V CC.<\/li>\n<li class=\"ql-align-justify\">Consumo de energ\u00eda 0,1 W.<\/li>\n<li class=\"ql-align-justify\">Ancho de banda 100 Hz &#8211; 15 kHz.<\/li>\n<li class=\"ql-align-justify\">Rango din\u00e1mico &gt;96 dB.<\/li>\n<li class=\"ql-align-justify\">Entrada nominal SPL de 80 dB.<\/li>\n<li class=\"ql-align-justify\">Entrada m\u00e1xima SPL de 110 dB.<\/li>\n<li class=\"ql-align-justify\">Ruido equivalente SPL de 12 dB.<\/li>\n<\/ul>\n<p class=\"ql-align-justify\"><strong>Mec\u00e1nicas<\/strong><\/p>\n<ul>\n<li class=\"ql-align-justify\">Montaje Conexi\u00f3n en cualquier dispositivo DICENTIS.<\/li>\n<li class=\"ql-align-justify\">Dimensiones (Al. x An. x Pr.) 108 x 21,5 x 60 mm (4,25 X 0,85 x 2,36 in).<\/li>\n<li class=\"ql-align-justify\">Peso 0,035 kg (0,077 libras).<\/li>\n<li class=\"ql-align-justify\">Color Negro RAL 9017 y Gris claro perlado RAL 9022.<\/li>\n<\/ul>\n<p class=\"ql-align-justify\"><strong>Medioambientales<\/strong><\/p>\n<ul>\n<li class=\"ql-align-justify\">Temperatura de funcionamiento: De 0 \u00b0C a +45 \u00b0C (de 32 \u00b0F a +113 \u00b0F).<\/li>\n<li class=\"ql-align-justify\">Temperatura de almacenamiento y transporte: De -20 \u00baC a +70 \u00baC (de -4 \u00baF a +158 \u00baF).<\/li>\n<li class=\"ql-align-justify\">Humedad relativa &lt; 95 %, &gt; 5%.<\/li>\n<\/ul>\n<p><img decoding=\"async\" class=\"overview-center-img-web\" src=\"https:\/\/tvc.mx\/media\/32490\/Logoopaginas-oficial-1920x400.png\" alt=\"\" \/><\/p>\n","protected":false},"excerpt":{"rendered":"<p>DCNM-HDMIC Micr\u00f3fono altamente directivo El micr\u00f3fono altamente directivo de dise\u00f1o innovador, elegante y ergon\u00f3mico ofrece al usuario la posibilidad de ver la sala de reuniones sin obst\u00e1culos.\u00a0El micr\u00f3fono altamente directivo contiene dos c\u00e1psulas colocadas con precisi\u00f3n que proporcionan una respuesta de alto nivel que hace&hellip;<\/p>\n","protected":false},"featured_media":6309,"comment_status":"open","ping_status":"closed","template":"","meta":{"om_disable_all_campaigns":false,"_monsterinsights_skip_tracking":false,"_monsterinsights_sitenote_active":false,"_monsterinsights_sitenote_note":"","_monsterinsights_sitenote_category":0},"product_brand":[],"product_cat":[531],"product_tag":[513,514,511,516,519,517,520,515,181,518,512],"class_list":{"0":"post-6310","1":"product","2":"type-product","3":"status-publish","4":"has-post-thumbnail","6":"product_cat-microfonos-audio-y-megafonia","7":"product_tag-altavoces","8":"product_tag-amplificadores","9":"product_tag-audio-y-video","10":"product_tag-audioporteros","11":"product_tag-digital-signage","12":"product_tag-intercomunicadores","13":"product_tag-kits-videoporteros","14":"product_tag-mezcladoras","15":"product_tag-microfonos","16":"product_tag-sistemas-de-enfermeria","17":"product_tag-videoporteros","19":"first","20":"instock","21":"sale","22":"taxable","23":"shipping-taxable","24":"purchasable","25":"product-type-simple"},"aioseo_notices":[],"_links":{"self":[{"href":"https:\/\/tecsecmty.com\/index.php\/wp-json\/wp\/v2\/product\/6310","targetHints":{"allow":["GET"]}}],"collection":[{"href":"https:\/\/tecsecmty.com\/index.php\/wp-json\/wp\/v2\/product"}],"about":[{"href":"https:\/\/tecsecmty.com\/index.php\/wp-json\/wp\/v2\/types\/product"}],"replies":[{"embeddable":true,"href":"https:\/\/tecsecmty.com\/index.php\/wp-json\/wp\/v2\/comments?post=6310"}],"version-history":[{"count":0,"href":"https:\/\/tecsecmty.com\/index.php\/wp-json\/wp\/v2\/product\/6310\/revisions"}],"wp:featuredmedia":[{"embeddable":true,"href":"https:\/\/tecsecmty.com\/index.php\/wp-json\/wp\/v2\/media\/6309"}],"wp:attachment":[{"href":"https:\/\/tecsecmty.com\/index.php\/wp-json\/wp\/v2\/media?parent=6310"}],"wp:term":[{"taxonomy":"product_brand","embeddable":true,"href":"https:\/\/tecsecmty.com\/index.php\/wp-json\/wp\/v2\/product_brand?post=6310"},{"taxonomy":"product_cat","embeddable":true,"href":"https:\/\/tecsecmty.com\/index.php\/wp-json\/wp\/v2\/product_cat?post=6310"},{"taxonomy":"product_tag","embeddable":true,"href":"https:\/\/tecsecmty.com\/index.php\/wp-json\/wp\/v2\/product_tag?post=6310"}],"curies":[{"name":"wp","href":"https:\/\/api.w.org\/{rel}","templated":true}]}}