{"id":6312,"date":"2023-02-23T12:02:56","date_gmt":"2023-02-23T18:02:56","guid":{"rendered":"https:\/\/tecsecmty.com\/index.php\/producto\/bosch-m_dcnmmicl-microfono-de-varilla-larga-para-dicentis\/"},"modified":"2023-03-22T23:21:26","modified_gmt":"2023-03-23T05:21:26","slug":"bosch-m_dcnmmicl-microfono-de-varilla-larga-para-dicentis","status":"publish","type":"product","link":"https:\/\/tecsecmty.com\/index.php\/producto\/bosch-m_dcnmmicl-microfono-de-varilla-larga-para-dicentis\/","title":{"rendered":"BOSCH M_DCNMMICL- MICROFONO DE VARILLA LARGA PARA DICENTIS"},"content":{"rendered":"<h5 class=\"card-title text-center\">DCNM-MICL Micr\u00f3fono de varilla larga<\/h5>\n<p class=\"ql-align-justify\">El nuevo y elegante micr\u00f3fono con dise\u00f1o ergon\u00f3mico y flexo ajustable tiene una respuesta unidireccional para un rendimiento \u00f3ptimo, incluso en ambientes ruidosos o habitaciones que presentan desaf\u00edos ac\u00fasticos. Es inmune a las interferencias de tel\u00e9fonos m\u00f3viles. El micr\u00f3fono de flexo est\u00e1 disponible en dos longitudes para que resulte m\u00e1s f\u00e1cil de usar.<\/p>\n<p class=\"ql-align-justify\"><strong>Funciones b\u00e1sicas<\/strong><\/p>\n<p class=\"ql-align-justify\"><strong>Controles e indicadores<\/strong><\/p>\n<ul>\n<li class=\"ql-align-justify\">Indicador luminoso rojo o verde. Rojo indica que el micr\u00f3fono est\u00e1 activo; verde indica solicitud de intervenci\u00f3n aceptada.<\/li>\n<\/ul>\n<p class=\"ql-align-justify\"><strong>Interconexiones<\/strong><\/p>\n<ul>\n<li class=\"ql-align-justify\">Conector para el micr\u00f3fono.<\/li>\n<\/ul>\n<p class=\"ql-align-justify\"><strong>Nota: DCNM-MICL Micr\u00f3fono de varilla larga<\/strong><\/p>\n<p class=\"ql-align-justify\"><strong>Micr\u00f3fono de varilla larga DICENTIS para el sistema de conferencias DICENTIS o el sistema de conferencias inal\u00e1mbrico DICENTIS.<\/strong><\/p>\n<p class=\"ql-align-justify\"><strong>N\u00famero de pedido: DCNM-MICL.<\/strong><\/p>\n<p class=\"ql-align-justify\"><strong>Principales caracter\u00edsticas<\/strong><\/p>\n<ul>\n<li class=\"ql-align-justify\">Micr\u00f3fono unidireccional sobre varilla flexible.<\/li>\n<li class=\"ql-align-justify\">Protecci\u00f3n contra el viento o corrientes de aire integrada.<\/li>\n<li class=\"ql-align-justify\">Inmunidad a tel\u00e9fonos m\u00f3viles.<\/li>\n<li class=\"ql-align-justify\">Para habitaciones que presentan desaf\u00edos ac\u00fasticos.<\/li>\n<li class=\"ql-align-justify\">Para ubicaciones en las que las personas quieren hablar estando de pie.<\/li>\n<\/ul>\n<p class=\"ql-align-justify\"><strong>Especificaciones<\/strong><\/p>\n<p class=\"ql-align-justify\"><strong>El\u00e9ctricas<\/strong><\/p>\n<ul>\n<li class=\"ql-align-justify\">Fuente de alimentaci\u00f3n 5 V CC.<\/li>\n<li class=\"ql-align-justify\">Consumo de energ\u00eda 0,1 W.<\/li>\n<li class=\"ql-align-justify\">Ancho de banda 125 Hz &#8211; 15 kHz.<\/li>\n<li class=\"ql-align-justify\">Rango din\u00e1mico &gt;100 dB.<\/li>\n<li class=\"ql-align-justify\">Entrada nominal SPL de 85 dB.<\/li>\n<li class=\"ql-align-justify\">Entrada m\u00e1xima SPL de 115 dB.<\/li>\n<li class=\"ql-align-justify\">Ruido equivalente SPL de 15 dB.<\/li>\n<\/ul>\n<p class=\"ql-align-justify\"><strong>Mec\u00e1nicas<\/strong><\/p>\n<p class=\"ql-align-justify\"><strong>Montaje<\/strong><\/p>\n<ul>\n<li class=\"ql-align-justify\">Conecte y sujete el dispositivo DICENTIS y los dispositivos inal\u00e1mbricos DICENTIS. .<\/li>\n<\/ul>\n<p class=\"ql-align-justify\"><strong>Longitud<\/strong><\/p>\n<ul>\n<li class=\"ql-align-justify\">DCNM\u2011MICS (sin conector): 310 mm (12,21 pulg.)<\/li>\n<li class=\"ql-align-justify\">DCNM\u2011MICL (sin conector): 480 mm (19,90 pulg.)<\/li>\n<li class=\"ql-align-justify\">Conector 77,15 x 60,47 mm (3,40 x 2,38 pulg.)<\/li>\n<\/ul>\n<p class=\"ql-align-justify\"><strong>Peso<\/strong><\/p>\n<ul>\n<li class=\"ql-align-justify\">DCNM\u2011MICS: 91 g (0,20 libras)<\/li>\n<li class=\"ql-align-justify\">DCNM\u2011MICL:108 g (0,24 libras)<\/li>\n<\/ul>\n<p class=\"ql-align-justify\"><strong>Color<\/strong><\/p>\n<ul>\n<li class=\"ql-align-justify\">DCNM\u2011MICS \/ DCNM\u2011MICL: Negro RAL 9017 Gris claro perlado RAL 9022.<\/li>\n<\/ul>\n<p class=\"ql-align-justify\"><strong>Medioambientales<\/strong><\/p>\n<ul>\n<li class=\"ql-align-justify\">Temperatura de funcionamiento: De 0 \u00b0C a +45 \u00b0C (de 32 \u00b0F a +113 \u00b0F).<\/li>\n<li class=\"ql-align-justify\">Temperatura de almacenamiento y transporte: De -20 \u00baC a +70 \u00baC (de -4 \u00baF a +158 \u00baF) Humedad relativa: &lt; 95 %, &gt; 5%.<\/li>\n<\/ul>\n<p><img decoding=\"async\" class=\"overview-center-img-web\" src=\"https:\/\/tvc.mx\/media\/31846\/Logoopaginas-oficial-1920x400.png\" alt=\"\" \/><\/p>\n","protected":false},"excerpt":{"rendered":"<p>DCNM-MICL Micr\u00f3fono de varilla larga El nuevo y elegante micr\u00f3fono con dise\u00f1o ergon\u00f3mico y flexo ajustable tiene una respuesta unidireccional para un rendimiento \u00f3ptimo, incluso en ambientes ruidosos o habitaciones que presentan desaf\u00edos ac\u00fasticos. Es inmune a las interferencias de tel\u00e9fonos m\u00f3viles. El micr\u00f3fono de&hellip;<\/p>\n","protected":false},"featured_media":6311,"comment_status":"open","ping_status":"closed","template":"","meta":{"om_disable_all_campaigns":false,"_monsterinsights_skip_tracking":false,"_monsterinsights_sitenote_active":false,"_monsterinsights_sitenote_note":"","_monsterinsights_sitenote_category":0},"product_brand":[],"product_cat":[531],"product_tag":[513,514,511,516,519,517,520,515,181,518,512],"class_list":{"0":"post-6312","1":"product","2":"type-product","3":"status-publish","4":"has-post-thumbnail","6":"product_cat-microfonos-audio-y-megafonia","7":"product_tag-altavoces","8":"product_tag-amplificadores","9":"product_tag-audio-y-video","10":"product_tag-audioporteros","11":"product_tag-digital-signage","12":"product_tag-intercomunicadores","13":"product_tag-kits-videoporteros","14":"product_tag-mezcladoras","15":"product_tag-microfonos","16":"product_tag-sistemas-de-enfermeria","17":"product_tag-videoporteros","19":"first","20":"instock","21":"sale","22":"taxable","23":"shipping-taxable","24":"purchasable","25":"product-type-simple"},"aioseo_notices":[],"_links":{"self":[{"href":"https:\/\/tecsecmty.com\/index.php\/wp-json\/wp\/v2\/product\/6312","targetHints":{"allow":["GET"]}}],"collection":[{"href":"https:\/\/tecsecmty.com\/index.php\/wp-json\/wp\/v2\/product"}],"about":[{"href":"https:\/\/tecsecmty.com\/index.php\/wp-json\/wp\/v2\/types\/product"}],"replies":[{"embeddable":true,"href":"https:\/\/tecsecmty.com\/index.php\/wp-json\/wp\/v2\/comments?post=6312"}],"version-history":[{"count":0,"href":"https:\/\/tecsecmty.com\/index.php\/wp-json\/wp\/v2\/product\/6312\/revisions"}],"wp:featuredmedia":[{"embeddable":true,"href":"https:\/\/tecsecmty.com\/index.php\/wp-json\/wp\/v2\/media\/6311"}],"wp:attachment":[{"href":"https:\/\/tecsecmty.com\/index.php\/wp-json\/wp\/v2\/media?parent=6312"}],"wp:term":[{"taxonomy":"product_brand","embeddable":true,"href":"https:\/\/tecsecmty.com\/index.php\/wp-json\/wp\/v2\/product_brand?post=6312"},{"taxonomy":"product_cat","embeddable":true,"href":"https:\/\/tecsecmty.com\/index.php\/wp-json\/wp\/v2\/product_cat?post=6312"},{"taxonomy":"product_tag","embeddable":true,"href":"https:\/\/tecsecmty.com\/index.php\/wp-json\/wp\/v2\/product_tag?post=6312"}],"curies":[{"name":"wp","href":"https:\/\/api.w.org\/{rel}","templated":true}]}}