{"id":6314,"date":"2023-02-23T12:02:58","date_gmt":"2023-02-23T18:02:58","guid":{"rendered":"https:\/\/tecsecmty.com\/index.php\/producto\/bosch-m_dcnmmmd2-dispositivo-multimedia-dicentis-pantalla-tactil-capacitiva-7-lector-de-tarjetas-nfc\/"},"modified":"2023-03-22T23:21:26","modified_gmt":"2023-03-23T05:21:26","slug":"bosch-m_dcnmmmd2-dispositivo-multimedia-dicentis-pantalla-tactil-capacitiva-7-lector-de-tarjetas-nfc","status":"publish","type":"product","link":"https:\/\/tecsecmty.com\/index.php\/producto\/bosch-m_dcnmmmd2-dispositivo-multimedia-dicentis-pantalla-tactil-capacitiva-7-lector-de-tarjetas-nfc\/","title":{"rendered":"BOSCH M_DCNMMMD2- Dispositivo multimedia DICENTIS\/ Pantalla Tact\u00edl capacitiva 7&#8243;\/ Lector de tarjetas NFC"},"content":{"rendered":"<div class=\"row aling-items-center padding-bottom-2x\">\n<div class=\"col-lg-12\">\n<h5 class=\"card-title text-center\">DCNMMMD2- Dispositivo multimedia DICENTIS\/ Pantalla Tact\u00edl capacitiva 7&#8243;\/ Lector de tarjetas NFC<\/h5>\n<p><strong>DCNM-MMD2 Dispositivo multimedia<\/strong><\/p>\n<p>Unidad de conferencias multimedia con pantalla t\u00e1ctil capacitiva y lector de proximidad (NFC, Near Field Communication) sin contacto. El micr\u00f3fono y el cable se piden por separado.<\/p>\n<p>La unidad DICENTIS Multimedia es fundamental para plenos locales y parlamentos regionales, pero tambi\u00e9n resulta ideal cuando se necesita contenido multimedia. Se conecta f\u00e1cilmente al sistema de conferencias DICENTIS y se desconecta del mismo con la misma facilidad mediante el cableado de red del sistema. Los conectores se encuentran en la parte inferior de la unidad para garantizar una instalaci\u00f3n del sistema ordenada y limpia. Las unidades pueden montarse en sobremesa libres o fijarlas a la mesa con los tornillos de sujeci\u00f3n.<\/p>\n<p>Para combinar seguridad y facilidad de uso, el dispositivo admite la identificaci\u00f3n mediante el uso de un lector de comunicaci\u00f3n por proximidad (NFC).<\/p>\n<p>La unidad DICENTIS Multimedia se puede configurar de forma remota como asiento de presidente o de delegado y dispone de una funci\u00f3n de apagado remoto para ahorrar energ\u00eda. Su calidad de audio es perfecta y dispone de un micr\u00f3fono conectable que se pide por separado.<\/p>\n<p>Las unidades multimedia pueden conectarse en bucle o cadena o, de manera opcional, en una configuraci\u00f3n en estrella donde cada unidad se conecta a un switch compatible con PoE (Power over Ethernet, alimentaci\u00f3n por Ethernet) a trav\u00e9s de un cable individual est\u00e1ndar CAT-5e (o superior)<\/p>\n<p><img decoding=\"async\" class=\"overview-center-img-web\" src=\"https:\/\/tvc.mx\/media\/648642\/encabezado-1920x400.png\" alt=\"\" \/><\/div>\n<\/div>\n<div class=\"row align-items-center padding-bottom-2x\">\n<div class=\"col-md-5\"><img decoding=\"async\" class=\"d-block m-auto img-thumbnail\" src=\"https:\/\/tvc.mx\/media\/648672\/400x300-logo.png\" alt=\" \" \/><\/div>\n<div class=\"col-md-7 text-md-left text-center\">\n<h2>Caracter\u00edsticas<\/h2>\n<p class=\"text-muted\">\n<ul>\n<li>Pantalla t\u00e1ctil capacitiva de 7&#8243; para v\u00eddeo, contenido de reuniones y acceso a Internet<\/li>\n<li>Lector de tarjetas de proximidad (NFC, Near Field Communication) sin contacto<\/li>\n<li>Micr\u00f3fono conectable discreto<\/li>\n<li>Altavoz de dos v\u00edas integrado<\/li>\n<li>Funciones adicionales a trav\u00e9s de licencias de software y aplicaciones personalizadas o de terceros<\/li>\n<\/ul>\n<p>&nbsp;<\/p>\n<\/div>\n<\/div>\n<hr class=\"padding-bottom-2x\" \/>\n<div class=\"row aling-items-center padding-bottom-2x\">\n<div class=\"col-lg-12\">\n<h5 class=\"card-title text-center\">Funciones<\/h5>\n<p><strong>Controles e indicadores<\/strong><\/p>\n<ul>\n<li>Pantalla gr\u00e1fica t\u00e1ctil capacitiva de 7&#8243; a todo color que incluye:<\/li>\n<li>\u2013 Agenda y navegaci\u00f3n por los datos de la reuni\u00f3n.<\/li>\n<li>\u2013 Navegaci\u00f3n por Internet.<\/li>\n<li>\u2013 El logotipo del cliente puede mostrarse en la pantalla de inicio de sesi\u00f3n y en la pantalla de inicio.<\/li>\n<li>\u2013 V\u00eddeo en directo (por ejemplo, el orador actual).<\/li>\n<li>\u2013 Gesti\u00f3n de reuniones por el presidente.<\/li>\n<li>\u2013 Control de volumen de los auriculares.<\/li>\n<li>\u2013 Posibilidad de a\u00f1adir aplicaciones de Android de terceros.<\/li>\n<li>\u2013 La funcionalidad se puede aumentar a\u00f1adiendo software.<\/li>\n<li>Recuperaci\u00f3n de documentos:<\/li>\n<li>\u2013 MS Word (.doc, .docx).<\/li>\n<li>\u2013 Excel (.xls, .xlsx).<\/li>\n<li>\u2013 PowerPoint (.ppt, .pptx, .pps, .ppsx).<\/li>\n<li>\u2013 Formato PDF (Portable Document Format, .pdf).<\/li>\n<li>\u2013 Formato de texto enriquecido (.rtf).<\/li>\n<li>\u2013 Texto sin formato (.txt).<\/li>\n<li>C\u00f3decs de imagen:<\/li>\n<li>\u2013 .jpg.<\/li>\n<li>\u2013 .gif.<\/li>\n<li>\u2013 .png.<\/li>\n<li>\u2013 .bmp.<\/li>\n<li>\u2013 .webp<\/li>\n<li>C\u00f3decs de audio:<\/li>\n<li>\u2013 AAC (.3gp, .mp4, .m4a).<\/li>\n<li>\u2013 Flac (.flac).<\/li>\n<li>\u2013 Mp3 (.mp3).<\/li>\n<li>\u2013 Vorbis (.ogg).<\/li>\n<li>\u2013 PCM (.wav).<\/li>\n<li>C\u00f3decs de v\u00eddeo:<\/li>\n<li>\u2013 H263 (.3gp, .mp4).<\/li>\n<li>\u2013 H264 (.3gp, .mp4).<\/li>\n<li>\u2013 MPEG4 (.3gp).<\/li>\n<li>\u2013 vp8 (.webm).<\/li>\n<li>Micr\u00f3fono conectable.<\/li>\n<li>C\u00e1mara de 3 megap\u00edxeles integrada para un uso futuro.<\/li>\n<li>Altavoz de dos v\u00edas integrado.<\/li>\n<li>Bot\u00f3n de encendido\/apagado del micr\u00f3fono o bot\u00f3n de solicitud de palabra.<\/li>\n<li>Bot\u00f3n de silencio de micr\u00f3fonos o prioridad para el presidente.<\/li>\n<li>Indicadores que muestran: estado del micr\u00f3fono, solicitud de palabra y posibilidad de hablar.<\/li>\n<li>Sistema de altavoces de dos v\u00edas.<\/li>\n<li>Lector de tarjetas de proximidad (NFC, Near Field Communication) sin contacto<\/li>\n<\/ul>\n<p><strong>Interconexiones<\/strong><\/p>\n<ul>\n<li>Toma para micr\u00f3fono conectable.<\/li>\n<li>2 conexiones RJ45 compatibles para alimentaci\u00f3n y comunicaci\u00f3n del sistema.<\/li>\n<li>Clavija est\u00e9reo de 3,5 mm para auriculares, micr\u00f3fono externo o microauricular.<\/li>\n<li>Plug-and-play en caliente.<\/li>\n<li>Preparado para acoplar una tarjeta identificativa magn\u00e9tica.<\/li>\n<\/ul>\n<p><img decoding=\"async\" class=\"overview-center-img-web\" src=\"https:\/\/tvc.mx\/media\/648682\/encabezado-1920x400.png\" alt=\"\" \/><\/div>\n<\/div>\n<div class=\"row align-items-center padding-bottom-2x\">\n<div class=\"col-md-5\"><img decoding=\"async\" class=\"d-block m-auto img-thumbnail\" src=\"https:\/\/tvc.mx\/media\/648707\/400x300-certificaciones.png\" alt=\" \" \/><\/div>\n<div class=\"col-md-7 text-md-left text-center\">\n<h2>Certificaciones y aprobaciones<\/h2>\n<p class=\"text-muted\">\n<p>Certificaciones y aprobaciones<\/p>\n<p>&nbsp;<\/p>\n<\/div>\n<\/div>\n<hr class=\"padding-bottom-2x\" \/>\n<div class=\"row align-items-center padding-bottom-2x\">\n<div class=\"col-md-5 order-md-2\"><img decoding=\"async\" class=\"d-block m-auto img-thumbnail\" src=\"https:\/\/tvc.mx\/media\/648712\/400x300-piezas.png\" alt=\" \" \/><\/div>\n<div class=\"col-md-7 order-md-1 text-md-left text-center\">\n<h2>Piezas incluidas<\/h2>\n<p class=\"text-muted\">\n<p>Piezas incluidas<\/p>\n<p>&nbsp;<\/p>\n<\/div>\n<\/div>\n<hr class=\"padding-bottom-2x\" \/>\n<div class=\"row aling-items-center padding-bottom-2x\">\n<div class=\"col-lg-12\">\n<h5 class=\"card-title text-center\">Especificaciones clave<\/h5>\n<p><strong>Color:<\/strong>\u00a0Negro<\/p>\n<p><strong>Consumo de energ\u00eda (W):\u00a0<\/strong>12 W<\/p>\n<p><strong>Dimensiones (Alto x Ancho x Fondo) (in):<\/strong>\u00a02.95 x 12.28 x 6.89 in<\/p>\n<p><strong>Dimensiones (Alto x Ancho x Fondo) (mm):<\/strong>\u00a075 x 312 x 175 mm<\/p>\n<p><strong>Dimensiones (Alto.x Ancho.x Fondo) (cm):<\/strong>\u00a07.50 x 31.20 x 17.50 cm<\/p>\n<p><strong>Humedad relativa de funcionamiento, sin condensaci\u00f3n (%):<\/strong>\u00a05 \u2013 90 %<\/p>\n<p><strong>Nivel de salida ac\u00fastica nominal (dBSPL):<\/strong>\u00a072 dB SPL<\/p>\n<p><strong>Peso (g):\u00a0<\/strong>1850 g<\/p>\n<p><strong>Peso (lb):<\/strong>\u00a04.0780 lb<\/p>\n<p><strong>Relaci\u00f3n se\u00f1al-ruido (&gt; valor declarado) (dB):\u00a0<\/strong>66 dB<\/p>\n<p><strong>Respuesta en frecuencias (Hz):<\/strong>\u00a0100 \u2013 20000 Hz<\/p>\n<p><strong>Temperatura de almacenamiento (\u00b0C):<\/strong>\u00a0-20 \u2013 60 \u00b0C<\/p>\n<p><strong>Temperatura de almacenamiento (\u00b0F):<\/strong>\u00a0-4 \u2013 140 \u00b0F<\/p>\n<p><strong>Temperatura de funcionamiento (\u00b0C):<\/strong>\u00a00 \u2013 35 \u00b0C<\/p>\n<p><strong>Temperatura de funcionamiento (\u00b0F):<\/strong>\u00a032 \u2013 113 \u00b0F<\/p>\n<p><strong>Tipo de montaje:<\/strong>\u00a0Sobremesa<\/p>\n<p><strong>DCNM-MMD2 Dispositivo multimedia<\/strong><\/p>\n<p>Unidad de conferencias multimedia con pantalla t\u00e1ctil capacitiva y lector de proximidad (NFC, Near Field Communication) sin contacto. El micr\u00f3fono y el cable se piden por separado.<\/p>\n<p><img decoding=\"async\" class=\"overview-center-img-web\" src=\"https:\/\/tvc.mx\/media\/648717\/encabezado-1920x400.png\" alt=\"\" \/><\/div>\n<\/div>\n","protected":false},"excerpt":{"rendered":"<p>DCNMMMD2- Dispositivo multimedia DICENTIS\/ Pantalla Tact\u00edl capacitiva 7&#8243;\/ Lector de tarjetas NFC DCNM-MMD2 Dispositivo multimedia Unidad de conferencias multimedia con pantalla t\u00e1ctil capacitiva y lector de proximidad (NFC, Near Field Communication) sin contacto. El micr\u00f3fono y el cable se piden por separado. La unidad DICENTIS&hellip;<\/p>\n","protected":false},"featured_media":6313,"comment_status":"open","ping_status":"closed","template":"","meta":{"om_disable_all_campaigns":false,"_monsterinsights_skip_tracking":false,"_monsterinsights_sitenote_active":false,"_monsterinsights_sitenote_note":"","_monsterinsights_sitenote_category":0},"product_brand":[],"product_cat":[531],"product_tag":[513,514,511,516,519,517,520,515,181,518,512],"class_list":{"0":"post-6314","1":"product","2":"type-product","3":"status-publish","4":"has-post-thumbnail","6":"product_cat-microfonos-audio-y-megafonia","7":"product_tag-altavoces","8":"product_tag-amplificadores","9":"product_tag-audio-y-video","10":"product_tag-audioporteros","11":"product_tag-digital-signage","12":"product_tag-intercomunicadores","13":"product_tag-kits-videoporteros","14":"product_tag-mezcladoras","15":"product_tag-microfonos","16":"product_tag-sistemas-de-enfermeria","17":"product_tag-videoporteros","19":"first","20":"instock","21":"sale","22":"taxable","23":"shipping-taxable","24":"purchasable","25":"product-type-simple"},"aioseo_notices":[],"_links":{"self":[{"href":"https:\/\/tecsecmty.com\/index.php\/wp-json\/wp\/v2\/product\/6314","targetHints":{"allow":["GET"]}}],"collection":[{"href":"https:\/\/tecsecmty.com\/index.php\/wp-json\/wp\/v2\/product"}],"about":[{"href":"https:\/\/tecsecmty.com\/index.php\/wp-json\/wp\/v2\/types\/product"}],"replies":[{"embeddable":true,"href":"https:\/\/tecsecmty.com\/index.php\/wp-json\/wp\/v2\/comments?post=6314"}],"version-history":[{"count":0,"href":"https:\/\/tecsecmty.com\/index.php\/wp-json\/wp\/v2\/product\/6314\/revisions"}],"wp:featuredmedia":[{"embeddable":true,"href":"https:\/\/tecsecmty.com\/index.php\/wp-json\/wp\/v2\/media\/6313"}],"wp:attachment":[{"href":"https:\/\/tecsecmty.com\/index.php\/wp-json\/wp\/v2\/media?parent=6314"}],"wp:term":[{"taxonomy":"product_brand","embeddable":true,"href":"https:\/\/tecsecmty.com\/index.php\/wp-json\/wp\/v2\/product_brand?post=6314"},{"taxonomy":"product_cat","embeddable":true,"href":"https:\/\/tecsecmty.com\/index.php\/wp-json\/wp\/v2\/product_cat?post=6314"},{"taxonomy":"product_tag","embeddable":true,"href":"https:\/\/tecsecmty.com\/index.php\/wp-json\/wp\/v2\/product_tag?post=6314"}],"curies":[{"name":"wp","href":"https:\/\/api.w.org\/{rel}","templated":true}]}}