{"id":6316,"date":"2023-02-23T12:03:00","date_gmt":"2023-02-23T18:03:00","guid":{"rendered":"https:\/\/tecsecmty.com\/index.php\/producto\/bosch-m_dcnmwde-aparato-debate-inalambrico-pantalla-tactil\/"},"modified":"2023-03-22T23:21:26","modified_gmt":"2023-03-23T05:21:26","slug":"bosch-m_dcnmwde-aparato-debate-inalambrico-pantalla-tactil","status":"publish","type":"product","link":"https:\/\/tecsecmty.com\/index.php\/producto\/bosch-m_dcnmwde-aparato-debate-inalambrico-pantalla-tactil\/","title":{"rendered":"BOSCH M_DCNMWDE- Aparato debate inal\u00e1mbrico pantalla t\u00e1ctil"},"content":{"rendered":"<h5 class=\"card-title text-center\">DCNM-WDE Aparato debate inal\u00e1mb. pantalla t\u00e1ctil<\/h5>\n<p><strong>El Unidad inal\u00e1mbrica ampliada (DCNM\u2011WDE) del Sistema de conferencias inal\u00e1mbrico DICENTIS permite a los participantes hablar, registrar una petici\u00f3n de palabra y escuchar al orador durante una reuni\u00f3n.<\/strong>\u00a0El Unidad inal\u00e1mbrica ampliada (DCNM\u2011WDE) permite una eficiencia mayor en las reuniones gracias a su pantalla t\u00e1ctil capacitiva de 4,3 pulgadas y el lector de proximidad (NFC) para identificar a los usuarios.<\/p>\n<p>El dispositivo puede configurarse f\u00e1cilmente como Unidad inal\u00e1mbrica ampliada de uso individual, uso dual o presidente mediante la navegador web del Punto de acceso inal\u00e1mbrico (DCNM\u2011WAP).<\/p>\n<p><strong>Funciones b\u00e1sicas<\/strong><\/p>\n<p><strong>General<\/strong><\/p>\n<ul>\n<li>Los Dispositivos inal\u00e1mbricos se conectan al DCNM\u2011WAP.<\/li>\n<li>El uso \u00fanico, uso dual o presidente se pueden configurar mediante la navegador web.<\/li>\n<li>Bot\u00f3n para silenciar el audio.<\/li>\n<li>Funciona en las siguientes bandas (sin licencia): \u2013 2,4 GHz. \u2013 5 GHz (UNII\u20111, UNII\u20112, UNII\u20112 ampliado y UNII\u20113).<\/li>\n<li>Pantalla t\u00e1ctil capacitiva de 4,3 pulgadas para mostrar: \u2013 Logotipo personalizado. \u2013 Selecci\u00f3n de entre varios idiomas en el interfaz de usuario y en caracteres originales. \u2013 Lista de oradores. \u2013 Lista de peticiones.<\/li>\n<li>Lector de proximidad (NFC) integrado.<\/li>\n<li>Funciones adicionales mediante m\u00f3dulos de software: \u2013 Funcionalidad de identificaci\u00f3n. \u2013 Votaci\u00f3n. \u2013 Uso dual.<\/li>\n<\/ul>\n<p><strong>Inteligibilidad de la palabra<\/strong><\/p>\n<ul>\n<li>Se garantiza en todo momento la m\u00e1xima inteligibilidad de la palabra.<\/li>\n<li>El Unidad inal\u00e1mbrica ampliada se conecta al DCNM\u2011WAP.<\/li>\n<li>El Unidad inal\u00e1mbrica ampliada genera un sonido totalmente n\u00edtido gracias a una relaci\u00f3n se\u00f1al\/ruido muy elevada y una selecci\u00f3n inteligente de frecuencias.<\/li>\n<li>El altavoz y el micr\u00f3fono pueden estar activos a la vez da una experiencia de debate como cara a cara. Para evitar el acoplamiento ac\u00fastico, hay un supresor de retroalimentaci\u00f3n integrado.<\/li>\n<\/ul>\n<p><strong>Sin interferencias<\/strong><\/p>\n<ul>\n<li>Basado en Wi-Fi est\u00e1ndar.<\/li>\n<li>Cambio autom\u00e1tico perfecto de canal de frecuencia.<\/li>\n<li>Prueba de alcance del \u00e1rea de cobertura Wi-Fi.<\/li>\n<li>Ocultaci\u00f3n de p\u00e9rdida de paquetes.<\/li>\n<\/ul>\n<p><strong>Seguridad<\/strong><\/p>\n<ul>\n<li>El Sistema de conferencias inal\u00e1mbrico DICENTIS y los Unidad inal\u00e1mbrica ampliada disponen de conectividad segura mediante WPA2 para evitar las escuchas y el acceso no autorizados.<\/li>\n<li>La encriptaci\u00f3n garantiza la confidencialidad de la informaci\u00f3n del sistema.<\/li>\n<\/ul>\n<p><strong>Micr\u00f3fonos<\/strong><\/p>\n<ul>\n<li>Se incorpora un conector para conectar el micr\u00f3fono (DCNM-HDMIC, DCNM-MICS o DCNM-MICL).<\/li>\n<\/ul>\n<p><strong>Auriculares y altavoces<\/strong><\/p>\n<ul>\n<li>El Unidad inal\u00e1mbrica ampliada admite dos conexiones de auriculares y controles (en los lados derecho e izquierdo) para que el orador se pueda o\u00edr con claridad incluso con mucho ruido de fondo.<\/li>\n<\/ul>\n<p><strong>Mantenimiento de las bater\u00edas<\/strong><\/p>\n<ul>\n<li>Paquete de bater\u00edas recargable (DCNM\u2011WLIION).<\/li>\n<li>El Paquete de bater\u00edas de ion-litio se puede quitar y sustituir en cuesti\u00f3n de segundos y proporciona la m\u00e1xima flexibilidad al programar las recargas.<\/li>\n<li>Gesti\u00f3n y control de bater\u00eda inteligente a trav\u00e9s de la navegador web (estado de bater\u00eda y tiempo de uso).<\/li>\n<\/ul>\n<p><strong>Controles e indicadores<\/strong><\/p>\n<p><strong>En el lado superior:<\/strong><\/p>\n<ul>\n<li>Visor con pantalla t\u00e1ctil capacitiva de 4,3 pulgadas.<\/li>\n<li>Micr\u00f3fono con un indicador Rojo indica que el micr\u00f3fono est\u00e1 activo y Verde indica que se ha aceptado la petici\u00f3n de palabra.<\/li>\n<\/ul>\n<p><strong>Indicadores LED en el dispositivo que muestran lo siguiente:<\/strong><\/p>\n<ul>\n<li>Micr\u00f3fono encendido: Rojo.<\/li>\n<li>Posibilidad de hablar: Blanco.<\/li>\n<li>Prioridad: Blanco (solo presidente).<\/li>\n<li>Solicitud para hablar: Verde.<\/li>\n<li>En los lados izquierdo y derecho estan Controles giratorios del volumen de los auriculares.<\/li>\n<\/ul>\n<p><strong>En el lado posterior:<\/strong><\/p>\n<ul>\n<li>Indicador LED amarillo de fuera de cobertura del Punto de acceso inal\u00e1mbrico.<\/li>\n<li>Indicador LED rojo de bater\u00eda baja.<\/li>\n<\/ul>\n<p><strong>Debajo de la base:<\/strong><\/p>\n<ul>\n<li>Empotrado, interruptor de inicializaci\u00f3n (\u00abDe\u2011init\u00bb) para desconectar el Unidad inal\u00e1mbrica conectado con el Punto de acceso inal\u00e1mbrico (DCNM\u2011WAP).<\/li>\n<\/ul>\n<p><strong>Interconexiones<\/strong><\/p>\n<ul>\n<li>Toma para micr\u00f3fono conectable.<\/li>\n<li>Dos enchufes de 3,5 mm para auriculares de tipo jack est\u00e9reo.<\/li>\n<\/ul>\n<p><strong>Certificaciones y aprobaciones<\/strong><\/p>\n<ul>\n<li>UE CE.<\/li>\n<li>EE.UU. FCC.<\/li>\n<li>CA ISED<\/li>\n<li>RCM, MEPS, (NZ: GURL) KC<\/li>\n<li>AU\/NZ RCM.<\/li>\n<li>RU\/KZ\/BY EAC.<\/li>\n<li>JP MIC.<\/li>\n<li>CN Directiva RoHS de China, CMIIT.<\/li>\n<li>SA SASO, CITC.<\/li>\n<li>BR ANATEL.<\/li>\n<\/ul>\n<p><strong>Piezas incluidas<\/strong><\/p>\n<ul>\n<li>1 DCNM\u2011WDE Unidad inal\u00e1mbrica.<\/li>\n<\/ul>\n<p><strong>Nota: DCNM-WDE Aparato debate inal\u00e1mb. pantalla t\u00e1ctil<\/strong><\/p>\n<p><strong>Dispositivo inal\u00e1mbrico DICENTIS ampliado con pantalla t\u00e1ctil de 4,3 pulgadas, lector de proximidad NFC. El micr\u00f3fono conectable y el paquete de bater\u00edas se deben pedir por separado. N\u00famero de pedido: DCNM-WDE.<\/strong><\/p>\n<p><strong>Principales caracter\u00edsticas<\/strong><\/p>\n<ul>\n<li>Pantalla t\u00e1ctil capacitiva de 4,3 pulgadas y lector NFC integrado para un reconocimiento r\u00e1pido de los participantes.<\/li>\n<li>Opci\u00f3n de visualizar un logotipo personalizado en la pantalla t\u00e1ctil.<\/li>\n<li>Paquete de bater\u00edas desmontable, f\u00e1cil de cambiar y cargar.<\/li>\n<li>Configurable como participante, uso dual o presidente Unidad inal\u00e1mbrica ampliada mediante la navegador web.<\/li>\n<li>La funcionalidad se puede ampliar mediante m\u00f3dulos de software sin necesidad de modificar el hardware.<\/li>\n<\/ul>\n<p><strong>Especificaciones<\/strong><\/p>\n<p><strong>El\u00e9ctricas<\/strong><\/p>\n<ul>\n<li>Tensi\u00f3n de alimentaci\u00f3n (paquete de bater\u00edas) 7,5 VCC.<\/li>\n<li>Consumo de energ\u00eda 4,5 W.<\/li>\n<li>Tiempo de funcionamiento DCNM\u2011WDE &gt; 20 horas (20 % de habla, 80 % de escucha).<\/li>\n<li>Respuesta en frecuencia: De 100 Hz a 20 kHz) (-3 dB en el nivel nominal).<\/li>\n<li>Distorsi\u00f3n arm\u00f3nica total a nivel nominal &lt; 0,1 %.<\/li>\n<li>Rango din\u00e1mico &gt; 90 dB.<\/li>\n<li>Relaci\u00f3n se\u00f1al\/ruido &gt; 90 dB 2.<\/li>\n<li>Impedancia de carga de los auriculares &gt; 32 ohmios &lt; 1 kohm.<\/li>\n<li>Alimentaci\u00f3n de salida de los auriculares 15 mW\u00a0.<\/li>\n<\/ul>\n<p><strong>Radio<\/strong><\/p>\n<ul>\n<li>WiFi est\u00e1ndar IEEE 802.11n.<\/li>\n<li>Rango de frecuencia 2,4 GHz y 5 GHz (ISM sin licencia).<\/li>\n<\/ul>\n<p><strong>Entradas de audio<\/strong><\/p>\n<ul>\n<li>Entrada nominal del micr\u00f3fono NPA de 80 dB conforme a IEC 60914.<\/li>\n<li>Entrada m\u00e1xima del micr\u00f3fono NPA de 110 dB conforme a IEC 60914.<\/li>\n<\/ul>\n<p><strong>Salidas de audio<\/strong><\/p>\n<ul>\n<li>Salida nominal del altavoz NPA de 72 dB a 0,5 m.<\/li>\n<li>Salida m\u00e1xima del altavoz NPA de 80 dB.<\/li>\n<li>Salida nominal de los auriculares 0 dBV.<\/li>\n<li>Salida m\u00e1xima de los auriculares 3 dBV.<\/li>\n<\/ul>\n<p><strong>General<\/strong><\/p>\n<ul>\n<li>Tama\u00f1o de la pantalla (solo DCNM\u2011WDE) 4,3 pulgadas.<\/li>\n<li>Tipo de pantalla (solo DCNM\u2011WDE) :Multit\u00e1ctil capacitiva.<\/li>\n<li>Soporta dispositivos compatibles de proximidad NFC sin contacto (s\u00f3lo DCNM\u2011WDE) Cumple la norma ISO\/IEC 14443 tipo A (de 106 kbps a 848 kbps. MIFARE 106 kbps).<\/li>\n<\/ul>\n<p><strong>Mec\u00e1nicas<\/strong><\/p>\n<ul>\n<li>Montaje Sobremesa.<\/li>\n<li>Dimensiones (al x an x pr) sin micr\u00f3fono 72 x 259 x139 mm (2,8 x 10,2 x 5,5 pulg.)<\/li>\n<li>Peso: DCNM\u2011WDE DCNM\u2011WDE + Paquete de bater\u00edas 670 g (1,47 libras) 1131 g (2,49 libras).<\/li>\n<li>Color (parte superior y base) Negro tr\u00e1fico (RAL 9017).<\/li>\n<\/ul>\n<p><strong>Medioambientales<\/strong><\/p>\n<ul>\n<li>Temperatura de funcionamiento: De 5 \u00b0C a +45 \u00b0C (de 41 \u00b0F a +113 \u00b0F).<\/li>\n<li>Temperatura de almacenamiento y transporte: De -20 \u00baC a +70 \u00baC (de -4 \u00baF a +158 \u00baF).<\/li>\n<li>Humedad relativa &lt; 95 %, &gt; 5 %.<\/li>\n<\/ul>\n<p><img decoding=\"async\" class=\"overview-center-img-web\" src=\"https:\/\/tvc.mx\/media\/32466\/Logoopaginas-oficial-1920x400.png\" alt=\"\" \/><\/p>\n","protected":false},"excerpt":{"rendered":"<p>DCNM-WDE Aparato debate inal\u00e1mb. pantalla t\u00e1ctil El Unidad inal\u00e1mbrica ampliada (DCNM\u2011WDE) del Sistema de conferencias inal\u00e1mbrico DICENTIS permite a los participantes hablar, registrar una petici\u00f3n de palabra y escuchar al orador durante una reuni\u00f3n.\u00a0El Unidad inal\u00e1mbrica ampliada (DCNM\u2011WDE) permite una eficiencia mayor en las reuniones&hellip;<\/p>\n","protected":false},"featured_media":6315,"comment_status":"open","ping_status":"closed","template":"","meta":{"om_disable_all_campaigns":false,"_monsterinsights_skip_tracking":false,"_monsterinsights_sitenote_active":false,"_monsterinsights_sitenote_note":"","_monsterinsights_sitenote_category":0},"product_brand":[],"product_cat":[531],"product_tag":[513,514,511,516,519,517,520,515,181,518,512],"class_list":{"0":"post-6316","1":"product","2":"type-product","3":"status-publish","4":"has-post-thumbnail","6":"product_cat-microfonos-audio-y-megafonia","7":"product_tag-altavoces","8":"product_tag-amplificadores","9":"product_tag-audio-y-video","10":"product_tag-audioporteros","11":"product_tag-digital-signage","12":"product_tag-intercomunicadores","13":"product_tag-kits-videoporteros","14":"product_tag-mezcladoras","15":"product_tag-microfonos","16":"product_tag-sistemas-de-enfermeria","17":"product_tag-videoporteros","19":"first","20":"instock","21":"sale","22":"taxable","23":"shipping-taxable","24":"purchasable","25":"product-type-simple"},"aioseo_notices":[],"_links":{"self":[{"href":"https:\/\/tecsecmty.com\/index.php\/wp-json\/wp\/v2\/product\/6316","targetHints":{"allow":["GET"]}}],"collection":[{"href":"https:\/\/tecsecmty.com\/index.php\/wp-json\/wp\/v2\/product"}],"about":[{"href":"https:\/\/tecsecmty.com\/index.php\/wp-json\/wp\/v2\/types\/product"}],"replies":[{"embeddable":true,"href":"https:\/\/tecsecmty.com\/index.php\/wp-json\/wp\/v2\/comments?post=6316"}],"version-history":[{"count":0,"href":"https:\/\/tecsecmty.com\/index.php\/wp-json\/wp\/v2\/product\/6316\/revisions"}],"wp:featuredmedia":[{"embeddable":true,"href":"https:\/\/tecsecmty.com\/index.php\/wp-json\/wp\/v2\/media\/6315"}],"wp:attachment":[{"href":"https:\/\/tecsecmty.com\/index.php\/wp-json\/wp\/v2\/media?parent=6316"}],"wp:term":[{"taxonomy":"product_brand","embeddable":true,"href":"https:\/\/tecsecmty.com\/index.php\/wp-json\/wp\/v2\/product_brand?post=6316"},{"taxonomy":"product_cat","embeddable":true,"href":"https:\/\/tecsecmty.com\/index.php\/wp-json\/wp\/v2\/product_cat?post=6316"},{"taxonomy":"product_tag","embeddable":true,"href":"https:\/\/tecsecmty.com\/index.php\/wp-json\/wp\/v2\/product_tag?post=6316"}],"curies":[{"name":"wp","href":"https:\/\/api.w.org\/{rel}","templated":true}]}}