{"id":6318,"date":"2023-02-23T12:03:03","date_gmt":"2023-02-23T18:03:03","guid":{"rendered":"https:\/\/tecsecmty.com\/index.php\/producto\/bosch-m_lbb195600-estacion-de-llamada-de-alarma-por-voz-plena-teclas-de-seleccion-para-6-zonas\/"},"modified":"2023-03-22T23:21:28","modified_gmt":"2023-03-23T05:21:28","slug":"bosch-m_lbb195600-estacion-de-llamada-de-alarma-por-voz-plena-teclas-de-seleccion-para-6-zonas","status":"publish","type":"product","link":"https:\/\/tecsecmty.com\/index.php\/producto\/bosch-m_lbb195600-estacion-de-llamada-de-alarma-por-voz-plena-teclas-de-seleccion-para-6-zonas\/","title":{"rendered":"BOSCH M_LBB195600 &#8211; Estacion de llamada de alarma por voz plena \/ Teclas de seleccion para 6 zonas"},"content":{"rendered":"<div class=\"row aling-items-center padding-bottom-2x\">\n<div class=\"col-lg-12\">\n<h5 class=\"card-title text-center\">LBB 1956\/00 Estaci\u00f3n de llamada de alarma por voz Plena<\/h5>\n<p class=\"ql-align-justify\">La estaci\u00f3n de llamada\u00a0<strong>LBB 1956\/00<\/strong>\u00a0es una estaci\u00f3n elegante y de gran calidad con un dise\u00f1o de base met\u00e1lica estable, pie de micr\u00f3fono flexible y micr\u00f3fono de condensador unidireccional. Puede realizar llamadas a zonas seleccionadas (de una a seis y llamada general) en un sistema de megafon\u00eda creado con el Sistema de alarma por voz Plena. Adem\u00e1s de su uso para sobremesa, el dise\u00f1o especial permite que se pueda empotrar perfectamente en escritorios. El teclado<strong>\u00a0LBB 1957\/00<\/strong>\u00a0Sistema de alarma por voz Plena es una extensi\u00f3n que incorpora siete teclas adicionales.<\/p>\n<p class=\"ql-align-justify\"><strong>Funciones b\u00e1sicas<\/strong><\/p>\n<p class=\"ql-align-justify\">Cada estaci\u00f3n de llamada admite seis selecciones de zona. Se puede aumentar el n\u00famero de zonas o grupos de zonas seleccionables si se conectan teclados para la estaci\u00f3n de llamada\u00a0<strong>(LBB 1957\/00)<\/strong>. Se pueden a\u00f1adir hasta ocho teclados; cada uno incorpora siete teclas de zona o grupo de zonas. Esta estaci\u00f3n de llamada dispone de la funci\u00f3n de ganancia seleccionable, un filtro de voz seleccionable y un limitador para obtener una inteligibilidad mejorada. La estaci\u00f3n de llamada cuenta con una salida de nivel de l\u00ednea balanceada, lo que permite situarla hasta a\u00a0<strong>1.000 metros<\/strong>\u00a0de distancia del controlador\u00a0<strong>con<\/strong>\u00a0cables alargadores\u00a0<strong>CAT-5<\/strong>. Con cable blindado, la estaci\u00f3n de llamada tambi\u00e9n puede utilizarse para llamadas de emergencia de nivel 5 (industria pesada). Los interruptores DIP de la base de la estaci\u00f3n de llamada permiten seleccionar distintos niveles de ganancia de micr\u00f3fono, la identificaci\u00f3n de la estaci\u00f3n de llamada y el filtro de voz. El nivel del micr\u00f3fono puede atenuarse desde un control giratorio de servicio. Indicadores LED de la estaci\u00f3n de llamada muestran qu\u00e9 zonas se han seleccionado. Tres indicadores LED adicionales indican el estado de actividad del micr\u00f3fono y el sistema. El parpadeo verde indica espera (suena un tono de carrill\u00f3n). El verde indica que el micr\u00f3fono est\u00e1 activo. El \u00e1mbar indica que el sistema ha detectado un fallo y, el rojo, que el sistema se encuentra en estado de emergencia.<\/p>\n<p><strong>Controles e indicadores<\/strong><\/p>\n<ul>\n<li>Cuatro LED de estado.<\/li>\n<li>Tecla PTT.<\/li>\n<li>LED de estado de PTT.<\/li>\n<li>Seis teclas de selecci\u00f3n de zona.<\/li>\n<li>Seis LED de selecci\u00f3n de zona.<\/li>\n<li>Tecla de llamada general.<\/li>\n<li>Ocho interruptores DIP.<\/li>\n<\/ul>\n<p><strong>Control de volumen giratorio Interconexiones.<\/strong><\/p>\n<ul>\n<li>Dos clavijas RJ45.<\/li>\n<li>Entrada de 24 VCC.<\/li>\n<li>Conector de teclado.<\/li>\n<\/ul>\n<p><strong>Piezas incluidas<\/strong><\/p>\n<ul>\n<li>1 Estaci\u00f3n de llamada LBB 1956\/00.<\/li>\n<li>1 Cable terminado con un conector CAT-5 bloqueable.<\/li>\n<\/ul>\n<p><img decoding=\"async\" class=\"overview-center-img- aligncenter\" src=\"https:\/\/tvc.mx\/media\/3586\/Logoopaginas-oficial.png\" alt=\"\" \/><\/div>\n<\/div>\n<div class=\"row aling-items-center padding-bottom-2x\">\n<div class=\"col-lg-12\">\n<p><strong>Principales Caracter\u00edsticas:<\/strong><\/p>\n<ul>\n<li>Elegante estaci\u00f3n de llamada de seis zonas para el Sistema de alarma por voz Plena.<\/li>\n<li>Teclas de selecci\u00f3n para seis zonas, tecla para todas las llamadas y tecla PTT (pulsar para hablar) moment\u00e1nea para llamadas.<\/li>\n<li>Ganancia seleccionable, filtro de voz, limitador y nivel de salida para inteligibilidad mejorada.<\/li>\n<li>Indicaciones LED para selecci\u00f3n de zona, fallo y estado de emergencia.<\/li>\n<li>La extensi\u00f3n de la estaci\u00f3n de llamada proporciona siete teclas para zonas y grupos de zonas adicionales.<\/li>\n<\/ul>\n<p>&nbsp;<\/p>\n<p><strong>Especificaciones<\/strong>:<\/p>\n<p><strong>Fuente de alimentaci\u00f3n<\/strong><\/p>\n<ul>\n<li>Rango de tensi\u00f3n 24 VCC suministrados por LBB 1990\/00 (o fuente de alimentaci\u00f3n externa de 18 a 24 VCC o VCA)<\/li>\n<li>Consumo de corriente &lt; 30 mA (m\u00e1s &lt; 15 mA por teclado)<\/li>\n<\/ul>\n<p><strong>Rendimiento<\/strong><\/p>\n<ul>\n<li>Sensibilidad nominal NPA de 85 dB (valor predeterminado de ganancia de 0 dB)<\/li>\n<li>Nivel de salida nominal 700 mV.<\/li>\n<li>Nivel de sonido de entrada (m\u00e1x.) NPA de 110 dB.<\/li>\n<li>Ganancia predeterminada +6\/0\/-15 dB.<\/li>\n<li>Umbral del limitador 2 V.<\/li>\n<li>Limitador de margen de compresi\u00f3n 1:20.<\/li>\n<li>Distorsi\u00f3n &lt; 0,6% (entrada m\u00e1xima).<\/li>\n<li>Nivel de ruido de entrada (equiv.) NPA con ponderaci\u00f3n A de 25 dB.<\/li>\n<li>Respuesta en frecuencia De 100 Hz a 16 kHz.<\/li>\n<li>Filtro de voz -3 dB a 315 Hz, paso alto, 6 dB\/oct.<\/li>\n<li>Impedancia de salida 200 ohmios.<\/li>\n<\/ul>\n<p><strong>Selecciones<\/strong><\/p>\n<ul>\n<li>Carrillones Cualquier archivo de onda de sonido Prioridades 7.<\/li>\n<\/ul>\n<p><strong>Especificaciones mec\u00e1nicas<\/strong><\/p>\n<ul>\n<li>Dimensiones: 40 x 100 x 235 mm (1,57 x 3,97 x 9,25 pulg.)<\/li>\n<li>Peso Aprox. 1 kg.<\/li>\n<\/ul>\n<p><strong>Montaje Independiente<\/strong><\/p>\n<ul>\n<li>Color Gris oscuro con plateado.<\/li>\n<li>Longitud de la varilla con micr\u00f3fono 390 mm (15,35 pulg.)<\/li>\n<li>Longitud del cable 5 m (16,4 pies).<\/li>\n<\/ul>\n<p><strong>Especificaciones medioambientales<\/strong><\/p>\n<ul>\n<li>Temperatura de funcionamiento De -10 \u00b0C a +45 \u00b0C (de +14 \u00b0F a +113 \u00b0F).<\/li>\n<li>Temperatura de almacenamiento De -40 \u00b0C a +70 \u00b0C (de -40 \u00b0F a +158 \u00b0F).<\/li>\n<li>Humedad relativa &lt; 95%.<\/li>\n<\/ul>\n<\/div>\n<\/div>\n","protected":false},"excerpt":{"rendered":"<p>LBB 1956\/00 Estaci\u00f3n de llamada de alarma por voz Plena La estaci\u00f3n de llamada\u00a0LBB 1956\/00\u00a0es una estaci\u00f3n elegante y de gran calidad con un dise\u00f1o de base met\u00e1lica estable, pie de micr\u00f3fono flexible y micr\u00f3fono de condensador unidireccional. Puede realizar llamadas a zonas seleccionadas (de&hellip;<\/p>\n","protected":false},"featured_media":6317,"comment_status":"open","ping_status":"closed","template":"","meta":{"om_disable_all_campaigns":false,"_monsterinsights_skip_tracking":false,"_monsterinsights_sitenote_active":false,"_monsterinsights_sitenote_note":"","_monsterinsights_sitenote_category":0},"product_brand":[],"product_cat":[531],"product_tag":[513,514,511,516,519,517,520,515,181,518,512],"class_list":{"0":"post-6318","1":"product","2":"type-product","3":"status-publish","4":"has-post-thumbnail","6":"product_cat-microfonos-audio-y-megafonia","7":"product_tag-altavoces","8":"product_tag-amplificadores","9":"product_tag-audio-y-video","10":"product_tag-audioporteros","11":"product_tag-digital-signage","12":"product_tag-intercomunicadores","13":"product_tag-kits-videoporteros","14":"product_tag-mezcladoras","15":"product_tag-microfonos","16":"product_tag-sistemas-de-enfermeria","17":"product_tag-videoporteros","19":"first","20":"instock","21":"sale","22":"taxable","23":"shipping-taxable","24":"purchasable","25":"product-type-simple"},"aioseo_notices":[],"_links":{"self":[{"href":"https:\/\/tecsecmty.com\/index.php\/wp-json\/wp\/v2\/product\/6318","targetHints":{"allow":["GET"]}}],"collection":[{"href":"https:\/\/tecsecmty.com\/index.php\/wp-json\/wp\/v2\/product"}],"about":[{"href":"https:\/\/tecsecmty.com\/index.php\/wp-json\/wp\/v2\/types\/product"}],"replies":[{"embeddable":true,"href":"https:\/\/tecsecmty.com\/index.php\/wp-json\/wp\/v2\/comments?post=6318"}],"version-history":[{"count":0,"href":"https:\/\/tecsecmty.com\/index.php\/wp-json\/wp\/v2\/product\/6318\/revisions"}],"wp:featuredmedia":[{"embeddable":true,"href":"https:\/\/tecsecmty.com\/index.php\/wp-json\/wp\/v2\/media\/6317"}],"wp:attachment":[{"href":"https:\/\/tecsecmty.com\/index.php\/wp-json\/wp\/v2\/media?parent=6318"}],"wp:term":[{"taxonomy":"product_brand","embeddable":true,"href":"https:\/\/tecsecmty.com\/index.php\/wp-json\/wp\/v2\/product_brand?post=6318"},{"taxonomy":"product_cat","embeddable":true,"href":"https:\/\/tecsecmty.com\/index.php\/wp-json\/wp\/v2\/product_cat?post=6318"},{"taxonomy":"product_tag","embeddable":true,"href":"https:\/\/tecsecmty.com\/index.php\/wp-json\/wp\/v2\/product_tag?post=6318"}],"curies":[{"name":"wp","href":"https:\/\/api.w.org\/{rel}","templated":true}]}}