{"id":6324,"date":"2023-02-23T12:03:09","date_gmt":"2023-02-23T18:03:09","guid":{"rendered":"https:\/\/tecsecmty.com\/index.php\/producto\/bosch-m_lbb441610-conjunto-de-cables-de-red-10m\/"},"modified":"2023-03-22T23:21:28","modified_gmt":"2023-03-23T05:21:28","slug":"bosch-m_lbb441610-conjunto-de-cables-de-red-10m","status":"publish","type":"product","link":"https:\/\/tecsecmty.com\/index.php\/producto\/bosch-m_lbb441610-conjunto-de-cables-de-red-10m\/","title":{"rendered":"BOSCH M_LBB441610- CONJUNTO DE CABLES DE RED 10M"},"content":{"rendered":"<h5 class=\"card-title text-center\">LBB 4416\/10 Conjunto de cables de red (10 m)<\/h5>\n<p class=\"ql-align-justify\"><strong>Los cables de red se presentan en distintas longitudes y con conectores en ambos extremos.<\/strong>\u00a0<strong>Los \u00faltimos n\u00fameros del modelo indican la longitud del cable. El modelo LBB 4416\/00 no incluye conectores.<\/strong>\u00a0<strong>Los conectores para este cable (LBB 4417\/00) est\u00e1n disponibles por separado.<\/strong><\/p>\n<p class=\"ql-align-justify\">Funciones b\u00e1sicas<\/p>\n<p class=\"ql-align-justify\"><strong>LBB 4416\/01\/02\/05\/10\/20\/50<\/strong><\/p>\n<p class=\"ql-align-justify\">Se trata de cables especiales con dos fibras de pl\u00e1stico para la comunicaci\u00f3n de datos y dos hilos de cobre para la fuente de alimentaci\u00f3n.<\/p>\n<p class=\"ql-align-justify\">Todos los cables incluyen conectores de red. \u00c9stos permiten conectar el controlador de red a amplificadores de potencia, expansores de audio, estaciones de llamada, etc.<\/p>\n<p class=\"ql-align-justify\"><strong>LBB 4416\/00<\/strong><\/p>\n<p class=\"ql-align-justify\">Se trata de un cable especial con dos fibras de pl\u00e1stico para la comunicaci\u00f3n de datos y dos hilos de cobre para la fuente de alimentaci\u00f3n. El cable tiene una longitud de 100 metros y no incluye conectores de red. Los conectores LBB 4417\/00 se instalan una vez cortado el cable a la longitud necesaria. Permiten conectar el controlador de red a amplificadores de potencia, expansores de audio, estaciones de llamada, etc.<\/p>\n<p class=\"ql-align-justify\"><strong>Nota:\u00a0LBB 4416\/10<\/strong>\u00a0<strong>Conjunto de cables de red (10 m) Cable de red h\u00edbrido Praesideo, 10 m de longitud con conectores de red.\u00a0N\u00famero de pedido: LBB4416\/10.<\/strong><\/p>\n<p class=\"ql-align-justify\"><strong>Especificaciones:\u00a0<\/strong><\/p>\n<p class=\"ql-align-justify\"><strong>El\u00e9ctricas<\/strong><\/p>\n<ul>\n<li class=\"ql-align-justify\">Cable: Cobre trenzado 1 mm2.<\/li>\n<li class=\"ql-align-justify\">Resistencia: &lt;0,018 ohmios\/m.<\/li>\n<li class=\"ql-align-justify\">Fibra \u00f3ptica: PMMA, 1 mm.<\/li>\n<li class=\"ql-align-justify\">Apertura num\u00e9rica: 0,5.<\/li>\n<li class=\"ql-align-justify\">Atenuaci\u00f3n: &lt;0,17 dB\/m a 650 nm.<\/li>\n<li class=\"ql-align-justify\">P\u00e9rdida por curvatura: &lt;0,5 dB (r=20 mm, 90\u00b0) JIS C6861.<\/li>\n<\/ul>\n<p class=\"ql-align-justify\"><strong>Mec\u00e1nicas<\/strong><\/p>\n<ul>\n<li class=\"ql-align-justify\">Dimensiones (di\u00e1metro): 7 mm (0,28 pulg.)<\/li>\n<li class=\"ql-align-justify\">Color: Negro<\/li>\n<li class=\"ql-align-justify\">Fuerza de empuje: 150 N (m\u00e1x.).<\/li>\n<\/ul>\n<p class=\"ql-align-justify\"><strong>Medioambientales<\/strong><\/p>\n<ul>\n<li class=\"ql-align-justify\">Temperatura de funcionamiento: De -40 \u00b0C a +65 \u00b0C (d e-40 \u00b0F a 149 \u00b0F).<\/li>\n<li class=\"ql-align-justify\">Humedad: Del 15% al 90%.<\/li>\n<li class=\"ql-align-justify\">Presi\u00f3n de aire: De 600 a 1100 hPa.<\/li>\n<\/ul>\n<p class=\"ql-align-justify\">\n<p><img decoding=\"async\" class=\"overview-center-img- aligncenter\" src=\"https:\/\/tvc.mx\/media\/9954\/Logoopaginas-oficial.png\" alt=\"\" \/><\/p>\n","protected":false},"excerpt":{"rendered":"<p>LBB 4416\/10 Conjunto de cables de red (10 m) Los cables de red se presentan en distintas longitudes y con conectores en ambos extremos.\u00a0Los \u00faltimos n\u00fameros del modelo indican la longitud del cable. El modelo LBB 4416\/00 no incluye conectores.\u00a0Los conectores para este cable (LBB&hellip;<\/p>\n","protected":false},"featured_media":6323,"comment_status":"open","ping_status":"closed","template":"","meta":{"om_disable_all_campaigns":false,"_monsterinsights_skip_tracking":false,"_monsterinsights_sitenote_active":false,"_monsterinsights_sitenote_note":"","_monsterinsights_sitenote_category":0},"product_brand":[],"product_cat":[531],"product_tag":[513,514,511,516,519,517,520,515,181,518,512],"class_list":{"0":"post-6324","1":"product","2":"type-product","3":"status-publish","4":"has-post-thumbnail","6":"product_cat-microfonos-audio-y-megafonia","7":"product_tag-altavoces","8":"product_tag-amplificadores","9":"product_tag-audio-y-video","10":"product_tag-audioporteros","11":"product_tag-digital-signage","12":"product_tag-intercomunicadores","13":"product_tag-kits-videoporteros","14":"product_tag-mezcladoras","15":"product_tag-microfonos","16":"product_tag-sistemas-de-enfermeria","17":"product_tag-videoporteros","19":"first","20":"instock","21":"sale","22":"taxable","23":"shipping-taxable","24":"purchasable","25":"product-type-simple"},"aioseo_notices":[],"_links":{"self":[{"href":"https:\/\/tecsecmty.com\/index.php\/wp-json\/wp\/v2\/product\/6324","targetHints":{"allow":["GET"]}}],"collection":[{"href":"https:\/\/tecsecmty.com\/index.php\/wp-json\/wp\/v2\/product"}],"about":[{"href":"https:\/\/tecsecmty.com\/index.php\/wp-json\/wp\/v2\/types\/product"}],"replies":[{"embeddable":true,"href":"https:\/\/tecsecmty.com\/index.php\/wp-json\/wp\/v2\/comments?post=6324"}],"version-history":[{"count":0,"href":"https:\/\/tecsecmty.com\/index.php\/wp-json\/wp\/v2\/product\/6324\/revisions"}],"wp:featuredmedia":[{"embeddable":true,"href":"https:\/\/tecsecmty.com\/index.php\/wp-json\/wp\/v2\/media\/6323"}],"wp:attachment":[{"href":"https:\/\/tecsecmty.com\/index.php\/wp-json\/wp\/v2\/media?parent=6324"}],"wp:term":[{"taxonomy":"product_brand","embeddable":true,"href":"https:\/\/tecsecmty.com\/index.php\/wp-json\/wp\/v2\/product_brand?post=6324"},{"taxonomy":"product_cat","embeddable":true,"href":"https:\/\/tecsecmty.com\/index.php\/wp-json\/wp\/v2\/product_cat?post=6324"},{"taxonomy":"product_tag","embeddable":true,"href":"https:\/\/tecsecmty.com\/index.php\/wp-json\/wp\/v2\/product_tag?post=6324"}],"curies":[{"name":"wp","href":"https:\/\/api.w.org\/{rel}","templated":true}]}}