{"id":6326,"date":"2023-02-23T12:03:11","date_gmt":"2023-02-23T18:03:11","guid":{"rendered":"https:\/\/tecsecmty.com\/index.php\/producto\/bosch-m_lbb443000-unidad-basica-de-estacion-de-llamada\/"},"modified":"2023-03-22T23:21:29","modified_gmt":"2023-03-23T05:21:29","slug":"bosch-m_lbb443000-unidad-basica-de-estacion-de-llamada","status":"publish","type":"product","link":"https:\/\/tecsecmty.com\/index.php\/producto\/bosch-m_lbb443000-unidad-basica-de-estacion-de-llamada\/","title":{"rendered":"BOSCH M_LBB443000 &#8211; Unidad basica de estacion de llamada"},"content":{"rendered":"<h5 class=\"card-title text-center\">LBB 4430\/00 Unidad B\u00e1sica de Estaci\u00f3n de Llamada<\/h5>\n<p class=\"ql-align-justify\"><strong>La unidad b\u00e1sica de estaci\u00f3n de llamada<\/strong>\u00a0puede realizar avisos manuales o pregrabados en cualquier zona asignada previamente. La unidad b\u00e1sica de estaci\u00f3n de llamada dispone de un micr\u00f3fono con pie flexible, un bot\u00f3n \u00abpulsar para hablar\u00bb, un altavoz y una conexi\u00f3n de auriculares.\u00a0<strong>LBB 4430\/00<\/strong>\u00a0puede ampliarse con hasta 16 teclados\u00a0<strong>(LBB 4432\/00 o LBB 4434\/00)<\/strong>, cada uno con 8 teclas programables. Tambi\u00e9n es posible la ampliaci\u00f3n con un teclado num\u00e9rico\u00a0<strong>(PRS-CSNKP)<\/strong>.<\/p>\n<p class=\"ql-align-justify\"><strong>Funciones b\u00e1sicas<\/strong><\/p>\n<p class=\"ql-align-justify\"><strong>La estaci\u00f3n de llamada dispone de un micr\u00f3fono cardioide supervisado en un cuello flexible que ofrece una gran inteligibilidad de la voz.\u00a0<\/strong>Un limitador y un filtro de voz mejoran la inteligibilidad y evitan que se produzcan recortes del audio. Tiene un regulador de volumen para el altavoz de control y los cascos. Cuando reproduce un tono de carrill\u00f3n o un mensaje pregrabado, la estaci\u00f3n de llamada activa su altavoz. Cuando se conectan los cascos, estos sustituyen al micr\u00f3fono y al altavoz.\u00a0<strong>La estaci\u00f3n de llamada tiene su propio DSP y alterna entre el audio anal\u00f3gico y digital.<\/strong>\u00a0El procesamiento de audio puede incluir ajuste de sensibilidad, limitaci\u00f3n y ecualizaci\u00f3n param\u00e9trica.<\/p>\n<p class=\"ql-align-justify\"><strong>Se pueden conectar hasta 16 teclados<\/strong>\u00a0a la estaci\u00f3n de llamada a trav\u00e9s de la comunicaci\u00f3n de datos en serie. La estaci\u00f3n proporciona alimentaci\u00f3n a los teclados.\u00a0<strong>Se pueden asignar hasta 224 prioridades a la estaci\u00f3n de llamada. Toda la configuraci\u00f3n se puede realizar mediante el controlador de red Praesideo.<\/strong>\u00a0<strong>La estaci\u00f3n de llamada es un sistema completamente supervisado y admite el funcionamiento con autoprotecci\u00f3n, Incluso si el controlador de red Praesideo falla, la estaci\u00f3n de llamada puede realizar llamadas de emergencia.\u00a0<\/strong><\/p>\n<p class=\"ql-align-justify\"><strong>Controles e indicadores<\/strong><\/p>\n<ul>\n<li class=\"ql-align-justify\">Tres LED de estado<\/li>\n<li class=\"ql-align-justify\">Tecla PTT configurable<\/li>\n<li class=\"ql-align-justify\">Control de volumen para altavoces\/cascos<\/li>\n<\/ul>\n<p class=\"ql-align-justify\"><strong>Interconexiones<\/strong><\/p>\n<ul>\n<li class=\"ql-align-justify\">Dos conexiones de red de sistema .<\/li>\n<li class=\"ql-align-justify\">Interfaz de fuente de alimentaci\u00f3n y datos en serie para teclados de estaci\u00f3n de llamada .<\/li>\n<li class=\"ql-align-justify\">Clavija de 3,5 mm para cascos.<\/li>\n<\/ul>\n<p class=\"ql-align-justify\"><strong>Piezas incluidas<\/strong><\/p>\n<ul>\n<li class=\"ql-align-justify\">1 Unidad b\u00e1sica de estaci\u00f3n de llamada LBB 4430\/00.<\/li>\n<li class=\"ql-align-justify\">1 Cable plano.<\/li>\n<\/ul>\n<p class=\"ql-align-justify\"><strong>Nota: LBB 4430\/00 Unidad B\u00e1sica de Estaci\u00f3n de Llamada Estaci\u00f3n de llamada con micr\u00f3fono sobre pie flexible, bot\u00f3n \u00abpulsar para hablar\u00bb y altavoz de supervisi\u00f3n; recibe alimentaci\u00f3n de la red Praesideo.<\/strong><\/p>\n<p class=\"ql-align-justify\"><strong>N\u00famero de pedido: LBB4430\/00.<\/strong><\/p>\n<p class=\"ql-align-justify\"><strong>Principales Caracter\u00edsticas<\/strong><\/p>\n<ul>\n<li class=\"ql-align-justify\">Conexi\u00f3n de red redundante.<\/li>\n<li class=\"ql-align-justify\">Indicaci\u00f3n de encendido.<\/li>\n<li class=\"ql-align-justify\">Indicaciones de estado\/fallo.<\/li>\n<li class=\"ql-align-justify\">Indicaci\u00f3n de que el nivel de prioridad de los destinos es superior al del aviso pendiente.<\/li>\n<li class=\"ql-align-justify\">Supervisi\u00f3n de la c\u00e1psula del micr\u00f3fono.<\/li>\n<\/ul>\n<p class=\"ql-align-justify\"><strong>Especificaciones<\/strong><\/p>\n<p class=\"ql-align-justify\"><strong>El\u00e9ctricas<\/strong><\/p>\n<ul>\n<li class=\"ql-align-justify\">Fuente de alimentaci\u00f3n externa: De 18 a 56 VCC.<\/li>\n<li class=\"ql-align-justify\">Consumo 4,4 W (CC), sin incluir los teclados.<\/li>\n<li class=\"ql-align-justify\">Micr\u00f3fono Nivel de entrada ac\u00fastica nominal: De 75 a 90 dB SPL Se\u00f1al\/ruido &gt;60 dB a 85 dB SPL.<\/li>\n<li class=\"ql-align-justify\">Respuesta de frecuencia: De 340 Hz a 14 kHz (-3 dB).<\/li>\n<li class=\"ql-align-justify\">Altavoz Se\u00f1al\/ruido: 80 dB a salida m\u00e1x.<\/li>\n<li class=\"ql-align-justify\">Nivel de presi\u00f3n ac\u00fastica: 85 dB (SPL) a 0,5 m y 1 kHz. Cascos Conector: Clavija de 3,5 mm.<\/li>\n<li class=\"ql-align-justify\">Tipo recomendado: Hosiden HBH 0058.<\/li>\n<\/ul>\n<p class=\"ql-align-justify\"><strong>Mec\u00e1nicas<\/strong><\/p>\n<ul>\n<li class=\"ql-align-justify\">Dimensiones (Al. x An. x Pr.): 90 x 160 x 200 mm.<\/li>\n<li class=\"ql-align-justify\">Peso 0,95 kg (2,1 libras).<\/li>\n<li class=\"ql-align-justify\">Montaje Sobremesa: Color Gris oscuro.<\/li>\n<li class=\"ql-align-justify\">Longitud de pie del micr\u00f3fono: 380 mm.<\/li>\n<\/ul>\n<p class=\"ql-align-justify\"><strong>Medioambientales<\/strong><\/p>\n<ul>\n<li class=\"ql-align-justify\">Temperatura de funcionamiento: De -5 \u00b0C a +45 \u00b0C (de +23 \u00b0F a +113 \u00b0F).<\/li>\n<li class=\"ql-align-justify\">Temperatura de almacenamiento: De -20 \u00b0C a +70 \u00b0C (de -4 \u00b0F a +158 \u00b0F).<\/li>\n<li class=\"ql-align-justify\">Humedad Del: 15% al 90%.<\/li>\n<li class=\"ql-align-justify\">Presi\u00f3n de aire De: 600 a 1.100 hPa.<\/li>\n<\/ul>\n<p><img decoding=\"async\" class=\"overview-center-img-\" src=\"https:\/\/tvc.mx\/media\/6616\/Logoopaginas-oficial.png\" alt=\"\" \/><\/p>\n","protected":false},"excerpt":{"rendered":"<p>LBB 4430\/00 Unidad B\u00e1sica de Estaci\u00f3n de Llamada La unidad b\u00e1sica de estaci\u00f3n de llamada\u00a0puede realizar avisos manuales o pregrabados en cualquier zona asignada previamente. La unidad b\u00e1sica de estaci\u00f3n de llamada dispone de un micr\u00f3fono con pie flexible, un bot\u00f3n \u00abpulsar para hablar\u00bb, un&hellip;<\/p>\n","protected":false},"featured_media":6325,"comment_status":"open","ping_status":"closed","template":"","meta":{"om_disable_all_campaigns":false,"_monsterinsights_skip_tracking":false,"_monsterinsights_sitenote_active":false,"_monsterinsights_sitenote_note":"","_monsterinsights_sitenote_category":0},"product_brand":[],"product_cat":[531],"product_tag":[513,514,511,516,519,517,520,515,181,518,512],"class_list":{"0":"post-6326","1":"product","2":"type-product","3":"status-publish","4":"has-post-thumbnail","6":"product_cat-microfonos-audio-y-megafonia","7":"product_tag-altavoces","8":"product_tag-amplificadores","9":"product_tag-audio-y-video","10":"product_tag-audioporteros","11":"product_tag-digital-signage","12":"product_tag-intercomunicadores","13":"product_tag-kits-videoporteros","14":"product_tag-mezcladoras","15":"product_tag-microfonos","16":"product_tag-sistemas-de-enfermeria","17":"product_tag-videoporteros","19":"first","20":"instock","21":"sale","22":"taxable","23":"shipping-taxable","24":"purchasable","25":"product-type-simple"},"aioseo_notices":[],"_links":{"self":[{"href":"https:\/\/tecsecmty.com\/index.php\/wp-json\/wp\/v2\/product\/6326","targetHints":{"allow":["GET"]}}],"collection":[{"href":"https:\/\/tecsecmty.com\/index.php\/wp-json\/wp\/v2\/product"}],"about":[{"href":"https:\/\/tecsecmty.com\/index.php\/wp-json\/wp\/v2\/types\/product"}],"replies":[{"embeddable":true,"href":"https:\/\/tecsecmty.com\/index.php\/wp-json\/wp\/v2\/comments?post=6326"}],"version-history":[{"count":0,"href":"https:\/\/tecsecmty.com\/index.php\/wp-json\/wp\/v2\/product\/6326\/revisions"}],"wp:featuredmedia":[{"embeddable":true,"href":"https:\/\/tecsecmty.com\/index.php\/wp-json\/wp\/v2\/media\/6325"}],"wp:attachment":[{"href":"https:\/\/tecsecmty.com\/index.php\/wp-json\/wp\/v2\/media?parent=6326"}],"wp:term":[{"taxonomy":"product_brand","embeddable":true,"href":"https:\/\/tecsecmty.com\/index.php\/wp-json\/wp\/v2\/product_brand?post=6326"},{"taxonomy":"product_cat","embeddable":true,"href":"https:\/\/tecsecmty.com\/index.php\/wp-json\/wp\/v2\/product_cat?post=6326"},{"taxonomy":"product_tag","embeddable":true,"href":"https:\/\/tecsecmty.com\/index.php\/wp-json\/wp\/v2\/product_tag?post=6326"}],"curies":[{"name":"wp","href":"https:\/\/api.w.org\/{rel}","templated":true}]}}