{"id":6336,"date":"2023-02-23T12:03:18","date_gmt":"2023-02-23T18:03:18","guid":{"rendered":"https:\/\/tecsecmty.com\/index.php\/producto\/bosch-m_pracse-extension-de-estacion-de-llamada\/"},"modified":"2023-03-22T23:21:33","modified_gmt":"2023-03-23T05:21:33","slug":"bosch-m_pracse-extension-de-estacion-de-llamada","status":"publish","type":"product","link":"https:\/\/tecsecmty.com\/index.php\/producto\/bosch-m_pracse-extension-de-estacion-de-llamada\/","title":{"rendered":"BOSCH M_PRACSE- EXTENSION DE ESTACION DE LLAMADA"},"content":{"rendered":"<div class=\"row aling-items-center padding-bottom-2x\">\n<div class=\"col-lg-12\">\n<h5 class=\"card-title text-center\">Resumen<\/h5>\n<p><span class=\"ql-font-serif\">Esta extensi\u00f3n de teclado se utiliza en combinaci\u00f3n con estaciones de llamada PRAESENSA para realizar selecciones para llamadas convencionales y de alarma.<\/span><\/p>\n<p><span class=\"ql-font-serif\">Un dispositivo a\u00f1ade doce botones configurables con anillo luminoso. Cada bot\u00f3n tiene dos indicadores adicionales de informaci\u00f3n al usuario, relacionados con la funcionalidad configurada de dicho bot\u00f3n.<\/span><\/p>\n<p><span class=\"ql-font-serif\">Es posible conectar hasta cuatro PRA-CSE a una estaci\u00f3n de llamada. El uso de teclados de extensi\u00f3n para la selecci\u00f3n de zona permite que todas las zonas est\u00e9n accesibles y visibles al mismo tiempo. Muestra una vista completa del estado de las zonas seleccionadas y ocupadas o las zonas con fallos.<\/span><\/p>\n<p><span class=\"ql-font-serif\">La extensi\u00f3n de teclado se entrega con una placa de acoplamiento met\u00e1lica y un cable de conexi\u00f3n para enlazarlo a una estaci\u00f3n de llamada o a otro teclado de extensi\u00f3n.<\/span><\/p>\n<p><span class=\"ql-font-serif\">La cubierta frontal se puede quitar f\u00e1cilmente para insertar etiquetas con hasta tres l\u00edneas de texto por cada bot\u00f3n y una secci\u00f3n de encabezado en la parte superior.<\/span><\/p>\n<p><img decoding=\"async\" class=\"overview-center-img-web\" src=\"https:\/\/tvc.mx\/media\/634610\/encabezado-1920x400.png\" alt=\"\" \/><\/div>\n<\/div>\n<div class=\"row align-items-center padding-bottom-2x\">\n<div class=\"col-md-5\"><img decoding=\"async\" class=\"d-block m-auto img-thumbnail\" src=\"https:\/\/tvc.mx\/media\/634618\/400x300-logo.png\" alt=\" \" \/><\/div>\n<div class=\"col-md-7 text-md-left text-center\">\n<h2>Caracter\u00edsticas<\/h2>\n<p class=\"text-muted\">\n<ul>\n<li><span class=\"ql-font-serif\">Teclado de extensi\u00f3n para sobremesa PRA-CSLD y estaci\u00f3n de llamada PRA-CSLW de montaje en pared<\/span><\/li>\n<li><span class=\"ql-font-serif\">Doce botones con respuesta t\u00e1ctil y funcionalidad configurable<\/span><\/li>\n<li><span class=\"ql-font-serif\">Anillo luminoso alrededor de cada bot\u00f3n para confirmaci\u00f3n de selecci\u00f3n<\/span><\/li>\n<li><span class=\"ql-font-serif\">Indicadores de estado de zona multicolor para botones configurados para la selecci\u00f3n de zona<\/span><\/li>\n<li><span class=\"ql-font-serif\">Dise\u00f1o ergon\u00f3mico de bot\u00f3n con cubierta frontal extra\u00edble para acceder a las etiquetas de los botones<\/span><\/li>\n<\/ul>\n<p>&nbsp;<\/p>\n<\/div>\n<\/div>\n<hr class=\"padding-bottom-2x\" \/>\n<div class=\"row aling-items-center padding-bottom-2x\">\n<div class=\"col-lg-12\">\n<h5 class=\"card-title text-center\">Funciones<\/h5>\n<p><strong class=\"ql-font-serif\">Funcionamiento convencional<\/strong><\/p>\n<ul>\n<li><span class=\"ql-font-serif\">Conexi\u00f3n de hasta cuatro extensiones de PRA-CSE, cada una con doce botones. Los botones pueden configurarse para varias funciones, pero son especialmente \u00fatiles para seleccionar zonas y proporcionar una clara visi\u00f3n general de las zonas accesibles y los indicadores LED para cada bot\u00f3n muestran el estado de la zona correspondiente (como si est\u00e1 seleccionada u ocupada o si presenta fallos).<\/span><\/li>\n<\/ul>\n<p><strong class=\"ql-font-serif\">Funcionamiento de emergencia<\/strong><\/p>\n<ul>\n<li><span class=\"ql-font-serif\">La extensi\u00f3n de estaci\u00f3n de llamada cumple las normas para aplicaciones de alarma por voz cuando se configura la interfaz de usuario de bomberos en la estaci\u00f3n de llamada y al menos un PRA-CSE est\u00e1 conectado a ella.<\/span><\/li>\n<li><span class=\"ql-font-serif\">Todas las funciones de alarma cr\u00edticas est\u00e1n disponibles a trav\u00e9s de los botones para operarios con guantes.<\/span><\/li>\n<li><span class=\"ql-font-serif\">Todos los indicadores de la extensi\u00f3n participan en la funci\u00f3n de prueba de indicador de la estaci\u00f3n de llamada conectada<\/span><\/li>\n<\/ul>\n<p><strong class=\"ql-font-serif\">Conexi\u00f3n<\/strong><\/p>\n<ul>\n<li><span class=\"ql-font-serif\">Interconexi\u00f3n fiable, bloqueada, de un solo cable entre la estaci\u00f3n de llamada y la extensi\u00f3n y entre extensiones.<\/span><\/li>\n<li><span class=\"ql-font-serif\">Placa de acoplamiento de metal robusta.<\/span><\/li>\n<li><span class=\"ql-font-serif\">Todas las extensiones son direccionadas autom\u00e1ticamente de izquierda a derecha.<\/span><\/li>\n<li><span class=\"ql-font-serif\">Todo el montaje se puede realizar con un destornillador Torx TX10 est\u00e1ndar.<\/span><\/li>\n<\/ul>\n<p><strong class=\"ql-font-serif\">Etiquetado<\/strong><\/p>\n<ul>\n<li><span class=\"ql-font-serif\">Cubierta frontal extra\u00edble para sencillo etiquetado con espacio para tres l\u00edneas de texto por cada bot\u00f3n.<\/span><\/li>\n<\/ul>\n<p><strong class=\"ql-font-serif\"><u>Especificaciones para arquitectos e ingenieros<\/u><\/strong><\/p>\n<p><span class=\"ql-font-serif\">La extensi\u00f3n de estaci\u00f3n de llamada est\u00e1 dise\u00f1ada exclusivamente para su uso con sistemas Bosch PRAESENSA. La extensi\u00f3n de estaci\u00f3n de llamada ofrece funciones de conexi\u00f3n el\u00e9ctrica y mec\u00e1nica para el uso con una estaci\u00f3n de llamada de sobremesa o de montaje en pared. Proporciona 12 botones configurables para la selecci\u00f3n de zona y otros fines.<\/span><\/p>\n<p><span class=\"ql-font-serif\">Cada bot\u00f3n tiene respuesta t\u00e1ctil y un indicador de activaci\u00f3n con anillo luminoso, junto con un conjunto de LED multicolor para las indicaciones de estado relacionadas con la funci\u00f3n. La extensi\u00f3n de estaci\u00f3n de llamada tiene una cubierta frontal extra\u00edble para colocar las etiquetas de bot\u00f3n independiente del idioma tras la cubierta frontal. La extensi\u00f3n de estaci\u00f3n de llamada se certifica para EN 54\u201116 e ISO 7240\u201116, cuenta con marcado CE y cumple la Directiva RoHS. La garant\u00eda m\u00ednima es de tres a\u00f1os. La extensi\u00f3n de estaci\u00f3n de llamada es un Bosch PRA-CSE.<\/span><\/p>\n<p><img decoding=\"async\" class=\"overview-center-img-web\" src=\"https:\/\/tvc.mx\/media\/634630\/1920x400-funciones.png\" alt=\"\" \/><\/div>\n<\/div>\n<div class=\"row align-items-center padding-bottom-2x\">\n<div class=\"col-md-5\"><img decoding=\"async\" class=\"d-block m-auto img-thumbnail\" src=\"https:\/\/tvc.mx\/media\/634638\/400x300-certificaciones.png\" alt=\" \" \/><\/div>\n<div class=\"col-md-7 text-md-left text-center\">\n<h2>Certificaciones y aprobaciones<\/h2>\n<p class=\"text-muted\">\n<p>Certificaciones y aprobaciones<\/p>\n<p>&nbsp;<\/p>\n<\/div>\n<\/div>\n<hr class=\"padding-bottom-2x\" \/>\n<div class=\"row align-items-center padding-bottom-2x\">\n<div class=\"col-md-5 order-md-2\"><img decoding=\"async\" class=\"d-block m-auto img-thumbnail\" src=\"https:\/\/tvc.mx\/media\/634642\/400x300-%C3%A1mbitos.png\" alt=\" \" \/><\/div>\n<div class=\"col-md-7 order-md-1 text-md-left text-center\">\n<h2>\u00c1mbitos de regulaci\u00f3n<\/h2>\n<p class=\"text-muted\">\n<p>\u00c1mbitos de regulaci\u00f3n<\/p>\n<p>&nbsp;<\/p>\n<\/div>\n<\/div>\n<hr class=\"padding-bottom-2x\" \/>\n<div class=\"row align-items-center padding-bottom-2x\">\n<div class=\"col-md-5\"><img decoding=\"async\" class=\"d-block m-auto img-thumbnail\" src=\"https:\/\/tvc.mx\/media\/634646\/400x300-declaraciones.png\" alt=\" \" \/><\/div>\n<div class=\"col-md-7 text-md-left text-center\">\n<h2>Declaraciones de conformidad<\/h2>\n<p class=\"text-muted\">\n<p>Declaraciones de conformidad<\/p>\n<p>&nbsp;<\/p>\n<\/div>\n<\/div>\n<hr class=\"padding-bottom-2x\" \/>\n<div class=\"row aling-items-center padding-bottom-2x\">\n<div class=\"col-lg-12\">\n<h5 class=\"card-title text-center\">Especificaciones clave<\/h5>\n<p><strong>Dimensiones (Alto x Ancho x Fondo) (mm):<\/strong>\u00a062 x 130 x 189 mm<\/p>\n<p><strong>N\u00famero de extensi\u00f3n de teclados m\u00e1ximo:<\/strong>\u00a04<\/p>\n<p><strong>Peso (kg):\u00a0<\/strong>0.40 kg<\/p>\n<p><strong>Temperatura de funcionamiento (\u00b0C):<\/strong>\u00a0-5 \u2013 50 \u00b0C<\/p>\n<p><strong>Tensi\u00f3n de funcionamiento (VCC):<\/strong>\u00a04.50 \u2013 5.50 VCC<\/p>\n<p><strong>Tipo de montaje:\u00a0<\/strong>Sobremesa<\/p>\n<p><img decoding=\"async\" class=\"overview-center-img-web\" src=\"https:\/\/tvc.mx\/media\/634654\/encabezado-1920x400.png\" alt=\"\" \/><\/div>\n<\/div>\n","protected":false},"excerpt":{"rendered":"<p>Resumen Esta extensi\u00f3n de teclado se utiliza en combinaci\u00f3n con estaciones de llamada PRAESENSA para realizar selecciones para llamadas convencionales y de alarma. Un dispositivo a\u00f1ade doce botones configurables con anillo luminoso. Cada bot\u00f3n tiene dos indicadores adicionales de informaci\u00f3n al usuario, relacionados con la&hellip;<\/p>\n","protected":false},"featured_media":6335,"comment_status":"open","ping_status":"closed","template":"","meta":{"om_disable_all_campaigns":false,"_monsterinsights_skip_tracking":false,"_monsterinsights_sitenote_active":false,"_monsterinsights_sitenote_note":"","_monsterinsights_sitenote_category":0},"product_brand":[],"product_cat":[531],"product_tag":[513,514,511,516,519,517,520,515,181,518,512],"class_list":{"0":"post-6336","1":"product","2":"type-product","3":"status-publish","4":"has-post-thumbnail","6":"product_cat-microfonos-audio-y-megafonia","7":"product_tag-altavoces","8":"product_tag-amplificadores","9":"product_tag-audio-y-video","10":"product_tag-audioporteros","11":"product_tag-digital-signage","12":"product_tag-intercomunicadores","13":"product_tag-kits-videoporteros","14":"product_tag-mezcladoras","15":"product_tag-microfonos","16":"product_tag-sistemas-de-enfermeria","17":"product_tag-videoporteros","19":"first","20":"instock","21":"sale","22":"taxable","23":"shipping-taxable","24":"purchasable","25":"product-type-simple"},"aioseo_notices":[],"_links":{"self":[{"href":"https:\/\/tecsecmty.com\/index.php\/wp-json\/wp\/v2\/product\/6336","targetHints":{"allow":["GET"]}}],"collection":[{"href":"https:\/\/tecsecmty.com\/index.php\/wp-json\/wp\/v2\/product"}],"about":[{"href":"https:\/\/tecsecmty.com\/index.php\/wp-json\/wp\/v2\/types\/product"}],"replies":[{"embeddable":true,"href":"https:\/\/tecsecmty.com\/index.php\/wp-json\/wp\/v2\/comments?post=6336"}],"version-history":[{"count":0,"href":"https:\/\/tecsecmty.com\/index.php\/wp-json\/wp\/v2\/product\/6336\/revisions"}],"wp:featuredmedia":[{"embeddable":true,"href":"https:\/\/tecsecmty.com\/index.php\/wp-json\/wp\/v2\/media\/6335"}],"wp:attachment":[{"href":"https:\/\/tecsecmty.com\/index.php\/wp-json\/wp\/v2\/media?parent=6336"}],"wp:term":[{"taxonomy":"product_brand","embeddable":true,"href":"https:\/\/tecsecmty.com\/index.php\/wp-json\/wp\/v2\/product_brand?post=6336"},{"taxonomy":"product_cat","embeddable":true,"href":"https:\/\/tecsecmty.com\/index.php\/wp-json\/wp\/v2\/product_cat?post=6336"},{"taxonomy":"product_tag","embeddable":true,"href":"https:\/\/tecsecmty.com\/index.php\/wp-json\/wp\/v2\/product_tag?post=6336"}],"curies":[{"name":"wp","href":"https:\/\/api.w.org\/{rel}","templated":true}]}}