{"id":6346,"date":"2023-02-23T12:03:32","date_gmt":"2023-02-23T18:03:32","guid":{"rendered":"https:\/\/tecsecmty.com\/index.php\/producto\/bosch-m_prsswcs-software-para-servidor-de-llamadas-basado-en-pc\/"},"modified":"2023-03-22T23:21:34","modified_gmt":"2023-03-23T05:21:34","slug":"bosch-m_prsswcs-software-para-servidor-de-llamadas-basado-en-pc","status":"publish","type":"product","link":"https:\/\/tecsecmty.com\/index.php\/producto\/bosch-m_prsswcs-software-para-servidor-de-llamadas-basado-en-pc\/","title":{"rendered":"BOSCH M_PRSSWCS- SOFTWARE PARA SERVIDOR DE LLAMADAS BASADO EN PC"},"content":{"rendered":"<p class=\"ql-align-justify\">El cliente de estaci\u00f3n de llamada de PC PRS-CSC es un cliente del software servidor de llamadas de PC PRS-SWCS y se debe utilizar en combinaci\u00f3n con \u00e9l.<strong>\u00a0Funciona con Windows XP, Windows Vista o Windows 7 y se puede utilizar en el mismo PC que el software servidor de llamadas de PC PRS-SWCS o en diferentes PC.<\/strong>\u00a0Con la misma licencia se puede instalar y utilizar un n\u00famero casi ilimitado de clientes de estaci\u00f3n de llamada de PC PRS-CSC.<\/p>\n<p class=\"ql-align-justify\"><strong>Funciones b\u00e1sicas<\/strong><\/p>\n<p class=\"ql-align-justify\"><strong>Interfaz de usuario<\/strong><\/p>\n<p class=\"ql-align-justify\">El cliente de estaci\u00f3n de llamada de PC PRS-CSC proporciona al operador una interfaz de usuario gr\u00e1fica en la que puede seleccionar llamadas predefinidas, a\u00f1adir o eliminar zonas de esa llamada predefinida haciendo clic en los iconos de zona en un dise\u00f1o de sistema gr\u00e1fico y, a continuaci\u00f3n, iniciar, parar y\/o cancelar esta llamada. Se pueden activar varias llamadas simult\u00e1neamente desde el mismo cliente.<\/p>\n<p class=\"ql-align-justify\">La aparici\u00f3n del icono de zona muestra el estado de cada zona. La biblioteca de iconos de zona y colores de fondo pueden ser modificados por el cliente.<\/p>\n<p class=\"ql-align-justify\">La fuente de m\u00fasica ambiental y el volumen se pueden seleccionar y controlar individualmente en cada zona. El ajuste de volumen y fuente se muestra en el icono de zona para cada una de ellas.<\/p>\n<p class=\"ql-align-justify\"><strong>Configuraci\u00f3n<\/strong><\/p>\n<p class=\"ql-align-justify\">Durante la configuraci\u00f3n del software servidor de llamadas de PC PRS-SWCS se asignan derechos de acceso por usuario, por ejemplo, el derecho a iniciar determinadas llamadas predefinidas o a acceder a determinadas zonas o descripciones. Se puede a\u00f1adir a la interfaz de usuario un logotipo de la empresa o lugar en el que se encuentra el cliente de estaci\u00f3n de llamada de PC PRS-SWCS. Tambi\u00e9n se pueden seleccionar diferentes idiomas de usuario de una lista de idiomas admitidos que va en aumento.<\/p>\n<p class=\"ql-align-justify\"><strong>Nota: PRS-CSC Cliente de Estaci\u00f3n de Llamada de PC<\/strong><\/p>\n<p class=\"ql-align-justify\"><strong>Licencia para una interfaz de usuario de la estaci\u00f3n de llamada programable, basada en un PC y controlada por rat\u00f3n o por pantalla t\u00e1ctil, con selecci\u00f3n de zona sin\u00f3ptica e indicaci\u00f3n del estado, que se puede utilizar con el software servidor de llamadas de PC de Praesideo.<\/strong><\/p>\n<p class=\"ql-align-justify\"><strong>N\u00famero de pedido: PRS-CSC.<\/strong><\/p>\n<p class=\"ql-align-justify\"><strong>Piezas incluidas<\/strong><\/p>\n<ul>\n<li class=\"ql-align-justify\">1 Licencia del cliente de estaci\u00f3n de llamada de PC PRS-SWCS.<\/li>\n<\/ul>\n<p class=\"ql-align-justify\"><strong>Principales\u00a0<\/strong><strong>Caracter\u00edsticas<\/strong><\/p>\n<ul>\n<li class=\"ql-align-justify\">Interfaz de PC para operadores con vista sin\u00f3ptica de las ubicaciones de las zonas en ventanas tabuladas.<\/li>\n<li class=\"ql-align-justify\">Acceso configurable para diferentes usuarios.<\/li>\n<li class=\"ql-align-justify\">Control de llamada y m\u00fasica ambiental.<\/li>\n<li class=\"ql-align-justify\">Gesti\u00f3n de varios controladores de red como un \u00fanico sistema.<\/li>\n<\/ul>\n<p><img decoding=\"async\" class=\"overview-center-img- aligncenter\" src=\"https:\/\/tvc.mx\/media\/9510\/Logoopaginas-oficial.png\" alt=\"\" \/><\/p>\n","protected":false},"excerpt":{"rendered":"<p>El cliente de estaci\u00f3n de llamada de PC PRS-CSC es un cliente del software servidor de llamadas de PC PRS-SWCS y se debe utilizar en combinaci\u00f3n con \u00e9l.\u00a0Funciona con Windows XP, Windows Vista o Windows 7 y se puede utilizar en el mismo PC que&hellip;<\/p>\n","protected":false},"featured_media":6345,"comment_status":"open","ping_status":"closed","template":"","meta":{"om_disable_all_campaigns":false,"_monsterinsights_skip_tracking":false,"_monsterinsights_sitenote_active":false,"_monsterinsights_sitenote_note":"","_monsterinsights_sitenote_category":0},"product_brand":[],"product_cat":[531],"product_tag":[513,514,511,516,519,517,520,515,181,518,512],"class_list":{"0":"post-6346","1":"product","2":"type-product","3":"status-publish","4":"has-post-thumbnail","6":"product_cat-microfonos-audio-y-megafonia","7":"product_tag-altavoces","8":"product_tag-amplificadores","9":"product_tag-audio-y-video","10":"product_tag-audioporteros","11":"product_tag-digital-signage","12":"product_tag-intercomunicadores","13":"product_tag-kits-videoporteros","14":"product_tag-mezcladoras","15":"product_tag-microfonos","16":"product_tag-sistemas-de-enfermeria","17":"product_tag-videoporteros","19":"first","20":"instock","21":"sale","22":"taxable","23":"shipping-taxable","24":"purchasable","25":"product-type-simple"},"aioseo_notices":[],"_links":{"self":[{"href":"https:\/\/tecsecmty.com\/index.php\/wp-json\/wp\/v2\/product\/6346","targetHints":{"allow":["GET"]}}],"collection":[{"href":"https:\/\/tecsecmty.com\/index.php\/wp-json\/wp\/v2\/product"}],"about":[{"href":"https:\/\/tecsecmty.com\/index.php\/wp-json\/wp\/v2\/types\/product"}],"replies":[{"embeddable":true,"href":"https:\/\/tecsecmty.com\/index.php\/wp-json\/wp\/v2\/comments?post=6346"}],"version-history":[{"count":0,"href":"https:\/\/tecsecmty.com\/index.php\/wp-json\/wp\/v2\/product\/6346\/revisions"}],"wp:featuredmedia":[{"embeddable":true,"href":"https:\/\/tecsecmty.com\/index.php\/wp-json\/wp\/v2\/media\/6345"}],"wp:attachment":[{"href":"https:\/\/tecsecmty.com\/index.php\/wp-json\/wp\/v2\/media?parent=6346"}],"wp:term":[{"taxonomy":"product_brand","embeddable":true,"href":"https:\/\/tecsecmty.com\/index.php\/wp-json\/wp\/v2\/product_brand?post=6346"},{"taxonomy":"product_cat","embeddable":true,"href":"https:\/\/tecsecmty.com\/index.php\/wp-json\/wp\/v2\/product_cat?post=6346"},{"taxonomy":"product_tag","embeddable":true,"href":"https:\/\/tecsecmty.com\/index.php\/wp-json\/wp\/v2\/product_tag?post=6346"}],"curies":[{"name":"wp","href":"https:\/\/api.w.org\/{rel}","templated":true}]}}