{"id":6358,"date":"2023-02-23T12:03:49","date_gmt":"2023-02-23T18:03:49","guid":{"rendered":"https:\/\/tecsecmty.com\/index.php\/producto\/commax-ap2sag-intercomunicador-de-audio-para-edificios-compatible-con-panel-audiogate-dr2ag-interconexion-a-2-hilos-a-traves-de-distribuidores-comunicacion-con-estacion-de-guardia-cds2ag-audioga\/"},"modified":"2023-03-22T23:22:13","modified_gmt":"2023-03-23T05:22:13","slug":"commax-ap2sag-intercomunicador-de-audio-para-edificios-compatible-con-panel-audiogate-dr2ag-interconexion-a-2-hilos-a-traves-de-distribuidores-comunicacion-con-estacion-de-guardia-cds2ag-audioga","status":"publish","type":"product","link":"https:\/\/tecsecmty.com\/index.php\/producto\/commax-ap2sag-intercomunicador-de-audio-para-edificios-compatible-con-panel-audiogate-dr2ag-interconexion-a-2-hilos-a-traves-de-distribuidores-comunicacion-con-estacion-de-guardia-cds2ag-audioga\/","title":{"rendered":"COMMAX AP2SAG &#8211; Intercomunicador de audio para edificios, compatible con panel Audiogate DR2AG interconexi\u00f3n a 2 hilos a trav\u00e9s de distribuidores, comunicaci\u00f3n con estaci\u00f3n de guardia CDS2AG\/ #Audiogate"},"content":{"rendered":"<div class=\"row aling-items-center padding-bottom-2x\">\n<div class=\"col-lg-12\">\n<h5 class=\"card-title text-center\">Descripci\u00f3n general<\/h5>\n<p class=\"ql-align-justify\">El equipo\u00a0<strong>AP2SAG<\/strong>\u00a0est\u00e1 dise\u00f1ado para comunicar departamentos con sus visitantes agregando la funcionalidad de apertura de puerta, permite cubrir una distancia de hasta 100 mts\u00a0desde el frente de calle DR2AG, esto significa que puede brindar una soluci\u00f3n para 4 y hasta 1000 apartamentos si la distancia lo permite; son necesarios el frente de calle y el distribuidor para panel de audio. Hay 2 versiones: Una permite conectar 32 unidades y otra permite la conexi\u00f3n de 4 en 4.<\/p>\n<p class=\"ql-align-justify\">\n<p><img decoding=\"async\" class=\"overview-center-img-web\" src=\"https:\/\/tvc.mx\/media\/46617\/cmx107006-1.jpg\" alt=\"\" \/><\/div>\n<\/div>\n<div class=\"row align-items-center padding-bottom-2x\">\n<div class=\"col-md-5\"><img decoding=\"async\" class=\"d-block m-auto img-thumbnail\" src=\"https:\/\/tvc.mx\/media\/46620\/cmx107006-2.jpg\" alt=\" \" \/><\/div>\n<div class=\"col-md-7 text-md-left text-center\">\n<h2>Especificaciones<\/h2>\n<p class=\"text-muted\">\n<ul>\n<li class=\"ql-align-justify\">Fuente de Poder: DC 12V (Desde el Distribuidor).<\/li>\n<li class=\"ql-align-justify\">Temperatura de Operaci\u00f3n: -10 C\u00b0 ~+40 C\u00b0.<\/li>\n<li class=\"ql-align-justify\">Distancia: M\u00e1ximo 100Mts (Desde el Distribuidor).<\/li>\n<li class=\"ql-align-justify\">Tipo de Montaje: Montaje en Superficie.<\/li>\n<li class=\"ql-align-justify\">Cableado: Sin polaridad de 2 hilos.<\/li>\n<li class=\"ql-align-justify\">Dimensi\u00f3n (mm): 72(W) x 210(H) x 33(61)(D).<\/li>\n<\/ul>\n<p>&nbsp;<\/p>\n<\/div>\n<\/div>\n<hr class=\"padding-bottom-2x\" \/>\n<div class=\"row align-items-center padding-bottom-2x\">\n<div class=\"col-md-5 order-md-2\"><img decoding=\"async\" class=\"d-block m-auto img-thumbnail\" src=\"https:\/\/tvc.mx\/media\/46623\/cmx107006-3.jpg\" alt=\" \" \/><\/div>\n<div class=\"col-md-7 order-md-1 text-md-left text-center\">\n<h2>Funciones<\/h2>\n<p class=\"text-muted\">\n<ul>\n<li class=\"ql-align-justify\">Conexi\u00f3n de 2 hilos sin polaridad desde el Distribuidor.<\/li>\n<li class=\"ql-align-justify\">Capacidad de hablar con el visitante y la puerta.<\/li>\n<li class=\"ql-align-justify\">Fuente de Poder: Se alimenta directo del Distribuidor de piso (CCU204AGF o CCU232AGF)<\/li>\n<\/ul>\n<\/div>\n<\/div>\n","protected":false},"excerpt":{"rendered":"<p>Descripci\u00f3n general El equipo\u00a0AP2SAG\u00a0est\u00e1 dise\u00f1ado para comunicar departamentos con sus visitantes agregando la funcionalidad de apertura de puerta, permite cubrir una distancia de hasta 100 mts\u00a0desde el frente de calle DR2AG, esto significa que puede brindar una soluci\u00f3n para 4 y hasta 1000 apartamentos si&hellip;<\/p>\n","protected":false},"featured_media":6357,"comment_status":"open","ping_status":"closed","template":"","meta":{"om_disable_all_campaigns":false,"_monsterinsights_skip_tracking":false,"_monsterinsights_sitenote_active":false,"_monsterinsights_sitenote_note":"","_monsterinsights_sitenote_category":0},"product_brand":[],"product_cat":[533],"product_tag":[513,514,511,516,519,517,520,515,181,518,512],"class_list":{"0":"post-6358","1":"product","2":"type-product","3":"status-publish","4":"has-post-thumbnail","6":"product_cat-audioporteros","7":"product_tag-altavoces","8":"product_tag-amplificadores","9":"product_tag-audio-y-video","10":"product_tag-audioporteros","11":"product_tag-digital-signage","12":"product_tag-intercomunicadores","13":"product_tag-kits-videoporteros","14":"product_tag-mezcladoras","15":"product_tag-microfonos","16":"product_tag-sistemas-de-enfermeria","17":"product_tag-videoporteros","19":"first","20":"instock","21":"sale","22":"taxable","23":"shipping-taxable","24":"purchasable","25":"product-type-simple"},"aioseo_notices":[],"_links":{"self":[{"href":"https:\/\/tecsecmty.com\/index.php\/wp-json\/wp\/v2\/product\/6358","targetHints":{"allow":["GET"]}}],"collection":[{"href":"https:\/\/tecsecmty.com\/index.php\/wp-json\/wp\/v2\/product"}],"about":[{"href":"https:\/\/tecsecmty.com\/index.php\/wp-json\/wp\/v2\/types\/product"}],"replies":[{"embeddable":true,"href":"https:\/\/tecsecmty.com\/index.php\/wp-json\/wp\/v2\/comments?post=6358"}],"version-history":[{"count":0,"href":"https:\/\/tecsecmty.com\/index.php\/wp-json\/wp\/v2\/product\/6358\/revisions"}],"wp:featuredmedia":[{"embeddable":true,"href":"https:\/\/tecsecmty.com\/index.php\/wp-json\/wp\/v2\/media\/6357"}],"wp:attachment":[{"href":"https:\/\/tecsecmty.com\/index.php\/wp-json\/wp\/v2\/media?parent=6358"}],"wp:term":[{"taxonomy":"product_brand","embeddable":true,"href":"https:\/\/tecsecmty.com\/index.php\/wp-json\/wp\/v2\/product_brand?post=6358"},{"taxonomy":"product_cat","embeddable":true,"href":"https:\/\/tecsecmty.com\/index.php\/wp-json\/wp\/v2\/product_cat?post=6358"},{"taxonomy":"product_tag","embeddable":true,"href":"https:\/\/tecsecmty.com\/index.php\/wp-json\/wp\/v2\/product_tag?post=6358"}],"curies":[{"name":"wp","href":"https:\/\/api.w.org\/{rel}","templated":true}]}}