{"id":6360,"date":"2023-02-23T12:03:51","date_gmt":"2023-02-23T18:03:51","guid":{"rendered":"https:\/\/tecsecmty.com\/index.php\/producto\/commax-audiogate16pak-paquete-de-audioportero-departamental-sistema-audiogate-con-apertura-de-puerta-incluye-frente-de-calle-dr2ag-16-auriculares-distribuidor-de-16-posiciones-y-fuente-de-24vdc\/"},"modified":"2023-03-22T23:22:13","modified_gmt":"2023-03-23T05:22:13","slug":"commax-audiogate16pak-paquete-de-audioportero-departamental-sistema-audiogate-con-apertura-de-puerta-incluye-frente-de-calle-dr2ag-16-auriculares-distribuidor-de-16-posiciones-y-fuente-de-24vdc","status":"publish","type":"product","link":"https:\/\/tecsecmty.com\/index.php\/producto\/commax-audiogate16pak-paquete-de-audioportero-departamental-sistema-audiogate-con-apertura-de-puerta-incluye-frente-de-calle-dr2ag-16-auriculares-distribuidor-de-16-posiciones-y-fuente-de-24vdc\/","title":{"rendered":"COMMAX AUDIOGATE16PAK &#8211; Paquete de Audioportero departamental sistema Audiogate con apertura de puerta, incluye frente de calle DR2AG, 16 auriculares, distribuidor de 16 posiciones y fuente de 24VDC\/ Soporta Estaci\u00f3n de guardia\/ #Audiogate"},"content":{"rendered":"<div class=\"row aling-items-center padding-bottom-2x\">\n<div class=\"col-lg-12\">\n<h5 class=\"card-title text-center\">Descripci\u00f3n general<\/h5>\n<p>El sistema Commax\u00a0de Audio Gate es Optimizado por Multi-Complex Departamentos y Edificios. Tambi\u00e9n provee un m\u00e9todo simple de instalaci\u00f3n expandida por la implementaci\u00f3n de costo-efectivo. Provee mayor conveniencia y seguridad.<\/p>\n<p>El paquete incluye los siguiente:<\/p>\n<ul>\n<li class=\"ql-align-justify\">1 Frente de calle modelo\u00a0DR2AG<\/li>\n<li class=\"ql-align-justify\">1 Distribuidor de piso modelo\u00a0CCU216AGF<\/li>\n<li class=\"ql-align-justify\">16 Intercomunicadores modelo\u00a0AP2SAG<\/li>\n<li class=\"ql-align-justify\">1 Fuente de poder de 24V modelo RF2A<\/li>\n<\/ul>\n<p><img decoding=\"async\" class=\"overview-center-img-web\" src=\"https:\/\/tvc.mx\/media\/213179\/COMMAX~3.PNG\" alt=\"\" \/><\/div>\n<\/div>\n<div class=\"row align-items-center padding-bottom-2x\">\n<div class=\"col-md-5\"><img decoding=\"async\" class=\"d-block m-auto img-thumbnail\" src=\"https:\/\/tvc.mx\/media\/213183\/COMMAX~4.PNG\" alt=\" \" \/><\/div>\n<div class=\"col-md-7 text-md-left text-center\">\n<h2>Frente de calle DR2AG<\/h2>\n<p class=\"text-muted\">\n<p>Un v\u00eddeo portero es un aparato que nos permite tener control de qui\u00e9n accede y qui\u00e9n no a nuestras instalaciones u hogares, de modo que el v\u00eddeo portero DR2AG junto con un frente de calle nos facilitan esta funci\u00f3n. Cuando el bot\u00f3n de alarma del frente de calle es accionado, nuestro portero suena de modo que el usuario en el interior tiene la oportunidad de ver qui\u00e9n se encuentra afuera por medio de la c\u00e1mara de nuestro frente de calle, una vez identificado el usuario desde el interior puede permitirle el paso presionando el bot\u00f3n t\u00e1ctil con forma de llave<\/p>\n<p>Caracter\u00edsticas:<\/p>\n<ul>\n<li class=\"ql-align-justify\">Fuente de poder: DC 12V, 1Amp.<\/li>\n<li class=\"ql-align-justify\">Consumo de energ\u00eda:<\/li>\n<li class=\"ql-align-justify ql-indent-1\">M\u00e1ximo: 500 mA.<\/li>\n<li class=\"ql-align-justify ql-indent-1\">En Espera: 400 mA.<\/li>\n<li class=\"ql-align-justify\">Tipo de Montaje: Montaje Empotrado.<\/li>\n<li class=\"ql-align-justify\">Dimensi\u00f3n (mm): 130(W) x 315(H) x 10(38)(D).<\/li>\n<li class=\"ql-align-justify\">Tarjeta RFID: No disponible<\/li>\n<li class=\"ql-align-justify\">Cableado: Del Distribuidor al tel\u00e9fono del lobby: 1 UTP.<\/li>\n<li class=\"ql-align-justify\">Unidad para el hogar: 2 cables (no-polaridad).<\/li>\n<li class=\"ql-align-justify\">Capacidad de expansi\u00f3n de hasta 4 ~ 1,000 unidades dom\u00e9sticas.<\/li>\n<li class=\"ql-align-justify\">Informaci\u00f3n en Pantalla Clara y Brillante legible bajo ambiente de luz brillante o baja a trav\u00e9s de la exhibici\u00f3n de OLED.<\/li>\n<\/ul>\n<p>&nbsp;<\/p>\n<\/div>\n<\/div>\n<hr class=\"padding-bottom-2x\" \/>\n<div class=\"row align-items-center padding-bottom-2x\">\n<div class=\"col-md-5 order-md-2\"><img decoding=\"async\" class=\"d-block m-auto img-thumbnail\" src=\"https:\/\/tvc.mx\/media\/213187\/COAC83~1.PNG\" alt=\" \" \/><\/div>\n<div class=\"col-md-7 order-md-1 text-md-left text-center\">\n<h2>Intercomunicador AP2SAG<\/h2>\n<p class=\"text-muted\">\n<p>El equipo\u00a0AP2SAG\u00a0est\u00e1 dise\u00f1ado para comunicar departamentos con sus visitantes agregando la funcionalidad de apertura de puerta, permite cubrir una distancia de hasta 100 mts\u00a0desde el frente de calle DR2AG, esto significa que puede brindar una soluci\u00f3n para 4 y hasta 1000 apartamentos si la distancia lo permite; son necesarios el frente de calle y el distribuidor para panel de audio.<\/p>\n<p>Caracter\u00edsticas<\/p>\n<ul>\n<li class=\"ql-align-justify\">Fuente de Poder: DC 12V (Desde el Distribuidor).<\/li>\n<li class=\"ql-align-justify\">Temperatura de Operaci\u00f3n: -10 C\u00b0 ~+40 C\u00b0.<\/li>\n<li class=\"ql-align-justify\">Distancia: M\u00e1ximo 100 Mts. (Desde el Distribuidor).<\/li>\n<li class=\"ql-align-justify\">Tipo de Montaje: Montaje en Superficie.<\/li>\n<li class=\"ql-align-justify\">Cableado: Sin polaridad de 2 hilos.<\/li>\n<li class=\"ql-align-justify\">Dimensi\u00f3n (mm): 72(W) x 210(H) x 33(61)(D)<\/li>\n<\/ul>\n<p>&nbsp;<\/p>\n<\/div>\n<\/div>\n<hr class=\"padding-bottom-2x\" \/>\n<div class=\"row align-items-center padding-bottom-2x\">\n<div class=\"col-md-5\"><img decoding=\"async\" class=\"d-block m-auto img-thumbnail\" src=\"https:\/\/tvc.mx\/media\/213191\/COB8A0~1.PNG\" alt=\" \" \/><\/div>\n<div class=\"col-md-7 text-md-left text-center\">\n<h2>Distribuidor CCU216AGF<\/h2>\n<p class=\"text-muted\">\n<p>El distribuidor de piso proporciona el poder para cada una de las necesidades familiares. 1 UTP Cableado entre los distribuidores de piso. Mayor Flexibilidad para varios sitios (2 tipos de canal: 4, 8, 16 y 32 posiciones).<\/p>\n<p>Caracter\u00edsticas:<\/p>\n<ul>\n<li class=\"ql-align-justify\">Fuente de poder: DC 24V, 1.5A<\/li>\n<li class=\"ql-align-justify\">Temperatura de operaci\u00f3n: -10C\u00b0 ~ +40C\u00b0<\/li>\n<li class=\"ql-align-justify\">Canal: 16CH<\/li>\n<li class=\"ql-align-justify\">Dimensiones (mm): 419(W) x232(H) x37(D)<\/li>\n<li class=\"ql-align-justify\">Tipo de Montaje: Tipo Riel DIN<\/li>\n<li class=\"ql-align-justify\">Cableado: Del Distribuidor al tel\u00e9fono del lobby: 1 UTP<\/li>\n<li class=\"ql-align-justify\">Unidad para el hogar: 2 cables (no-polaridad)<\/li>\n<li class=\"ql-align-justify\">Distancia: M\u00e1ximo 100Mts.<\/li>\n<\/ul>\n<p>&nbsp;<\/p>\n<\/div>\n<\/div>\n<hr class=\"padding-bottom-2x\" \/>\n<div class=\"row align-items-center padding-bottom-2x\">\n<div class=\"col-md-5 order-md-2\"><img decoding=\"async\" class=\"d-block m-auto img-thumbnail\" src=\"https:\/\/tvc.mx\/media\/213195\/CO022B~1.PNG\" alt=\" \" \/><\/div>\n<div class=\"col-md-7 order-md-1 text-md-left text-center\">\n<h2>Fuente de alimentaci\u00f3n 24V DC 1A RF2A<\/h2>\n<p class=\"text-muted\">\n<p>Esta fuente de alimentaci\u00f3n de corriente continua proporciona una potencia a un dispositivo de aplicaci\u00f3n el\u00e9ctrica que no se puede proporcionar alimentaci\u00f3n de CA directamente.<\/p>\n<p>Fuente de alimentaci\u00f3n de 24 Volts ideal para la l\u00ednea Modum y Audiogate y TP90.<\/p>\n<h2>Caracter\u00edsticas<\/h2>\n<ul>\n<li class=\"ql-align-justify\">Fuente de Alimentaci\u00f3n: 110\/120\/220\/230\/240V.<\/li>\n<li class=\"ql-align-justify\">Frecuencia de Entrada: 50-60 Hz.<\/li>\n<li class=\"ql-align-justify\">Salida de Voltaje: 24 V.<\/li>\n<li class=\"ql-align-justify\">Corriente: 1 Amp.<\/li>\n<\/ul>\n<\/div>\n<\/div>\n","protected":false},"excerpt":{"rendered":"<p>Descripci\u00f3n general El sistema Commax\u00a0de Audio Gate es Optimizado por Multi-Complex Departamentos y Edificios. Tambi\u00e9n provee un m\u00e9todo simple de instalaci\u00f3n expandida por la implementaci\u00f3n de costo-efectivo. Provee mayor conveniencia y seguridad. El paquete incluye los siguiente: 1 Frente de calle modelo\u00a0DR2AG 1 Distribuidor de&hellip;<\/p>\n","protected":false},"featured_media":6359,"comment_status":"open","ping_status":"closed","template":"","meta":{"om_disable_all_campaigns":false,"_monsterinsights_skip_tracking":false,"_monsterinsights_sitenote_active":false,"_monsterinsights_sitenote_note":"","_monsterinsights_sitenote_category":0},"product_brand":[],"product_cat":[533],"product_tag":[513,514,511,516,519,517,520,515,181,518,512],"class_list":{"0":"post-6360","1":"product","2":"type-product","3":"status-publish","4":"has-post-thumbnail","6":"product_cat-audioporteros","7":"product_tag-altavoces","8":"product_tag-amplificadores","9":"product_tag-audio-y-video","10":"product_tag-audioporteros","11":"product_tag-digital-signage","12":"product_tag-intercomunicadores","13":"product_tag-kits-videoporteros","14":"product_tag-mezcladoras","15":"product_tag-microfonos","16":"product_tag-sistemas-de-enfermeria","17":"product_tag-videoporteros","19":"first","20":"instock","21":"sale","22":"taxable","23":"shipping-taxable","24":"purchasable","25":"product-type-simple"},"aioseo_notices":[],"_links":{"self":[{"href":"https:\/\/tecsecmty.com\/index.php\/wp-json\/wp\/v2\/product\/6360","targetHints":{"allow":["GET"]}}],"collection":[{"href":"https:\/\/tecsecmty.com\/index.php\/wp-json\/wp\/v2\/product"}],"about":[{"href":"https:\/\/tecsecmty.com\/index.php\/wp-json\/wp\/v2\/types\/product"}],"replies":[{"embeddable":true,"href":"https:\/\/tecsecmty.com\/index.php\/wp-json\/wp\/v2\/comments?post=6360"}],"version-history":[{"count":0,"href":"https:\/\/tecsecmty.com\/index.php\/wp-json\/wp\/v2\/product\/6360\/revisions"}],"wp:featuredmedia":[{"embeddable":true,"href":"https:\/\/tecsecmty.com\/index.php\/wp-json\/wp\/v2\/media\/6359"}],"wp:attachment":[{"href":"https:\/\/tecsecmty.com\/index.php\/wp-json\/wp\/v2\/media?parent=6360"}],"wp:term":[{"taxonomy":"product_brand","embeddable":true,"href":"https:\/\/tecsecmty.com\/index.php\/wp-json\/wp\/v2\/product_brand?post=6360"},{"taxonomy":"product_cat","embeddable":true,"href":"https:\/\/tecsecmty.com\/index.php\/wp-json\/wp\/v2\/product_cat?post=6360"},{"taxonomy":"product_tag","embeddable":true,"href":"https:\/\/tecsecmty.com\/index.php\/wp-json\/wp\/v2\/product_tag?post=6360"}],"curies":[{"name":"wp","href":"https:\/\/api.w.org\/{rel}","templated":true}]}}