{"id":6362,"date":"2023-02-23T12:03:53","date_gmt":"2023-02-23T18:03:53","guid":{"rendered":"https:\/\/tecsecmty.com\/index.php\/producto\/commax-audiogatepack8-paquete-de-audioportero-para-edificios-departamentales-incluye-frente-de-calle-8-auriculares-2-distribuidores-ccu204agf-2-fuentes-de-24-vdc-audiogate\/"},"modified":"2023-03-22T23:22:13","modified_gmt":"2023-03-23T05:22:13","slug":"commax-audiogatepack8-paquete-de-audioportero-para-edificios-departamentales-incluye-frente-de-calle-8-auriculares-2-distribuidores-ccu204agf-2-fuentes-de-24-vdc-audiogate","status":"publish","type":"product","link":"https:\/\/tecsecmty.com\/index.php\/producto\/commax-audiogatepack8-paquete-de-audioportero-para-edificios-departamentales-incluye-frente-de-calle-8-auriculares-2-distribuidores-ccu204agf-2-fuentes-de-24-vdc-audiogate\/","title":{"rendered":"COMMAX AUDIOGATEPACK8 &#8211; Paquete de Audioportero para edificios departamentales\/ Incluye Frente de calle, 8 Auriculares, 2 distribuidores CCU204AGF, 2 fuentes de 24 VDC \/ #Audiogate"},"content":{"rendered":"<div class=\"row aling-items-center padding-bottom-2x\">\n<div class=\"col-lg-12\">\n<h5 class=\"card-title text-center\">Descripci\u00f3n general<\/h5>\n<p>El sistema Commax\u00a0de Audio Gate es Optimizado por Multi-Complex Departamentos y Edificios. Tambi\u00e9n provee un m\u00e9todo simple de instalaci\u00f3n expandida por la implementaci\u00f3n de costo-efectivo. Provee mayor conveniencia y seguridad.<\/p>\n<p>El paquete incluye los siguiente:<\/p>\n<ul>\n<li>1 Frente de calle modelo\u00a0<strong>DR2AG<\/strong><\/li>\n<li>1 Estaci\u00f3n de guardia modelo\u00a0<strong>CDS2AG<\/strong><\/li>\n<li>2 Distribuidores de piso modelo\u00a0<strong>CCU204AGF<\/strong><\/li>\n<li>8 Intercomunicadores modelo\u00a0<strong>AP2SAG<\/strong><\/li>\n<\/ul>\n<p><img decoding=\"async\" class=\"overview-center-img-web\" src=\"https:\/\/tvc.mx\/media\/46647\/cmx107024-1.jpg\" alt=\"\" \/><\/div>\n<\/div>\n<div class=\"row align-items-center padding-bottom-2x\">\n<div class=\"col-md-5\"><img decoding=\"async\" class=\"d-block m-auto img-thumbnail\" src=\"https:\/\/tvc.mx\/media\/46650\/cmx107024-2.jpg\" alt=\" \" \/><\/div>\n<div class=\"col-md-7 text-md-left text-center\">\n<h2>Frente de calle DR2AG<\/h2>\n<p class=\"text-muted\">\n<p class=\"ql-align-justify\">Un v\u00eddeo portero es un aparato que nos permite tener control de qui\u00e9n accede y qui\u00e9n no a nuestras instalaciones u hogares, de modo que el v\u00eddeo portero DR2AG junto con un frente de calle nos facilitan esta funci\u00f3n. Cuando el bot\u00f3n de alarma del frente de calle es accionado, nuestro portero suena de modo que el usuario en el interior tiene la oportunidad de ver qui\u00e9n se encuentra afuera por medio de la c\u00e1mara de nuestro frente de calle, una vez identificado el usuario desde el interior puede permitirle el paso presionando el bot\u00f3n t\u00e1ctil con forma de llave<\/p>\n<p><strong>Caracter\u00edsticas<\/strong>:<\/p>\n<ul>\n<li class=\"ql-align-justify\">Fuente de poder: DC 12V, 1Amp.<\/li>\n<li class=\"ql-align-justify\">Consumo de energ\u00eda:<\/li>\n<li class=\"ql-align-justify ql-indent-1\">M\u00e1ximo: 500 mA.<\/li>\n<li class=\"ql-align-justify ql-indent-1\">En Espera: 400 mA.<\/li>\n<li class=\"ql-align-justify\">Tipo de Montaje: Montaje Empotrado.<\/li>\n<li class=\"ql-align-justify\">Dimensi\u00f3n (mm): 130(W) x 315(H) x 10(38)(D).<\/li>\n<li class=\"ql-align-justify\">Tarjeta RFID: No disponible<\/li>\n<li class=\"ql-align-justify\">Cableado: Del Distribuidor al tel\u00e9fono del lobby: 1 UTP.<\/li>\n<li class=\"ql-align-justify\">Unidad para el hogar: 2 cables (no-polaridad).<\/li>\n<li class=\"ql-align-justify\">Capacidad de expansi\u00f3n de hasta 4 ~ 1,000 unidades dom\u00e9sticas.<\/li>\n<li class=\"ql-align-justify\">Informaci\u00f3n en Pantalla Clara y Brillante legible bajo ambiente de luz brillante o baja a trav\u00e9s de la exhibici\u00f3n de OLED.<\/li>\n<\/ul>\n<p>&nbsp;<\/p>\n<\/div>\n<\/div>\n<hr class=\"padding-bottom-2x\" \/>\n<div class=\"row align-items-center padding-bottom-2x\">\n<div class=\"col-md-5 order-md-2\"><img decoding=\"async\" class=\"d-block m-auto img-thumbnail\" src=\"https:\/\/tvc.mx\/media\/46653\/cmx107024-10.jpg\" alt=\" \" \/><\/div>\n<div class=\"col-md-7 order-md-1 text-md-left text-center\">\n<h2>Intercomunicador AP2SAG<\/h2>\n<p class=\"text-muted\">\n<p class=\"ql-align-justify\">El equipo\u00a0<strong>AP2SAG<\/strong>\u00a0est\u00e1 dise\u00f1ado para comunicar departamentos con sus visitantes agregando la funcionalidad de apertura de puerta, permite cubrir una distancia de hasta 100 mts\u00a0desde el frente de calle DR2AG, esto significa que puede brindar una soluci\u00f3n para 4 y hasta 1000 apartamentos si la distancia lo permite; son necesarios el frente de calle y el distribuidor para panel de audio.<\/p>\n<p class=\"ql-align-justify\"><strong>Caracter\u00edsticas<\/strong><\/p>\n<ul>\n<li class=\"ql-align-justify\">Fuente de Poder: DC 12V (Desde el Distribuidor).<\/li>\n<li class=\"ql-align-justify\">Temperatura de Operaci\u00f3n: -10 C\u00b0 ~+40 C\u00b0.<\/li>\n<li class=\"ql-align-justify\">Distancia: M\u00e1ximo 100 Mts. (Desde el Distribuidor).<\/li>\n<li class=\"ql-align-justify\">Tipo de Montaje: Montaje en Superficie.<\/li>\n<li class=\"ql-align-justify\">Cableado: Sin polaridad de 2 hilos.<\/li>\n<li class=\"ql-align-justify\">Dimensi\u00f3n (mm): 72(W) x 210(H) x 33(61)(D).<\/li>\n<\/ul>\n<p>&nbsp;<\/p>\n<\/div>\n<\/div>\n<hr class=\"padding-bottom-2x\" \/>\n<div class=\"row align-items-center padding-bottom-2x\">\n<div class=\"col-md-5\"><img decoding=\"async\" class=\"d-block m-auto img-thumbnail\" src=\"https:\/\/tvc.mx\/media\/46656\/cmx107024-9.jpg\" alt=\" \" \/><\/div>\n<div class=\"col-md-7 text-md-left text-center\">\n<h2>Distribuidor CCU204AGF<\/h2>\n<p class=\"text-muted\">\n<p>El distribuidor de piso proporciona el poder para cada una de las necesidades familiares. 1 UTP Cableado entre los distribuidores de piso. Mayor Flexibilidad para varios sitios (2 tipos de canal: 4, 8, 16 y 32 posiciones).<\/p>\n<p><strong>Caracter\u00edsticas<\/strong>:<\/p>\n<ul>\n<li><strong>Cableado:\u00a0<\/strong>para el vest\u00edbulo 6 hilos comunes, para el piso distribuidor 8 hilos comunes.<\/li>\n<li><strong>Fuente:\u00a0<\/strong>24 VDC\/ 1.5 A<\/li>\n<li><strong>Consumo:\u00a0<\/strong>En Espera: 210 mA \/ M\u00e1ximo: 280 mA<\/li>\n<li><strong>Rango:\u00a0<\/strong>200 m\/ \u00f8 .65 mm (grosor del cable)<\/li>\n<li class=\"ql-align-justify\">Unidad a 4 canales<\/li>\n<li class=\"ql-align-justify\">Alimentaci\u00f3n disponible para un m\u00e1ximo de tres distribuidores con una sola fuente de 24V CD (<strong>RF2AS no icluida<\/strong>) .<\/li>\n<li class=\"ql-align-justify\">Se puede utilizar mediante la conexi\u00f3n con el tipo de bucle de 2 hilos Interphone (ex. AP2SAG) fabricado en COMMAX.<\/li>\n<li class=\"ql-align-justify\">Conexi\u00f3n con un tel\u00e9fono a 6 hilos y se conecta a un distribuidor a 8 hilos<\/li>\n<li class=\"ql-align-justify\">Es posible la actualizaci\u00f3n remota desde el tel\u00e9fono guardia.<\/li>\n<li class=\"ql-align-justify\">Por favor asegurarse de la correcta secuencia de los cables.<\/li>\n<li class=\"ql-align-justify\">Evitar la duplicaci\u00f3n de otros dispositivos de identificaci\u00f3n.<\/li>\n<li class=\"ql-align-justify\">Cuando use un adaptador de alimentaci\u00f3n de otro proveedor: DC24V\/3A<\/li>\n<\/ul>\n<p>&nbsp;<\/p>\n<\/div>\n<\/div>\n<hr class=\"padding-bottom-2x\" \/>\n<div class=\"row align-items-center padding-bottom-2x\">\n<div class=\"col-md-5 order-md-2\"><img decoding=\"async\" class=\"d-block m-auto img-thumbnail\" src=\"https:\/\/tvc.mx\/media\/46659\/cmx107024-8.jpg\" alt=\" \" \/><\/div>\n<div class=\"col-md-7 order-md-1 text-md-left text-center\">\n<h2>Estaci\u00f3n de guardia CDS2AG<\/h2>\n<p class=\"text-muted\">\n<p>Es un sistema de audio para guardia o caseta de vigilancia. Este equipo es utilizado para los intercomunicadores ubicados dentro de los departamentos; manteniendo as\u00ed una comunicaci\u00f3n desde un departamento hasta la caseta de vigilancia o punto de vigilancia.<\/p>\n<p><strong>Caracter\u00edsticas:<\/strong><\/p>\n<ul>\n<li class=\"ql-align-justify\">Fuente de poder: DC 12V, 1Amp.<\/li>\n<li class=\"ql-align-justify\">Temperatura de Operaci\u00f3n: -10C\u00b0 ~ +40C\u00b0.<\/li>\n<li class=\"ql-align-justify\">Distancia: M\u00e1xima 100 Mts.<\/li>\n<li class=\"ql-align-justify\">Tipo de Montaje: Tipo Escritorio.<\/li>\n<li class=\"ql-align-justify\">Cableado: 4 Cables.<\/li>\n<li class=\"ql-align-justify\">Dimensi\u00f3n (mm): 230(L) x 200(A) x 35(D).<\/li>\n<li class=\"ql-align-justify\">1 Cable UTP por una simple instalaci\u00f3n desde el distribuidor de piso.<\/li>\n<li class=\"ql-align-justify\">Llamada del tel\u00e9fono de Lobby.<\/li>\n<li class=\"ql-align-justify\">Funci\u00f3n CID para identificador de llamadas.<\/li>\n<\/ul>\n<\/div>\n<\/div>\n","protected":false},"excerpt":{"rendered":"<p>Descripci\u00f3n general El sistema Commax\u00a0de Audio Gate es Optimizado por Multi-Complex Departamentos y Edificios. Tambi\u00e9n provee un m\u00e9todo simple de instalaci\u00f3n expandida por la implementaci\u00f3n de costo-efectivo. Provee mayor conveniencia y seguridad. El paquete incluye los siguiente: 1 Frente de calle modelo\u00a0DR2AG 1 Estaci\u00f3n de&hellip;<\/p>\n","protected":false},"featured_media":6361,"comment_status":"open","ping_status":"closed","template":"","meta":{"om_disable_all_campaigns":false,"_monsterinsights_skip_tracking":false,"_monsterinsights_sitenote_active":false,"_monsterinsights_sitenote_note":"","_monsterinsights_sitenote_category":0},"product_brand":[],"product_cat":[533],"product_tag":[513,514,511,516,519,517,520,515,181,518,512],"class_list":{"0":"post-6362","1":"product","2":"type-product","3":"status-publish","4":"has-post-thumbnail","6":"product_cat-audioporteros","7":"product_tag-altavoces","8":"product_tag-amplificadores","9":"product_tag-audio-y-video","10":"product_tag-audioporteros","11":"product_tag-digital-signage","12":"product_tag-intercomunicadores","13":"product_tag-kits-videoporteros","14":"product_tag-mezcladoras","15":"product_tag-microfonos","16":"product_tag-sistemas-de-enfermeria","17":"product_tag-videoporteros","19":"first","20":"instock","21":"sale","22":"taxable","23":"shipping-taxable","24":"purchasable","25":"product-type-simple"},"aioseo_notices":[],"_links":{"self":[{"href":"https:\/\/tecsecmty.com\/index.php\/wp-json\/wp\/v2\/product\/6362","targetHints":{"allow":["GET"]}}],"collection":[{"href":"https:\/\/tecsecmty.com\/index.php\/wp-json\/wp\/v2\/product"}],"about":[{"href":"https:\/\/tecsecmty.com\/index.php\/wp-json\/wp\/v2\/types\/product"}],"replies":[{"embeddable":true,"href":"https:\/\/tecsecmty.com\/index.php\/wp-json\/wp\/v2\/comments?post=6362"}],"version-history":[{"count":0,"href":"https:\/\/tecsecmty.com\/index.php\/wp-json\/wp\/v2\/product\/6362\/revisions"}],"wp:featuredmedia":[{"embeddable":true,"href":"https:\/\/tecsecmty.com\/index.php\/wp-json\/wp\/v2\/media\/6361"}],"wp:attachment":[{"href":"https:\/\/tecsecmty.com\/index.php\/wp-json\/wp\/v2\/media?parent=6362"}],"wp:term":[{"taxonomy":"product_brand","embeddable":true,"href":"https:\/\/tecsecmty.com\/index.php\/wp-json\/wp\/v2\/product_brand?post=6362"},{"taxonomy":"product_cat","embeddable":true,"href":"https:\/\/tecsecmty.com\/index.php\/wp-json\/wp\/v2\/product_cat?post=6362"},{"taxonomy":"product_tag","embeddable":true,"href":"https:\/\/tecsecmty.com\/index.php\/wp-json\/wp\/v2\/product_tag?post=6362"}],"curies":[{"name":"wp","href":"https:\/\/api.w.org\/{rel}","templated":true}]}}