{"id":6368,"date":"2023-02-23T12:03:57","date_gmt":"2023-02-23T18:03:57","guid":{"rendered":"https:\/\/tecsecmty.com\/index.php\/producto\/commax-dp2lmb2805pak-paquete-de-audioportero-con-apertura-de-puerta-incluye-cerradura-magnetica-de-280-kg-o-600-lb-y-soporte-de-instalacion-en-zl\/"},"modified":"2023-03-22T23:22:16","modified_gmt":"2023-03-23T05:22:16","slug":"commax-dp2lmb2805pak-paquete-de-audioportero-con-apertura-de-puerta-incluye-cerradura-magnetica-de-280-kg-o-600-lb-y-soporte-de-instalacion-en-zl","status":"publish","type":"product","link":"https:\/\/tecsecmty.com\/index.php\/producto\/commax-dp2lmb2805pak-paquete-de-audioportero-con-apertura-de-puerta-incluye-cerradura-magnetica-de-280-kg-o-600-lb-y-soporte-de-instalacion-en-zl\/","title":{"rendered":"COMMAX DP2LMB2805PAK &#8211; Paquete de audioportero con apertura de puerta, incluye cerradura magn\u00e9tica de 280 Kg o 600 lb y soporte de instalaci\u00f3n en ZL"},"content":{"rendered":"<div class=\"row aling-items-center padding-bottom-2x\">\n<div class=\"col-lg-12\">\n<h5 class=\"card-title text-center\">INFORMACION GENERAL<\/h5>\n<p>Paquete de audio-portero con apertura de puerta, incluye cerradura magn\u00e9tica de 280 Kg o 600lb y soporte de instalaci\u00f3n en ZL.<\/p>\n<p><strong>El paquete incluye lo siguiente:<\/strong><\/p>\n<ul>\n<li>1 Interfono o intercomunicador con auricular modelo DP2S Commax<\/li>\n<li>1 Frente de calle para exterior modelo DR2GN de la marca Commax<\/li>\n<li>1 Cerradura magn\u00e9tica de 280 Kg o 600 Lb modelo LM2805 de la marca ZKTeco<\/li>\n<li>1 Soporte de fijaci\u00f3n para im\u00e1n de 280Kg modelo LMB180ZL de la marca ZKteco<\/li>\n<\/ul>\n<p><img decoding=\"async\" class=\"overview-center-img-web\" src=\"https:\/\/tvc.mx\/media\/172941\/cmx2420007-1.jpg\" alt=\"\" \/><\/div>\n<\/div>\n<div class=\"row align-items-center padding-bottom-2x\">\n<div class=\"col-md-5\"><img decoding=\"async\" class=\"d-block m-auto img-thumbnail\" src=\"https:\/\/tvc.mx\/media\/172945\/cmx2420007-2.jpg\" alt=\" \" \/><\/div>\n<div class=\"col-md-7 text-md-left text-center\">\n<h2>KIT DE AUDIO PORTERO DP2SDR2GN<\/h2>\n<p class=\"text-muted\">\n<p>Estos dispositivos cuentan con una excelente transmisi\u00f3n de audio y \u00fanicamente son compatibles con modelos de transmisi\u00f3n de audio bidireccional, este equipo tambi\u00e9n cuenta con la capacidad de realizar una apertura de puerta hacia una contrachapa.<\/p>\n<p>Los audio porteros Commax cuentan con una conexi\u00f3n de hasta 2 frentes de calle, estos frentes de calle \u00fanicamente transmiten audio a trav\u00e9s del cableado UTP y tambi\u00e9n en el frente de calle cuentan con una salida de 2 hilos para conectar una contrachapa el\u00e9ctrica normalmente abierta (NO) para la apertura de puerta.<\/p>\n<p>&nbsp;<\/p>\n<\/div>\n<\/div>\n<hr class=\"padding-bottom-2x\" \/>\n<div class=\"row align-items-center padding-bottom-2x\">\n<div class=\"col-md-5 order-md-2\"><img decoding=\"async\" class=\"d-block m-auto img-thumbnail\" src=\"https:\/\/tvc.mx\/media\/172949\/cmx2420007-3.jpg\" alt=\" \" \/><\/div>\n<div class=\"col-md-7 order-md-1 text-md-left text-center\">\n<h2>CARACTER\u00cdSTICAS DEL INTERCOMUNICADOR DP2S<\/h2>\n<p class=\"text-muted\">\n<ul>\n<li class=\"ql-align-justify\">Salida de relevador normalmente abierta (NO)<\/li>\n<li class=\"ql-align-justify\">Fuente de energ\u00eda: ~ 100\/110\/120 VAC, 50\/60 Hertz.<\/li>\n<li class=\"ql-align-justify\">Consumo de energ\u00eda: 4.5W (MAX).<\/li>\n<li class=\"ql-align-justify\">Distancia:\u00a0\u00a0100 m (\u00d80.65mm)\u00a0\u00a0y\u00a0150m (\u00d80.8mm).<\/li>\n<li class=\"ql-align-justify\">Cableado: Tel: 2-hilos, (Alambre de cobre \u00d81.6mm).<\/li>\n<li class=\"ql-align-justify\">Dimensiones (mm): 108 (W) x 210 (H) x 61.4 (D) mm.<\/li>\n<li class=\"ql-align-justify\">Peso (g): 640g.<\/li>\n<\/ul>\n<p>&nbsp;<\/p>\n<\/div>\n<\/div>\n<hr class=\"padding-bottom-2x\" \/>\n<div class=\"row align-items-center padding-bottom-2x\">\n<div class=\"col-md-5\"><img decoding=\"async\" class=\"d-block m-auto img-thumbnail\" src=\"https:\/\/tvc.mx\/media\/172953\/cmx2420007-4.jpg\" alt=\" \" \/><\/div>\n<div class=\"col-md-7 text-md-left text-center\">\n<h2>CARACTER\u00cdSTICAS DEL FRENTE DE CALLE DR2GN<\/h2>\n<p class=\"text-muted\">\n<ul>\n<li class=\"ql-align-justify\">Compatible con\u00a0portero DP2HP.<\/li>\n<li class=\"ql-align-justify\">Equipo transmisor de audio.<\/li>\n<li class=\"ql-align-justify\">Anti vand\u00e1lico.<\/li>\n<li class=\"ql-align-justify\">Micr\u00f3fono y bocina integrados.<\/li>\n<li class=\"ql-align-justify\">Alimentaci\u00f3n: 12V DC. (energ\u00eda suministrada por tel\u00e9fono interior)<\/li>\n<li class=\"ql-align-justify\">Temperatura de operaci\u00f3n: -10\u00ba &#8211; 50\u00baC.<\/li>\n<li class=\"ql-align-justify\">Dimensiones: 88 (A) X 120 (L) X 17 (P)<\/li>\n<\/ul>\n<p>&nbsp;<\/p>\n<\/div>\n<\/div>\n<hr class=\"padding-bottom-2x\" \/>\n<div class=\"row align-items-center padding-bottom-2x\">\n<div class=\"col-md-5 order-md-2\"><img decoding=\"async\" class=\"d-block m-auto img-thumbnail\" src=\"https:\/\/tvc.mx\/media\/172957\/cmx2420007-5.jpg\" alt=\" \" \/><\/div>\n<div class=\"col-md-7 order-md-1 text-md-left text-center\">\n<h2>CERRADURA MAGNETICA LM2805<\/h2>\n<p class=\"text-muted\">\n<p>La cerradura electromagn\u00e9tica ZKTeco LM2805 est\u00e1 dise\u00f1ada para instalaci\u00f3n en superficie en puertas internas de metal, pl\u00e1stico, metal-pl\u00e1stico o madera. Fuerza de sujeci\u00f3n de hasta 280 kg.<\/p>\n<p>Cerradura electromagn\u00e9tica ZKTeco LM2805 con indicador LED y sensor de control de puerta 280 Kg.<\/p>\n<p>Caracter\u00edsticas:<\/p>\n<ul>\n<li>Cerradura magn\u00e9tica &#8211; 280<\/li>\n<li>Voltaje de entrada: DC12V<\/li>\n<li>Rango de fuerza de tracci\u00f3n: 200Kg<\/li>\n<li>Tama\u00f1o del cuerpo de la cerradura: 250 \u00d7 47 \u00d7 25.5 mm Tama\u00f1o de<\/li>\n<li>la placa de hierro: 180L \u00d7 38A \u00d7 11D mm<\/li>\n<li>Salida de se\u00f1al de retro-alimentaci\u00f3n Con detector LED de potencia<\/li>\n<li>Adecuado para: Vidrio de puerta<\/li>\n<\/ul>\n<p>&nbsp;<\/p>\n<\/div>\n<\/div>\n<hr class=\"padding-bottom-2x\" \/>\n<div class=\"row align-items-center padding-bottom-2x\">\n<div class=\"col-md-5\"><img decoding=\"async\" class=\"d-block m-auto img-thumbnail\" src=\"https:\/\/tvc.mx\/media\/172961\/cmx2420007-6.jpg\" alt=\" \" \/><\/div>\n<div class=\"col-md-7 text-md-left text-center\">\n<h2>ESPECIFICACIONES<\/h2>\n<p class=\"text-muted\">\n<ul>\n<li>Bloquee cuando la fuente de alimentaci\u00f3n, suelte cuando la fuente de alimentaci\u00f3n (Tipo de falla)<\/li>\n<li>Fuerza de retenci\u00f3n 280Kg (600Lbs).<\/li>\n<li>Hay indicadores LED que indican el estado de la puerta.<\/li>\n<li>Voltaje 420mA @ 12V<\/li>\n<li>Tama\u00f1o 250L * 47W * 25.5H (mm); Tama\u00f1o magn\u00e9tico de la mejilla: 180L * 38W * 11H (mm)<\/li>\n<li>Instalaci\u00f3n para todo tipo de puertas de madera, metal, puertas de vidrio, puertas ign\u00edfugas.<\/li>\n<li>02 cables de se\u00f1al: 1 par de cable de alimentaci\u00f3n (+\/-)<\/li>\n<li>Peso 1.9kg.<\/li>\n<li>Marca ZKTeco<\/li>\n<\/ul>\n<p>&nbsp;<\/p>\n<\/div>\n<\/div>\n<hr class=\"padding-bottom-2x\" \/>\n<div class=\"row align-items-center padding-bottom-2x\">\n<div class=\"col-md-5\"><img decoding=\"async\" class=\"d-block m-auto img-thumbnail\" src=\"https:\/\/tvc.mx\/media\/172965\/cmx2420007-7.jpg\" alt=\" \" \/><\/div>\n<div class=\"col-md-7 text-md-left text-center\">\n<h2>SOPORTE DE FIJACI\u00d3N ZKTECO LMB280ZL<\/h2>\n<p class=\"text-muted\">\n<p>El soporte en Z. \u00a1Son fuertes, confiables y de buen precio! Se requieren soportes L y Z para aplicaciones de puertas con apertura de 90\u00b0.<\/p>\n<p>El soporte \u00abL\u00bb se usa para montar la cerradura magn\u00e9tica sobre la puerta y el soporte \u00abZ\u00bb se une a la puerta para alinear la placa de armadura con el im\u00e1n.<\/p>\n<p>Se utilizan para la conversi\u00f3n de cerraduras de oscilaci\u00f3n est\u00e1ndar para adaptarse a las aplicaciones de oscilaci\u00f3n. Nuestros soportes aseguran que el im\u00e1n permanezca en el lado protegido de las puertas.<\/p>\n<p>El soporte en L se usa para fijar el im\u00e1n a la jamba para adaptarse a las aplicaciones t\u00edpicas de puertas de apertura hacia afuera.<\/p>\n<p>Los soportes deben combinarse con nuestras cerraduras magn\u00e9ticas para aplicaciones en puertas batientes. Nuestras cerraduras magn\u00e9ticas son excelentes para \u00e1reas de tr\u00e1fico bajo, medio y alto, como oficinas, tiendas de conveniencia, entradas y salidas de edificios.<\/p>\n<p>&nbsp;<\/p>\n<\/div>\n<\/div>\n<hr class=\"padding-bottom-2x\" \/>\n<div class=\"row align-items-center padding-bottom-2x\">\n<div class=\"col-md-5 order-md-2\"><img decoding=\"async\" class=\"d-block m-auto img-thumbnail\" src=\"https:\/\/tvc.mx\/media\/172969\/cmx2420007-8.jpg\" alt=\" \" \/><\/div>\n<div class=\"col-md-7 order-md-1 text-md-left text-center\">\n<h2>CARACTER\u00cdSTICAS Y FUNCIONES DEL SOPORTE<\/h2>\n<p class=\"text-muted\">\n<ul>\n<li>Adecuado para: puerta<\/li>\n<li>Modo abierto: puerta 90 grados.<\/li>\n<li>Completo para carcasa: Aluminio anodizado.<\/li>\n<li>Soporte ZL para cerradura EM 280Kg<\/li>\n<li>Para instalar la placa de hierro<\/li>\n<li>El soporte ZL f\u00e1cil de instalar para todo tipo de puertas de madera, metal, puertas ign\u00edfugas.<\/li>\n<\/ul>\n<\/div>\n<\/div>\n","protected":false},"excerpt":{"rendered":"<p>INFORMACION GENERAL Paquete de audio-portero con apertura de puerta, incluye cerradura magn\u00e9tica de 280 Kg o 600lb y soporte de instalaci\u00f3n en ZL. El paquete incluye lo siguiente: 1 Interfono o intercomunicador con auricular modelo DP2S Commax 1 Frente de calle para exterior modelo DR2GN&hellip;<\/p>\n","protected":false},"featured_media":6367,"comment_status":"open","ping_status":"closed","template":"","meta":{"om_disable_all_campaigns":false,"_monsterinsights_skip_tracking":false,"_monsterinsights_sitenote_active":false,"_monsterinsights_sitenote_note":"","_monsterinsights_sitenote_category":0},"product_brand":[],"product_cat":[533],"product_tag":[513,514,511,516,519,517,520,515,181,518,512],"class_list":{"0":"post-6368","1":"product","2":"type-product","3":"status-publish","4":"has-post-thumbnail","6":"product_cat-audioporteros","7":"product_tag-altavoces","8":"product_tag-amplificadores","9":"product_tag-audio-y-video","10":"product_tag-audioporteros","11":"product_tag-digital-signage","12":"product_tag-intercomunicadores","13":"product_tag-kits-videoporteros","14":"product_tag-mezcladoras","15":"product_tag-microfonos","16":"product_tag-sistemas-de-enfermeria","17":"product_tag-videoporteros","19":"first","20":"instock","21":"sale","22":"taxable","23":"shipping-taxable","24":"purchasable","25":"product-type-simple"},"aioseo_notices":[],"_links":{"self":[{"href":"https:\/\/tecsecmty.com\/index.php\/wp-json\/wp\/v2\/product\/6368","targetHints":{"allow":["GET"]}}],"collection":[{"href":"https:\/\/tecsecmty.com\/index.php\/wp-json\/wp\/v2\/product"}],"about":[{"href":"https:\/\/tecsecmty.com\/index.php\/wp-json\/wp\/v2\/types\/product"}],"replies":[{"embeddable":true,"href":"https:\/\/tecsecmty.com\/index.php\/wp-json\/wp\/v2\/comments?post=6368"}],"version-history":[{"count":0,"href":"https:\/\/tecsecmty.com\/index.php\/wp-json\/wp\/v2\/product\/6368\/revisions"}],"wp:featuredmedia":[{"embeddable":true,"href":"https:\/\/tecsecmty.com\/index.php\/wp-json\/wp\/v2\/media\/6367"}],"wp:attachment":[{"href":"https:\/\/tecsecmty.com\/index.php\/wp-json\/wp\/v2\/media?parent=6368"}],"wp:term":[{"taxonomy":"product_brand","embeddable":true,"href":"https:\/\/tecsecmty.com\/index.php\/wp-json\/wp\/v2\/product_brand?post=6368"},{"taxonomy":"product_cat","embeddable":true,"href":"https:\/\/tecsecmty.com\/index.php\/wp-json\/wp\/v2\/product_cat?post=6368"},{"taxonomy":"product_tag","embeddable":true,"href":"https:\/\/tecsecmty.com\/index.php\/wp-json\/wp\/v2\/product_tag?post=6368"}],"curies":[{"name":"wp","href":"https:\/\/api.w.org\/{rel}","templated":true}]}}