{"id":6370,"date":"2023-02-23T12:03:59","date_gmt":"2023-02-23T18:03:59","guid":{"rendered":"https:\/\/tecsecmty.com\/index.php\/producto\/commax-dp2s-interfon-para-audio-portero-con-clave-29043-conexion-directa-a-2-hilos-cuenta-con-funcion-de-apertura-de-puerta\/"},"modified":"2023-03-22T23:22:16","modified_gmt":"2023-03-23T05:22:16","slug":"commax-dp2s-interfon-para-audio-portero-con-clave-29043-conexion-directa-a-2-hilos-cuenta-con-funcion-de-apertura-de-puerta","status":"publish","type":"product","link":"https:\/\/tecsecmty.com\/index.php\/producto\/commax-dp2s-interfon-para-audio-portero-con-clave-29043-conexion-directa-a-2-hilos-cuenta-con-funcion-de-apertura-de-puerta\/","title":{"rendered":"COMMAX DP2S &#8211; Interfon para audio portero con clave 29043 conexi\u00f3n directa a 2 hilos cuenta con funci\u00f3n de apertura de puerta"},"content":{"rendered":"<div class=\"row aling-items-center padding-bottom-2x\">\n<div class=\"col-lg-12\">\n<h5 class=\"card-title text-center\">Descripci\u00f3n general<\/h5>\n<p class=\"ql-align-justify\">Los Audioporteros Commax cuentan con la mejor calidad de audio y dise\u00f1o para satisfacer las m\u00e1s altas necesidades y m\u00e1s grandes expectativas en aplicaciones Residenciales o Empresariales. Cuenta con una conexi\u00f3n de hasta 2 frentes de calle, estos frentes de calle \u00fanicamente transmiten audio a trav\u00e9s del cableado UTP y cuentan en su extremo en el frente de calle con una salida de 2 hilos para conectar una contrachapa el\u00e9ctrica normalmente abierta (NO) para la apertura de puerta o\u00a0con la ayuda de un relevador conectarlo en un circuito normalmente cerrado NC, ver diagramas anexos<\/p>\n<p class=\"ql-align-justify\">Estos dispositivos cuentan con una excelente transmisi\u00f3n de audio y \u00fanicamente son compatibles con modelos de transmisi\u00f3n de audio bidireccional, este equipo tambi\u00e9n cuenta con la capacidad de realizar una apertura de puerta hacia una contrachapa.<\/p>\n<p><img decoding=\"async\" class=\"overview-center-img-web\" src=\"https:\/\/tvc.mx\/media\/49569\/29042-1.jpg\" alt=\"\" \/><\/div>\n<\/div>\n<div class=\"row align-items-center padding-bottom-2x\">\n<div class=\"col-md-5\"><img decoding=\"async\" class=\"d-block m-auto img-thumbnail\" src=\"https:\/\/tvc.mx\/media\/49572\/29042-2.jpg\" alt=\" \" \/><\/div>\n<div class=\"col-md-7 text-md-left text-center\">\n<h2>Especificaciones<\/h2>\n<p class=\"text-muted\">\n<ul>\n<li class=\"ql-align-justify\">\u00a0Modelo: DP-2S.<\/li>\n<li class=\"ql-align-justify\">Salida de relevador normalmente abierta (NO).<\/li>\n<li class=\"ql-align-justify\">Fuente de energ\u00eda: 110 VAC, 60 Hertz.<\/li>\n<li class=\"ql-align-justify\">Consumo de energ\u00eda: 4.5W (MAX).<\/li>\n<li class=\"ql-align-justify\">Distancia:<\/li>\n<li class=\"ql-align-justify ql-indent-1\">100 m (\u00d80.65mm)<\/li>\n<li class=\"ql-align-justify ql-indent-1\">150m (\u00d80.8mm).<\/li>\n<li class=\"ql-align-justify\">Cableado: Tel: 2-hilos, (Alambre de cobre \u00d81.6mm).<\/li>\n<li class=\"ql-align-justify\">Dimensiones (mm): 108 (W) x 210 (H) x 61.4 (D) mm.<\/li>\n<li class=\"ql-align-justify\">Peso (g): 640g.<\/li>\n<\/ul>\n<p class=\"ql-align-justify\">\n<\/div>\n<\/div>\n","protected":false},"excerpt":{"rendered":"<p>Descripci\u00f3n general Los Audioporteros Commax cuentan con la mejor calidad de audio y dise\u00f1o para satisfacer las m\u00e1s altas necesidades y m\u00e1s grandes expectativas en aplicaciones Residenciales o Empresariales. Cuenta con una conexi\u00f3n de hasta 2 frentes de calle, estos frentes de calle \u00fanicamente transmiten&hellip;<\/p>\n","protected":false},"featured_media":6369,"comment_status":"open","ping_status":"closed","template":"","meta":{"om_disable_all_campaigns":false,"_monsterinsights_skip_tracking":false,"_monsterinsights_sitenote_active":false,"_monsterinsights_sitenote_note":"","_monsterinsights_sitenote_category":0},"product_brand":[],"product_cat":[533],"product_tag":[513,514,511,516,519,517,520,515,181,518,512],"class_list":{"0":"post-6370","1":"product","2":"type-product","3":"status-publish","4":"has-post-thumbnail","6":"product_cat-audioporteros","7":"product_tag-altavoces","8":"product_tag-amplificadores","9":"product_tag-audio-y-video","10":"product_tag-audioporteros","11":"product_tag-digital-signage","12":"product_tag-intercomunicadores","13":"product_tag-kits-videoporteros","14":"product_tag-mezcladoras","15":"product_tag-microfonos","16":"product_tag-sistemas-de-enfermeria","17":"product_tag-videoporteros","19":"first","20":"instock","21":"sale","22":"taxable","23":"shipping-taxable","24":"purchasable","25":"product-type-simple"},"aioseo_notices":[],"_links":{"self":[{"href":"https:\/\/tecsecmty.com\/index.php\/wp-json\/wp\/v2\/product\/6370","targetHints":{"allow":["GET"]}}],"collection":[{"href":"https:\/\/tecsecmty.com\/index.php\/wp-json\/wp\/v2\/product"}],"about":[{"href":"https:\/\/tecsecmty.com\/index.php\/wp-json\/wp\/v2\/types\/product"}],"replies":[{"embeddable":true,"href":"https:\/\/tecsecmty.com\/index.php\/wp-json\/wp\/v2\/comments?post=6370"}],"version-history":[{"count":0,"href":"https:\/\/tecsecmty.com\/index.php\/wp-json\/wp\/v2\/product\/6370\/revisions"}],"wp:featuredmedia":[{"embeddable":true,"href":"https:\/\/tecsecmty.com\/index.php\/wp-json\/wp\/v2\/media\/6369"}],"wp:attachment":[{"href":"https:\/\/tecsecmty.com\/index.php\/wp-json\/wp\/v2\/media?parent=6370"}],"wp:term":[{"taxonomy":"product_brand","embeddable":true,"href":"https:\/\/tecsecmty.com\/index.php\/wp-json\/wp\/v2\/product_brand?post=6370"},{"taxonomy":"product_cat","embeddable":true,"href":"https:\/\/tecsecmty.com\/index.php\/wp-json\/wp\/v2\/product_cat?post=6370"},{"taxonomy":"product_tag","embeddable":true,"href":"https:\/\/tecsecmty.com\/index.php\/wp-json\/wp\/v2\/product_tag?post=6370"}],"curies":[{"name":"wp","href":"https:\/\/api.w.org\/{rel}","templated":true}]}}