{"id":6372,"date":"2023-02-23T12:04:01","date_gmt":"2023-02-23T18:04:01","guid":{"rendered":"https:\/\/tecsecmty.com\/index.php\/producto\/commax-dp2sdr2gn-kit-de-interfon-con-frente-de-calle-y-auricular-conexion-a-2-hilos-conecta-equipo-extra-con-clave-29042-cuenta-con-funcion-para-apertura-de-puerta-masvendido\/"},"modified":"2023-03-22T23:22:16","modified_gmt":"2023-03-23T05:22:16","slug":"commax-dp2sdr2gn-kit-de-interfon-con-frente-de-calle-y-auricular-conexion-a-2-hilos-conecta-equipo-extra-con-clave-29042-cuenta-con-funcion-para-apertura-de-puerta-masvendido","status":"publish","type":"product","link":"https:\/\/tecsecmty.com\/index.php\/producto\/commax-dp2sdr2gn-kit-de-interfon-con-frente-de-calle-y-auricular-conexion-a-2-hilos-conecta-equipo-extra-con-clave-29042-cuenta-con-funcion-para-apertura-de-puerta-masvendido\/","title":{"rendered":"COMMAX DP2SDR2GN &#8211; Kit de interfon con frente de calle y auricular conexi\u00f3n a 2 hilos, conecta equipo extra con clave 29042 cuenta con funci\u00f3n para apertura de puerta\/ #M\u00e1sVendido\/"},"content":{"rendered":"<div class=\"row aling-items-center padding-bottom-2x\">\n<div class=\"col-lg-12\">\n<h5 class=\"card-title text-center\">INFORMACI\u00d3N GENERAL<\/h5>\n<p class=\"ql-align-justify\">Estos dispositivos cuentan con una excelente transmisi\u00f3n de audio y \u00fanicamente son compatibles con modelos de transmision de audio bidireccional, este equipo tambi\u00e9n cuenta con la capacidad de realizar una apertura de puerta hacia una contrachapa.<\/p>\n<p class=\"ql-align-justify\">Los Audio porteros Commax cuentan con una conexi\u00f3n de hasta 2 frentes de calle, estos frentes de calle \u00fanicamente transmiten audio a trav\u00e9s del cableado UTP y tambientien en su extremo, en el frente de calle con una salida de 2 hilos para conectar una contrachapa el\u00e9ctrica normalmente abierta (NO) para la apertura de puerta.<\/p>\n<p><img decoding=\"async\" class=\"overview-center-img-web\" src=\"https:\/\/tvc.mx\/media\/379691\/COMMAX-29043-DP2SDR2GN-KIT-DE-INTERFON-FRENTE-DE-CALLE-Y-AURICULAR-CENTRAL.png\" alt=\"\" \/><\/div>\n<\/div>\n<div class=\"row align-items-center padding-bottom-2x\">\n<div class=\"col-md-5\"><img decoding=\"async\" class=\"d-block m-auto img-thumbnail\" src=\"https:\/\/tvc.mx\/media\/379695\/COMMAX-29043-DP2SDR2GN-KIT-DE-INTERFON-FRENTE-DE-CALLE-Y-AURICULAR-CARRUSE-DER1.png\" alt=\" \" \/><\/div>\n<div class=\"col-md-7 text-md-left text-center\">\n<h2>Caracter\u00edsticas Principales<\/h2>\n<p class=\"text-muted\">\n<h4><strong>Interfon con auricular modelo DP2S<\/strong><\/h4>\n<ul>\n<li class=\"ql-align-justify\">Salida de relevador normalmente abierta (NO)<\/li>\n<li class=\"ql-align-justify\">Fuente de energ\u00eda: ~ 100\/110\/120 VAC, 50\/60 Hertz.<\/li>\n<li class=\"ql-align-justify\">Consumo de energ\u00eda: 4.5W (MAX).<\/li>\n<li class=\"ql-align-justify\">Distancia:\u00a0\u00a0100 m (22AWG)\u00a0\u00a0y\u00a0150m (20AWG).<\/li>\n<li class=\"ql-align-justify\">Cableado: Tel: 2-hilos, (Alambre de cobre \u00d81.6mm).<\/li>\n<li class=\"ql-align-justify\">Dimensiones (mm): 108 (W) x 210 (H) x 61.4 (D) mm.<\/li>\n<li class=\"ql-align-justify\">Peso (g): 640g.<\/li>\n<\/ul>\n<p class=\"ql-align-justify\">\n<p>&nbsp;<\/p>\n<\/div>\n<\/div>\n<hr class=\"padding-bottom-2x\" \/>\n<div class=\"row align-items-center padding-bottom-2x\">\n<div class=\"col-md-5 order-md-2\"><img decoding=\"async\" class=\"d-block m-auto img-thumbnail\" src=\"https:\/\/tvc.mx\/media\/379699\/COMMAX-29043-DP2SDR2GN-KIT-DE-INTERFON-FRENTE-DE-CALLE-Y-AURICULAR-CARRUSE-DER.png\" alt=\" \" \/><\/div>\n<div class=\"col-md-7 order-md-1 text-md-left text-center\">\n<h2>Caracter\u00edsticas Principales<\/h2>\n<p class=\"text-muted\">\n<h4><strong>Frente de calle modelo DR2GN<\/strong><\/h4>\n<ul>\n<li class=\"ql-align-justify\">\u00a0Compatible con\u00a0portero DP2HP.<\/li>\n<li class=\"ql-align-justify\">Equipo transmisor de audio.<\/li>\n<li class=\"ql-align-justify\">Anti vand\u00e1lico.<\/li>\n<li class=\"ql-align-justify\">Micr\u00f3fono y bocina integrados.<\/li>\n<li class=\"ql-align-justify\">Alimentaci\u00f3n: 12V DC. (energ\u00eda suministrada por tel\u00e9fono interior)<\/li>\n<li class=\"ql-align-justify\">Temperatura de operaci\u00f3n: -10\u00ba &#8211; 50\u00baC.<\/li>\n<li class=\"ql-align-justify\">Dimensiones: 88 X 120 X 17<\/li>\n<\/ul>\n<p>&nbsp;<\/p>\n<\/div>\n<\/div>\n<hr class=\"padding-bottom-2x\" \/>\n<div class=\"row align-items-center padding-bottom-2x\">\n<div class=\"col-md-5\"><img decoding=\"async\" class=\"d-block m-auto img-thumbnail\" src=\"https:\/\/tvc.mx\/media\/379703\/Incluye.png\" alt=\" \" \/><\/div>\n<div class=\"col-md-7 text-md-left text-center\">\n<h2>Incluye<\/h2>\n<p class=\"text-muted\">\n<ul>\n<li>Equipos<\/li>\n<li>Placas y accesorios de montaje<\/li>\n<li>Manual de usuario<\/li>\n<\/ul>\n<\/div>\n<\/div>\n","protected":false},"excerpt":{"rendered":"<p>INFORMACI\u00d3N GENERAL Estos dispositivos cuentan con una excelente transmisi\u00f3n de audio y \u00fanicamente son compatibles con modelos de transmision de audio bidireccional, este equipo tambi\u00e9n cuenta con la capacidad de realizar una apertura de puerta hacia una contrachapa. Los Audio porteros Commax cuentan con una&hellip;<\/p>\n","protected":false},"featured_media":6371,"comment_status":"open","ping_status":"closed","template":"","meta":{"om_disable_all_campaigns":false,"_monsterinsights_skip_tracking":false,"_monsterinsights_sitenote_active":false,"_monsterinsights_sitenote_note":"","_monsterinsights_sitenote_category":0},"product_brand":[],"product_cat":[533],"product_tag":[513,514,511,516,519,517,520,515,181,518,512],"class_list":{"0":"post-6372","1":"product","2":"type-product","3":"status-publish","4":"has-post-thumbnail","6":"product_cat-audioporteros","7":"product_tag-altavoces","8":"product_tag-amplificadores","9":"product_tag-audio-y-video","10":"product_tag-audioporteros","11":"product_tag-digital-signage","12":"product_tag-intercomunicadores","13":"product_tag-kits-videoporteros","14":"product_tag-mezcladoras","15":"product_tag-microfonos","16":"product_tag-sistemas-de-enfermeria","17":"product_tag-videoporteros","19":"first","20":"instock","21":"sale","22":"taxable","23":"shipping-taxable","24":"purchasable","25":"product-type-simple"},"aioseo_notices":[],"_links":{"self":[{"href":"https:\/\/tecsecmty.com\/index.php\/wp-json\/wp\/v2\/product\/6372","targetHints":{"allow":["GET"]}}],"collection":[{"href":"https:\/\/tecsecmty.com\/index.php\/wp-json\/wp\/v2\/product"}],"about":[{"href":"https:\/\/tecsecmty.com\/index.php\/wp-json\/wp\/v2\/types\/product"}],"replies":[{"embeddable":true,"href":"https:\/\/tecsecmty.com\/index.php\/wp-json\/wp\/v2\/comments?post=6372"}],"version-history":[{"count":0,"href":"https:\/\/tecsecmty.com\/index.php\/wp-json\/wp\/v2\/product\/6372\/revisions"}],"wp:featuredmedia":[{"embeddable":true,"href":"https:\/\/tecsecmty.com\/index.php\/wp-json\/wp\/v2\/media\/6371"}],"wp:attachment":[{"href":"https:\/\/tecsecmty.com\/index.php\/wp-json\/wp\/v2\/media?parent=6372"}],"wp:term":[{"taxonomy":"product_brand","embeddable":true,"href":"https:\/\/tecsecmty.com\/index.php\/wp-json\/wp\/v2\/product_brand?post=6372"},{"taxonomy":"product_cat","embeddable":true,"href":"https:\/\/tecsecmty.com\/index.php\/wp-json\/wp\/v2\/product_cat?post=6372"},{"taxonomy":"product_tag","embeddable":true,"href":"https:\/\/tecsecmty.com\/index.php\/wp-json\/wp\/v2\/product_tag?post=6372"}],"curies":[{"name":"wp","href":"https:\/\/api.w.org\/{rel}","templated":true}]}}