{"id":6376,"date":"2023-02-23T12:04:08","date_gmt":"2023-02-23T18:04:08","guid":{"rendered":"https:\/\/tecsecmty.com\/index.php\/producto\/commax-dr8amap-kit-de-frente-de-calle-de-audio-dr8am-para-8-apartamentos-incluye-8-auriculares-dpss-y-fuente-de-energia-rf1a-de-12vdc-soporta-funcion-de-apertura-de-puerta\/"},"modified":"2023-03-22T23:22:16","modified_gmt":"2023-03-23T05:22:16","slug":"commax-dr8amap-kit-de-frente-de-calle-de-audio-dr8am-para-8-apartamentos-incluye-8-auriculares-dpss-y-fuente-de-energia-rf1a-de-12vdc-soporta-funcion-de-apertura-de-puerta","status":"publish","type":"product","link":"https:\/\/tecsecmty.com\/index.php\/producto\/commax-dr8amap-kit-de-frente-de-calle-de-audio-dr8am-para-8-apartamentos-incluye-8-auriculares-dpss-y-fuente-de-energia-rf1a-de-12vdc-soporta-funcion-de-apertura-de-puerta\/","title":{"rendered":"COMMAX DR8AMAP &#8211; Kit de frente de calle de audio DR8AM para 8 apartamentos incluye 8 auriculares DPSS y fuente de energ\u00eda RF1A de 12VDC\/ Soporta funci\u00f3n de apertura de puerta"},"content":{"rendered":"<div class=\"row aling-items-center padding-bottom-2x\">\n<div class=\"col-lg-12\">\n<h5 class=\"card-title text-center\">Descripci\u00f3n general<\/h5>\n<p>Equipos para sistema de intercomunicaci\u00f3n: Kit de portero de audio anal\u00f3gico, para 8 departamentos, con fuente de poder de 12V<\/p>\n<p>Descripci\u00f3n del producto<\/p>\n<p>El paquete incluye lo siguiente:<\/p>\n<ul>\n<li>1 Frente de calle modelo DR-8AM<\/li>\n<li>8 auriculares modelo DP-SS<\/li>\n<li>1 Fuente de poder de 12V CD 1Amp. modelo RF1A.<\/li>\n<\/ul>\n<p><img decoding=\"async\" class=\"overview-center-img-web\" src=\"https:\/\/tvc.mx\/media\/42156\/cmx2420001-15.jpg\" alt=\"\" \/><\/div>\n<\/div>\n<div class=\"row align-items-center padding-bottom-2x\">\n<div class=\"col-md-5\"><img decoding=\"async\" class=\"d-block m-auto img-thumbnail\" src=\"https:\/\/tvc.mx\/media\/42159\/cmx2420001-16.jpg\" alt=\" \" \/><\/div>\n<div class=\"col-md-7 text-md-left text-center\">\n<h2>Frente de calle DR8-UM<\/h2>\n<p class=\"text-muted\">\n<p><strong>Frente de calle para edificio<\/strong><\/p>\n<ul>\n<li>Dise\u00f1o con ocho botones<\/li>\n<li>Elaborado en aluminio anodizado<\/li>\n<li>Con sistema para empotrar<\/li>\n<li>Dimensi\u00f3n (mm): 125 (W) x 236 (H) x 11 (D)<\/li>\n<li>Tama\u00f1o de la caja de descarga (mm): 112 (W) x 213 (H) x 60 (D)<\/li>\n<li>Fuente de energ\u00eda: DC 12V<\/li>\n<\/ul>\n<p><strong>Caracter\u00edsticas:<\/strong><\/p>\n<ul>\n<li>Cantidad de botones para cit\u00f3fonos (intercomunicadores):8<\/li>\n<li>Conexi\u00f3n 3+n (3 comunes + 1 llamada)<\/li>\n<li>Alimentaci\u00f3n 12Vdc 500mA<\/li>\n<li>Montaje tipo Embutido (Caja pl\u00e1stica incluida).<\/li>\n<li>Bot\u00f3n con r\u00f3tulo de llamada hacia el departamento.<\/li>\n<li>Accesorio de protector para la lluvia ( NO incluido)<\/li>\n<\/ul>\n<p><strong>Nota:<\/strong>\u00a0Para que el frente de calle pueda llamar a los departamentos, es necesario dejar presionado el bot\u00f3n, hasta que se conteste o levante el auricular para poder tener la comunicaci\u00f3n, si suelta el bot\u00f3n de llamada antes de contestar en el departamento, la llamada se corta y tiene que volver a presionar el bot\u00f3n para llamar de nuevo.<\/p>\n<p>&nbsp;<\/p>\n<p>&nbsp;<\/p>\n<\/div>\n<\/div>\n<hr class=\"padding-bottom-2x\" \/>\n<div class=\"row align-items-center padding-bottom-2x\">\n<div class=\"col-md-5 order-md-2\"><img decoding=\"async\" class=\"d-block m-auto img-thumbnail\" src=\"https:\/\/tvc.mx\/media\/79268\/cmx2420001-16.jpg\" alt=\" \" \/><\/div>\n<div class=\"col-md-7 order-md-1 text-md-left text-center\">\n<h2>Especificaciones<\/h2>\n<p class=\"text-muted\">\n<ul>\n<li>Voltaje 12Vdc 500mA<\/li>\n<li>Consumo 4W<\/li>\n<li>Tipo de montaje: Empotrado en la pared<\/li>\n<li>Botones: 8 Botones<\/li>\n<li>Cableado: 3 Cables comunes + 1 Individual Ln)<\/li>\n<li>Cables (3 cables: 1,2,3) (1 cable individual : L1)<\/li>\n<li>Comunicaci\u00f3n: Manos libres<\/li>\n<li>Display: Rotulo Iluminado por luz LED<\/li>\n<li>Distancia: 30m(\u04240.5), 50m(\u04240.65), 70m(\u04240.8), 100m(\u04241)<\/li>\n<li>Cit\u00f3fonos compatibles: DP-SS (simple) y DP-MHP (intercomunicado)<\/li>\n<li>Temperatura de operaci\u00f3n: 0\u00b0 ~ +50\u00ba C<\/li>\n<li>Dimensi\u00f3n (mm): 125 (W) x 236 (H) x 11 (D)<\/li>\n<li>Tama\u00f1o de la caja de descarga (mm): 112 (W) x 213 (H) x 60 (D<\/li>\n<\/ul>\n<p>&nbsp;<\/p>\n<\/div>\n<\/div>\n<hr class=\"padding-bottom-2x\" \/>\n<div class=\"row align-items-center padding-bottom-2x\">\n<div class=\"col-md-5 order-md-2\"><img decoding=\"async\" class=\"d-block m-auto img-thumbnail\" src=\"https:\/\/tvc.mx\/media\/41367\/cmx2420001-4.jpg\" alt=\" \" \/><\/div>\n<div class=\"col-md-7 order-md-1 text-md-left text-center\">\n<h2>Interfono DPSS<\/h2>\n<p class=\"text-muted\">\n<p><strong>8 Auriculares<\/strong><\/p>\n<ul>\n<li>Equipo Intercomunicador<\/li>\n<li>Elaborado en pl\u00e1stico ABS<\/li>\n<li>Funci\u00f3n de apertura de chapa el\u00e9ctrica<\/li>\n<li>Dimensiones: 72 \u00d7 215 \u00d7 38 mm<\/li>\n<\/ul>\n<p>&nbsp;<\/p>\n<\/div>\n<\/div>\n<hr class=\"padding-bottom-2x\" \/>\n<div class=\"row align-items-center padding-bottom-2x\">\n<div class=\"col-md-5\"><img decoding=\"async\" class=\"d-block m-auto img-thumbnail\" src=\"https:\/\/tvc.mx\/media\/41370\/cmx2420001-6.jpg\" alt=\" \" \/><\/div>\n<div class=\"col-md-7 text-md-left text-center\">\n<h2>Fuente de poder RF1A<\/h2>\n<p class=\"text-muted\">\n<p>Esta fuente de alimentaci\u00f3n de corriente continua proporciona una potencia a un dispositivo de aplicaci\u00f3n el\u00e9ctrica que no se puede proporcionar alimentaci\u00f3n de CA directamente.<\/p>\n<p>Fuente de alimentaci\u00f3n de 12 Volts ideal para la l\u00ednea de Audiogate.<\/p>\n<ul>\n<li>Fuente de Alimentaci\u00f3n: 110\/120\/220\/230\/240V.<\/li>\n<li>Frecuencia de Entrada: 50-60 Hz.<\/li>\n<li>Salida de Voltaje: 12V.<\/li>\n<li>Corriente: 1 Amp.<\/li>\n<\/ul>\n<\/div>\n<\/div>\n","protected":false},"excerpt":{"rendered":"<p>Descripci\u00f3n general Equipos para sistema de intercomunicaci\u00f3n: Kit de portero de audio anal\u00f3gico, para 8 departamentos, con fuente de poder de 12V Descripci\u00f3n del producto El paquete incluye lo siguiente: 1 Frente de calle modelo DR-8AM 8 auriculares modelo DP-SS 1 Fuente de poder de&hellip;<\/p>\n","protected":false},"featured_media":6375,"comment_status":"open","ping_status":"closed","template":"","meta":{"om_disable_all_campaigns":false,"_monsterinsights_skip_tracking":false,"_monsterinsights_sitenote_active":false,"_monsterinsights_sitenote_note":"","_monsterinsights_sitenote_category":0},"product_brand":[],"product_cat":[533],"product_tag":[513,514,511,516,519,517,520,515,181,518,512],"class_list":{"0":"post-6376","1":"product","2":"type-product","3":"status-publish","4":"has-post-thumbnail","6":"product_cat-audioporteros","7":"product_tag-altavoces","8":"product_tag-amplificadores","9":"product_tag-audio-y-video","10":"product_tag-audioporteros","11":"product_tag-digital-signage","12":"product_tag-intercomunicadores","13":"product_tag-kits-videoporteros","14":"product_tag-mezcladoras","15":"product_tag-microfonos","16":"product_tag-sistemas-de-enfermeria","17":"product_tag-videoporteros","19":"first","20":"instock","21":"sale","22":"taxable","23":"shipping-taxable","24":"purchasable","25":"product-type-simple"},"aioseo_notices":[],"_links":{"self":[{"href":"https:\/\/tecsecmty.com\/index.php\/wp-json\/wp\/v2\/product\/6376","targetHints":{"allow":["GET"]}}],"collection":[{"href":"https:\/\/tecsecmty.com\/index.php\/wp-json\/wp\/v2\/product"}],"about":[{"href":"https:\/\/tecsecmty.com\/index.php\/wp-json\/wp\/v2\/types\/product"}],"replies":[{"embeddable":true,"href":"https:\/\/tecsecmty.com\/index.php\/wp-json\/wp\/v2\/comments?post=6376"}],"version-history":[{"count":0,"href":"https:\/\/tecsecmty.com\/index.php\/wp-json\/wp\/v2\/product\/6376\/revisions"}],"wp:featuredmedia":[{"embeddable":true,"href":"https:\/\/tecsecmty.com\/index.php\/wp-json\/wp\/v2\/media\/6375"}],"wp:attachment":[{"href":"https:\/\/tecsecmty.com\/index.php\/wp-json\/wp\/v2\/media?parent=6376"}],"wp:term":[{"taxonomy":"product_brand","embeddable":true,"href":"https:\/\/tecsecmty.com\/index.php\/wp-json\/wp\/v2\/product_brand?post=6376"},{"taxonomy":"product_cat","embeddable":true,"href":"https:\/\/tecsecmty.com\/index.php\/wp-json\/wp\/v2\/product_cat?post=6376"},{"taxonomy":"product_tag","embeddable":true,"href":"https:\/\/tecsecmty.com\/index.php\/wp-json\/wp\/v2\/product_tag?post=6376"}],"curies":[{"name":"wp","href":"https:\/\/api.w.org\/{rel}","templated":true}]}}