{"id":6380,"date":"2023-02-23T12:04:12","date_gmt":"2023-02-23T18:04:12","guid":{"rendered":"https:\/\/tecsecmty.com\/index.php\/producto\/commax-paqdp2sgys-paquete-de-interfon-para-audioportero-frente-de-calle-dp2g-contrachapa-electrica\/"},"modified":"2023-03-22T23:22:18","modified_gmt":"2023-03-23T05:22:18","slug":"commax-paqdp2sgys-paquete-de-interfon-para-audioportero-frente-de-calle-dp2g-contrachapa-electrica","status":"publish","type":"product","link":"https:\/\/tecsecmty.com\/index.php\/producto\/commax-paqdp2sgys-paquete-de-interfon-para-audioportero-frente-de-calle-dp2g-contrachapa-electrica\/","title":{"rendered":"COMMAX PAQDP2SGYS &#8211; Paquete de interfon para audioportero \/ Frente de calle DP2G \/ Contrachapa electrica"},"content":{"rendered":"<div class=\"row aling-items-center padding-bottom-2x\">\n<div class=\"col-lg-12\">\n<h5 class=\"card-title text-center\">Descripci\u00f3n general<\/h5>\n<p class=\"ql-align-justify\">Los Audio porteros Commax cuentan con la mejor calidad de audio y dise\u00f1o para satisfacer las m\u00e1s altas necesidades y m\u00e1s grandes expectativas en aplicaciones Residenciales o Empresariales. Cuenta con una conexi\u00f3n de hasta 2 frentes de calle, estos frentes de calle \u00fanicamente transmiten audio a trav\u00e9s del cableado UTP y cuentan en su extremo en el frente de calle con una salida de 2 hilos para conectar una contra chapa el\u00e9ctrica normalmente abierta (NO) para la apertura de puerta.<\/p>\n<p class=\"ql-align-justify\">Estos dispositivos cuentan con una excelente transmisi\u00f3n de audio y \u00fanicamente son compatibles con modelos de transmisi\u00f3n de audio bidireccional, este equipo tambi\u00e9n cuenta con la capacidad de realizar una apertura de puerta hacia una contra chapa.<\/p>\n<p class=\"ql-align-justify\"><strong>El paquete incluye lo siguiente:<\/strong><\/p>\n<ul>\n<li class=\"ql-align-justify\">1 Kit de Interfono con auricular modelo DP2S y frente de calle modelo DR2GN de la marca COMMAX<\/li>\n<li class=\"ql-align-justify\">1 Contra chapa el\u00e9ctrica YS130NO<\/li>\n<\/ul>\n<p><img decoding=\"async\" class=\"overview-center-img-web\" src=\"https:\/\/tvc.mx\/media\/214059\/COMMAX-PAQDP2SGYS-Paquete-de-interfon-para-audioportero-Frente-de-calle-DP2G-Contrachapa-electrica-1.png\" alt=\"\" \/><\/div>\n<\/div>\n<div class=\"row align-items-center padding-bottom-2x\">\n<div class=\"col-md-5\"><img decoding=\"async\" class=\"d-block m-auto img-thumbnail\" src=\"https:\/\/tvc.mx\/media\/214063\/COMMAX-PAQDP2SGYS-Paquete-de-interfon-para-audioportero-Frente-de-calle-DP2G-Contrachapa-electrica-2.png\" alt=\" \" \/><\/div>\n<div class=\"col-md-7 text-md-left text-center\">\n<h2>Interfono con auricular DP2S<\/h2>\n<p class=\"text-muted\">\n<ul>\n<li class=\"ql-align-justify\">Salida de relevador normalmente abierta (NO).<\/li>\n<li class=\"ql-align-justify\">Fuente de energ\u00eda: 110 VAC, 60 Hertz.<\/li>\n<li class=\"ql-align-justify\">Consumo de energ\u00eda: 4.5W (MAX).<\/li>\n<li class=\"ql-align-justify\">Distancia:<\/li>\n<li class=\"ql-indent-1 ql-align-justify\">100 m (\u00d80.65mm)<\/li>\n<li class=\"ql-indent-1 ql-align-justify\">150m (\u00d80.8mm).<\/li>\n<li class=\"ql-align-justify\">Cableado: Tel: 2-hilos, (Alambre de cobre \u00d81.6mm).<\/li>\n<li class=\"ql-align-justify\">Dimensiones (mm): 108 (W) x 210 (H) x 61.4 (D) mm.<\/li>\n<li class=\"ql-align-justify\">Peso (g): 640g.<\/li>\n<\/ul>\n<p>&nbsp;<\/p>\n<\/div>\n<\/div>\n<hr class=\"padding-bottom-2x\" \/>\n<div class=\"row align-items-center padding-bottom-2x\">\n<div class=\"col-md-5 order-md-2\"><img decoding=\"async\" class=\"d-block m-auto img-thumbnail\" src=\"https:\/\/tvc.mx\/media\/214067\/COMMAX-PAQDP2SGYS-Paquete-de-interfon-para-audioportero-Frente-de-calle-DP2G-Contrachapa-electrica-3.png\" alt=\" \" \/><\/div>\n<div class=\"col-md-7 order-md-1 text-md-left text-center\">\n<h2>Frente de calle DRG2GN<\/h2>\n<p class=\"text-muted\">\n<p class=\"ql-align-justify\">El Frente de calle\u00a0<strong>DR2G<\/strong>\u00a0es un producto para la automatizaci\u00f3n del hogar que habilita y permite la comunicaci\u00f3n de\u00a0los visitantes de la casa mediante Audio.<\/p>\n<p class=\"ql-align-justify\">El Frente de Calle de audio consiste en un micr\u00f3fono que captura el sonido del visitante, un monitor en la residencia para recibir el audio proporcionado por el frente de calle, se caracteriza por tener una f\u00e1cil instalaci\u00f3n y cableado, en cualquier ambiente, lo que lo hace f\u00e1cil de instalar.<\/p>\n<p>Son muy resistentes a la decoloraci\u00f3n y a la corrosi\u00f3n.<\/p>\n<p><strong>Caracter\u00edsticas:<\/strong><\/p>\n<ul>\n<li class=\"ql-align-justify\">Compatible con\u00a0portero DP2HP.<\/li>\n<li class=\"ql-align-justify\">Equipo transmisor de audio.<\/li>\n<li class=\"ql-align-justify\">Anti-vand\u00e1lico.<\/li>\n<li class=\"ql-align-justify\">Micr\u00f3fono y bocina integrados.<\/li>\n<li class=\"ql-align-justify\">Alimentaci\u00f3n: 12V DC. (energ\u00eda suministrada por tel\u00e9fono interior)<\/li>\n<li class=\"ql-align-justify\">Temperatura de operaci\u00f3n: -10\u00ba &#8211; 50\u00baC.<\/li>\n<li class=\"ql-align-justify\">Dimensiones: 88 X 120 X 17<\/li>\n<\/ul>\n<p>&nbsp;<\/p>\n<\/div>\n<\/div>\n<hr class=\"padding-bottom-2x\" \/>\n<div class=\"row align-items-center padding-bottom-2x\">\n<div class=\"col-md-5\"><img decoding=\"async\" class=\"d-block m-auto img-thumbnail\" src=\"https:\/\/tvc.mx\/media\/214071\/COMMAX-PAQDP2SGYS-Paquete-de-interfon-para-audioportero-Frente-de-calle-DP2G-Contrachapa-electrica-4.png\" alt=\" \" \/><\/div>\n<div class=\"col-md-7 text-md-left text-center\">\n<h2>Contra chapa el\u00e9ctrica YS130NO<\/h2>\n<p class=\"text-muted\">\n<p>Contra chapa el\u00e9ctrica modelo\u00a0<strong>YS-130NO<\/strong>\u00a0de uso rudo. Se puede alternar entre instalaciones de lado izquierdo como de lado derecho. Ideal para instalaci\u00f3n en puertas de perfil delgado, como puertas de aluminio. De f\u00e1cil de integraci\u00f3n en sistemas de control de acceso.<\/p>\n<p>El chapa el\u00e9ctrica\u00a0<strong>YS-130NO<\/strong>\u00a0est\u00e1 dise\u00f1ado para\u00a0puertas de madera,\u00a0metal,\u00a0PVC\u00a0y as\u00ed sucesivamente.\u00a0El principio de funcionamiento\u00a0de\u00a0la contra chapa el\u00e9ctrica\u00a0es que la\u00a0energ\u00eda el\u00e9ctrica\u00a0se convierte en\u00a0la fuerza magn\u00e9tica.\u00a0la contra chapa dispone de\u00a0dos\u00a0modos de trabajo:\u00a0uno de los modos\u00a0es\u00a0puerta cerrada con llave\u00a0cuando se apaga.\u00a0Y el otro\u00a0es\u00a0puerta abierta\u00a0cuando se enciende.<\/p>\n<p>La Contra chapa el\u00e9ctrica mostrada en es uno de los productos m\u00e1s vendidos. Su tensi\u00f3n de alimentaci\u00f3n es de DC12V.<\/p>\n<p>&nbsp;<\/p>\n<\/div>\n<\/div>\n<hr class=\"padding-bottom-2x\" \/>\n<div class=\"row align-items-center padding-bottom-2x\">\n<div class=\"col-md-5 order-md-2\"><img decoding=\"async\" class=\"d-block m-auto img-thumbnail\" src=\"https:\/\/tvc.mx\/media\/214075\/COMMAX-PAQDP2SGYS-Paquete-de-interfon-para-audioportero-Frente-de-calle-DP2G-Contrachapa-electrica-5.png\" alt=\" \" \/><\/div>\n<div class=\"col-md-7 order-md-1 text-md-left text-center\">\n<h2>Caracter\u00edsticas<\/h2>\n<p class=\"text-muted\">\n<ul>\n<li class=\"ql-align-justify\">Tama\u00f1o de la cerradura: 150Lx39.5Wx34H (mil\u00edmetro)<\/li>\n<li class=\"ql-align-justify\">Estructura de aleaci\u00f3n: de zinc<\/li>\n<li class=\"ql-align-justify\">Fuerza de retenci\u00f3n: 500kg<\/li>\n<li class=\"ql-align-justify\">Voltaje: DC12V (orden de la necesidad DC24V)<\/li>\n<li class=\"ql-align-justify\">Corriente: 200mA (YS-130NO); 200mA (YS-130NC)<\/li>\n<li class=\"ql-align-justify\">Conveniente para: la puerta de madera, puerta del metal, puerta del PVC<\/li>\n<li class=\"ql-align-justify\">Temperatura de la superficie dentro: de +20 \u2103<\/li>\n<li class=\"ql-align-justify\">Temperatura adecuada: -10 ~ + 55 \u2103 (14-131F)<\/li>\n<li class=\"ql-align-justify\">Humedad de funcionamiento: 0 ~ 90% (sin condensaci\u00f3n)<\/li>\n<li class=\"ql-align-justify\">Accesorios opcionales YS-305 YS-306<\/li>\n<li class=\"ql-align-justify\">Peso 0.4kg<\/li>\n<\/ul>\n<\/div>\n<\/div>\n","protected":false},"excerpt":{"rendered":"<p>Descripci\u00f3n general Los Audio porteros Commax cuentan con la mejor calidad de audio y dise\u00f1o para satisfacer las m\u00e1s altas necesidades y m\u00e1s grandes expectativas en aplicaciones Residenciales o Empresariales. Cuenta con una conexi\u00f3n de hasta 2 frentes de calle, estos frentes de calle \u00fanicamente&hellip;<\/p>\n","protected":false},"featured_media":6379,"comment_status":"open","ping_status":"closed","template":"","meta":{"om_disable_all_campaigns":false,"_monsterinsights_skip_tracking":false,"_monsterinsights_sitenote_active":false,"_monsterinsights_sitenote_note":"","_monsterinsights_sitenote_category":0},"product_brand":[],"product_cat":[533],"product_tag":[513,514,511,516,519,517,520,515,181,518,512],"class_list":{"0":"post-6380","1":"product","2":"type-product","3":"status-publish","4":"has-post-thumbnail","6":"product_cat-audioporteros","7":"product_tag-altavoces","8":"product_tag-amplificadores","9":"product_tag-audio-y-video","10":"product_tag-audioporteros","11":"product_tag-digital-signage","12":"product_tag-intercomunicadores","13":"product_tag-kits-videoporteros","14":"product_tag-mezcladoras","15":"product_tag-microfonos","16":"product_tag-sistemas-de-enfermeria","17":"product_tag-videoporteros","19":"first","20":"instock","21":"sale","22":"taxable","23":"shipping-taxable","24":"purchasable","25":"product-type-simple"},"aioseo_notices":[],"_links":{"self":[{"href":"https:\/\/tecsecmty.com\/index.php\/wp-json\/wp\/v2\/product\/6380","targetHints":{"allow":["GET"]}}],"collection":[{"href":"https:\/\/tecsecmty.com\/index.php\/wp-json\/wp\/v2\/product"}],"about":[{"href":"https:\/\/tecsecmty.com\/index.php\/wp-json\/wp\/v2\/types\/product"}],"replies":[{"embeddable":true,"href":"https:\/\/tecsecmty.com\/index.php\/wp-json\/wp\/v2\/comments?post=6380"}],"version-history":[{"count":0,"href":"https:\/\/tecsecmty.com\/index.php\/wp-json\/wp\/v2\/product\/6380\/revisions"}],"wp:featuredmedia":[{"embeddable":true,"href":"https:\/\/tecsecmty.com\/index.php\/wp-json\/wp\/v2\/media\/6379"}],"wp:attachment":[{"href":"https:\/\/tecsecmty.com\/index.php\/wp-json\/wp\/v2\/media?parent=6380"}],"wp:term":[{"taxonomy":"product_brand","embeddable":true,"href":"https:\/\/tecsecmty.com\/index.php\/wp-json\/wp\/v2\/product_brand?post=6380"},{"taxonomy":"product_cat","embeddable":true,"href":"https:\/\/tecsecmty.com\/index.php\/wp-json\/wp\/v2\/product_cat?post=6380"},{"taxonomy":"product_tag","embeddable":true,"href":"https:\/\/tecsecmty.com\/index.php\/wp-json\/wp\/v2\/product_tag?post=6380"}],"curies":[{"name":"wp","href":"https:\/\/api.w.org\/{rel}","templated":true}]}}