{"id":6382,"date":"2023-02-23T12:04:14","date_gmt":"2023-02-23T18:04:14","guid":{"rendered":"https:\/\/tecsecmty.com\/index.php\/producto\/commax-ccu204agf-distribuidor-para-panel-de-audio-modelo-dr2ag-conecta-hasta-4-intercomunicadores-o-auriculares-ap2sag-conexion-a-2-hilos-alimentacion-con-fuente-rf2a-solucion-audiogate\/"},"modified":"2023-03-22T23:22:13","modified_gmt":"2023-03-23T05:22:13","slug":"commax-ccu204agf-distribuidor-para-panel-de-audio-modelo-dr2ag-conecta-hasta-4-intercomunicadores-o-auriculares-ap2sag-conexion-a-2-hilos-alimentacion-con-fuente-rf2a-solucion-audiogate","status":"publish","type":"product","link":"https:\/\/tecsecmty.com\/index.php\/producto\/commax-ccu204agf-distribuidor-para-panel-de-audio-modelo-dr2ag-conecta-hasta-4-intercomunicadores-o-auriculares-ap2sag-conexion-a-2-hilos-alimentacion-con-fuente-rf2a-solucion-audiogate\/","title":{"rendered":"COMMAX CCU204AGF &#8211; Distribuidor para panel de audio modelo DR2AG, conecta hasta 4 Intercomunicadores o auriculares AP2SAG, conexi\u00f3n a 2 hilos, alimentaci\u00f3n con fuente RF2A, soluci\u00f3n #Audiogate"},"content":{"rendered":"<div class=\"row align-items-center padding-bottom-2x\">\n<div class=\"col-md-7 text-md-left text-center\">\n<h2>DESCRIPCI\u00d3N<\/h2>\n<p class=\"text-muted\">\n<p class=\"ql-align-justify\">Proporciona el poder para cada una de las necesidades familiares. 1 UTP Cableado entre los distribuidores de piso. Mayor Flexibilidad para varios sitios (2 tipos de canal: 4CH \/ 32 CH)<\/p>\n<p class=\"ql-align-justify\">Caracter\u00edsticas:<\/p>\n<ul>\n<li class=\"ql-align-justify\">Unidad a 4 canales<\/li>\n<li class=\"ql-align-justify\">Alimentaci\u00f3n disponible para un m\u00e1ximo de tres.<\/li>\n<li class=\"ql-align-justify\">Se puede utilizar mediante la conexi\u00f3n con el tipo de bucle de 2 hilos Interphone (ex. AP2SAG) fabricado en COMMAX.<\/li>\n<li class=\"ql-align-justify\">Conecci\u00f3n con un tel\u00e9fono a 6 hilos y se conecta a un distribuidor a 8 hilos<\/li>\n<li class=\"ql-align-justify\">Es posible la actualizaci\u00f3n remota desde el tel\u00e9fono guardia.<\/li>\n<li class=\"ql-align-justify\">Por favor asegurarse de la correcta secuencia de los cables.<\/li>\n<li class=\"ql-align-justify\">Evitar la duplicaci\u00f3n de otros dispositivos de identificaci\u00f3n.<\/li>\n<li class=\"ql-align-justify\">Cuando use un adaptador de alimentaci\u00f3n COMMAX: RF-24AS<\/li>\n<li class=\"ql-align-justify\">Cuando use un adaptador de alimentaci\u00f3n de otro proveedor: DC24V\/3A<\/li>\n<\/ul>\n<p>&nbsp;<\/p>\n<p>&nbsp;<\/p>\n<\/div>\n<\/div>\n<hr class=\"padding-bottom-2x\" \/>\n<div class=\"row aling-items-center padding-bottom-2x\">\n<div class=\"col-lg-12\">\n<h5 class=\"card-title text-center\">FUNCIONES<\/h5>\n<p class=\"ql-align-justify\">1.-Terminal de salida de l\u00ednea com\u00fan: Distribuidor Terminal de salida de l\u00ednea com\u00fan<\/p>\n<p class=\"ql-align-justify\">2.-Terminal de entrada de l\u00ednea com\u00fan:<\/p>\n<p class=\"ql-align-justify\">Lobby L\u00ednea com\u00fan y terminal de entrada de l\u00ednea com\u00fan del distribuidor<\/p>\n<p class=\"ql-align-justify\">3.-Hogar en y terminal de salida: l\u00ednea de llamada de espera de la casa terminal de entrada.<\/p>\n<p class=\"ql-align-justify\">4.-Terminal de programa: Este producto es un terminal para la descarga del programa.<\/p>\n<p class=\"ql-align-justify\">5.-Terminal de conexi\u00f3n RS-232: puede utilizarlo Si cambia la configuraci\u00f3n mediante un PC.<\/p>\n<p class=\"ql-align-justify\">6.-Interruptor de encendido: INTERRUPTOR ON \/ OFF PARA ENCENDIDO.<\/p>\n<p class=\"ql-align-justify\">7.-Terminal de entrada de energ\u00eda: Terminal de conexi\u00f3n del adaptador RF-24AS.<\/p>\n<p class=\"ql-align-justify\">8.-LED de estado: El LED est\u00e1 encendido dependiendo del estado.<\/p>\n<p class=\"ql-align-justify ql-indent-1\">a) LED de alimentaci\u00f3n: El LED est\u00e1 encendido cuando la alimentaci\u00f3n est\u00e1 encendida.<\/p>\n<p class=\"ql-align-justify ql-indent-1\">b) LED de la llamada del vest\u00edbulo: El LED est\u00e1 encendido al llamar entre el HOGAR Y LOBBY.<\/p>\n<p class=\"ql-align-justify ql-indent-1\">c) LED de llamada de guardia: El LED est\u00e1 encendido cuando se llama entre Casa y Guardia o Casa.<\/p>\n<p class=\"ql-align-justify ql-indent-1\">d) LED de datos: El LED est\u00e1 encendido cuando se transfieren datos entre dispositivos.<\/p>\n<p class=\"ql-align-justify ql-indent-1\">e) LED de comprobaci\u00f3n de errores: El LED est\u00e1 encendido cuando hay error.<\/p>\n<p class=\"ql-align-justify\">9.-El interruptor para configurar el ID: Este es el interruptor DIP para configurar el ID.<\/p>\n<\/div>\n<\/div>\n<div class=\"row aling-items-center padding-bottom-2x\">\n<div class=\"col-lg-12\">\n<h5 class=\"card-title text-center\">PARAMETROS<\/h5>\n<p><strong>Cableado<\/strong><\/p>\n<p>para el vest\u00edbulo 6 hilos comunes, para el piso distribuidor 8 hilos comunes.<\/p>\n<p><strong>Fuente<\/strong><\/p>\n<p>24 VDC\/ 1.5 A<\/p>\n<p><strong>Consumo<\/strong><\/p>\n<p>En Espera: 210 mA<\/p>\n<p>M\u00e1ximo: 280 mA<\/p>\n<p><strong>Rango<\/strong><\/p>\n<p>200 m\/ \u00f8 .65 mm (grosor del cable)<\/p>\n<p class=\"ql-align-center\"><strong>NOTA:<\/strong>\u00a0<u>Fuente de alimentaci\u00f3n no incluida<\/u><\/p>\n<\/div>\n<\/div>\n","protected":false},"excerpt":{"rendered":"<p>DESCRIPCI\u00d3N Proporciona el poder para cada una de las necesidades familiares. 1 UTP Cableado entre los distribuidores de piso. Mayor Flexibilidad para varios sitios (2 tipos de canal: 4CH \/ 32 CH) Caracter\u00edsticas: Unidad a 4 canales Alimentaci\u00f3n disponible para un m\u00e1ximo de tres. Se&hellip;<\/p>\n","protected":false},"featured_media":6381,"comment_status":"open","ping_status":"closed","template":"","meta":{"om_disable_all_campaigns":false,"_monsterinsights_skip_tracking":false,"_monsterinsights_sitenote_active":false,"_monsterinsights_sitenote_note":"","_monsterinsights_sitenote_category":0},"product_brand":[],"product_cat":[534],"product_tag":[513,514,511,516,519,517,520,515,181,518,512],"class_list":{"0":"post-6382","1":"product","2":"type-product","3":"status-publish","4":"has-post-thumbnail","6":"product_cat-distribuidores","7":"product_tag-altavoces","8":"product_tag-amplificadores","9":"product_tag-audio-y-video","10":"product_tag-audioporteros","11":"product_tag-digital-signage","12":"product_tag-intercomunicadores","13":"product_tag-kits-videoporteros","14":"product_tag-mezcladoras","15":"product_tag-microfonos","16":"product_tag-sistemas-de-enfermeria","17":"product_tag-videoporteros","19":"first","20":"instock","21":"sale","22":"taxable","23":"shipping-taxable","24":"purchasable","25":"product-type-simple"},"aioseo_notices":[],"_links":{"self":[{"href":"https:\/\/tecsecmty.com\/index.php\/wp-json\/wp\/v2\/product\/6382","targetHints":{"allow":["GET"]}}],"collection":[{"href":"https:\/\/tecsecmty.com\/index.php\/wp-json\/wp\/v2\/product"}],"about":[{"href":"https:\/\/tecsecmty.com\/index.php\/wp-json\/wp\/v2\/types\/product"}],"replies":[{"embeddable":true,"href":"https:\/\/tecsecmty.com\/index.php\/wp-json\/wp\/v2\/comments?post=6382"}],"version-history":[{"count":0,"href":"https:\/\/tecsecmty.com\/index.php\/wp-json\/wp\/v2\/product\/6382\/revisions"}],"wp:featuredmedia":[{"embeddable":true,"href":"https:\/\/tecsecmty.com\/index.php\/wp-json\/wp\/v2\/media\/6381"}],"wp:attachment":[{"href":"https:\/\/tecsecmty.com\/index.php\/wp-json\/wp\/v2\/media?parent=6382"}],"wp:term":[{"taxonomy":"product_brand","embeddable":true,"href":"https:\/\/tecsecmty.com\/index.php\/wp-json\/wp\/v2\/product_brand?post=6382"},{"taxonomy":"product_cat","embeddable":true,"href":"https:\/\/tecsecmty.com\/index.php\/wp-json\/wp\/v2\/product_cat?post=6382"},{"taxonomy":"product_tag","embeddable":true,"href":"https:\/\/tecsecmty.com\/index.php\/wp-json\/wp\/v2\/product_tag?post=6382"}],"curies":[{"name":"wp","href":"https:\/\/api.w.org\/{rel}","templated":true}]}}