{"id":6390,"date":"2023-02-23T12:04:23","date_gmt":"2023-02-23T18:04:23","guid":{"rendered":"https:\/\/tecsecmty.com\/index.php\/producto\/commax-dr2ag-panel-de-audio-para-edificios-departamentales-fraccionamientos-cotos-etc-desde-4-hasta-1000-auriculares-conexion-por-2-hilos-de-distribuidor-con-auricular-audiogate\/"},"modified":"2023-03-22T23:22:16","modified_gmt":"2023-03-23T05:22:16","slug":"commax-dr2ag-panel-de-audio-para-edificios-departamentales-fraccionamientos-cotos-etc-desde-4-hasta-1000-auriculares-conexion-por-2-hilos-de-distribuidor-con-auricular-audiogate","status":"publish","type":"product","link":"https:\/\/tecsecmty.com\/index.php\/producto\/commax-dr2ag-panel-de-audio-para-edificios-departamentales-fraccionamientos-cotos-etc-desde-4-hasta-1000-auriculares-conexion-por-2-hilos-de-distribuidor-con-auricular-audiogate\/","title":{"rendered":"COMMAX DR2AG &#8211; Panel de audio para edificios departamentales, Fraccionamientos, cotos, etc. desde 4 hasta 1000 auriculares \/ Conexi\u00f3n por 2 hilos de Distribuidor con Auricular\/ #Audiogate"},"content":{"rendered":"<div class=\"row aling-items-center padding-bottom-2x\">\n<div class=\"col-lg-12\">\n<h5 class=\"card-title text-center\">Descripci\u00f3n general<\/h5>\n<p class=\"ql-align-justify\">El sistema Commax\u00a0de Audio Gate es Optimizado por Multi-Complex Departamentos y Edificios. Tambi\u00e9n provee un m\u00e9todo simple de instalaci\u00f3n expandida por una implementaci\u00f3n de costo-efectivo. Provee varios m\u00e9todos de autentificaci\u00f3n como funci\u00f3n de b\u00fasqueda de nombre y contrase\u00f1a que proporciona la mayor conveniencia y seguridad.<\/p>\n<p class=\"ql-align-justify\">Un video portero es un aparato que nos permite tener control de qui\u00e9n accede y qui\u00e9n no a nuestras instalaciones u hogares, de modo que el video portero DR2AG junto con un frente de calle nos facilitan esta funci\u00f3n.\u00a0Cuando el bot\u00f3n de alarma del frente de calle es accionado, nuestro video portero suena de modo que el usuario en el interior tiene la oportunidad de ver qui\u00e9n se encuentra afuera por medio de la c\u00e1mara de nuestro frente de calle, una vez identificado el usuario desde el interior puede permitirle el paso presionando el bot\u00f3n t\u00e1ctil con forma de llave.<\/p>\n<p class=\"ql-align-justify\">Tambi\u00e9n puede ser conectado con un intercomunicador con el cual se puede comunicar con el video portero y abrir la chapa el\u00e9ctrica.<\/p>\n<p class=\"ql-align-justify\">Soporta:<\/p>\n<ul>\n<li>Hasta 2 Terminales de Audio para Guardia.<\/li>\n<li>Distribuidores de 4 o hasta 32 Intercomunicadores.<\/li>\n<li>Permite la apertura de puerta en forma remota.<\/li>\n<li>Soporta lector de tarjetas MIFARE\u00a0<strong>(OPCIONAL SOBREPEDIDO)<\/strong><\/li>\n<\/ul>\n<p><img decoding=\"async\" class=\"overview-center-img-web\" src=\"https:\/\/tvc.mx\/media\/214111\/COMMAX-DR2AG-Panel-de-audio-Para-edificios-Desde-4-hasta-1000-auriculares-Conexi%C3%B3n-por-2-hilos-Audiogate-1.png\" alt=\"\" \/><\/div>\n<\/div>\n<div class=\"row align-items-center padding-bottom-2x\">\n<div class=\"col-md-5\"><img decoding=\"async\" class=\"d-block m-auto img-thumbnail\" src=\"https:\/\/tvc.mx\/media\/214115\/COMMAX-DR2AG-Panel-de-audio-Para-edificios-Desde-4-hasta-1000-auriculares-Conexi%C3%B3n-por-2-hilos-Audiogate-2.png\" alt=\" \" \/><\/div>\n<div class=\"col-md-7 text-md-left text-center\">\n<h2>Funciones<\/h2>\n<p class=\"text-muted\">\n<p class=\"ql-align-justify\">Soporta:<\/p>\n<ul>\n<li>Hasta 2 Terminales de Audio para Guardia.<\/li>\n<li>Distribuidores de 4 o hasta 32 Intercomunicadores.<\/li>\n<li>Permite la apertura de puerta en forma remota.<\/li>\n<li>Soporta lector de tarjetas MIFARE (OPCIONAL)<\/li>\n<\/ul>\n<p>&nbsp;<\/p>\n<\/div>\n<\/div>\n<hr class=\"padding-bottom-2x\" \/>\n<div class=\"row align-items-center padding-bottom-2x\">\n<div class=\"col-md-5 order-md-2\"><img decoding=\"async\" class=\"d-block m-auto img-thumbnail\" src=\"https:\/\/tvc.mx\/media\/214119\/COMMAX-DR2AG-Panel-de-audio-Para-edificios-Desde-4-hasta-1000-auriculares-Conexi%C3%B3n-por-2-hilos-Audiogate-3.png\" alt=\" \" \/><\/div>\n<div class=\"col-md-7 order-md-1 text-md-left text-center\">\n<h2>Caracter\u00edsticas<\/h2>\n<p class=\"text-muted\">\n<ul>\n<li>Fuente de poder: DC 12V, 1A<\/li>\n<li>Consumo de energ\u00eda:\u00a0\u00a0M\u00e1ximo: 500 mA En Espera: 400 mA<\/li>\n<li>Tipo de Montaje: Montaje Empotrado<\/li>\n<li>Dimensi\u00f3n (mm): 130(W) x 315(H) x 10(38)(D)<\/li>\n<li>Tarjeta RFID: No disponible<\/li>\n<li>Cableado: Del Distribuidor al tel\u00e9fono del lobby: 1 UTP\u00a0Unidad para el hogar: 2 cables (no-polaridad)<\/li>\n<\/ul>\n<p class=\"ql-align-justify\">Capacidad de expansi\u00f3n de hasta 4 ~ 1,000 unidades dom\u00e9sticas. Informaci\u00f3n en Pantalla Clara y Brillante legible bajo ambiente de luz brillante o baja a trav\u00e9s de la exhibici\u00f3n de OLED.<\/p>\n<\/div>\n<\/div>\n","protected":false},"excerpt":{"rendered":"<p>Descripci\u00f3n general El sistema Commax\u00a0de Audio Gate es Optimizado por Multi-Complex Departamentos y Edificios. Tambi\u00e9n provee un m\u00e9todo simple de instalaci\u00f3n expandida por una implementaci\u00f3n de costo-efectivo. Provee varios m\u00e9todos de autentificaci\u00f3n como funci\u00f3n de b\u00fasqueda de nombre y contrase\u00f1a que proporciona la mayor conveniencia&hellip;<\/p>\n","protected":false},"featured_media":6389,"comment_status":"open","ping_status":"closed","template":"","meta":{"om_disable_all_campaigns":false,"_monsterinsights_skip_tracking":false,"_monsterinsights_sitenote_active":false,"_monsterinsights_sitenote_note":"","_monsterinsights_sitenote_category":0},"product_brand":[],"product_cat":[535],"product_tag":[513,514,511,516,519,517,520,515,181,518,512],"class_list":{"0":"post-6390","1":"product","2":"type-product","3":"status-publish","4":"has-post-thumbnail","6":"product_cat-frentes-de-calle","7":"product_tag-altavoces","8":"product_tag-amplificadores","9":"product_tag-audio-y-video","10":"product_tag-audioporteros","11":"product_tag-digital-signage","12":"product_tag-intercomunicadores","13":"product_tag-kits-videoporteros","14":"product_tag-mezcladoras","15":"product_tag-microfonos","16":"product_tag-sistemas-de-enfermeria","17":"product_tag-videoporteros","19":"first","20":"instock","21":"sale","22":"taxable","23":"shipping-taxable","24":"purchasable","25":"product-type-simple"},"aioseo_notices":[],"_links":{"self":[{"href":"https:\/\/tecsecmty.com\/index.php\/wp-json\/wp\/v2\/product\/6390","targetHints":{"allow":["GET"]}}],"collection":[{"href":"https:\/\/tecsecmty.com\/index.php\/wp-json\/wp\/v2\/product"}],"about":[{"href":"https:\/\/tecsecmty.com\/index.php\/wp-json\/wp\/v2\/types\/product"}],"replies":[{"embeddable":true,"href":"https:\/\/tecsecmty.com\/index.php\/wp-json\/wp\/v2\/comments?post=6390"}],"version-history":[{"count":0,"href":"https:\/\/tecsecmty.com\/index.php\/wp-json\/wp\/v2\/product\/6390\/revisions"}],"wp:featuredmedia":[{"embeddable":true,"href":"https:\/\/tecsecmty.com\/index.php\/wp-json\/wp\/v2\/media\/6389"}],"wp:attachment":[{"href":"https:\/\/tecsecmty.com\/index.php\/wp-json\/wp\/v2\/media?parent=6390"}],"wp:term":[{"taxonomy":"product_brand","embeddable":true,"href":"https:\/\/tecsecmty.com\/index.php\/wp-json\/wp\/v2\/product_brand?post=6390"},{"taxonomy":"product_cat","embeddable":true,"href":"https:\/\/tecsecmty.com\/index.php\/wp-json\/wp\/v2\/product_cat?post=6390"},{"taxonomy":"product_tag","embeddable":true,"href":"https:\/\/tecsecmty.com\/index.php\/wp-json\/wp\/v2\/product_tag?post=6390"}],"curies":[{"name":"wp","href":"https:\/\/api.w.org\/{rel}","templated":true}]}}