{"id":6394,"date":"2023-02-23T12:04:26","date_gmt":"2023-02-23T18:04:26","guid":{"rendered":"https:\/\/tecsecmty.com\/index.php\/producto\/commax-tp90rn-equipo-de-intercomunicacion-configuracion-de-numeros-de-extension-para-comunicacion-con-otros-dispositivos-soporta-hasta-90-equipos-distancia-maxima-100-metros-no-soporta-frente-de\/"},"modified":"2023-03-22T23:22:18","modified_gmt":"2023-03-23T05:22:18","slug":"commax-tp90rn-equipo-de-intercomunicacion-configuracion-de-numeros-de-extension-para-comunicacion-con-otros-dispositivos-soporta-hasta-90-equipos-distancia-maxima-100-metros-no-soporta-frente-de","status":"publish","type":"product","link":"https:\/\/tecsecmty.com\/index.php\/producto\/commax-tp90rn-equipo-de-intercomunicacion-configuracion-de-numeros-de-extension-para-comunicacion-con-otros-dispositivos-soporta-hasta-90-equipos-distancia-maxima-100-metros-no-soporta-frente-de\/","title":{"rendered":"COMMAX TP90RN &#8211; Equipo de intercomunicacion, configuraci\u00f3n de n\u00fameros de extensi\u00f3n para comunicaci\u00f3n con otros dispositivos, soporta hasta 90 equipos, distancia m\u00e1xima 100 metros, no soporta frente de calle, requiere fuente de alimentacion RF2A"},"content":{"rendered":"<div class=\"row aling-items-center padding-bottom-2x\">\n<div class=\"col-lg-12\">\n<h5 class=\"card-title text-center\">Descripci\u00f3n general<\/h5>\n<p>TP90AN\/RN es un dispositivo excelente para aplicaciones como: hospitales, edificios, departamentos, escuelas, bancos, viviendas, tiendas departamentales etc\u00e9tera. La configuraci\u00f3n de estos equipos es muy sencilla, se pueden interconectar hasta 90 equipos a una distancia de 100m conectados a 10 hilos de los cuales 8 hilos son para comunicaci\u00f3n (1 cable UTP) y 2 hilos para la alimentaci\u00f3n (24VDC)<\/p>\n<p><img decoding=\"async\" class=\"overview-center-img-web\" src=\"https:\/\/tvc.mx\/media\/119498\/COMMAX-TP90RN--SISTEMA-DE-INTERCOMUNICADOR-TP90-29036-1.jpg\" alt=\"\" \/><\/div>\n<\/div>\n<div class=\"row align-items-center padding-bottom-2x\">\n<div class=\"col-md-5\"><img decoding=\"async\" class=\"d-block m-auto img-thumbnail\" src=\"https:\/\/tvc.mx\/media\/119502\/COMMAX-TP90RN--SISTEMA-DE-INTERCOMUNICADOR-TP90-29036-2.jpg\" alt=\" \" \/><\/div>\n<div class=\"col-md-7 text-md-left text-center\">\n<h2>Especificaciones<\/h2>\n<p class=\"text-muted\">\n<ul>\n<li class=\"ql-align-justify\">Voltaje: 24 V DC<\/li>\n<li class=\"ql-align-justify\">Consumo de corriente: 120mA (max)<\/li>\n<li class=\"ql-align-justify\">Cableado:10 hilos<\/li>\n<li class=\"ql-align-justify\">Distancia efectiva: 1 Km \/ 0.65 F<\/li>\n<li class=\"ql-align-justify\">Comunicaci\u00f3n: 3 canales<\/li>\n<li class=\"ql-align-justify\">Dimensiones mm: 116(A) x 208(L) x 67(D)<\/li>\n<\/ul>\n<p>)<\/p>\n<p>&nbsp;<\/p>\n<\/div>\n<\/div>\n<hr class=\"padding-bottom-2x\" \/>\n<div class=\"row align-items-center padding-bottom-2x\">\n<div class=\"col-md-5 order-md-2\"><img decoding=\"async\" class=\"d-block m-auto img-thumbnail\" src=\"https:\/\/tvc.mx\/media\/119506\/COMMAX-TP90RN--SISTEMA-DE-INTERCOMUNICADOR-TP90-29036-3.jpg\" alt=\" \" \/><\/div>\n<div class=\"col-md-7 order-md-1 text-md-left text-center\">\n<h2>Aplicaciones<\/h2>\n<p class=\"text-muted\">\n<p class=\"ql-align-justify\">En la imagen podemos observar donde se pueden llegar a utilizar los equipos TP90 de commax.<\/p>\n<p class=\"ql-align-justify\">Por ejemplo:<\/p>\n<ul>\n<li class=\"ql-align-justify\">Escuelas<\/li>\n<li class=\"ql-align-justify\">Hospitales<\/li>\n<li class=\"ql-align-justify\">Departamentos<\/li>\n<li class=\"ql-align-justify\">Etc.<\/li>\n<\/ul>\n<p>&nbsp;<\/p>\n<\/div>\n<\/div>\n<hr class=\"padding-bottom-2x\" \/>\n<div class=\"row align-items-center padding-bottom-2x\">\n<div class=\"col-md-5\"><img decoding=\"async\" class=\"d-block m-auto img-thumbnail\" src=\"https:\/\/tvc.mx\/media\/119510\/COMMAX-TP90RN--SISTEMA-DE-INTERCOMUNICADOR-TP90-29036-4.jpg\" alt=\" \" \/><\/div>\n<div class=\"col-md-7 text-md-left text-center\">\n<h2>Sugerencias y conexi\u00f3n<\/h2>\n<p class=\"text-muted\">\n<p class=\"ql-align-justify\">Cuando una fuente de voltaje es agregada al sistema es importante colocar un diodo de protecci\u00f3n de la siguiente manera.<\/p>\n<ul>\n<li class=\"ql-align-justify\">Una fuente de 24 VDC \/1A puede soportar la carga de 8 dispositivos.<\/li>\n<li class=\"ql-align-justify\">El equipo debe estar entre 1 Km de la fuente de voltaje.<\/li>\n<li class=\"ql-align-justify\">Use una fuente extra si la distancia es mayor a 1 Km<\/li>\n<li class=\"ql-align-justify\">Si usa calibre 0.65 mm, instale la segunda unidad dentro de los primeros mil metros, si es mayor utilice una fuente adicional como se muestra en el diagrama anterior.<\/li>\n<\/ul>\n<\/div>\n<\/div>\n","protected":false},"excerpt":{"rendered":"<p>Descripci\u00f3n general TP90AN\/RN es un dispositivo excelente para aplicaciones como: hospitales, edificios, departamentos, escuelas, bancos, viviendas, tiendas departamentales etc\u00e9tera. La configuraci\u00f3n de estos equipos es muy sencilla, se pueden interconectar hasta 90 equipos a una distancia de 100m conectados a 10 hilos de los cuales&hellip;<\/p>\n","protected":false},"featured_media":6393,"comment_status":"open","ping_status":"closed","template":"","meta":{"om_disable_all_campaigns":false,"_monsterinsights_skip_tracking":false,"_monsterinsights_sitenote_active":false,"_monsterinsights_sitenote_note":"","_monsterinsights_sitenote_category":0},"product_brand":[],"product_cat":[536],"product_tag":[513,514,511,516,519,517,520,515,181,518,512],"class_list":{"0":"post-6394","1":"product","2":"type-product","3":"status-publish","4":"has-post-thumbnail","6":"product_cat-intercomunicadores","7":"product_tag-altavoces","8":"product_tag-amplificadores","9":"product_tag-audio-y-video","10":"product_tag-audioporteros","11":"product_tag-digital-signage","12":"product_tag-intercomunicadores","13":"product_tag-kits-videoporteros","14":"product_tag-mezcladoras","15":"product_tag-microfonos","16":"product_tag-sistemas-de-enfermeria","17":"product_tag-videoporteros","19":"first","20":"instock","21":"sale","22":"taxable","23":"shipping-taxable","24":"purchasable","25":"product-type-simple"},"aioseo_notices":[],"_links":{"self":[{"href":"https:\/\/tecsecmty.com\/index.php\/wp-json\/wp\/v2\/product\/6394","targetHints":{"allow":["GET"]}}],"collection":[{"href":"https:\/\/tecsecmty.com\/index.php\/wp-json\/wp\/v2\/product"}],"about":[{"href":"https:\/\/tecsecmty.com\/index.php\/wp-json\/wp\/v2\/types\/product"}],"replies":[{"embeddable":true,"href":"https:\/\/tecsecmty.com\/index.php\/wp-json\/wp\/v2\/comments?post=6394"}],"version-history":[{"count":0,"href":"https:\/\/tecsecmty.com\/index.php\/wp-json\/wp\/v2\/product\/6394\/revisions"}],"wp:featuredmedia":[{"embeddable":true,"href":"https:\/\/tecsecmty.com\/index.php\/wp-json\/wp\/v2\/media\/6393"}],"wp:attachment":[{"href":"https:\/\/tecsecmty.com\/index.php\/wp-json\/wp\/v2\/media?parent=6394"}],"wp:term":[{"taxonomy":"product_brand","embeddable":true,"href":"https:\/\/tecsecmty.com\/index.php\/wp-json\/wp\/v2\/product_brand?post=6394"},{"taxonomy":"product_cat","embeddable":true,"href":"https:\/\/tecsecmty.com\/index.php\/wp-json\/wp\/v2\/product_cat?post=6394"},{"taxonomy":"product_tag","embeddable":true,"href":"https:\/\/tecsecmty.com\/index.php\/wp-json\/wp\/v2\/product_tag?post=6394"}],"curies":[{"name":"wp","href":"https:\/\/api.w.org\/{rel}","templated":true}]}}