{"id":6396,"date":"2023-02-23T12:04:30","date_gmt":"2023-02-23T18:04:30","guid":{"rendered":"https:\/\/tecsecmty.com\/index.php\/producto\/dahua-dhi-ds04-ai400-caja-de-control-multimedia-para-senalizacion-digital-android-compatible-con-software-mps-para-administracion-ethernet\/"},"modified":"2023-03-22T23:22:32","modified_gmt":"2023-03-23T05:22:32","slug":"dahua-dhi-ds04-ai400-caja-de-control-multimedia-para-senalizacion-digital-android-compatible-con-software-mps-para-administracion-ethernet","status":"publish","type":"product","link":"https:\/\/tecsecmty.com\/index.php\/producto\/dahua-dhi-ds04-ai400-caja-de-control-multimedia-para-senalizacion-digital-android-compatible-con-software-mps-para-administracion-ethernet\/","title":{"rendered":"DAHUA DHI-DS04-AI400 &#8211; Caja de Control Multimedia para Se\u00f1alizaci\u00f3n Digital\/ Android\/ Compatible con Software MPS para Administraci\u00f3n\/ Ethernet"},"content":{"rendered":"<div class=\"row aling-items-center padding-bottom-2x\">\n<div class=\"col-lg-12\">\n<h5 class=\"card-title text-center\">Informaci\u00f3n general<\/h5>\n<ul>\n<li>La caja de control multimedia para se\u00f1alizaci\u00f3n digital, cuenta con un dise\u00f1o industrial, peque\u00f1o y port\u00e1til, monitor a juego, video wall, pantalla LED para publicidad.<\/li>\n<li>4 m\u00f3dulos de funci\u00f3n incluyen liberaci\u00f3n de red, liberaci\u00f3n local, administrador de aplicaciones y configuraci\u00f3n del sistema<\/li>\n<li>Admite video, imagen, audio, txt, PDF, transmisi\u00f3n de IPC, hora, clima y otra informaci\u00f3n multimedia publicada, hecha para la industria publicitaria.<\/li>\n<li>Admite el material del programa fuera de la red o la funci\u00f3n de reanudaci\u00f3n de cortes, ahorra mucho ancho de banda y flujo de red<\/li>\n<li>La plataforma MPS de Dahua proporciona gesti\u00f3n remota unificada para integradores de sistemas y operadores de medios<\/li>\n<\/ul>\n<p><img decoding=\"async\" class=\"overview-center-img-web\" src=\"https:\/\/tvc.mx\/media\/576487\/DAHUA-DHI-DS04-AI400-Caja-Control-Multimedia-Se%C3%B1alizaci%C3%B3n-Digital-Android-Compatible-Software-MPS-Administraci%C3%B3n-banner-principal.png\" alt=\"Caja de control\" \/><\/div>\n<\/div>\n<div class=\"row align-items-center padding-bottom-2x\">\n<div class=\"col-md-5\"><img decoding=\"async\" class=\"d-block m-auto img-thumbnail\" src=\"https:\/\/tvc.mx\/media\/576535\/DAHUA-DHI-DS04-AI400-Caja-Control-Multimedia-Se%C3%B1alizaci%C3%B3n-Digital-Android-Compatible-Software-MPS-Administraci%C3%B3n-caracteristicas-principales.png\" alt=\" Caja de control\" \/><\/div>\n<div class=\"col-md-7 text-md-left text-center\">\n<h2>Caracter\u00edsticas Principales<\/h2>\n<p class=\"text-muted\">\n<p class=\"ql-align-justify\">Modelo DS04-AI400<\/p>\n<p class=\"ql-align-justify\">UPC: cortex- A17 de cuatro n\u00facleos hasta 1,6 GHz<\/p>\n<p class=\"ql-align-justify\">RAM: 2 GB<\/p>\n<p class=\"ql-align-justify\">ROM: 16 GB<\/p>\n<p class=\"ql-align-justify\">Sistema operativo: androide 8.1<\/p>\n<p>&nbsp;<\/p>\n<\/div>\n<\/div>\n<hr class=\"padding-bottom-2x\" \/>\n<div class=\"row align-items-center padding-bottom-2x\">\n<div class=\"col-md-5 order-md-2\"><img decoding=\"async\" class=\"d-block m-auto img-thumbnail\" src=\"https:\/\/tvc.mx\/media\/576599\/DAHUA-DHI-DS04-AI400-Caja-Control-Multimedia-Se%C3%B1alizaci%C3%B3n-Digital-Android-Compatible-Software-MPS-Administraci%C3%B3n-Especificaciones.png\" alt=\" Caja de control\" \/><\/div>\n<div class=\"col-md-7 order-md-1 text-md-left text-center\">\n<h2>Especificaciones T\u00e9cnicas<\/h2>\n<p class=\"text-muted\">\n<ul>\n<li>Plataforma de gesti\u00f3n: MPS<\/li>\n<li>Tipo de material: Audio, video, imagen, tiempo, clima, cuenta regresiva, txt, p\u00e1gina web, transmisi\u00f3n de medios, pdf.<\/li>\n<li>Codificaci\u00f3n de audio\/v\u00eddeo formato: MP4, avi, mov, asf, wmv, rm, rmvb, mkv, jpg, jpeg, gif, bmp, png, mp3, wma,wav.<\/li>\n<li>Marquesina de desplazamiento: Apoyo<\/li>\n<li>Modo de juego: Reproducci\u00f3n instant\u00e1nea, reproducci\u00f3n de tiempo especificado, reproducci\u00f3n peri\u00f3dica, reproducci\u00f3n intercortada.<\/li>\n<li>Calendario de reproducci\u00f3n: D\u00eda, semana, mes, festival, costumbre.<\/li>\n<li>Capacidad de decodificaci\u00f3n: 1CH@4K(60fps) o 1ch@1080P<\/li>\n<\/ul>\n<\/div>\n<\/div>\n","protected":false},"excerpt":{"rendered":"<p>Informaci\u00f3n general La caja de control multimedia para se\u00f1alizaci\u00f3n digital, cuenta con un dise\u00f1o industrial, peque\u00f1o y port\u00e1til, monitor a juego, video wall, pantalla LED para publicidad. 4 m\u00f3dulos de funci\u00f3n incluyen liberaci\u00f3n de red, liberaci\u00f3n local, administrador de aplicaciones y configuraci\u00f3n del sistema Admite&hellip;<\/p>\n","protected":false},"featured_media":6395,"comment_status":"open","ping_status":"closed","template":"","meta":{"om_disable_all_campaigns":false,"_monsterinsights_skip_tracking":false,"_monsterinsights_sitenote_active":false,"_monsterinsights_sitenote_note":"","_monsterinsights_sitenote_category":0},"product_brand":[],"product_cat":[537],"product_tag":[513,514,511,516,519,517,520,515,181,518,512],"class_list":{"0":"post-6396","1":"product","2":"type-product","3":"status-publish","4":"has-post-thumbnail","6":"product_cat-digital-signage","7":"product_tag-altavoces","8":"product_tag-amplificadores","9":"product_tag-audio-y-video","10":"product_tag-audioporteros","11":"product_tag-digital-signage","12":"product_tag-intercomunicadores","13":"product_tag-kits-videoporteros","14":"product_tag-mezcladoras","15":"product_tag-microfonos","16":"product_tag-sistemas-de-enfermeria","17":"product_tag-videoporteros","19":"first","20":"instock","21":"sale","22":"taxable","23":"shipping-taxable","24":"purchasable","25":"product-type-simple"},"aioseo_notices":[],"_links":{"self":[{"href":"https:\/\/tecsecmty.com\/index.php\/wp-json\/wp\/v2\/product\/6396","targetHints":{"allow":["GET"]}}],"collection":[{"href":"https:\/\/tecsecmty.com\/index.php\/wp-json\/wp\/v2\/product"}],"about":[{"href":"https:\/\/tecsecmty.com\/index.php\/wp-json\/wp\/v2\/types\/product"}],"replies":[{"embeddable":true,"href":"https:\/\/tecsecmty.com\/index.php\/wp-json\/wp\/v2\/comments?post=6396"}],"version-history":[{"count":0,"href":"https:\/\/tecsecmty.com\/index.php\/wp-json\/wp\/v2\/product\/6396\/revisions"}],"wp:featuredmedia":[{"embeddable":true,"href":"https:\/\/tecsecmty.com\/index.php\/wp-json\/wp\/v2\/media\/6395"}],"wp:attachment":[{"href":"https:\/\/tecsecmty.com\/index.php\/wp-json\/wp\/v2\/media?parent=6396"}],"wp:term":[{"taxonomy":"product_brand","embeddable":true,"href":"https:\/\/tecsecmty.com\/index.php\/wp-json\/wp\/v2\/product_brand?post=6396"},{"taxonomy":"product_cat","embeddable":true,"href":"https:\/\/tecsecmty.com\/index.php\/wp-json\/wp\/v2\/product_cat?post=6396"},{"taxonomy":"product_tag","embeddable":true,"href":"https:\/\/tecsecmty.com\/index.php\/wp-json\/wp\/v2\/product_tag?post=6396"}],"curies":[{"name":"wp","href":"https:\/\/api.w.org\/{rel}","templated":true}]}}