{"id":6398,"date":"2023-02-23T12:04:32","date_gmt":"2023-02-23T18:04:32","guid":{"rendered":"https:\/\/tecsecmty.com\/index.php\/producto\/dahua-dhl550udmegpak-videowall-para-publicidad-digital-2x2-administrable-desde-software-mps-dahua\/"},"modified":"2023-03-22T23:22:37","modified_gmt":"2023-03-23T05:22:37","slug":"dahua-dhl550udmegpak-videowall-para-publicidad-digital-2x2-administrable-desde-software-mps-dahua","status":"publish","type":"product","link":"https:\/\/tecsecmty.com\/index.php\/producto\/dahua-dhl550udmegpak-videowall-para-publicidad-digital-2x2-administrable-desde-software-mps-dahua\/","title":{"rendered":"DAHUA DHL550UDMEGPAK- Videowall para Publicidad Digital 2&#215;2 \/ Administrable desde software MPS Dahua"},"content":{"rendered":"<div class=\"row aling-items-center padding-bottom-2x\">\n<div class=\"col-lg-12\">\n<h5 class=\"card-title text-center\">Contenido V\u00edvido y Claridad incomparable<\/h5>\n<p>La pantalla modelo\u00a0DHL550UDMEG\u00a0cuenta con un alto brillo de 500cd\/m2, su marco ultradelgado hace que la separaci\u00f3n entre las pantallas sea s\u00f3lo de 1.8 mm, aumentando de esta forma el \u00e1rea visible, lo que la hace especial para aplicaciones de TV WALL.<\/p>\n<p><img decoding=\"async\" class=\"overview-center-img-web\" src=\"https:\/\/tvc.mx\/media\/88844\/contraste.jpg\" alt=\"\" \/><\/div>\n<\/div>\n<div class=\"row aling-items-center padding-bottom-2x\">\n<div class=\"col-lg-12\">\n<h5 class=\"card-title text-center\">\u00c1ngulo completo de Visualizaci\u00f3n<\/h5>\n<h5><\/h5>\n<p>Maximiza el impacto visual de productos y mensajes con biseles ultra delgados. Lo delgado de los biseles son\u00a0tan escasos como 1.8 mm que ayudan a crear la sensaci\u00f3n de\u00a0cercan\u00eda entre los lienzos digitales, proporciona a la audiencia un\u00a0experiencia de visualizaci\u00f3n superior con m\u00ednimas distracciones. El pulcro\u00a0estilo de la pantalla puede encajar naturalmente en cualquien ambiente\u00a0con su dise\u00f1o discreto.<\/p>\n<p>Fiable, duradera y resistente al polvo\u00a0dise\u00f1ada para soportar el paso del tiempo, la pantalla modelo\u00a0DHL550UDMEG\u00a0es completamente resistente al polvo y suciedad. Las esquinas y agujeros sellados, la estructura de doble capa, el cristal de protecci\u00f3n, le brindan la robustez y resistencia necesaria, adem\u00e1s de contar con\u00a0un maravilloso dise\u00f1o, adem\u00e1s tenemos visualizaci\u00f3n completa sin \u00e1ngulos muertos ya que nos permite ver el rango completo de visualizaci\u00f3n hasta 178\u00b0.<\/p>\n<p><img decoding=\"async\" class=\"overview-center-img-web\" src=\"https:\/\/tvc.mx\/media\/88848\/vision.jpg\" alt=\"\" \/><\/div>\n<\/div>\n<div class=\"row aling-items-center padding-bottom-2x\">\n<div class=\"col-lg-12\">\n<h5 class=\"card-title text-center\">Media Player<\/h5>\n<p>El decodificador\u00a0<strong>DPB18-AI<\/strong>\u00a0es un reproductor multimedia de escritorio basado en Android que permite visualizar el flujo de v\u00eddeo capturado en la pantalla del monitor. El modelo presentado es capaz de soportar hasta 1 canal de v\u00eddeo en el formato 4K @ 60fps o 2 canales de video 1080p @ 30fps. El m\u00f3dulo Wi-Fi utilizado en el dispositivo permite su funcionamiento incluso en lugares con posibilidades de cableado limitadas.Soporta los formatos de video, MP4, H.264, H.265, AVC, MPEG-4, SP, VP8.<\/p>\n<p><img decoding=\"async\" class=\"overview-center-img-web\" src=\"https:\/\/tvc.mx\/media\/88144\/ppalimg.png\" alt=\"\" \/><\/div>\n<\/div>\n<div class=\"row aling-items-center padding-bottom-2x\">\n<div class=\"col-lg-12\">\n<h5 class=\"card-title text-center\">Soporta Variedad de Archivos<\/h5>\n<p>La caja de control\u00a0<strong>DPB18-AI\u00a0<\/strong>tiene soporte para los principales formatos de multimedia, soporte para im\u00e1genes, video, desplazamiento de texto y otros tipos de reproducci\u00f3n con divisi\u00f3n de pantalla, \u00a0visualizaci\u00f3n de hora, fecha, semana, pron\u00f3stico del tiempo, etc.<\/p>\n<p><img decoding=\"async\" class=\"overview-center-img-web\" src=\"https:\/\/tvc.mx\/media\/88148\/func.png\" alt=\"\" \/><\/div>\n<\/div>\n<div class=\"row aling-items-center padding-bottom-2x\">\n<div class=\"col-lg-12\">\n<h5 class=\"card-title text-center\">Principales Caracter\u00edsticas<\/h5>\n<p><strong>DHL550UDMEG<\/strong><\/p>\n<ul>\n<li>Panel LCD IPS de nivel industrial, adecuado para trabajo continuo.<\/li>\n<li>Tama\u00f1o Diagonal de 55 pulgadas.<\/li>\n<li>Brillo de pantalla de 500 cd\/m2.<\/li>\n<li>\u00c1ngulo de visi\u00f3n de 178\u00b0.<\/li>\n<li>Dise\u00f1o de bisel a bisel ultra estrecho de 1,8 mm.<\/li>\n<li>Tiempo de respuesta del panel de 8ms.<\/li>\n<li class=\"ql-align-justify\">Infrarrojo, modo doble RS232, compatible con control remoto de PC.<\/li>\n<li class=\"ql-align-justify\">Confiabilidad 24\/7, 50,000 horas m\u00ednimas de tiempo de vida.<\/li>\n<li class=\"ql-align-justify\">Entrada de video: CVBS x 2.<\/li>\n<li class=\"ql-align-justify\">Se\u00f1al de PC: VGA<\/li>\n<li class=\"ql-align-justify\">Se\u00f1al Digital: DVI, HDMI.<\/li>\n<li class=\"ql-align-justify\">Salida Loop: CVBS x 2.<\/li>\n<li class=\"ql-align-justify\">Dise\u00f1o sin ventilador, sin ruido.<\/li>\n<\/ul>\n<p class=\"ql-align-justify\"><strong>DPB18-AI<\/strong><\/p>\n<ul>\n<li class=\"ql-align-justify\">Procesador de 4 n\u00facleso 64 bits.<\/li>\n<li class=\"ql-align-justify\">Memoria RAM 1 Gb.<\/li>\n<li class=\"ql-align-justify\">Sistema Operativo Android 5.1.<\/li>\n<li class=\"ql-align-justify\">Soporta Audio, Video, Texto, Pdf.<\/li>\n<li class=\"ql-align-justify\">Soporta Mp4, Avi, Mov, Rmvb, Mkv, Jpg, Joeg, Gif, Bmp, Png, Mp3, Wma, Wav.<\/li>\n<li class=\"ql-align-justify\">Decodificaci\u00f3n: 1 Canal 4K a 60fps o 2 canales 1080P .<\/li>\n<li class=\"ql-align-justify\">1 Salida de Video HDMI y 1 de Audio.<\/li>\n<li class=\"ql-align-justify\">Conectividad WiFi.<\/li>\n<\/ul>\n<p><img decoding=\"async\" class=\"overview-center-img-web\" src=\"https:\/\/tvc.mx\/media\/88164\/caract.png\" alt=\"\" \/><\/div>\n<\/div>\n","protected":false},"excerpt":{"rendered":"<p>Contenido V\u00edvido y Claridad incomparable La pantalla modelo\u00a0DHL550UDMEG\u00a0cuenta con un alto brillo de 500cd\/m2, su marco ultradelgado hace que la separaci\u00f3n entre las pantallas sea s\u00f3lo de 1.8 mm, aumentando de esta forma el \u00e1rea visible, lo que la hace especial para aplicaciones de TV&hellip;<\/p>\n","protected":false},"featured_media":6397,"comment_status":"open","ping_status":"closed","template":"","meta":{"om_disable_all_campaigns":false,"_monsterinsights_skip_tracking":false,"_monsterinsights_sitenote_active":false,"_monsterinsights_sitenote_note":"","_monsterinsights_sitenote_category":0},"product_brand":[],"product_cat":[537],"product_tag":[513,514,511,516,519,517,520,515,181,518,512],"class_list":{"0":"post-6398","1":"product","2":"type-product","3":"status-publish","4":"has-post-thumbnail","6":"product_cat-digital-signage","7":"product_tag-altavoces","8":"product_tag-amplificadores","9":"product_tag-audio-y-video","10":"product_tag-audioporteros","11":"product_tag-digital-signage","12":"product_tag-intercomunicadores","13":"product_tag-kits-videoporteros","14":"product_tag-mezcladoras","15":"product_tag-microfonos","16":"product_tag-sistemas-de-enfermeria","17":"product_tag-videoporteros","19":"first","20":"instock","21":"sale","22":"taxable","23":"shipping-taxable","24":"purchasable","25":"product-type-simple"},"aioseo_notices":[],"_links":{"self":[{"href":"https:\/\/tecsecmty.com\/index.php\/wp-json\/wp\/v2\/product\/6398","targetHints":{"allow":["GET"]}}],"collection":[{"href":"https:\/\/tecsecmty.com\/index.php\/wp-json\/wp\/v2\/product"}],"about":[{"href":"https:\/\/tecsecmty.com\/index.php\/wp-json\/wp\/v2\/types\/product"}],"replies":[{"embeddable":true,"href":"https:\/\/tecsecmty.com\/index.php\/wp-json\/wp\/v2\/comments?post=6398"}],"version-history":[{"count":0,"href":"https:\/\/tecsecmty.com\/index.php\/wp-json\/wp\/v2\/product\/6398\/revisions"}],"wp:featuredmedia":[{"embeddable":true,"href":"https:\/\/tecsecmty.com\/index.php\/wp-json\/wp\/v2\/media\/6397"}],"wp:attachment":[{"href":"https:\/\/tecsecmty.com\/index.php\/wp-json\/wp\/v2\/media?parent=6398"}],"wp:term":[{"taxonomy":"product_brand","embeddable":true,"href":"https:\/\/tecsecmty.com\/index.php\/wp-json\/wp\/v2\/product_brand?post=6398"},{"taxonomy":"product_cat","embeddable":true,"href":"https:\/\/tecsecmty.com\/index.php\/wp-json\/wp\/v2\/product_cat?post=6398"},{"taxonomy":"product_tag","embeddable":true,"href":"https:\/\/tecsecmty.com\/index.php\/wp-json\/wp\/v2\/product_tag?post=6398"}],"curies":[{"name":"wp","href":"https:\/\/api.w.org\/{rel}","templated":true}]}}