{"id":6402,"date":"2023-02-23T12:04:36","date_gmt":"2023-02-23T18:04:36","guid":{"rendered":"https:\/\/tecsecmty.com\/index.php\/producto\/dahua-ldv55-sai400tk-totem-de-senalizacion-digital-de-55-con-pantalla-touch-screen-resolucion-4k-178-de-visualizacion\/"},"modified":"2023-03-22T23:22:57","modified_gmt":"2023-03-23T05:22:57","slug":"dahua-ldv55-sai400tk-totem-de-senalizacion-digital-de-55-con-pantalla-touch-screen-resolucion-4k-178-de-visualizacion","status":"publish","type":"product","link":"https:\/\/tecsecmty.com\/index.php\/producto\/dahua-ldv55-sai400tk-totem-de-senalizacion-digital-de-55-con-pantalla-touch-screen-resolucion-4k-178-de-visualizacion\/","title":{"rendered":"DAHUA LDV55-SAI400TK &#8211; Totem de se\u00f1alizaci\u00f3n digital de 55&#8243; con pantalla Touch Screen. Resoluci\u00f3n 4K, 178\u00b0 de visualizaci\u00f3n."},"content":{"rendered":"<div class=\"row aling-items-center padding-bottom-2x\">\n<div class=\"col-lg-12\">\n<h5 class=\"card-title text-center\">Informaci\u00f3n General<\/h5>\n<p>Les presentamos la pantalla comercial\u00a0de Dahua\u00a0modelo\u00a0<strong>LDV55-SAI400TK<\/strong>, es\u00a0ideal para la industria\u00a0de la publicidad ya que\u00a0cuenta con una pantalla\u00a0LCD\u00a0de\u00a055 pulgadas\u00a0para\u00a0proyectar\u00a0el mejor\u00a0contenido digital que\u00a0usted desee din\u00e1micamente, con una m\u00e1xima resoluci\u00f3n de 1920 x 1080.<\/p>\n<p><img decoding=\"async\" class=\"overview-center-img-web\" src=\"https:\/\/tvc.mx\/media\/492600\/totem-de-se%C3%B1alizacion-digital-de-55-pulgadaas-LDV55-SAI400TK-Dahua.png\" alt=\"\" \/><\/div>\n<\/div>\n<div class=\"row align-items-center padding-bottom-2x\">\n<div class=\"col-md-5 order-md-2\"><img decoding=\"async\" class=\"d-block m-auto img-thumbnail\" src=\"https:\/\/tvc.mx\/media\/492602\/contenido-automatizado-dahua.png\" alt=\" \" \/><\/div>\n<div class=\"col-md-7 order-md-1 text-md-left text-center\">\n<h2>Contenido Automatizado con MPS<\/h2>\n<p class=\"text-muted\">\n<p>Es posible automatizar el contenido para su proyecci\u00f3n,\u00a0la programaci\u00f3n\u00a0es total y completa desde su software cliente MPS. Este software permite actualizar y programar\u00a0todos los contenidos remotamente ya que\u00a0cuenta\u00a0con soporte ethernet.<\/p>\n<p>Su instalaci\u00f3n es f\u00e1cil y sencilla, simplemente se coloca en el piso, conecta la energ\u00eda a red y listo!<\/p>\n<p>&nbsp;<\/p>\n<\/div>\n<\/div>\n<hr class=\"padding-bottom-2x\" \/>\n<div class=\"row align-items-center padding-bottom-2x\">\n<div class=\"col-md-5\"><img decoding=\"async\" class=\"d-block m-auto img-thumbnail\" src=\"https:\/\/tvc.mx\/media\/492604\/dise%C3%B1o-industrial.png\" alt=\" \" \/><\/div>\n<div class=\"col-md-7 text-md-left text-center\">\n<h2>Dise\u00f1o industrial<\/h2>\n<p class=\"text-muted\">\n<p>El dise\u00f1o industrial, la carcasa de metal hace que el dispositivo sea port\u00e1til y antimagn\u00e9tico, el dise\u00f1o de vidrio protector y el proceso de pintura hacen que el cuerpo del dispositivo sea suave, a prueba de polvo y antichoque.<\/p>\n<p>&nbsp;<\/p>\n<\/div>\n<\/div>\n<hr class=\"padding-bottom-2x\" \/>\n<div class=\"row align-items-center padding-bottom-2x\">\n<div class=\"col-md-5 order-md-2\"><img decoding=\"async\" class=\"d-block m-auto img-thumbnail\" src=\"https:\/\/tvc.mx\/media\/492606\/multiples-formatos.png\" alt=\" \" \/><\/div>\n<div class=\"col-md-7 order-md-1 text-md-left text-center\">\n<h2>Variedad de formatos de reproducci\u00f3n<\/h2>\n<p class=\"text-muted\">\n<p>El totem soporta varios formatos de reproducci\u00f3n, soporte de video, imagen, texto, audio y otra pantalla de informaci\u00f3n multimedia, hecha para la industria publicitaria<\/p>\n<p>&nbsp;<\/p>\n<\/div>\n<\/div>\n<hr class=\"padding-bottom-2x\" \/>\n<div class=\"row align-items-center padding-bottom-2x\">\n<div class=\"col-md-5\"><img decoding=\"async\" class=\"d-block m-auto img-thumbnail\" src=\"https:\/\/tvc.mx\/media\/492608\/reconocimiento-wifi.png\" alt=\" \" \/><\/div>\n<div class=\"col-md-7 text-md-left text-center\">\n<h2>Administraci\u00f3n Remota<\/h2>\n<p class=\"text-muted\">\n<p>Nuestro totem le permita la administraci\u00f3n remota de dispositivos, admite interruptor de temporizaci\u00f3n remota, ajusta el volumen, sincroniza la hora del terminal, captura de pantalla, actualizaci\u00f3n remota, ademas de la configuraci\u00f3n y administraci\u00f3n de permisos de varios niveles, los programas no auditados no se pueden agregar a la programaci\u00f3n y reproducir en la terminal.<\/p>\n<p>&nbsp;<\/p>\n<\/div>\n<\/div>\n<hr class=\"padding-bottom-2x\" \/>\n<div class=\"row align-items-center padding-bottom-2x\">\n<div class=\"col-md-5 order-md-2\"><img decoding=\"async\" class=\"d-block m-auto img-thumbnail\" src=\"https:\/\/tvc.mx\/media\/492610\/totem-de-se%C3%B1alizacion-digital-de-55-pulgadaas-LDV55-SAI400TK-Dahua-caracteristicas.png\" alt=\" \" \/><\/div>\n<div class=\"col-md-7 order-md-1 text-md-left text-center\">\n<h2>Principales Caracter\u00edsticas<\/h2>\n<p class=\"text-muted\">\n<ul>\n<li>Panel de alta calidad, dise\u00f1o de grado industrial, carcasa completamente met\u00e1lica, vidrio protector templado de 3 mm<\/li>\n<li>Admite im\u00e1genes, audio, video, PDF, transmisi\u00f3n IPC, hora, clima, etc.<\/li>\n<li>La plataforma MPS de Dahua proporciona una gesti\u00f3n remota unificada para integradores de sistemas y operadores de medios.<\/li>\n<li>El potente procesador de 4 n\u00facleos proporciona potentes capacidades de decodificaci\u00f3n, lo que permite un rendimiento de visualizaci\u00f3n superior.<\/li>\n<li>El software de reproductor multimedia integrado y el reproductor USB proporcionan varios m\u00e9todos para reproducir contenidos.<\/li>\n<\/ul>\n<\/div>\n<\/div>\n","protected":false},"excerpt":{"rendered":"<p>Informaci\u00f3n General Les presentamos la pantalla comercial\u00a0de Dahua\u00a0modelo\u00a0LDV55-SAI400TK, es\u00a0ideal para la industria\u00a0de la publicidad ya que\u00a0cuenta con una pantalla\u00a0LCD\u00a0de\u00a055 pulgadas\u00a0para\u00a0proyectar\u00a0el mejor\u00a0contenido digital que\u00a0usted desee din\u00e1micamente, con una m\u00e1xima resoluci\u00f3n de 1920 x 1080. Contenido Automatizado con MPS Es posible automatizar el contenido para su proyecci\u00f3n,\u00a0la&hellip;<\/p>\n","protected":false},"featured_media":6401,"comment_status":"open","ping_status":"closed","template":"","meta":{"om_disable_all_campaigns":false,"_monsterinsights_skip_tracking":false,"_monsterinsights_sitenote_active":false,"_monsterinsights_sitenote_note":"","_monsterinsights_sitenote_category":0},"product_brand":[],"product_cat":[537],"product_tag":[513,514,511,516,519,517,520,515,181,518,512],"class_list":{"0":"post-6402","1":"product","2":"type-product","3":"status-publish","4":"has-post-thumbnail","6":"product_cat-digital-signage","7":"product_tag-altavoces","8":"product_tag-amplificadores","9":"product_tag-audio-y-video","10":"product_tag-audioporteros","11":"product_tag-digital-signage","12":"product_tag-intercomunicadores","13":"product_tag-kits-videoporteros","14":"product_tag-mezcladoras","15":"product_tag-microfonos","16":"product_tag-sistemas-de-enfermeria","17":"product_tag-videoporteros","19":"first","20":"instock","21":"sale","22":"taxable","23":"shipping-taxable","24":"purchasable","25":"product-type-simple"},"aioseo_notices":[],"_links":{"self":[{"href":"https:\/\/tecsecmty.com\/index.php\/wp-json\/wp\/v2\/product\/6402","targetHints":{"allow":["GET"]}}],"collection":[{"href":"https:\/\/tecsecmty.com\/index.php\/wp-json\/wp\/v2\/product"}],"about":[{"href":"https:\/\/tecsecmty.com\/index.php\/wp-json\/wp\/v2\/types\/product"}],"replies":[{"embeddable":true,"href":"https:\/\/tecsecmty.com\/index.php\/wp-json\/wp\/v2\/comments?post=6402"}],"version-history":[{"count":0,"href":"https:\/\/tecsecmty.com\/index.php\/wp-json\/wp\/v2\/product\/6402\/revisions"}],"wp:featuredmedia":[{"embeddable":true,"href":"https:\/\/tecsecmty.com\/index.php\/wp-json\/wp\/v2\/media\/6401"}],"wp:attachment":[{"href":"https:\/\/tecsecmty.com\/index.php\/wp-json\/wp\/v2\/media?parent=6402"}],"wp:term":[{"taxonomy":"product_brand","embeddable":true,"href":"https:\/\/tecsecmty.com\/index.php\/wp-json\/wp\/v2\/product_brand?post=6402"},{"taxonomy":"product_cat","embeddable":true,"href":"https:\/\/tecsecmty.com\/index.php\/wp-json\/wp\/v2\/product_cat?post=6402"},{"taxonomy":"product_tag","embeddable":true,"href":"https:\/\/tecsecmty.com\/index.php\/wp-json\/wp\/v2\/product_tag?post=6402"}],"curies":[{"name":"wp","href":"https:\/\/api.w.org\/{rel}","templated":true}]}}