{"id":6408,"date":"2023-02-23T12:04:42","date_gmt":"2023-02-23T18:04:42","guid":{"rendered":"https:\/\/tecsecmty.com\/index.php\/producto\/zkteco-iwb65bpaq-paquete-de-pantalla-digital-interactiva-de-65-pulgadas-iwb65b-con-soporte-de-piso-desplazable-iwba01b\/"},"modified":"2023-03-22T23:25:23","modified_gmt":"2023-03-23T05:25:23","slug":"zkteco-iwb65bpaq-paquete-de-pantalla-digital-interactiva-de-65-pulgadas-iwb65b-con-soporte-de-piso-desplazable-iwba01b","status":"publish","type":"product","link":"https:\/\/tecsecmty.com\/index.php\/producto\/zkteco-iwb65bpaq-paquete-de-pantalla-digital-interactiva-de-65-pulgadas-iwb65b-con-soporte-de-piso-desplazable-iwba01b\/","title":{"rendered":"ZKTECO IWB65BPAQ &#8211; Paquete de Pantalla Digital Interactiva de 65 pulgadas IWB65B con Soporte de Piso Desplazable IWBA01B"},"content":{"rendered":"<div class=\"row aling-items-center padding-bottom-2x\">\n<div class=\"col-lg-12\">\n<h5 class=\"card-title text-center\">Descripci\u00f3n<\/h5>\n<p class=\"ql-align-justify\">El paquete\u00a0<strong>IWB65BPAQ<\/strong>\u00a0consiste en una\u00a0<strong>pantalla interactiva<\/strong>\u00a0de\u00a0<strong>65&#8243;<\/strong>\u00a0modelo\u00a0<strong>IWB65B<\/strong>\u00a0con un\u00a0<strong>soporte m\u00f3vil desplazable<\/strong>\u00a0modelo\u00a0<strong>IWBA01B<\/strong>. El soporte cuenta con\u00a0<strong>4 ruedas deslizantes<\/strong>\u00a0que permiten mover la pantalla\u00a0a cualquier lugar,\u00a0y tambi\u00e9n permite colocarlas en\u00a0<strong>estado de frenado<\/strong>, gracias al seguro en cada una de ellas. Adecuado para todo tipo de negocios,\u00a0<strong>salas de conferencias, exposiciones, aulas<\/strong>,\u00a0<strong>hoteles<\/strong>,etc.<\/p>\n<p><img decoding=\"async\" class=\"overview-center-img-web\" src=\"https:\/\/tvc.mx\/media\/589499\/ZKTECO-ZKT2080002-PANTALLA-INTELIGENTE-SOPORTE-DESLIZABLE-BANNER0.png\" alt=\"\" \/><\/div>\n<\/div>\n<div class=\"row align-items-center padding-bottom-2x\">\n<div class=\"col-md-5\"><img decoding=\"async\" class=\"d-block m-auto img-thumbnail\" src=\"https:\/\/tvc.mx\/media\/581675\/ZKTECO-ZKT2080002-PANTALLA-INTELIGENTE-SOPORTE-DESLIZABLE-ov1.png\" alt=\" \" \/><\/div>\n<div class=\"col-md-7 text-md-left text-center\">\n<h2>Principales Caracter\u00edsticas Pantalla Inteligente<\/h2>\n<p class=\"text-muted\">\n<p class=\"ql-align-justify\">\u2022 Conveniente para reuniones virtuales: c\u00e1mara UHD de 13 megap\u00edxeles incorporada y 6 micr\u00f3fonos, con una distancia de captura de 8 metros que brinda experiencias de audio y video claras.<\/p>\n<p class=\"ql-align-justify\">\u2022 Software integrado, inteligente: f\u00e1cil de usar, m\u00e1s eficiente y creativo.<\/p>\n<p class=\"ql-align-justify\">\u2022 Pantalla 4K Ultra HD y tacto infrarrojo: nitidez de imagen mejorada, incluso con escritura y comentarios simult\u00e1neos.<\/p>\n<p class=\"ql-align-justify\">\u2022 Presentaciones conjuntas: uso compartido de pantalla en tiempo real entre dispositivos con software inal\u00e1mbrico.<\/p>\n<p class=\"ql-align-justify\">\u2022 Sistema operativo dual: Android integrado y Windows ( requiere OPS ).<\/p>\n<p>&nbsp;<\/p>\n<\/div>\n<\/div>\n<hr class=\"padding-bottom-2x\" \/>\n<div class=\"row align-items-center padding-bottom-2x\">\n<div class=\"col-md-5 order-md-2\"><img decoding=\"async\" class=\"d-block m-auto img-thumbnail\" src=\"https:\/\/tvc.mx\/media\/581699\/ZKTECO-ZKT2080002-PANTALLA-INTELIGENTE-SOPORTE-DESLIZABLE-ov2.png\" alt=\" \" \/><\/div>\n<div class=\"col-md-7 order-md-1 text-md-left text-center\">\n<h2>Principales Caracter\u00edsticas del Soporte<\/h2>\n<p class=\"text-muted\">\n<ul>\n<li class=\"ql-align-justify\">Soporta Pantallas Inteligentes Interactivas de 55 a 86 pulgadas.<\/li>\n<li class=\"ql-align-justify\">Peso M\u00e1ximo Soportado:\u00a0hasta 100 kg.<\/li>\n<li class=\"ql-align-justify\">Dimensiones:\u00a01172 x 663 x 1602 mm.<\/li>\n<li class=\"ql-align-justify\">Color:\u00a0Negro.<\/li>\n<\/ul>\n<p>&nbsp;<\/p>\n<\/div>\n<\/div>\n<hr class=\"padding-bottom-2x\" \/>\n<div class=\"row align-items-center padding-bottom-2x\">\n<div class=\"col-md-5\"><img decoding=\"async\" class=\"d-block m-auto img-thumbnail\" src=\"https:\/\/tvc.mx\/media\/581703\/ZKTECO-ZKT2080002-PANTALLA-INTELIGENTE-SOPORTE-DESLIZABLE-ov3.png\" alt=\" \" \/><\/div>\n<div class=\"col-md-7 text-md-left text-center\">\n<h2>Pantalla Inteligente Incluye<\/h2>\n<p class=\"text-muted\">\n<ul>\n<li class=\"ql-align-justify\">1 Pantalla inteligente 65&#8243;.<\/li>\n<li class=\"ql-align-justify\">Cable de corriente.<\/li>\n<li class=\"ql-align-justify\">2 plumas \u00f3pticas.<\/li>\n<li class=\"ql-align-justify\">Unidad WiFi.<\/li>\n<li class=\"ql-align-justify\">Manual del Usuario.<\/li>\n<\/ul>\n<p>&nbsp;<\/p>\n<\/div>\n<\/div>\n<hr class=\"padding-bottom-2x\" \/>\n<div class=\"row align-items-center padding-bottom-2x\">\n<div class=\"col-md-5 order-md-2\"><img decoding=\"async\" class=\"d-block m-auto img-thumbnail\" src=\"https:\/\/tvc.mx\/media\/581707\/ZKTECO-ZKT2080002-PANTALLA-INTELIGENTE-SOPORTE-DESLIZABLE-ov4.png\" alt=\" \" \/><\/div>\n<div class=\"col-md-7 order-md-1 text-md-left text-center\">\n<h2>Soporte deslizable Incluye<\/h2>\n<p class=\"text-muted\">\n<ul>\n<li class=\"ql-align-justify\">Soporte izquierdo.<\/li>\n<li class=\"ql-align-justify\">Soporte derecho.<\/li>\n<li class=\"ql-align-justify\">Soporte de pared.<\/li>\n<li class=\"ql-align-justify\">Bandeja.<\/li>\n<li class=\"ql-align-justify\">4 Ruedas deslizantes.<\/li>\n<li class=\"ql-align-justify\">Barra para sujeci\u00f3n en pared.<\/li>\n<li class=\"ql-align-justify\">Tornilleria.<\/li>\n<\/ul>\n<\/div>\n<\/div>\n","protected":false},"excerpt":{"rendered":"<p>Descripci\u00f3n El paquete\u00a0IWB65BPAQ\u00a0consiste en una\u00a0pantalla interactiva\u00a0de\u00a065&#8243;\u00a0modelo\u00a0IWB65B\u00a0con un\u00a0soporte m\u00f3vil desplazable\u00a0modelo\u00a0IWBA01B. El soporte cuenta con\u00a04 ruedas deslizantes\u00a0que permiten mover la pantalla\u00a0a cualquier lugar,\u00a0y tambi\u00e9n permite colocarlas en\u00a0estado de frenado, gracias al seguro en cada una de ellas. Adecuado para todo tipo de negocios,\u00a0salas de conferencias, exposiciones, aulas,\u00a0hoteles,etc.&hellip;<\/p>\n","protected":false},"featured_media":6407,"comment_status":"open","ping_status":"closed","template":"","meta":{"om_disable_all_campaigns":false,"_monsterinsights_skip_tracking":false,"_monsterinsights_sitenote_active":false,"_monsterinsights_sitenote_note":"","_monsterinsights_sitenote_category":0},"product_brand":[],"product_cat":[539],"product_tag":[513,514,511,516,519,517,520,515,181,518,512],"class_list":{"0":"post-6408","1":"product","2":"type-product","3":"status-publish","4":"has-post-thumbnail","6":"product_cat-digital-signage-zkteco-audio-video","7":"product_tag-altavoces","8":"product_tag-amplificadores","9":"product_tag-audio-y-video","10":"product_tag-audioporteros","11":"product_tag-digital-signage","12":"product_tag-intercomunicadores","13":"product_tag-kits-videoporteros","14":"product_tag-mezcladoras","15":"product_tag-microfonos","16":"product_tag-sistemas-de-enfermeria","17":"product_tag-videoporteros","19":"first","20":"instock","21":"sale","22":"taxable","23":"shipping-taxable","24":"purchasable","25":"product-type-simple"},"aioseo_notices":[],"_links":{"self":[{"href":"https:\/\/tecsecmty.com\/index.php\/wp-json\/wp\/v2\/product\/6408","targetHints":{"allow":["GET"]}}],"collection":[{"href":"https:\/\/tecsecmty.com\/index.php\/wp-json\/wp\/v2\/product"}],"about":[{"href":"https:\/\/tecsecmty.com\/index.php\/wp-json\/wp\/v2\/types\/product"}],"replies":[{"embeddable":true,"href":"https:\/\/tecsecmty.com\/index.php\/wp-json\/wp\/v2\/comments?post=6408"}],"version-history":[{"count":0,"href":"https:\/\/tecsecmty.com\/index.php\/wp-json\/wp\/v2\/product\/6408\/revisions"}],"wp:featuredmedia":[{"embeddable":true,"href":"https:\/\/tecsecmty.com\/index.php\/wp-json\/wp\/v2\/media\/6407"}],"wp:attachment":[{"href":"https:\/\/tecsecmty.com\/index.php\/wp-json\/wp\/v2\/media?parent=6408"}],"wp:term":[{"taxonomy":"product_brand","embeddable":true,"href":"https:\/\/tecsecmty.com\/index.php\/wp-json\/wp\/v2\/product_brand?post=6408"},{"taxonomy":"product_cat","embeddable":true,"href":"https:\/\/tecsecmty.com\/index.php\/wp-json\/wp\/v2\/product_cat?post=6408"},{"taxonomy":"product_tag","embeddable":true,"href":"https:\/\/tecsecmty.com\/index.php\/wp-json\/wp\/v2\/product_tag?post=6408"}],"curies":[{"name":"wp","href":"https:\/\/api.w.org\/{rel}","templated":true}]}}