{"id":6414,"date":"2023-02-23T12:04:49","date_gmt":"2023-02-23T18:04:49","guid":{"rendered":"https:\/\/tecsecmty.com\/index.php\/producto\/zkteco-ops8581-modulo-ops-para-pantalla-interactiva-zk-serie-iwb-procesador-intel-core-i5-8-gb-ddr-ram-disco-duro-ssd-de-128-gb\/"},"modified":"2023-03-22T23:25:28","modified_gmt":"2023-03-23T05:25:28","slug":"zkteco-ops8581-modulo-ops-para-pantalla-interactiva-zk-serie-iwb-procesador-intel-core-i5-8-gb-ddr-ram-disco-duro-ssd-de-128-gb","status":"publish","type":"product","link":"https:\/\/tecsecmty.com\/index.php\/producto\/zkteco-ops8581-modulo-ops-para-pantalla-interactiva-zk-serie-iwb-procesador-intel-core-i5-8-gb-ddr-ram-disco-duro-ssd-de-128-gb\/","title":{"rendered":"ZKTECO OPS8581 &#8211; M\u00f3dulo OPS para Pantalla Interactiva ZK Serie IWB &#8211; Procesador Intel Core I5 \/ 8 GB DDR RAM \/ Disco Duro SSD de 128 GB"},"content":{"rendered":"<div class=\"row aling-items-center padding-bottom-2x\">\n<div class=\"col-lg-12\">\n<h5 class=\"card-title text-center\">Descripci\u00f3n<\/h5>\n<p class=\"ql-align-justify\">El\u00a0<strong>m\u00f3dulo OPS<\/strong>\u00a0es un accesorio para la\u00a0<strong>Pantalla Interactiva ZK,\u00a0<\/strong>cuenta con\u00a0<strong>sistema Windows incorporado<\/strong>, se instala directamente en la parte lateral de la\u00a0<strong>pantalla inteligente<\/strong>, con el que obtendremos un\u00a0<strong>sistema operativo dual<\/strong>\u00a0con\u00a0<strong>Android y Windows<\/strong>, mejorando en gran medida el funcionamiento y\u00a0<strong>rendimiento del dispositivo<\/strong>\u00a0en sus reuniones diarias, video colaboraci\u00f3n o software educativo.<strong><em>Nota: Al insertar o extraer el m\u00f3dulo, el cable de alimentaci\u00f3n de la m\u00e1quina debe estar desconectado.<\/em><\/strong><\/p>\n<p class=\"ql-align-justify\"><strong>Nota<\/strong>: Windows (Not actived)<\/p>\n<p><img decoding=\"async\" class=\"overview-center-img-web\" src=\"https:\/\/tvc.mx\/media\/548875\/ZKTECO-OPS8581-MODULO-WINDOWS-10-PANTALLA-INTELIGENTE-Banner1.png\" alt=\"\" \/><\/div>\n<\/div>\n<div class=\"row align-items-center padding-bottom-2x\">\n<div class=\"col-md-5\"><img decoding=\"async\" class=\"d-block m-auto img-thumbnail\" src=\"https:\/\/tvc.mx\/media\/550779\/ZKTECO-OPS8581-MODULO-WINDOWS-10-PANTALLA-INTELIGENTE-ove2.png\" alt=\" \" \/><\/div>\n<div class=\"col-md-7 text-md-left text-center\">\n<h2>Principales Caracter\u00edsticas<\/h2>\n<p class=\"text-muted\">\n<ul>\n<li>Interfaz intercambiable (Windows &#8211; Pantalla interactiva).<\/li>\n<li>M\u00faltiples funciones nativas del Windows.<\/li>\n<\/ul>\n<\/div>\n<\/div>\n","protected":false},"excerpt":{"rendered":"<p>Descripci\u00f3n El\u00a0m\u00f3dulo OPS\u00a0es un accesorio para la\u00a0Pantalla Interactiva ZK,\u00a0cuenta con\u00a0sistema Windows incorporado, se instala directamente en la parte lateral de la\u00a0pantalla inteligente, con el que obtendremos un\u00a0sistema operativo dual\u00a0con\u00a0Android y Windows, mejorando en gran medida el funcionamiento y\u00a0rendimiento del dispositivo\u00a0en sus reuniones diarias, video colaboraci\u00f3n&hellip;<\/p>\n","protected":false},"featured_media":6413,"comment_status":"open","ping_status":"closed","template":"","meta":{"om_disable_all_campaigns":false,"_monsterinsights_skip_tracking":false,"_monsterinsights_sitenote_active":false,"_monsterinsights_sitenote_note":"","_monsterinsights_sitenote_category":0},"product_brand":[],"product_cat":[539],"product_tag":[513,514,511,516,519,517,520,515,181,518,512],"class_list":{"0":"post-6414","1":"product","2":"type-product","3":"status-publish","4":"has-post-thumbnail","6":"product_cat-digital-signage-zkteco-audio-video","7":"product_tag-altavoces","8":"product_tag-amplificadores","9":"product_tag-audio-y-video","10":"product_tag-audioporteros","11":"product_tag-digital-signage","12":"product_tag-intercomunicadores","13":"product_tag-kits-videoporteros","14":"product_tag-mezcladoras","15":"product_tag-microfonos","16":"product_tag-sistemas-de-enfermeria","17":"product_tag-videoporteros","19":"first","20":"instock","21":"sale","22":"taxable","23":"shipping-taxable","24":"purchasable","25":"product-type-simple"},"aioseo_notices":[],"_links":{"self":[{"href":"https:\/\/tecsecmty.com\/index.php\/wp-json\/wp\/v2\/product\/6414","targetHints":{"allow":["GET"]}}],"collection":[{"href":"https:\/\/tecsecmty.com\/index.php\/wp-json\/wp\/v2\/product"}],"about":[{"href":"https:\/\/tecsecmty.com\/index.php\/wp-json\/wp\/v2\/types\/product"}],"replies":[{"embeddable":true,"href":"https:\/\/tecsecmty.com\/index.php\/wp-json\/wp\/v2\/comments?post=6414"}],"version-history":[{"count":0,"href":"https:\/\/tecsecmty.com\/index.php\/wp-json\/wp\/v2\/product\/6414\/revisions"}],"wp:featuredmedia":[{"embeddable":true,"href":"https:\/\/tecsecmty.com\/index.php\/wp-json\/wp\/v2\/media\/6413"}],"wp:attachment":[{"href":"https:\/\/tecsecmty.com\/index.php\/wp-json\/wp\/v2\/media?parent=6414"}],"wp:term":[{"taxonomy":"product_brand","embeddable":true,"href":"https:\/\/tecsecmty.com\/index.php\/wp-json\/wp\/v2\/product_brand?post=6414"},{"taxonomy":"product_cat","embeddable":true,"href":"https:\/\/tecsecmty.com\/index.php\/wp-json\/wp\/v2\/product_cat?post=6414"},{"taxonomy":"product_tag","embeddable":true,"href":"https:\/\/tecsecmty.com\/index.php\/wp-json\/wp\/v2\/product_tag?post=6414"}],"curies":[{"name":"wp","href":"https:\/\/api.w.org\/{rel}","templated":true}]}}