{"id":6416,"date":"2023-02-23T12:04:52","date_gmt":"2023-02-23T18:04:52","guid":{"rendered":"https:\/\/tecsecmty.com\/index.php\/producto\/commax-cc200-boton-pulsador-para-solicitud-de-asistencia-medica-con-unidad-de-enfermeria-compatible-solo-con-jns4cs-por-conexion-directa\/"},"modified":"2023-03-22T23:22:13","modified_gmt":"2023-03-23T05:22:13","slug":"commax-cc200-boton-pulsador-para-solicitud-de-asistencia-medica-con-unidad-de-enfermeria-compatible-solo-con-jns4cs-por-conexion-directa","status":"publish","type":"product","link":"https:\/\/tecsecmty.com\/index.php\/producto\/commax-cc200-boton-pulsador-para-solicitud-de-asistencia-medica-con-unidad-de-enfermeria-compatible-solo-con-jns4cs-por-conexion-directa\/","title":{"rendered":"COMMAX CC200 &#8211; Bot\u00f3n pulsador para solicitud de asistencia medica con unidad de enfermer\u00eda, compatible solo con JNS4CS por conexi\u00f3n directa"},"content":{"rendered":"<div class=\"row aling-items-center padding-bottom-2x\">\n<div class=\"col-lg-12\">\n<h5 class=\"card-title text-center\">Descripci\u00f3n general<\/h5>\n<p class=\"ql-align-justify\">El accesorio\u00a0<strong>modelo CC-200<\/strong>\u00a0de la linea de enfermer\u00eda de COMMAX se conecta a la subestaci\u00f3n adjunta en la sala y sirve de ayuda en la comunicaci\u00f3n con el \u00e1rea de enfermer\u00eda cuando la situaci\u00f3n del paciente le impide levantarse de su cama o lugar.<\/p>\n<p class=\"ql-align-justify\">(llamada de emergencia).<\/p>\n<p class=\"ql-align-justify\">\n<p>El sistema de llamado de enfermera de Commax (Nurse Call System) ofrece la l\u00ednea de completa de equipos desde la unidad de cabecera de cama, pulsadores para cama y ba\u00f1o, alarma luminosa, consola de central de enfermer\u00eda, as\u00ed como la l\u00ednea de intercomunicadores para unidades de radioterapia y resonancia magn\u00e9tica.<\/p>\n<p><img decoding=\"async\" class=\"overview-center-img-web\" src=\"https:\/\/tvc.mx\/media\/46947\/29091-1.jpg\" alt=\"\" \/><\/div>\n<\/div>\n<div class=\"row align-items-center padding-bottom-2x\">\n<div class=\"col-md-5\"><img decoding=\"async\" class=\"d-block m-auto img-thumbnail\" src=\"https:\/\/tvc.mx\/media\/46950\/29091-2.jpg\" alt=\" \" \/><\/div>\n<div class=\"col-md-7 text-md-left text-center\">\n<h2>Funciones<\/h2>\n<p class=\"text-muted\">\n<p>Su funci\u00f3n principal es la de ayudar en la comunicaci\u00f3n con el \u00e1rea de enfermer\u00eda cuando la situaci\u00f3n del paciente le impide levantarse de su cama o lugar.<\/p>\n<p>&nbsp;<\/p>\n<\/div>\n<\/div>\n<hr class=\"padding-bottom-2x\" \/>\n<div class=\"row align-items-center padding-bottom-2x\">\n<div class=\"col-md-5 order-md-2\"><img decoding=\"async\" class=\"d-block m-auto img-thumbnail\" src=\"https:\/\/tvc.mx\/media\/46953\/29091-5.jpg\" alt=\" \" \/><\/div>\n<div class=\"col-md-7 order-md-1 text-md-left text-center\">\n<h2>Caracter\u00edsticas<\/h2>\n<p class=\"text-muted\">\n<ul>\n<li class=\"ql-align-justify\">Tipo de instalaci\u00f3n: Instalaci\u00f3n portable.<\/li>\n<li class=\"ql-align-justify\">Dimensiones: Calibre 38, X 95 X Longitud del cable: 1.55m.<\/li>\n<li class=\"ql-align-justify\">Cableado: 2 cables.<\/li>\n<li class=\"ql-align-justify\">Fuente de alimentaci\u00f3n: 24V (Energ\u00eda suministrada por JNS-4CS).<\/li>\n<li class=\"ql-align-justify\">Cable para llamar.<\/li>\n<li class=\"ql-align-justify\">Dise\u00f1ado para pacientes graves.<\/li>\n<li class=\"ql-align-justify\">Cable especial para prevenir el hundimiento.<\/li>\n<li class=\"ql-align-justify\">F\u00e1cil conexi\u00f3n, para su uso.<\/li>\n<li class=\"ql-align-justify\">Clip de ayuda para fijar en el asiento.<\/li>\n<li class=\"ql-align-justify\">Compatible con sub-estaciones como JNS-4CS y llamada de emergencia.<\/li>\n<\/ul>\n<\/div>\n<\/div>\n","protected":false},"excerpt":{"rendered":"<p>Descripci\u00f3n general El accesorio\u00a0modelo CC-200\u00a0de la linea de enfermer\u00eda de COMMAX se conecta a la subestaci\u00f3n adjunta en la sala y sirve de ayuda en la comunicaci\u00f3n con el \u00e1rea de enfermer\u00eda cuando la situaci\u00f3n del paciente le impide levantarse de su cama o lugar.&hellip;<\/p>\n","protected":false},"featured_media":6415,"comment_status":"open","ping_status":"closed","template":"","meta":{"om_disable_all_campaigns":false,"_monsterinsights_skip_tracking":false,"_monsterinsights_sitenote_active":false,"_monsterinsights_sitenote_note":"","_monsterinsights_sitenote_category":0},"product_brand":[],"product_cat":[540],"product_tag":[513,514,511,516,519,517,520,515,181,518,512],"class_list":{"0":"post-6416","1":"product","2":"type-product","3":"status-publish","4":"has-post-thumbnail","6":"product_cat-sistemas-de-enfermeria","7":"product_tag-altavoces","8":"product_tag-amplificadores","9":"product_tag-audio-y-video","10":"product_tag-audioporteros","11":"product_tag-digital-signage","12":"product_tag-intercomunicadores","13":"product_tag-kits-videoporteros","14":"product_tag-mezcladoras","15":"product_tag-microfonos","16":"product_tag-sistemas-de-enfermeria","17":"product_tag-videoporteros","19":"first","20":"instock","21":"sale","22":"taxable","23":"shipping-taxable","24":"purchasable","25":"product-type-simple"},"aioseo_notices":[],"_links":{"self":[{"href":"https:\/\/tecsecmty.com\/index.php\/wp-json\/wp\/v2\/product\/6416","targetHints":{"allow":["GET"]}}],"collection":[{"href":"https:\/\/tecsecmty.com\/index.php\/wp-json\/wp\/v2\/product"}],"about":[{"href":"https:\/\/tecsecmty.com\/index.php\/wp-json\/wp\/v2\/types\/product"}],"replies":[{"embeddable":true,"href":"https:\/\/tecsecmty.com\/index.php\/wp-json\/wp\/v2\/comments?post=6416"}],"version-history":[{"count":0,"href":"https:\/\/tecsecmty.com\/index.php\/wp-json\/wp\/v2\/product\/6416\/revisions"}],"wp:featuredmedia":[{"embeddable":true,"href":"https:\/\/tecsecmty.com\/index.php\/wp-json\/wp\/v2\/media\/6415"}],"wp:attachment":[{"href":"https:\/\/tecsecmty.com\/index.php\/wp-json\/wp\/v2\/media?parent=6416"}],"wp:term":[{"taxonomy":"product_brand","embeddable":true,"href":"https:\/\/tecsecmty.com\/index.php\/wp-json\/wp\/v2\/product_brand?post=6416"},{"taxonomy":"product_cat","embeddable":true,"href":"https:\/\/tecsecmty.com\/index.php\/wp-json\/wp\/v2\/product_cat?post=6416"},{"taxonomy":"product_tag","embeddable":true,"href":"https:\/\/tecsecmty.com\/index.php\/wp-json\/wp\/v2\/product_tag?post=6416"}],"curies":[{"name":"wp","href":"https:\/\/api.w.org\/{rel}","templated":true}]}}