{"id":6422,"date":"2023-02-23T12:05:00","date_gmt":"2023-02-23T18:05:00","guid":{"rendered":"https:\/\/tecsecmty.com\/index.php\/producto\/commax-es400-boton-de-emergencia-para-llamado-de-enfermeria-compatible-con-jns4cs-instalacion-en-sanitario-y-lavabo\/"},"modified":"2023-03-22T23:22:17","modified_gmt":"2023-03-23T05:22:17","slug":"commax-es400-boton-de-emergencia-para-llamado-de-enfermeria-compatible-con-jns4cs-instalacion-en-sanitario-y-lavabo","status":"publish","type":"product","link":"https:\/\/tecsecmty.com\/index.php\/producto\/commax-es400-boton-de-emergencia-para-llamado-de-enfermeria-compatible-con-jns4cs-instalacion-en-sanitario-y-lavabo\/","title":{"rendered":"COMMAX ES400 &#8211; Boton de emergencia para llamado de enfermeria \/ Compatible con JNS4CS \/ Instalacion en sanitario y lavabo"},"content":{"rendered":"<div class=\"row aling-items-center padding-bottom-2x\">\n<div class=\"col-lg-12\">\n<h5 class=\"card-title text-center\">Descripci\u00f3n general<\/h5>\n<p>El sistema de llamado de enfermera de Commax (nurse call system) ofrece la l\u00ednea de completa de equipos desde la unidad de cabecera de cama, pulsadores para cama y ba\u00f1o, alarma luminosa, consola de central de enfermer\u00eda, as\u00ed como la l\u00ednea de intercomunicadores para unidades de radioterapia y resonancia magn\u00e9tica.<\/p>\n<p>El bot\u00f3n de llamado de emergencia modelo\u00a0<strong>ES400\u00a0<\/strong>de COMMAX es ideal para eventos de enfermer\u00eda y por ser resistente al agua puede ser instalado dentro de ba\u00f1os y lugares donde la humedad relativa sea mayor.<\/p>\n<p>El bot\u00f3n al ser accionado env\u00eda una se\u00f1al a la luz de corredor\u00a0y a\u00a0la sala de espera\u00a0en donde se encuentre el personal encargado de proporcinoar atenci\u00f3n al paciente en espera.<\/p>\n<p><img decoding=\"async\" class=\"overview-center-img-web\" src=\"https:\/\/tvc.mx\/media\/49965\/29092-1.jpg\" alt=\"\" \/><\/div>\n<\/div>\n<div class=\"row align-items-center padding-bottom-2x\">\n<div class=\"col-md-5\"><img decoding=\"async\" class=\"d-block m-auto img-thumbnail\" src=\"https:\/\/tvc.mx\/media\/49968\/29092-2.jpg\" alt=\" \" \/><\/div>\n<div class=\"col-md-7 text-md-left text-center\">\n<h2>Caracter\u00edsticas<\/h2>\n<p class=\"text-muted\">\n<ul>\n<li class=\"ql-align-justify\">Interruptor de emergencia en el ba\u00f1o<\/li>\n<li class=\"ql-align-justify\">Anti-corrosi\u00f3n, a prueba de agua<\/li>\n<li class=\"ql-align-justify\">2 cables sin polaridad del tipo de contacto seco<\/li>\n<li class=\"ql-align-justify\">Compatible con CL-302<\/li>\n<li class=\"ql-align-justify\">Dimensiones mm: 71(L) x 16(A) x 3(45)D<\/li>\n<li class=\"ql-align-justify\">Tipo de montaje: Adecuado para montaje en pared<\/li>\n<li class=\"ql-align-justify\">Alimentaci\u00f3n: Alimentaci\u00f3n de JNS-4CS\/CNS-8CS<\/li>\n<\/ul>\n<\/div>\n<\/div>\n","protected":false},"excerpt":{"rendered":"<p>Descripci\u00f3n general El sistema de llamado de enfermera de Commax (nurse call system) ofrece la l\u00ednea de completa de equipos desde la unidad de cabecera de cama, pulsadores para cama y ba\u00f1o, alarma luminosa, consola de central de enfermer\u00eda, as\u00ed como la l\u00ednea de intercomunicadores&hellip;<\/p>\n","protected":false},"featured_media":6421,"comment_status":"open","ping_status":"closed","template":"","meta":{"om_disable_all_campaigns":false,"_monsterinsights_skip_tracking":false,"_monsterinsights_sitenote_active":false,"_monsterinsights_sitenote_note":"","_monsterinsights_sitenote_category":0},"product_brand":[],"product_cat":[540],"product_tag":[513,514,511,516,519,517,520,515,181,518,512],"class_list":{"0":"post-6422","1":"product","2":"type-product","3":"status-publish","4":"has-post-thumbnail","6":"product_cat-sistemas-de-enfermeria","7":"product_tag-altavoces","8":"product_tag-amplificadores","9":"product_tag-audio-y-video","10":"product_tag-audioporteros","11":"product_tag-digital-signage","12":"product_tag-intercomunicadores","13":"product_tag-kits-videoporteros","14":"product_tag-mezcladoras","15":"product_tag-microfonos","16":"product_tag-sistemas-de-enfermeria","17":"product_tag-videoporteros","19":"first","20":"instock","21":"sale","22":"taxable","23":"shipping-taxable","24":"purchasable","25":"product-type-simple"},"aioseo_notices":[],"_links":{"self":[{"href":"https:\/\/tecsecmty.com\/index.php\/wp-json\/wp\/v2\/product\/6422","targetHints":{"allow":["GET"]}}],"collection":[{"href":"https:\/\/tecsecmty.com\/index.php\/wp-json\/wp\/v2\/product"}],"about":[{"href":"https:\/\/tecsecmty.com\/index.php\/wp-json\/wp\/v2\/types\/product"}],"replies":[{"embeddable":true,"href":"https:\/\/tecsecmty.com\/index.php\/wp-json\/wp\/v2\/comments?post=6422"}],"version-history":[{"count":0,"href":"https:\/\/tecsecmty.com\/index.php\/wp-json\/wp\/v2\/product\/6422\/revisions"}],"wp:featuredmedia":[{"embeddable":true,"href":"https:\/\/tecsecmty.com\/index.php\/wp-json\/wp\/v2\/media\/6421"}],"wp:attachment":[{"href":"https:\/\/tecsecmty.com\/index.php\/wp-json\/wp\/v2\/media?parent=6422"}],"wp:term":[{"taxonomy":"product_brand","embeddable":true,"href":"https:\/\/tecsecmty.com\/index.php\/wp-json\/wp\/v2\/product_brand?post=6422"},{"taxonomy":"product_cat","embeddable":true,"href":"https:\/\/tecsecmty.com\/index.php\/wp-json\/wp\/v2\/product_cat?post=6422"},{"taxonomy":"product_tag","embeddable":true,"href":"https:\/\/tecsecmty.com\/index.php\/wp-json\/wp\/v2\/product_tag?post=6422"}],"curies":[{"name":"wp","href":"https:\/\/api.w.org\/{rel}","templated":true}]}}