{"id":6426,"date":"2023-02-23T12:05:04","date_gmt":"2023-02-23T18:05:04","guid":{"rendered":"https:\/\/tecsecmty.com\/index.php\/producto\/commax-jns4cs-subestacion-de-cama-para-intercomunicacion-por-voz-con-unidad-de-enfermeria-soporta-boton-pulsador-cc200-y-botones-de-emergencia-conexion-a-jnspsm-masvendido\/"},"modified":"2023-03-22T23:22:17","modified_gmt":"2023-03-23T05:22:17","slug":"commax-jns4cs-subestacion-de-cama-para-intercomunicacion-por-voz-con-unidad-de-enfermeria-soporta-boton-pulsador-cc200-y-botones-de-emergencia-conexion-a-jnspsm-masvendido","status":"publish","type":"product","link":"https:\/\/tecsecmty.com\/index.php\/producto\/commax-jns4cs-subestacion-de-cama-para-intercomunicacion-por-voz-con-unidad-de-enfermeria-soporta-boton-pulsador-cc200-y-botones-de-emergencia-conexion-a-jnspsm-masvendido\/","title":{"rendered":"COMMAX JNS4CS &#8211; Subestacion de cama para intercomunicacion por voz con unidad de enfermeria, soporta boton pulsador CC200 y botones de emergencia, conexion a JNSPSM\/ #M\u00e1sVendido"},"content":{"rendered":"<div class=\"row aling-items-center padding-bottom-2x\">\n<div class=\"col-lg-12\">\n<h5 class=\"card-title text-center\">INFORMACI\u00d3N GENERAL<\/h5>\n<p class=\"ql-align-justify\">Commax l\u00edder mundial de sistemas de intercomunicaci\u00f3n ha desarrollado uno de los sistemas mas confiables y usados a nivel mundial en miles de hospitales para el llamado de enfermera.<\/p>\n<p class=\"ql-align-justify\">\u00a0El sistema de llamado de enfermera de Commax (nurse call system) ofrece la l\u00ednea de completa de equipos desde la unidad de cabecera de cama, pulsadores para cama y ba\u00f1o, alarma luminosa, consola de central de enfermer\u00eda, as\u00ed como la l\u00ednea de intercomunicadores para unidades de radioterapia y resonancia magn\u00e9tica.<\/p>\n<p class=\"ql-align-justify\">\u00a0El equipo COMMAX JNS-4CS, es un dispositivo para el llamado de enfermeras el cual cuenta con las caracter\u00edsticas est\u00e1ndares, cuenta con una facil instalaci\u00f3n y tambi\u00e9n una operaci\u00f3n f\u00e1cil, al igual puede ser usado como una subestaci\u00f3n.<\/p>\n<p><img decoding=\"async\" class=\"overview-center-img-web\" src=\"https:\/\/tvc.mx\/media\/380527\/COMMAX-29089-SUBESTACION-DE-CAMA-PARA-ENFERMERIA-CENTRAL.png\" alt=\"\" \/><\/div>\n<\/div>\n<div class=\"row align-items-center padding-bottom-2x\">\n<div class=\"col-md-5\"><img decoding=\"async\" class=\"d-block m-auto img-thumbnail\" src=\"https:\/\/tvc.mx\/media\/380555\/COMMAX-29089-SUBESTACION-DE-CAMA-PARA-ENFERMERIA-DER1.png\" alt=\" \" \/><\/div>\n<div class=\"col-md-7 text-md-left text-center\">\n<h2>Caracter\u00edsticas Principales<\/h2>\n<p class=\"text-muted\">\n<p class=\"ql-align-justify\">Comunicaci\u00f3n por audio con unidad de enfermer\u00eda modelo\u00a0<a href=\"https:\/\/tvc.mx\/products\/4083\" target=\"_blank\" rel=\"noopener\">JNS70<\/a><\/p>\n<p class=\"ql-align-justify\">Conexi\u00f3n principal a\u00a0<a href=\"https:\/\/tvc.mx\/products\/4061\" target=\"_blank\" rel=\"noopener\">JNSPSM<\/a><\/p>\n<p class=\"ql-align-justify\">Compatible con:<\/p>\n<ul>\n<li class=\"ql-align-justify\">Bot\u00f3n pulsador\u00a0<a href=\"https:\/\/tvc.mx\/products\/4092\" target=\"_blank\" rel=\"noopener\">CC200<\/a><\/li>\n<li class=\"ql-align-justify\">Bot\u00f3n de emergencia para regadera\u00a0<a href=\"https:\/\/tvc.mx\/products\/4100\/\" target=\"_blank\" rel=\"noopener\">ES420<\/a>\u00a0o\u00a0<a href=\"https:\/\/tvc.mx\/products\/4099\" target=\"_blank\" rel=\"noopener\">ES410<\/a><\/li>\n<li class=\"ql-align-justify\">Bot\u00f3n de emergencia\u00a0<a href=\"https:\/\/tvc.mx\/products\/4095\" target=\"_blank\" rel=\"noopener\">ES400<\/a><\/li>\n<li class=\"ql-align-justify\">Bot\u00f3n de presencia\u00a0<a href=\"https:\/\/tvc.mx\/products\/4103\" target=\"_blank\" rel=\"noopener\">PB500<\/a><\/li>\n<li class=\"ql-align-justify\">Accesorio de luz\u00a0<a href=\"https:\/\/tvc.mx\/products\/21403\" target=\"_blank\" rel=\"noopener\">CL302I<\/a><\/li>\n<\/ul>\n<p>&nbsp;<\/p>\n<\/div>\n<\/div>\n<hr class=\"padding-bottom-2x\" \/>\n<div class=\"row align-items-center padding-bottom-2x\">\n<div class=\"col-md-5 order-md-2\"><img decoding=\"async\" class=\"d-block m-auto img-thumbnail\" src=\"https:\/\/tvc.mx\/media\/380571\/COMMAX-29089-SUBESTACION-DE-CAMA-PARA-ENFERMERIA-DER.png\" alt=\" \" \/><\/div>\n<div class=\"col-md-7 order-md-1 text-md-left text-center\">\n<h2>Especificaciones T\u00e9cnicas<\/h2>\n<p class=\"text-muted\">\n<ul>\n<li class=\"ql-align-justify\">Alimentaci\u00f3n: 24VDC (energ\u00eda suministrada por equipo JNS-PSM).<\/li>\n<li class=\"ql-align-justify\">Tipo de instalaci\u00f3n: Montaje tipo \u00abempotrado\u00bb.<\/li>\n<li class=\"ql-align-justify\">Dimensiones: 195 X 117 X 68 (unidades en mil\u00edmetros).<\/li>\n<li class=\"ql-align-justify\">Distancia: Hasta 100 metros de la unidad principal<\/li>\n<li class=\"ql-align-justify\">Temperatura de operaci\u00f3n: 0\u00b0C ~ 20\u00b0C, humedad 50 ~ 60%<\/li>\n<li class=\"ql-align-justify\">Cableado: 4 hilos calibre 22 AWG<\/li>\n<\/ul>\n<p>&nbsp;<\/p>\n<\/div>\n<\/div>\n<hr class=\"padding-bottom-2x\" \/>\n<div class=\"row align-items-center padding-bottom-2x\">\n<div class=\"col-md-5\"><img decoding=\"async\" class=\"d-block m-auto img-thumbnail\" src=\"https:\/\/tvc.mx\/media\/212843\/COMMAX-JNS4CS-Subestacion-de-cama-para-intercomunicacion-por-voz-con-unidad-de-enfermeria-4.png\" alt=\" \" \/><\/div>\n<div class=\"col-md-7 text-md-left text-center\">\n<h2>Incluye<\/h2>\n<p class=\"text-muted\">\n<ul>\n<li>Subestaci\u00f3n JNS-4CS<\/li>\n<li>Placa de montaje<\/li>\n<li>Tornillos de fijaci\u00f3n<\/li>\n<\/ul>\n<p>Puedes agregar una caja de conexiones de 4&#215;4 como se muestra en la imagen<\/p>\n<\/div>\n<\/div>\n","protected":false},"excerpt":{"rendered":"<p>INFORMACI\u00d3N GENERAL Commax l\u00edder mundial de sistemas de intercomunicaci\u00f3n ha desarrollado uno de los sistemas mas confiables y usados a nivel mundial en miles de hospitales para el llamado de enfermera. \u00a0El sistema de llamado de enfermera de Commax (nurse call system) ofrece la l\u00ednea&hellip;<\/p>\n","protected":false},"featured_media":6425,"comment_status":"open","ping_status":"closed","template":"","meta":{"om_disable_all_campaigns":false,"_monsterinsights_skip_tracking":false,"_monsterinsights_sitenote_active":false,"_monsterinsights_sitenote_note":"","_monsterinsights_sitenote_category":0},"product_brand":[],"product_cat":[540],"product_tag":[513,514,511,516,519,517,520,515,181,518,512],"class_list":{"0":"post-6426","1":"product","2":"type-product","3":"status-publish","4":"has-post-thumbnail","6":"product_cat-sistemas-de-enfermeria","7":"product_tag-altavoces","8":"product_tag-amplificadores","9":"product_tag-audio-y-video","10":"product_tag-audioporteros","11":"product_tag-digital-signage","12":"product_tag-intercomunicadores","13":"product_tag-kits-videoporteros","14":"product_tag-mezcladoras","15":"product_tag-microfonos","16":"product_tag-sistemas-de-enfermeria","17":"product_tag-videoporteros","19":"first","20":"instock","21":"sale","22":"taxable","23":"shipping-taxable","24":"purchasable","25":"product-type-simple"},"aioseo_notices":[],"_links":{"self":[{"href":"https:\/\/tecsecmty.com\/index.php\/wp-json\/wp\/v2\/product\/6426","targetHints":{"allow":["GET"]}}],"collection":[{"href":"https:\/\/tecsecmty.com\/index.php\/wp-json\/wp\/v2\/product"}],"about":[{"href":"https:\/\/tecsecmty.com\/index.php\/wp-json\/wp\/v2\/types\/product"}],"replies":[{"embeddable":true,"href":"https:\/\/tecsecmty.com\/index.php\/wp-json\/wp\/v2\/comments?post=6426"}],"version-history":[{"count":0,"href":"https:\/\/tecsecmty.com\/index.php\/wp-json\/wp\/v2\/product\/6426\/revisions"}],"wp:featuredmedia":[{"embeddable":true,"href":"https:\/\/tecsecmty.com\/index.php\/wp-json\/wp\/v2\/media\/6425"}],"wp:attachment":[{"href":"https:\/\/tecsecmty.com\/index.php\/wp-json\/wp\/v2\/media?parent=6426"}],"wp:term":[{"taxonomy":"product_brand","embeddable":true,"href":"https:\/\/tecsecmty.com\/index.php\/wp-json\/wp\/v2\/product_brand?post=6426"},{"taxonomy":"product_cat","embeddable":true,"href":"https:\/\/tecsecmty.com\/index.php\/wp-json\/wp\/v2\/product_cat?post=6426"},{"taxonomy":"product_tag","embeddable":true,"href":"https:\/\/tecsecmty.com\/index.php\/wp-json\/wp\/v2\/product_tag?post=6426"}],"curies":[{"name":"wp","href":"https:\/\/api.w.org\/{rel}","templated":true}]}}