{"id":6428,"date":"2023-02-23T12:05:06","date_gmt":"2023-02-23T18:05:06","guid":{"rendered":"https:\/\/tecsecmty.com\/index.php\/producto\/commax-jns70mn-unidad-de-intercomunicacion-por-voz-para-unidad-de-enfermeria-cuenta-con-identificacion-de-habitacion-y-numero-de-cama-interconexion-con-jnspsm-a-4-hilos\/"},"modified":"2023-03-22T23:22:18","modified_gmt":"2023-03-23T05:22:18","slug":"commax-jns70mn-unidad-de-intercomunicacion-por-voz-para-unidad-de-enfermeria-cuenta-con-identificacion-de-habitacion-y-numero-de-cama-interconexion-con-jnspsm-a-4-hilos","status":"publish","type":"product","link":"https:\/\/tecsecmty.com\/index.php\/producto\/commax-jns70mn-unidad-de-intercomunicacion-por-voz-para-unidad-de-enfermeria-cuenta-con-identificacion-de-habitacion-y-numero-de-cama-interconexion-con-jnspsm-a-4-hilos\/","title":{"rendered":"COMMAX JNS70MN &#8211; Unidad de intercomunicaci\u00f3n por voz para unidad de enfermer\u00eda, cuenta con identificaci\u00f3n de habitaci\u00f3n y numero de cama, interconexi\u00f3n con JNSPSM a 4 hilos"},"content":{"rendered":"<div class=\"row aling-items-center padding-bottom-2x\">\n<div class=\"col-lg-12\">\n<h5 class=\"card-title text-center\">INFORMACI\u00d3N GENERAL<\/h5>\n<p class=\"ql-align-justify\">El equipo COMMAX JNS-70MN unidad de estaci\u00f3n de enfermer\u00eda, esta dise\u00f1ado para que las enfermeras puedan atender la solicitudes de sus pacientes, cuenta con una pantalla principal en la cual muestra las habitaciones y a su vez en la llamada muestra el numero de la habitaci\u00f3n y el n\u00famero de la cama que indica donde se realizo la misma.<\/p>\n<p class=\"ql-align-justify\">Cuenta con las caracter\u00edsticas de poder recibir llamadas de los pacientes, conversaci\u00f3n, recibir llamadas entre el personal, funci\u00f3n de control inteligente, como b\u00fasqueda de la cama, designaci\u00f3n de un grupo de camas, eliminaci\u00f3n de una cama, designaci\u00f3n de camas a cargo.<\/p>\n<p><strong>NOTA:<\/strong><\/p>\n<p>La capacidad que tiene la unidad de enfermer\u00eda JNS70MN para asignar el n\u00famero de camas y habitaciones es el siguiente:<\/p>\n<ul>\n<li>M\u00e1x. n\u00famero de habitaciones = 9999<\/li>\n<li class=\"ql-align-justify\">M\u00e1x. n\u00famero de camas por habitaci\u00f3n = 34<\/li>\n<\/ul>\n<p><img decoding=\"async\" class=\"overview-center-img-web\" src=\"https:\/\/tvc.mx\/media\/479998\/COMMAX-29086-JNS70MN-UNIDAD-DE-INTERCOMUNICACION-CENTRAL.png\" alt=\"\" \/><\/div>\n<\/div>\n<div class=\"row align-items-center padding-bottom-2x\">\n<div class=\"col-md-5\"><img decoding=\"async\" class=\"d-block m-auto img-thumbnail\" src=\"https:\/\/tvc.mx\/media\/480016\/COMMAX-29086-JNS70MN-UNIDAD-DE-INTERCOMUNICACION-DER.png\" alt=\" \" \/><\/div>\n<div class=\"col-md-7 text-md-left text-center\">\n<h2>Caracter\u00edsticas Principales<\/h2>\n<p class=\"text-muted\">\n<p class=\"ql-align-justify\">Comunicaci\u00f3n por audio con unidad de cama\u00a0<a href=\"https:\/\/tvc.mx\/products\/4088\" target=\"_blank\" rel=\"noopener\">JNS4CS<\/a><\/p>\n<p class=\"ql-align-justify\">Conexi\u00f3n principal a\u00a0<a href=\"https:\/\/tvc.mx\/products\/4061\" target=\"_blank\" rel=\"noopener\">JNSPSM<\/a><\/p>\n<p class=\"ql-align-justify\">Compatible con:<\/p>\n<ul>\n<li class=\"ql-align-justify\">Bot\u00f3n pulsador\u00a0<a href=\"https:\/\/tvc.mx\/products\/4092\" target=\"_blank\" rel=\"noopener\">CC200<\/a><\/li>\n<li class=\"ql-align-justify\">Bot\u00f3n de emergencia para regadera\u00a0<a href=\"https:\/\/tvc.mx\/products\/4100\/\" target=\"_blank\" rel=\"noopener\">ES420<\/a>\u00a0o\u00a0<a href=\"https:\/\/tvc.mx\/products\/4099\" target=\"_blank\" rel=\"noopener\">ES410<\/a><\/li>\n<li class=\"ql-align-justify\">Bot\u00f3n de emergencia\u00a0<a href=\"https:\/\/tvc.mx\/products\/4095\" target=\"_blank\" rel=\"noopener\">ES400<\/a><\/li>\n<li class=\"ql-align-justify\">Bot\u00f3n de presencia\u00a0<a href=\"https:\/\/tvc.mx\/products\/4103\" target=\"_blank\" rel=\"noopener\">PB500<\/a><\/li>\n<li class=\"ql-align-justify\">Accesorio de luz\u00a0<a href=\"https:\/\/tvc.mx\/products\/21403\" target=\"_blank\" rel=\"noopener\">CL302I<\/a><\/li>\n<li>Men\u00fa f\u00e1cil de usar<\/li>\n<li>Transferencia autom\u00e1tica de llamadas<\/li>\n<li>Llamada desde la ducha<\/li>\n<\/ul>\n<p>&nbsp;<\/p>\n<\/div>\n<\/div>\n<hr class=\"padding-bottom-2x\" \/>\n<div class=\"row align-items-center padding-bottom-2x\">\n<div class=\"col-md-5 order-md-2\"><img decoding=\"async\" class=\"d-block m-auto img-thumbnail\" src=\"https:\/\/tvc.mx\/media\/480004\/COMMAX-29086-JNS70MN-UNIDAD-DE-INTERCOMUNICACION-IZQ.png\" alt=\" \" \/><\/div>\n<div class=\"col-md-7 order-md-1 text-md-left text-center\">\n<h2>Especificaciones T\u00e9cnicas<\/h2>\n<p class=\"text-muted\">\n<ul>\n<li class=\"ql-align-justify\">Alimentaci\u00f3n: 24VDC (energ\u00eda suministrada por equipo JNS-PSM).<\/li>\n<li class=\"ql-align-justify\">Tipo de instalaci\u00f3n: Montaje en superficie<\/li>\n<li class=\"ql-align-justify\">Dimensiones: 252 X 247 X 40 (unidades en mil\u00edmetros).<\/li>\n<li class=\"ql-align-justify\">Distancia: Hasta 100 metros de la unidad principal<\/li>\n<li class=\"ql-align-justify\">Temperatura de operaci\u00f3n: 0\u00b0C ~ 20\u00b0C, humedad 50 ~ 60%<\/li>\n<li class=\"ql-align-justify\">Cableado: 4 hilos calibre 22 AWG<\/li>\n<\/ul>\n<p>&nbsp;<\/p>\n<\/div>\n<\/div>\n<hr class=\"padding-bottom-2x\" \/>\n<div class=\"row align-items-center padding-bottom-2x\">\n<div class=\"col-md-5\"><img decoding=\"async\" class=\"d-block m-auto img-thumbnail\" src=\"https:\/\/tvc.mx\/media\/480018\/COMMAX-29086-JNS70MN-UNIDAD-DE-INTERCOMUNICACION-INCLUYE.png\" alt=\" \" \/><\/div>\n<div class=\"col-md-7 text-md-left text-center\">\n<h2>Incluye<\/h2>\n<p class=\"text-muted\">\n<ul>\n<li>Unidad de intercomunicaci\u00f3n JNS70MN<\/li>\n<li>Accesorios de montaje<\/li>\n<li>Manual de usuario<\/li>\n<\/ul>\n<\/div>\n<\/div>\n","protected":false},"excerpt":{"rendered":"<p>INFORMACI\u00d3N GENERAL El equipo COMMAX JNS-70MN unidad de estaci\u00f3n de enfermer\u00eda, esta dise\u00f1ado para que las enfermeras puedan atender la solicitudes de sus pacientes, cuenta con una pantalla principal en la cual muestra las habitaciones y a su vez en la llamada muestra el numero&hellip;<\/p>\n","protected":false},"featured_media":6427,"comment_status":"open","ping_status":"closed","template":"","meta":{"om_disable_all_campaigns":false,"_monsterinsights_skip_tracking":false,"_monsterinsights_sitenote_active":false,"_monsterinsights_sitenote_note":"","_monsterinsights_sitenote_category":0},"product_brand":[],"product_cat":[540],"product_tag":[513,514,511,516,519,517,520,515,181,518,512],"class_list":{"0":"post-6428","1":"product","2":"type-product","3":"status-publish","4":"has-post-thumbnail","6":"product_cat-sistemas-de-enfermeria","7":"product_tag-altavoces","8":"product_tag-amplificadores","9":"product_tag-audio-y-video","10":"product_tag-audioporteros","11":"product_tag-digital-signage","12":"product_tag-intercomunicadores","13":"product_tag-kits-videoporteros","14":"product_tag-mezcladoras","15":"product_tag-microfonos","16":"product_tag-sistemas-de-enfermeria","17":"product_tag-videoporteros","19":"first","20":"instock","21":"sale","22":"taxable","23":"shipping-taxable","24":"purchasable","25":"product-type-simple"},"aioseo_notices":[],"_links":{"self":[{"href":"https:\/\/tecsecmty.com\/index.php\/wp-json\/wp\/v2\/product\/6428","targetHints":{"allow":["GET"]}}],"collection":[{"href":"https:\/\/tecsecmty.com\/index.php\/wp-json\/wp\/v2\/product"}],"about":[{"href":"https:\/\/tecsecmty.com\/index.php\/wp-json\/wp\/v2\/types\/product"}],"replies":[{"embeddable":true,"href":"https:\/\/tecsecmty.com\/index.php\/wp-json\/wp\/v2\/comments?post=6428"}],"version-history":[{"count":0,"href":"https:\/\/tecsecmty.com\/index.php\/wp-json\/wp\/v2\/product\/6428\/revisions"}],"wp:featuredmedia":[{"embeddable":true,"href":"https:\/\/tecsecmty.com\/index.php\/wp-json\/wp\/v2\/media\/6427"}],"wp:attachment":[{"href":"https:\/\/tecsecmty.com\/index.php\/wp-json\/wp\/v2\/media?parent=6428"}],"wp:term":[{"taxonomy":"product_brand","embeddable":true,"href":"https:\/\/tecsecmty.com\/index.php\/wp-json\/wp\/v2\/product_brand?post=6428"},{"taxonomy":"product_cat","embeddable":true,"href":"https:\/\/tecsecmty.com\/index.php\/wp-json\/wp\/v2\/product_cat?post=6428"},{"taxonomy":"product_tag","embeddable":true,"href":"https:\/\/tecsecmty.com\/index.php\/wp-json\/wp\/v2\/product_tag?post=6428"}],"curies":[{"name":"wp","href":"https:\/\/api.w.org\/{rel}","templated":true}]}}