{"id":6438,"date":"2023-02-23T12:05:19","date_gmt":"2023-02-23T18:05:19","guid":{"rendered":"https:\/\/tecsecmty.com\/index.php\/producto\/commax-cmd404fu-distribuidor-de-piso-para-monitores-cmv43a-para-solucion-de-apartamentos-comunicacion-con-departamentos-y-la-estacion-de-guardia-requiere-de-fuente-de-24vdc-modelo-rf2a-modum-com\/"},"modified":"2023-03-22T23:22:15","modified_gmt":"2023-03-23T05:22:15","slug":"commax-cmd404fu-distribuidor-de-piso-para-monitores-cmv43a-para-solucion-de-apartamentos-comunicacion-con-departamentos-y-la-estacion-de-guardia-requiere-de-fuente-de-24vdc-modelo-rf2a-modum-com","status":"publish","type":"product","link":"https:\/\/tecsecmty.com\/index.php\/producto\/commax-cmd404fu-distribuidor-de-piso-para-monitores-cmv43a-para-solucion-de-apartamentos-comunicacion-con-departamentos-y-la-estacion-de-guardia-requiere-de-fuente-de-24vdc-modelo-rf2a-modum-com\/","title":{"rendered":"COMMAX CMD404FU &#8211; Distribuidor de piso para monitores CMV43A para soluci\u00f3n de apartamentos\/ Comunicaci\u00f3n con departamentos y la estaci\u00f3n de Guardia\/ Requiere de fuente de 24VDC modelo RF2A\/ #Modum Complejo"},"content":{"rendered":"<div class=\"row aling-items-center padding-bottom-2x\">\n<div class=\"col-lg-12\">\n<h5 class=\"card-title text-center\">INFORMACION GENERAL<\/h5>\n<p>Sin limitaci\u00f3n en el cableado todo UTP. Conexi\u00f3n de distribuidores modulares con c\u00e1maras CCTV y monitores FINE VIEW Brinda diversas opciones en sistemas de audio y video.<\/p>\n<p><strong>Caracter\u00edsticas<\/strong>:<\/p>\n<p>\u2022 Todos los distribuidores de suelo UTP.<\/p>\n<p>\u2022\u00a0<strong>DC 24V, 1A<\/strong>\u00a0(desde el distribuidor del edificio CMD-101BU).<\/p>\n<p>\u2022 Conectable con Video Phone hasta 4ea.<\/p>\n<p><img decoding=\"async\" class=\"overview-center-img-web\" src=\"https:\/\/tvc.mx\/media\/127114\/Commax-distribuidor-de-piso-CMD404FU-modum-complejo-cmx104110.jpg\" alt=\"\" \/><\/div>\n<\/div>\n<div class=\"row align-items-center padding-bottom-2x\">\n<div class=\"col-md-5\"><img decoding=\"async\" class=\"d-block m-auto img-thumbnail\" src=\"https:\/\/tvc.mx\/media\/127118\/Commax-distribuidor-de-piso-CMD404FU-modum-comunicacion-complejo-cmx104110.jpg\" alt=\" \" \/><\/div>\n<div class=\"col-md-7 text-md-left text-center\">\n<h2>ESPECIFICACIONES<\/h2>\n<p class=\"text-muted\">\n<ul>\n<li>Fuente de alimentaci\u00f3n: DC 24V, 1A (desde el distribuidor del edificio)<\/li>\n<li>Cableado: Distribuidor de unidad a planta del hogar: UTP, distribuidor de distribuidor a planta de edificio: UTP, distribuidor de distribuidor de piso a piso: UTP.<\/li>\n<li>Puerto: 4 puertos (Conectable con Video Phone hasta 4 ea).<\/li>\n<li>Tipo de montaje: tipo montado en riel Din.<\/li>\n<li>Dimensi\u00f3n (mm): 106(L) x 76(A) x 44(P).<\/li>\n<\/ul>\n<\/div>\n<\/div>\n","protected":false},"excerpt":{"rendered":"<p>INFORMACION GENERAL Sin limitaci\u00f3n en el cableado todo UTP. Conexi\u00f3n de distribuidores modulares con c\u00e1maras CCTV y monitores FINE VIEW Brinda diversas opciones en sistemas de audio y video. Caracter\u00edsticas: \u2022 Todos los distribuidores de suelo UTP. \u2022\u00a0DC 24V, 1A\u00a0(desde el distribuidor del edificio CMD-101BU).&hellip;<\/p>\n","protected":false},"featured_media":6437,"comment_status":"open","ping_status":"closed","template":"","meta":{"om_disable_all_campaigns":false,"_monsterinsights_skip_tracking":false,"_monsterinsights_sitenote_active":false,"_monsterinsights_sitenote_note":"","_monsterinsights_sitenote_category":0},"product_brand":[],"product_cat":[542],"product_tag":[513,514,511,516,519,517,520,515,181,518,512],"class_list":{"0":"post-6438","1":"product","2":"type-product","3":"status-publish","4":"has-post-thumbnail","6":"product_cat-distribuidores-videoporteros-analogicos","7":"product_tag-altavoces","8":"product_tag-amplificadores","9":"product_tag-audio-y-video","10":"product_tag-audioporteros","11":"product_tag-digital-signage","12":"product_tag-intercomunicadores","13":"product_tag-kits-videoporteros","14":"product_tag-mezcladoras","15":"product_tag-microfonos","16":"product_tag-sistemas-de-enfermeria","17":"product_tag-videoporteros","19":"first","20":"instock","21":"sale","22":"taxable","23":"shipping-taxable","24":"purchasable","25":"product-type-simple"},"aioseo_notices":[],"_links":{"self":[{"href":"https:\/\/tecsecmty.com\/index.php\/wp-json\/wp\/v2\/product\/6438","targetHints":{"allow":["GET"]}}],"collection":[{"href":"https:\/\/tecsecmty.com\/index.php\/wp-json\/wp\/v2\/product"}],"about":[{"href":"https:\/\/tecsecmty.com\/index.php\/wp-json\/wp\/v2\/types\/product"}],"replies":[{"embeddable":true,"href":"https:\/\/tecsecmty.com\/index.php\/wp-json\/wp\/v2\/comments?post=6438"}],"version-history":[{"count":0,"href":"https:\/\/tecsecmty.com\/index.php\/wp-json\/wp\/v2\/product\/6438\/revisions"}],"wp:featuredmedia":[{"embeddable":true,"href":"https:\/\/tecsecmty.com\/index.php\/wp-json\/wp\/v2\/media\/6437"}],"wp:attachment":[{"href":"https:\/\/tecsecmty.com\/index.php\/wp-json\/wp\/v2\/media?parent=6438"}],"wp:term":[{"taxonomy":"product_brand","embeddable":true,"href":"https:\/\/tecsecmty.com\/index.php\/wp-json\/wp\/v2\/product_brand?post=6438"},{"taxonomy":"product_cat","embeddable":true,"href":"https:\/\/tecsecmty.com\/index.php\/wp-json\/wp\/v2\/product_cat?post=6438"},{"taxonomy":"product_tag","embeddable":true,"href":"https:\/\/tecsecmty.com\/index.php\/wp-json\/wp\/v2\/product_tag?post=6438"}],"curies":[{"name":"wp","href":"https:\/\/api.w.org\/{rel}","templated":true}]}}