{"id":6440,"date":"2023-02-23T12:05:21","date_gmt":"2023-02-23T18:05:21","guid":{"rendered":"https:\/\/tecsecmty.com\/index.php\/producto\/commax-cmp4bct-frente-de-calle-para-solucion-de-videoporteros-para-apartamentos-soporta-hasta-300-monitores-de-la-marca-commax-cuenta-con-funcion-de-apertura-de-puerta-compatible-con-estacion-de\/"},"modified":"2023-03-22T23:22:15","modified_gmt":"2023-03-23T05:22:15","slug":"commax-cmp4bct-frente-de-calle-para-solucion-de-videoporteros-para-apartamentos-soporta-hasta-300-monitores-de-la-marca-commax-cuenta-con-funcion-de-apertura-de-puerta-compatible-con-estacion-de","status":"publish","type":"product","link":"https:\/\/tecsecmty.com\/index.php\/producto\/commax-cmp4bct-frente-de-calle-para-solucion-de-videoporteros-para-apartamentos-soporta-hasta-300-monitores-de-la-marca-commax-cuenta-con-funcion-de-apertura-de-puerta-compatible-con-estacion-de\/","title":{"rendered":"COMMAX CMP4BCT &#8211; Frente de calle para soluci\u00f3n de videoporteros para apartamentos, soporta hasta 300 monitores de la marca Commax, cuenta con funci\u00f3n de apertura de puerta, compatible con estaci\u00f3n de guardia\/ #Modum"},"content":{"rendered":"<div class=\"row aling-items-center padding-bottom-2x\">\n<div class=\"col-lg-12\">\n<h5 class=\"card-title text-center\">INFORMACI\u00d3N GENERAL<\/h5>\n<p>El modelo\u00a0<strong>CMP4BCT\u00a0<\/strong>\u00a0es un frente de calle para apartamentos el cu\u00e1l est\u00e1 disponible para varios tipos de casas y entornos de sistema. Con funciones integradas de control de acceso, disfrute de su vida de forma segura y c\u00f3moda.<\/p>\n<p class=\"ql-align-justify\">En los laboratorios de\u00a0<strong>COMMAX<\/strong>, se encuentran en constante desarrollo para sus productos, esta c\u00e1mara ha sido desarrollada con los m\u00e1s altos est\u00e1ndares de calidad en la empresa, tambi\u00e9n permite a las personas del interior del domicilio, poder visualizar una visita sin problema en el frente de calle por las noches, ya que cuenta con sensores infrarrojos y una luz blanca para la visualizaci\u00f3n adecuada de las personas que se encuentran fuera del domicilio.<\/p>\n<p><img decoding=\"async\" class=\"overview-center-img-web\" src=\"https:\/\/tvc.mx\/media\/474304\/COMMAX-CMX104052-CMP4BCT-FRENTE-DE-CALLE-DEPARTAMENTAL-CENTRAL.png\" alt=\"\" \/><\/div>\n<\/div>\n<div class=\"row align-items-center padding-bottom-2x\">\n<div class=\"col-md-5\"><img decoding=\"async\" class=\"d-block m-auto img-thumbnail\" src=\"https:\/\/tvc.mx\/media\/474308\/COMMAX-CMX104052-CMP4BCT-FRENTE-DE-CALLE-DEPARTAMENTAL-IZQ.png\" alt=\" \" \/><\/div>\n<div class=\"col-md-7 text-md-left text-center\">\n<h2>Caracter\u00edsticas Principales<\/h2>\n<p class=\"text-muted\">\n<ul>\n<li>Compatible con todos los monitores\u00a0<a href=\"https:\/\/tvc.mx\/products?categoryId=216&amp;query=%7B%22categoryId%22%3A216%2C%22brandIds%22%3A%5B421%5D%2C%22view%22%3A%22grid%22%2C%22sortBy%22%3A%7B%22sortCriteria%22%3A%22list_price%22%2C%22sortDirection%22%3A%22asc%22%7D%2C%22perPage%22%3A60%2C%22priceRange%22%3A%7B%22max%22%3A%226008.31000%22%2C%22min%22%3A0%7D%7D\" target=\"_blank\" rel=\"noopener\">COMMAX<\/a>\u00a0(Modum simple o modum complejo)<\/li>\n<li>Tipo de montaje empotrado o sobre la superficie<\/li>\n<li>Comunicaci\u00f3n del frente de calle hacia el monitor<\/li>\n<li>Sensor de luz led blanco incorporado<\/li>\n<li>Salida de relevador para una cerradura o chapa<\/li>\n<li>Conexi\u00f3n por medio de UTP cat 5 o 6 100% cobre<\/li>\n<\/ul>\n<p>&nbsp;<\/p>\n<\/div>\n<\/div>\n<hr class=\"padding-bottom-2x\" \/>\n<div class=\"row align-items-center padding-bottom-2x\">\n<div class=\"col-md-5 order-md-2\"><img decoding=\"async\" class=\"d-block m-auto img-thumbnail\" src=\"https:\/\/tvc.mx\/media\/49422\/cmx104052-2.jpg\" alt=\" \" \/><\/div>\n<div class=\"col-md-7 order-md-1 text-md-left text-center\">\n<h2>Especificaciones T\u00e9cnicas<\/h2>\n<p class=\"text-muted\">\n<ul>\n<li class=\"ql-align-justify\">Fuente de Energ\u00eda: DC 12V 1A.<\/li>\n<li class=\"ql-align-justify\">Tipo de Montaje: Integrado al ras.<\/li>\n<li class=\"ql-align-justify\">Cableado: Sistema Gateview (Cable UTP).<\/li>\n<li class=\"ql-align-justify\">Monitor de unidad dom\u00e9stica (8 hilos-com\u00fan 6 hilos + v\u00eddeo 2 hilos),<\/li>\n<li class=\"ql-align-justify\">Tel\u00e9fono de estaci\u00f3n de seguridad (4 hilos).<\/li>\n<li class=\"ql-align-justify\">Consumo de energ\u00eda: Standby: 84mA, M\u00e1ximo: 280mA).<\/li>\n<li class=\"ql-align-justify\">M\u00e9todo de llamada: Manos libres (solo ida).<\/li>\n<li class=\"ql-align-justify\">Rango efectivo de llamada: 300 mts. con cable UTP Cat. 5e.<\/li>\n<li class=\"ql-align-justify\">Temperatura:: -40\u00b0C &#8211; +60\u00b0C.<\/li>\n<li class=\"ql-align-justify\">Tarjeta RFID: 13.56 hz (opcional).<\/li>\n<li class=\"ql-align-justify\">Pantalla: 2.4&#8243; OLED.<\/li>\n<li class=\"ql-align-justify\">Sensor de imagen: C-MOS.<\/li>\n<li class=\"ql-align-justify\">\u00c1ngulo de Visi\u00f3n: Horizontal 62\u00b0 Vertical 46\u00b0.<\/li>\n<li class=\"ql-align-justify\">Iluminaci\u00f3n: LED Blanco.<\/li>\n<li class=\"ql-align-justify\">Menor intensidad de iluminaci\u00f3n: 0,1 Lux (hasta 300 mm de la c\u00e1mara).<\/li>\n<li class=\"ql-align-justify\">Dimensi\u00f3n: 130(A) x 315(L) x 12(38)(D).<\/li>\n<\/ul>\n<p>&nbsp;<\/p>\n<\/div>\n<\/div>\n<hr class=\"padding-bottom-2x\" \/>\n<div class=\"row align-items-center padding-bottom-2x\">\n<div class=\"col-md-5\"><img decoding=\"async\" class=\"d-block m-auto img-thumbnail\" src=\"https:\/\/tvc.mx\/media\/474310\/COMMAX-CMX104052-CMP4BCT-FRENTE-DE-CALLE-DEPARTAMENTAL-INCLUYE.png\" alt=\" \" \/><\/div>\n<div class=\"col-md-7 text-md-left text-center\">\n<h2>Incluye<\/h2>\n<p class=\"text-muted\">\n<ul>\n<li>Frente de calle<\/li>\n<li>Base de instalaci\u00f3n<\/li>\n<li>Cables de conexi\u00f3n<\/li>\n<li>Fuente de alimentaci\u00f3n<\/li>\n<\/ul>\n<\/div>\n<\/div>\n","protected":false},"excerpt":{"rendered":"<p>INFORMACI\u00d3N GENERAL El modelo\u00a0CMP4BCT\u00a0\u00a0es un frente de calle para apartamentos el cu\u00e1l est\u00e1 disponible para varios tipos de casas y entornos de sistema. Con funciones integradas de control de acceso, disfrute de su vida de forma segura y c\u00f3moda. En los laboratorios de\u00a0COMMAX, se encuentran&hellip;<\/p>\n","protected":false},"featured_media":6439,"comment_status":"open","ping_status":"closed","template":"","meta":{"om_disable_all_campaigns":false,"_monsterinsights_skip_tracking":false,"_monsterinsights_sitenote_active":false,"_monsterinsights_sitenote_note":"","_monsterinsights_sitenote_category":0},"product_brand":[],"product_cat":[543],"product_tag":[513,514,511,516,519,517,520,515,181,518,512],"class_list":{"0":"post-6440","1":"product","2":"type-product","3":"status-publish","4":"has-post-thumbnail","6":"product_cat-frentes-de-calle-videoporteros-analogicos","7":"product_tag-altavoces","8":"product_tag-amplificadores","9":"product_tag-audio-y-video","10":"product_tag-audioporteros","11":"product_tag-digital-signage","12":"product_tag-intercomunicadores","13":"product_tag-kits-videoporteros","14":"product_tag-mezcladoras","15":"product_tag-microfonos","16":"product_tag-sistemas-de-enfermeria","17":"product_tag-videoporteros","19":"first","20":"instock","21":"sale","22":"taxable","23":"shipping-taxable","24":"purchasable","25":"product-type-simple"},"aioseo_notices":[],"_links":{"self":[{"href":"https:\/\/tecsecmty.com\/index.php\/wp-json\/wp\/v2\/product\/6440","targetHints":{"allow":["GET"]}}],"collection":[{"href":"https:\/\/tecsecmty.com\/index.php\/wp-json\/wp\/v2\/product"}],"about":[{"href":"https:\/\/tecsecmty.com\/index.php\/wp-json\/wp\/v2\/types\/product"}],"replies":[{"embeddable":true,"href":"https:\/\/tecsecmty.com\/index.php\/wp-json\/wp\/v2\/comments?post=6440"}],"version-history":[{"count":0,"href":"https:\/\/tecsecmty.com\/index.php\/wp-json\/wp\/v2\/product\/6440\/revisions"}],"wp:featuredmedia":[{"embeddable":true,"href":"https:\/\/tecsecmty.com\/index.php\/wp-json\/wp\/v2\/media\/6439"}],"wp:attachment":[{"href":"https:\/\/tecsecmty.com\/index.php\/wp-json\/wp\/v2\/media?parent=6440"}],"wp:term":[{"taxonomy":"product_brand","embeddable":true,"href":"https:\/\/tecsecmty.com\/index.php\/wp-json\/wp\/v2\/product_brand?post=6440"},{"taxonomy":"product_cat","embeddable":true,"href":"https:\/\/tecsecmty.com\/index.php\/wp-json\/wp\/v2\/product_cat?post=6440"},{"taxonomy":"product_tag","embeddable":true,"href":"https:\/\/tecsecmty.com\/index.php\/wp-json\/wp\/v2\/product_tag?post=6440"}],"curies":[{"name":"wp","href":"https:\/\/api.w.org\/{rel}","templated":true}]}}