{"id":6444,"date":"2023-02-23T12:05:24","date_gmt":"2023-02-23T18:05:24","guid":{"rendered":"https:\/\/tecsecmty.com\/index.php\/producto\/commax-drc40k-frente-de-calle-de-aluminio-uso-en-interior-y-exterior-compatible-con-todos-los-monitores-commax-conexion-a-4-hilos-soporta-hasta-2-monitores-cuenta-con-ajuste-vertical-de-la-cama\/"},"modified":"2023-03-22T23:22:16","modified_gmt":"2023-03-23T05:22:16","slug":"commax-drc40k-frente-de-calle-de-aluminio-uso-en-interior-y-exterior-compatible-con-todos-los-monitores-commax-conexion-a-4-hilos-soporta-hasta-2-monitores-cuenta-con-ajuste-vertical-de-la-cama","status":"publish","type":"product","link":"https:\/\/tecsecmty.com\/index.php\/producto\/commax-drc40k-frente-de-calle-de-aluminio-uso-en-interior-y-exterior-compatible-con-todos-los-monitores-commax-conexion-a-4-hilos-soporta-hasta-2-monitores-cuenta-con-ajuste-vertical-de-la-cama\/","title":{"rendered":"COMMAX DRC40K &#8211; Frente de calle de aluminio, uso en Interior y exterior, compatible con todos los monitores Commax, conexi\u00f3n a 4 hilos, soporta hasta 2 monitores, cuenta con ajuste vertical de la c\u00e1mara, energia desde monitor\/ Soporta cubierta cmx2260001"},"content":{"rendered":"<div class=\"row aling-items-center padding-bottom-2x\">\n<div class=\"col-lg-12\">\n<h5 class=\"card-title text-center\">INFORMACI\u00d3N GENERAL<\/h5>\n<p class=\"ql-align-justify\">Commax se esfuerza continuamente para la satisfacci\u00f3n de los clientes, deseando ser la primera elecci\u00f3n para nuestros usuarios en los mercados que servimos, proporcionando productos de dise\u00f1o superior, soluciones con avanzada tecnolog\u00eda, as\u00ed como las certificaciones requeridas por todos los mercados. En la actualidad COMMAX es una marca registrada en m\u00e1s de 115 pa\u00edses y sus exportaciones se realizan a m\u00e1s de 100 pa\u00edses, en su mayor\u00eda bajo la marca de COMMAX.<\/p>\n<p class=\"ql-align-justify\">\u00a0En los laboratorios de COMMAX, se encuentran en constante desarrollo para sus productos, esta c\u00e1mara ha sido desarrollada con los m\u00e1s altos est\u00e1ndares de calidad en la empresa, tambi\u00e9n permite a las personas del interior del domicilio, poder visualizar una visita sin problema en el frente de calle por las noches, ya que cuenta con sensores infrarrojos y una luz blanca para la visualizaci\u00f3n adecuada de las personas que se encuentran fuera del domicilio, adem\u00e1s cuenta con una f\u00e1cil conexi\u00f3n ya que se conecta mediante 4\u00a0hilos.<\/p>\n<p><img decoding=\"async\" class=\"overview-center-img-web\" src=\"https:\/\/tvc.mx\/media\/380823\/COMMAX-29100-DRC40K-FRENTE-DE-CALLE-CENTRAL.png\" alt=\"\" \/><\/div>\n<\/div>\n<div class=\"row align-items-center padding-bottom-2x\">\n<div class=\"col-md-5\"><img decoding=\"async\" class=\"d-block m-auto img-thumbnail\" src=\"https:\/\/tvc.mx\/media\/380827\/COMMAX-29100-DRC40K-FRENTE-DE-CALLE-DER.png\" alt=\" \" \/><\/div>\n<div class=\"col-md-7 text-md-left text-center\">\n<h2>Caracter\u00edsticas Principales<\/h2>\n<p class=\"text-muted\">\n<ul>\n<li>Compatible con todos los monitores\u00a0<a href=\"https:\/\/tvc.mx\/products?categoryId=216&amp;query=%7B%22categoryId%22%3A216%2C%22brandIds%22%3A%5B421%5D%2C%22view%22%3A%22grid%22%2C%22sortBy%22%3A%7B%22sortCriteria%22%3A%22list_price%22%2C%22sortDirection%22%3A%22asc%22%7D%2C%22perPage%22%3A60%2C%22priceRange%22%3A%7B%22max%22%3A%226008.31000%22%2C%22min%22%3A0%7D%7D\" target=\"_blank\" rel=\"noopener\">COMMAX<\/a><\/li>\n<li>Tipo de montaje empotrado o sobre la superficie<\/li>\n<li>Comunicaci\u00f3n del frente de calle hacia el monitor sin necesidad de realizar la llamada<\/li>\n<li>Sensor de luz led blanco incorporado<\/li>\n<li>Equipo para exterior e interior<\/li>\n<li>Salida de relevador para una cerradura o chapa<\/li>\n<li>Conexi\u00f3n a 4 hilos hacia al monitor<\/li>\n<\/ul>\n<p>&nbsp;<\/p>\n<\/div>\n<\/div>\n<hr class=\"padding-bottom-2x\" \/>\n<div class=\"row align-items-center padding-bottom-2x\">\n<div class=\"col-md-5 order-md-2\"><img decoding=\"async\" class=\"d-block m-auto img-thumbnail\" src=\"https:\/\/tvc.mx\/media\/380831\/COMMAX-29100-DRC40K-FRENTE-DE-CALLE-DER.png\" alt=\" \" \/><\/div>\n<div class=\"col-md-7 order-md-1 text-md-left text-center\">\n<h2>Especificaciones T\u00e9cnicas<\/h2>\n<p class=\"text-muted\">\n<ul>\n<li class=\"ql-align-justify\">Fuente de alimentaci\u00f3n: 12VDC (suministrado desde monitor).<\/li>\n<li class=\"ql-align-justify\">Tipo de conexi\u00f3n al sistema: 4 hilos.<\/li>\n<li>Tipo de instalaci\u00f3n: Interior y Exterior<\/li>\n<li>Tipo de c\u00e1mara: CMOS.<\/li>\n<li class=\"ql-align-justify\"><strong>Ajuste de \u00e1ngulo de c\u00e1mara: \u00b1 15\u00b0 hacia arriba y abajo<\/strong>.<\/li>\n<li>Distancia de conexi\u00f3n de cableado: 50 m (cable calibre 22AWG) 28 m (calibre 24AWG).<\/li>\n<li>Temperatura de funcionamiento: -10\u00b0C ~ 50\u00b0C.<\/li>\n<li>Iluminaci\u00f3n m\u00ednima: 0.1Lux (hasta 300 mm).<\/li>\n<\/ul>\n<p>Diagrama de dimensiones:\u00a0<a href=\"https:\/\/foro.tvc.mx\/preview\/v1\/afd8a79f-6b68-4197-934c-ebb304377fca\/1\" target=\"_blank\" rel=\"noopener\">Link<\/a><\/p>\n<p>&nbsp;<\/p>\n<\/div>\n<\/div>\n<hr class=\"padding-bottom-2x\" \/>\n<div class=\"row align-items-center padding-bottom-2x\">\n<div class=\"col-md-5\"><img decoding=\"async\" class=\"d-block m-auto img-thumbnail\" src=\"https:\/\/tvc.mx\/media\/380835\/COMMAX-29100-DRC40K-FRENTE-DE-CALLE-IZQ.png\" alt=\" \" \/><\/div>\n<div class=\"col-md-7 text-md-left text-center\">\n<h2>Incluye<\/h2>\n<p class=\"text-muted\">\n<ul>\n<li>Frente de calle<\/li>\n<li>Manual de usuario<\/li>\n<li>Base y tornillos de fijaci\u00f3n<\/li>\n<\/ul>\n<\/div>\n<\/div>\n","protected":false},"excerpt":{"rendered":"<p>INFORMACI\u00d3N GENERAL Commax se esfuerza continuamente para la satisfacci\u00f3n de los clientes, deseando ser la primera elecci\u00f3n para nuestros usuarios en los mercados que servimos, proporcionando productos de dise\u00f1o superior, soluciones con avanzada tecnolog\u00eda, as\u00ed como las certificaciones requeridas por todos los mercados. En la&hellip;<\/p>\n","protected":false},"featured_media":6443,"comment_status":"open","ping_status":"closed","template":"","meta":{"om_disable_all_campaigns":false,"_monsterinsights_skip_tracking":false,"_monsterinsights_sitenote_active":false,"_monsterinsights_sitenote_note":"","_monsterinsights_sitenote_category":0},"product_brand":[],"product_cat":[543],"product_tag":[513,514,511,516,519,517,520,515,181,518,512],"class_list":{"0":"post-6444","1":"product","2":"type-product","3":"status-publish","4":"has-post-thumbnail","6":"product_cat-frentes-de-calle-videoporteros-analogicos","7":"product_tag-altavoces","8":"product_tag-amplificadores","9":"product_tag-audio-y-video","10":"product_tag-audioporteros","11":"product_tag-digital-signage","12":"product_tag-intercomunicadores","13":"product_tag-kits-videoporteros","14":"product_tag-mezcladoras","15":"product_tag-microfonos","16":"product_tag-sistemas-de-enfermeria","17":"product_tag-videoporteros","19":"first","20":"instock","21":"sale","22":"taxable","23":"shipping-taxable","24":"purchasable","25":"product-type-simple"},"aioseo_notices":[],"_links":{"self":[{"href":"https:\/\/tecsecmty.com\/index.php\/wp-json\/wp\/v2\/product\/6444","targetHints":{"allow":["GET"]}}],"collection":[{"href":"https:\/\/tecsecmty.com\/index.php\/wp-json\/wp\/v2\/product"}],"about":[{"href":"https:\/\/tecsecmty.com\/index.php\/wp-json\/wp\/v2\/types\/product"}],"replies":[{"embeddable":true,"href":"https:\/\/tecsecmty.com\/index.php\/wp-json\/wp\/v2\/comments?post=6444"}],"version-history":[{"count":0,"href":"https:\/\/tecsecmty.com\/index.php\/wp-json\/wp\/v2\/product\/6444\/revisions"}],"wp:featuredmedia":[{"embeddable":true,"href":"https:\/\/tecsecmty.com\/index.php\/wp-json\/wp\/v2\/media\/6443"}],"wp:attachment":[{"href":"https:\/\/tecsecmty.com\/index.php\/wp-json\/wp\/v2\/media?parent=6444"}],"wp:term":[{"taxonomy":"product_brand","embeddable":true,"href":"https:\/\/tecsecmty.com\/index.php\/wp-json\/wp\/v2\/product_brand?post=6444"},{"taxonomy":"product_cat","embeddable":true,"href":"https:\/\/tecsecmty.com\/index.php\/wp-json\/wp\/v2\/product_cat?post=6444"},{"taxonomy":"product_tag","embeddable":true,"href":"https:\/\/tecsecmty.com\/index.php\/wp-json\/wp\/v2\/product_tag?post=6444"}],"curies":[{"name":"wp","href":"https:\/\/api.w.org\/{rel}","templated":true}]}}