{"id":6446,"date":"2023-02-23T12:05:26","date_gmt":"2023-02-23T18:05:26","guid":{"rendered":"https:\/\/tecsecmty.com\/index.php\/producto\/commax-drc40krs-paquete-de-frente-de-calle-modelo-drc40k-y-cubierta-de-metal-para-mayor-proteccion-contra-la-luz-del-sol-y-la-lluvia\/"},"modified":"2023-03-22T23:22:16","modified_gmt":"2023-03-23T05:22:16","slug":"commax-drc40krs-paquete-de-frente-de-calle-modelo-drc40k-y-cubierta-de-metal-para-mayor-proteccion-contra-la-luz-del-sol-y-la-lluvia","status":"publish","type":"product","link":"https:\/\/tecsecmty.com\/index.php\/producto\/commax-drc40krs-paquete-de-frente-de-calle-modelo-drc40k-y-cubierta-de-metal-para-mayor-proteccion-contra-la-luz-del-sol-y-la-lluvia\/","title":{"rendered":"COMMAX DRC40KRS &#8211; Paquete de frente de calle modelo DRC40K y cubierta de metal para mayor protecci\u00f3n contra la luz del sol y la lluvia"},"content":{"rendered":"<div class=\"row aling-items-center padding-bottom-2x\">\n<div class=\"col-lg-12\">\n<h5 class=\"card-title text-center\">INFORMACION GENERAL<\/h5>\n<p>El frente de calle modelo DRC-40K es equipo compatible con diversos modelos de monitores tales como las series CDV y CMV los cuales son conectables por medio de una conexi\u00f3n a 4 hilos respetando una combinaci\u00f3n de colores est\u00e1ndar propia de la marca Commax. Este dispositivo esta hecho de material de Aluminio, consta de una c\u00e1mara para entablar comunicaci\u00f3n por medio de audio y video, un sensor para el uso de luz LED en ambientes obscuros as\u00ed como salida de contacto seco para el control de un dispositivo el\u00e9ctrico como cerraduras magn\u00e9ticas, el\u00e9ctricas, barreras, etc.<\/p>\n<p><img decoding=\"async\" class=\"overview-center-img-web\" src=\"https:\/\/tvc.mx\/media\/213099\/COMMAX-DRC40KRS-Paquete-de-frente-de-calle-DRC40K-y-cubierta-de-metal-para-mayor-protecci%C3%B3n-contra-la-luz-del-sol-y-la-lluvia-1.png\" alt=\"\" \/><\/div>\n<\/div>\n<div class=\"row aling-items-center padding-bottom-2x\">\n<div class=\"col-lg-12\">\n<h5 class=\"card-title text-center\">Caracter\u00edsticas:<\/h5>\n<ul>\n<li class=\"ql-align-justify\">Fuente de alimentaci\u00f3n: 12VDC (suministrado desde monitor).<\/li>\n<li class=\"ql-align-justify\">Tipo de conexi\u00f3n al sistema: 4 hilos.<\/li>\n<li>Tipo de instalaci\u00f3n: Exterior.<\/li>\n<li>Tipo de c\u00e1mara: CMOS.<\/li>\n<li class=\"ql-align-justify\"><strong>Ajuste de \u00e1ngulo para c\u00e1mara: \u00b1 15\u00b0 hacia arriba y abajo<\/strong>.<\/li>\n<li>Distancia de conexi\u00f3n de cableado: 50 m (cable calibre 0.65) 28 m (cable\u00a0calibre 0.5).<\/li>\n<li>Temperatura de funcionamiento: -10\u00b0C ~ 50\u00b0C.<\/li>\n<li>Iluminaci\u00f3n m\u00ednima: 0.1Lux (hasta 300 mm).<\/li>\n<li class=\"ql-align-justify\">Modo de funcionamiento: NTSC\/PAL.<\/li>\n<\/ul>\n<p><img decoding=\"async\" class=\"overview-center-img-web\" src=\"https:\/\/tvc.mx\/media\/213103\/COMMAX-DRC40KRS-Paquete-de-frente-de-calle-DRC40K-y-cubierta-de-metal-para-mayor-protecci%C3%B3n-contra-la-luz-del-sol-y-la-lluvia-2.png\" alt=\"\" \/><\/div>\n<\/div>\n<div class=\"row aling-items-center padding-bottom-2x\">\n<div class=\"col-lg-12\">\n<h5 class=\"card-title text-center\">Descripci\u00f3n general<\/h5>\n<p>La cubierta met\u00e1lica es compatible con el frente de calle DR-40K y DRC-4Y la cual permite reforzar su instalaci\u00f3n en ambientes de exterior de las lluvias y los rayos del sol para mejorar la visi\u00f3n y el funcionamiento<\/p>\n<\/div>\n<\/div>\n","protected":false},"excerpt":{"rendered":"<p>INFORMACION GENERAL El frente de calle modelo DRC-40K es equipo compatible con diversos modelos de monitores tales como las series CDV y CMV los cuales son conectables por medio de una conexi\u00f3n a 4 hilos respetando una combinaci\u00f3n de colores est\u00e1ndar propia de la marca&hellip;<\/p>\n","protected":false},"featured_media":6445,"comment_status":"open","ping_status":"closed","template":"","meta":{"om_disable_all_campaigns":false,"_monsterinsights_skip_tracking":false,"_monsterinsights_sitenote_active":false,"_monsterinsights_sitenote_note":"","_monsterinsights_sitenote_category":0},"product_brand":[],"product_cat":[543],"product_tag":[513,514,511,516,519,517,520,515,181,518,512],"class_list":{"0":"post-6446","1":"product","2":"type-product","3":"status-publish","4":"has-post-thumbnail","6":"product_cat-frentes-de-calle-videoporteros-analogicos","7":"product_tag-altavoces","8":"product_tag-amplificadores","9":"product_tag-audio-y-video","10":"product_tag-audioporteros","11":"product_tag-digital-signage","12":"product_tag-intercomunicadores","13":"product_tag-kits-videoporteros","14":"product_tag-mezcladoras","15":"product_tag-microfonos","16":"product_tag-sistemas-de-enfermeria","17":"product_tag-videoporteros","19":"first","20":"instock","21":"sale","22":"taxable","23":"shipping-taxable","24":"purchasable","25":"product-type-simple"},"aioseo_notices":[],"_links":{"self":[{"href":"https:\/\/tecsecmty.com\/index.php\/wp-json\/wp\/v2\/product\/6446","targetHints":{"allow":["GET"]}}],"collection":[{"href":"https:\/\/tecsecmty.com\/index.php\/wp-json\/wp\/v2\/product"}],"about":[{"href":"https:\/\/tecsecmty.com\/index.php\/wp-json\/wp\/v2\/types\/product"}],"replies":[{"embeddable":true,"href":"https:\/\/tecsecmty.com\/index.php\/wp-json\/wp\/v2\/comments?post=6446"}],"version-history":[{"count":0,"href":"https:\/\/tecsecmty.com\/index.php\/wp-json\/wp\/v2\/product\/6446\/revisions"}],"wp:featuredmedia":[{"embeddable":true,"href":"https:\/\/tecsecmty.com\/index.php\/wp-json\/wp\/v2\/media\/6445"}],"wp:attachment":[{"href":"https:\/\/tecsecmty.com\/index.php\/wp-json\/wp\/v2\/media?parent=6446"}],"wp:term":[{"taxonomy":"product_brand","embeddable":true,"href":"https:\/\/tecsecmty.com\/index.php\/wp-json\/wp\/v2\/product_brand?post=6446"},{"taxonomy":"product_cat","embeddable":true,"href":"https:\/\/tecsecmty.com\/index.php\/wp-json\/wp\/v2\/product_cat?post=6446"},{"taxonomy":"product_tag","embeddable":true,"href":"https:\/\/tecsecmty.com\/index.php\/wp-json\/wp\/v2\/product_tag?post=6446"}],"curies":[{"name":"wp","href":"https:\/\/api.w.org\/{rel}","templated":true}]}}