{"id":6452,"date":"2023-02-23T12:05:33","date_gmt":"2023-02-23T18:05:33","guid":{"rendered":"https:\/\/tecsecmty.com\/index.php\/producto\/dahua-dhi-dee1010b-s2-modulo-de-control-de-acceso-para-segunda-puerta-compatible-con-videoporteros-dahua-comunicacion-rs-485-compatible-con-cerraduras-electricas-y-magneticas-indicadores-de-esta\/"},"modified":"2023-03-22T23:22:32","modified_gmt":"2023-03-23T05:22:32","slug":"dahua-dhi-dee1010b-s2-modulo-de-control-de-acceso-para-segunda-puerta-compatible-con-videoporteros-dahua-comunicacion-rs-485-compatible-con-cerraduras-electricas-y-magneticas-indicadores-de-esta","status":"publish","type":"product","link":"https:\/\/tecsecmty.com\/index.php\/producto\/dahua-dhi-dee1010b-s2-modulo-de-control-de-acceso-para-segunda-puerta-compatible-con-videoporteros-dahua-comunicacion-rs-485-compatible-con-cerraduras-electricas-y-magneticas-indicadores-de-esta\/","title":{"rendered":"DAHUA DHI-DEE1010B-S2 &#8211; Modulo de Control de Acceso para Segunda Puerta\/ Compatible con Videoporteros Dahua\/ Comunicaci\u00f3n RS-485\/ Compatible con Cerraduras Electricas y Magneticas\/ Indicadores de Estado\/"},"content":{"rendered":"<div class=\"row aling-items-center padding-bottom-2x\">\n<div class=\"col-lg-12\">\n<h5 class=\"card-title text-center\">Informaci\u00f3n general<\/h5>\n<p class=\"ql-align-justify\">El m\u00f3dulo de extensi\u00f3n de control de acceso se comunica con el terminal de control de acceso o la estaci\u00f3n de puerta a trav\u00e9s del BUS RS-485 y se conecta con el detector de puerta, el bot\u00f3n de salida, el lector de tarjetas y la cerradura. Puede transmitir informaci\u00f3n de tarjeta, informaci\u00f3n de puerta abierta y alarmas a la terminal de control de acceso o estaci\u00f3n de puerta, mejorando la seguridad del control de acceso.<\/p>\n<p><img decoding=\"async\" class=\"overview-center-img-web\" src=\"https:\/\/tvc.mx\/media\/575335\/DAHUA-DHI-DEE1010B-S2---Moduilo-Control-Acceso-Segunda-Puerta-Compatible-Videoporteros-Dahua-Comunicaci%C3%B3n-RS-485-banner.png\" alt=\"inf\" \/><\/div>\n<\/div>\n<div class=\"row align-items-center padding-bottom-2x\">\n<div class=\"col-md-5\"><img decoding=\"async\" class=\"d-block m-auto img-thumbnail\" src=\"https:\/\/tvc.mx\/media\/575343\/DAHUA-DHI-DEE1010B-S2--Moduilo-Control-Acceso-Segunda-Puerta-Compatible-Videoporteros-Dahua-Comunicaci%C3%B3n-RS-485-caracteristicas-principales.png\" alt=\" caracteristicas\" \/><\/div>\n<div class=\"col-md-7 text-md-left text-center\">\n<h2>Caracter\u00edsticas Principales<\/h2>\n<p class=\"text-muted\">\n<p><strong>\u00b7\u00a0<\/strong>Se utiliza para ampliar las funciones de control de acceso al trabajar con la terminal de control de acceso y la estaci\u00f3n de puerta.<\/p>\n<p><strong>\u00b7\u00a0<\/strong>Soporta comunicaci\u00f3n RS-485.<\/p>\n<p><strong>\u00b7\u00a0<\/strong>Se conecta a cerraduras electr\u00f3nicas o magn\u00e9ticas para reforzar la seguridad.<\/p>\n<p><strong>\u00b7\u00a0<\/strong>Ofrece 3 indicadores para indicar cuando el dispositivo est\u00e1 encendido o<\/p>\n<p>apagado, funcionando y el estado de la puerta.<\/p>\n<p>&nbsp;<\/p>\n<\/div>\n<\/div>\n<hr class=\"padding-bottom-2x\" \/>\n<div class=\"row align-items-center padding-bottom-2x\">\n<div class=\"col-md-5 order-md-2\"><img decoding=\"async\" class=\"d-block m-auto img-thumbnail\" src=\"https:\/\/tvc.mx\/media\/575347\/DAHUA-DHI-DEE1010B-S2--Moduilo-Control-Acceso-Segunda-Puerta-Compatible-Videoporteros-Dahua-Comunicaci%C3%B3n-RS-485-especificaciones.png\" alt=\" dimensiones\" \/><\/div>\n<div class=\"col-md-7 order-md-1 text-md-left text-center\">\n<h2>Especificaciones T\u00e9cnicas<\/h2>\n<p class=\"text-muted\">\n<p>RS-485: 2<\/p>\n<p>Bot\u00f3n de salida: 1<\/p>\n<p>Detecci\u00f3n del estado de la puerta: 1<\/p>\n<p>Control de bloqueo: 1<\/p>\n<p>Fuente de alimentaci\u00f3n: 12 V CC, 1 A<\/p>\n<p>El consumo de energ\u00eda: \u2264 0,9 W (en espera), \u2264 1 W (en funcionamiento)<\/p>\n<p>Dimensiones del producto: 58,2 mm \u00d7 49,2 mm \u00d7 20,2 mm (2,29&#8243; \u00d7 1,94&#8243; \u00d7 0,8&#8243;) (An \u00d7 Al \u00d7 Pr)<\/p>\n<p>Temperatura de funcionamiento: \u2013 10 \u00b0C a +60 \u00b0C (+14 \u00b0F a +140 \u00b0F)<\/p>\n<p>Humedad de funcionamiento: 0%\u201395% (HR), sin condensaci\u00f3n<\/p>\n<p>Peso neto: 0,09 kg (0,20 libras)<\/p>\n<\/div>\n<\/div>\n","protected":false},"excerpt":{"rendered":"<p>Informaci\u00f3n general El m\u00f3dulo de extensi\u00f3n de control de acceso se comunica con el terminal de control de acceso o la estaci\u00f3n de puerta a trav\u00e9s del BUS RS-485 y se conecta con el detector de puerta, el bot\u00f3n de salida, el lector de tarjetas&hellip;<\/p>\n","protected":false},"featured_media":6451,"comment_status":"open","ping_status":"closed","template":"","meta":{"om_disable_all_campaigns":false,"_monsterinsights_skip_tracking":false,"_monsterinsights_sitenote_active":false,"_monsterinsights_sitenote_note":"","_monsterinsights_sitenote_category":0},"product_brand":[],"product_cat":[545],"product_tag":[513,514,511,516,519,517,520,515,181,518,512],"class_list":{"0":"post-6452","1":"product","2":"type-product","3":"status-publish","4":"has-post-thumbnail","6":"product_cat-frentes-de-calle-videoporteros-analogicos-dahua-audio-video","7":"product_tag-altavoces","8":"product_tag-amplificadores","9":"product_tag-audio-y-video","10":"product_tag-audioporteros","11":"product_tag-digital-signage","12":"product_tag-intercomunicadores","13":"product_tag-kits-videoporteros","14":"product_tag-mezcladoras","15":"product_tag-microfonos","16":"product_tag-sistemas-de-enfermeria","17":"product_tag-videoporteros","19":"first","20":"instock","21":"sale","22":"taxable","23":"shipping-taxable","24":"purchasable","25":"product-type-simple"},"aioseo_notices":[],"_links":{"self":[{"href":"https:\/\/tecsecmty.com\/index.php\/wp-json\/wp\/v2\/product\/6452","targetHints":{"allow":["GET"]}}],"collection":[{"href":"https:\/\/tecsecmty.com\/index.php\/wp-json\/wp\/v2\/product"}],"about":[{"href":"https:\/\/tecsecmty.com\/index.php\/wp-json\/wp\/v2\/types\/product"}],"replies":[{"embeddable":true,"href":"https:\/\/tecsecmty.com\/index.php\/wp-json\/wp\/v2\/comments?post=6452"}],"version-history":[{"count":0,"href":"https:\/\/tecsecmty.com\/index.php\/wp-json\/wp\/v2\/product\/6452\/revisions"}],"wp:featuredmedia":[{"embeddable":true,"href":"https:\/\/tecsecmty.com\/index.php\/wp-json\/wp\/v2\/media\/6451"}],"wp:attachment":[{"href":"https:\/\/tecsecmty.com\/index.php\/wp-json\/wp\/v2\/media?parent=6452"}],"wp:term":[{"taxonomy":"product_brand","embeddable":true,"href":"https:\/\/tecsecmty.com\/index.php\/wp-json\/wp\/v2\/product_brand?post=6452"},{"taxonomy":"product_cat","embeddable":true,"href":"https:\/\/tecsecmty.com\/index.php\/wp-json\/wp\/v2\/product_cat?post=6452"},{"taxonomy":"product_tag","embeddable":true,"href":"https:\/\/tecsecmty.com\/index.php\/wp-json\/wp\/v2\/product_tag?post=6452"}],"curies":[{"name":"wp","href":"https:\/\/api.w.org\/{rel}","templated":true}]}}