{"id":6454,"date":"2023-02-23T12:05:36","date_gmt":"2023-02-23T18:05:36","guid":{"rendered":"https:\/\/tecsecmty.com\/index.php\/producto\/dahua-dhi-vts8340b-cg-pantalla-de-intercomunicacion-con-videoporteros-dhi-vts8340b-cg\/"},"modified":"2023-03-22T23:22:37","modified_gmt":"2023-03-23T05:22:37","slug":"dahua-dhi-vts8340b-cg-pantalla-de-intercomunicacion-con-videoporteros-dhi-vts8340b-cg","status":"publish","type":"product","link":"https:\/\/tecsecmty.com\/index.php\/producto\/dahua-dhi-vts8340b-cg-pantalla-de-intercomunicacion-con-videoporteros-dhi-vts8340b-cg\/","title":{"rendered":"DAHUA DHI-VTS8340B-CG &#8211; Pantalla de intercomunicaci\u00f3n con videoporteros (DHI-VTS8340B-CG)"},"content":{"rendered":"<div class=\"row aling-items-center padding-bottom-2x\">\n<div class=\"col-lg-12\">\n<h5 class=\"card-title text-center\">Informaci\u00f3n General<\/h5>\n<p>La estaci\u00f3n principal VTS5340B es un dispositivo que permite la gesti\u00f3n coherente de una instalaci\u00f3n de video porteros de gran tama\u00f1o, complementado por un auricular para una respuesta r\u00e1pida a llamadas externas. Tiene una pantalla t\u00e1ctil capacitiva a color de 10 pulgadas y una resoluci\u00f3n m\u00e1xima de 1024&#215;600 p\u00edxeles que nos permite mostrar hasta 4 canales 720P , micr\u00f3fono y altavoz integrados, se ha dise\u00f1ado para los centros de control de acceso locales en complejos residenciales u otros edificios con un n\u00famero parecido de usuarios.<\/p>\n<p><img decoding=\"async\" class=\"overview-center-img-web\" src=\"https:\/\/tvc.mx\/media\/482450\/pantalla-de-intercomunicacion-con-videoporteros-VTS8340B-CG-Dahua.png\" alt=\"\" \/><\/div>\n<\/div>\n<div class=\"row align-items-center padding-bottom-2x\">\n<div class=\"col-md-5\"><img decoding=\"async\" class=\"d-block m-auto img-thumbnail\" src=\"https:\/\/tvc.mx\/media\/482452\/comunicacion-bidireccional.png\" alt=\" \" \/><\/div>\n<div class=\"col-md-7 text-md-left text-center\">\n<h2>Comunicaci\u00f3n Bidireccional<\/h2>\n<p class=\"text-muted\">\n<p>Como este dispositivo est\u00e1 dise\u00f1ado para su uso como parte de un sistema de intercomunicaci\u00f3n de apartamentos podremos tener la comunicaci\u00f3n 2 v\u00edas ( bidireccional ) .<\/p>\n<p>&nbsp;<\/p>\n<\/div>\n<\/div>\n<hr class=\"padding-bottom-2x\" \/>\n<div class=\"row align-items-center padding-bottom-2x\">\n<div class=\"col-md-5 order-md-2\"><img decoding=\"async\" class=\"d-block m-auto img-thumbnail\" src=\"https:\/\/tvc.mx\/media\/482454\/soorta-camara-ip.png\" alt=\" \" \/><\/div>\n<div class=\"col-md-7 order-md-1 text-md-left text-center\">\n<h2>Soporte para c\u00e1mara IP<\/h2>\n<p class=\"text-muted\">\n<p>Para un uso m\u00e1s eficiente la estaci\u00f3n master VTS5240B permite visualizar hasta 4 c\u00e1maras IP en el display , lo que demostrar\u00e1 constantemente lo que est\u00e1 sucediendo\u00a0cerca de su casa o apartamento,\u00a0lo que le permite confiar en la seguridad del hogar.<\/p>\n<p>&nbsp;<\/p>\n<\/div>\n<\/div>\n<hr class=\"padding-bottom-2x\" \/>\n<div class=\"row align-items-center padding-bottom-2x\">\n<div class=\"col-md-5 order-md-2\"><img decoding=\"async\" class=\"d-block m-auto img-thumbnail\" src=\"https:\/\/tvc.mx\/media\/482456\/almacenamiento-microSD-Dahua.png\" alt=\" \" \/><\/div>\n<div class=\"col-md-7 order-md-1 text-md-left text-center\">\n<h2>Almacenamiento en Micro SD<\/h2>\n<p class=\"text-muted\">\n<p>Para almacenar las grabaciones y las im\u00e1genes es necesario contar con una memoria MicroSD de hasta 64 Gb.<\/p>\n<p>&nbsp;<\/p>\n<\/div>\n<\/div>\n<hr class=\"padding-bottom-2x\" \/>\n<div class=\"row align-items-center padding-bottom-2x\">\n<div class=\"col-md-5\"><img decoding=\"async\" class=\"d-block m-auto img-thumbnail\" src=\"https:\/\/tvc.mx\/media\/482458\/pantalla-de-intercomunicacion-con-videoporteros-VTS8340B-CG-Dahua-caracteristicas.png\" alt=\" \" \/><\/div>\n<div class=\"col-md-7 text-md-left text-center\">\n<h2>Principales Caracter\u00edsticas<\/h2>\n<p class=\"text-muted\">\n<ul>\n<li>F\u00e1cil de operar, no es necesario instalarlo, el \u00e1ngulo del soporte var\u00eda de 0 \u00b0 a 45 \u00b0.<\/li>\n<li>Admite 4 canales 720P.<\/li>\n<li>La pantalla LCD capacitiva de alta resoluci\u00f3n de 10 pulgadas proporciona una buena interacci\u00f3n hombrem\u00e1quina.<\/li>\n<li>Tres modos de entrada de audio: manos libres, auricular y micr\u00f3fono de cuello de cisne.<\/li>\n<li>La expansi\u00f3n de la tarjeta SD hace que los videos y las instant\u00e1neas se puedan restaurar localmente.<\/li>\n<li>Soporta salida HDMI; resoluci\u00f3n 1024 \u00d7 600.<\/li>\n<\/ul>\n<p>&nbsp;<\/p>\n<\/div>\n<\/div>\n<hr class=\"padding-bottom-2x\" \/>\n<div class=\"row align-items-center padding-bottom-2x\">\n<div class=\"col-md-5 order-md-2\"><img decoding=\"async\" class=\"d-block m-auto img-thumbnail\" src=\"https:\/\/tvc.mx\/media\/482460\/pantalla-de-intercomunicacion-con-videoporteros-VTS8340B-CG-Dahua-especificciones.png\" alt=\" \" \/><\/div>\n<div class=\"col-md-7 order-md-1 text-md-left text-center\">\n<h2>Especificaciones<\/h2>\n<p class=\"text-muted\">\n<ul>\n<li>Pantalla capacitiva 10&#8243;<\/li>\n<li>C\u00e1mara CMOS de 5<\/li>\n<li>Compresi\u00f3n de video H.264<\/li>\n<li>Salida de audio Altavoz incorporado; altavoz del auricular<\/li>\n<li>Modo de audio Llamada de voz bidireccional<\/li>\n<li>Supresi\u00f3n y cancelaci\u00f3n de eco \/ reducci\u00f3n de ruido digital<\/li>\n<li>Los videos de 4 canales 720P se pueden mostrar en la pantalla de 4 secciones<\/li>\n<li>Tarjeta micro SD (la capacidad m\u00e1xima es de 64 GB)<\/li>\n<li>Fuente de alimentaci\u00f3n DC 12V \/ 2A<\/li>\n<\/ul>\n<\/div>\n<\/div>\n","protected":false},"excerpt":{"rendered":"<p>Informaci\u00f3n General La estaci\u00f3n principal VTS5340B es un dispositivo que permite la gesti\u00f3n coherente de una instalaci\u00f3n de video porteros de gran tama\u00f1o, complementado por un auricular para una respuesta r\u00e1pida a llamadas externas. Tiene una pantalla t\u00e1ctil capacitiva a color de 10 pulgadas y&hellip;<\/p>\n","protected":false},"featured_media":6453,"comment_status":"open","ping_status":"closed","template":"","meta":{"om_disable_all_campaigns":false,"_monsterinsights_skip_tracking":false,"_monsterinsights_sitenote_active":false,"_monsterinsights_sitenote_note":"","_monsterinsights_sitenote_category":0},"product_brand":[],"product_cat":[545],"product_tag":[513,514,511,516,519,517,520,515,181,518,512],"class_list":{"0":"post-6454","1":"product","2":"type-product","3":"status-publish","4":"has-post-thumbnail","6":"product_cat-frentes-de-calle-videoporteros-analogicos-dahua-audio-video","7":"product_tag-altavoces","8":"product_tag-amplificadores","9":"product_tag-audio-y-video","10":"product_tag-audioporteros","11":"product_tag-digital-signage","12":"product_tag-intercomunicadores","13":"product_tag-kits-videoporteros","14":"product_tag-mezcladoras","15":"product_tag-microfonos","16":"product_tag-sistemas-de-enfermeria","17":"product_tag-videoporteros","19":"first","20":"instock","21":"sale","22":"taxable","23":"shipping-taxable","24":"purchasable","25":"product-type-simple"},"aioseo_notices":[],"_links":{"self":[{"href":"https:\/\/tecsecmty.com\/index.php\/wp-json\/wp\/v2\/product\/6454","targetHints":{"allow":["GET"]}}],"collection":[{"href":"https:\/\/tecsecmty.com\/index.php\/wp-json\/wp\/v2\/product"}],"about":[{"href":"https:\/\/tecsecmty.com\/index.php\/wp-json\/wp\/v2\/types\/product"}],"replies":[{"embeddable":true,"href":"https:\/\/tecsecmty.com\/index.php\/wp-json\/wp\/v2\/comments?post=6454"}],"version-history":[{"count":0,"href":"https:\/\/tecsecmty.com\/index.php\/wp-json\/wp\/v2\/product\/6454\/revisions"}],"wp:featuredmedia":[{"embeddable":true,"href":"https:\/\/tecsecmty.com\/index.php\/wp-json\/wp\/v2\/media\/6453"}],"wp:attachment":[{"href":"https:\/\/tecsecmty.com\/index.php\/wp-json\/wp\/v2\/media?parent=6454"}],"wp:term":[{"taxonomy":"product_brand","embeddable":true,"href":"https:\/\/tecsecmty.com\/index.php\/wp-json\/wp\/v2\/product_brand?post=6454"},{"taxonomy":"product_cat","embeddable":true,"href":"https:\/\/tecsecmty.com\/index.php\/wp-json\/wp\/v2\/product_cat?post=6454"},{"taxonomy":"product_tag","embeddable":true,"href":"https:\/\/tecsecmty.com\/index.php\/wp-json\/wp\/v2\/product_tag?post=6454"}],"curies":[{"name":"wp","href":"https:\/\/api.w.org\/{rel}","templated":true}]}}