{"id":6458,"date":"2023-02-23T12:05:42","date_gmt":"2023-02-23T18:05:42","guid":{"rendered":"https:\/\/tecsecmty.com\/index.php\/producto\/dahua-vto1000jm-frente-de-calle-analogico-metalico-antivandalico-ik07-exterior-ip66-camara-de-1-3-megapixeles-con-dwdr-soporta-apertura-remota-indicador-led-multiples-sonidos-de-timbre-detecc\/"},"modified":"2023-03-22T23:23:11","modified_gmt":"2023-03-23T05:23:11","slug":"dahua-vto1000jm-frente-de-calle-analogico-metalico-antivandalico-ik07-exterior-ip66-camara-de-1-3-megapixeles-con-dwdr-soporta-apertura-remota-indicador-led-multiples-sonidos-de-timbre-detecc","status":"publish","type":"product","link":"https:\/\/tecsecmty.com\/index.php\/producto\/dahua-vto1000jm-frente-de-calle-analogico-metalico-antivandalico-ik07-exterior-ip66-camara-de-1-3-megapixeles-con-dwdr-soporta-apertura-remota-indicador-led-multiples-sonidos-de-timbre-detecc\/","title":{"rendered":"DAHUA VTO1000JM &#8211; Frente de Calle Analogico Metalico\/ Antivandalico IK07\/ Exterior IP66\/ Camara de 1.3 Megapixeles con DWDR\/ Soporta Apertura Remota\/ Indicador Led\/ M\u00faltiples Sonidos de Timbre\/ Detecci\u00f3n de Estado de la Puerta\/ #LoNuevo"},"content":{"rendered":"<div class=\"row aling-items-center padding-bottom-2x\">\n<div class=\"col-lg-12\">\n<h5 class=\"card-title text-center\">Informaci\u00f3n General<\/h5>\n<p>El\u00a0<strong>VTO1000JM<\/strong>\u00a0es un frente de calle anal\u00f3gico\u00a0para uso residencial u oficina el cual permite tener una perfecta visi\u00f3n ya que cuenta con una c\u00e1mara 1.3\u00a0megap\u00edxeles,\u00a0se puede instalar en el exterior ya que cuenta con un \u00edndice de protecci\u00f3n\u00a0a la intemperie\u00a0IP66 adem\u00e1s de ser antivand\u00e1lico.<\/p>\n<p><img decoding=\"async\" class=\"overview-center-img-web\" src=\"https:\/\/tvc.mx\/media\/480042\/frente-de-calle-analogico-antivandalico-metalico-1.3-megapixeles--VTO1000JM-Dahua.png\" alt=\"\" \/><\/div>\n<\/div>\n<div class=\"row align-items-center padding-bottom-2x\">\n<div class=\"col-md-5\"><img decoding=\"async\" class=\"d-block m-auto img-thumbnail\" src=\"https:\/\/tvc.mx\/media\/480044\/compatibilidad-con-frente-de-calles-dahua.png\" alt=\" \" \/><\/div>\n<div class=\"col-md-7 text-md-left text-center\">\n<h2>F\u00e1cil instalaci\u00f3n<\/h2>\n<p class=\"text-muted\">\n<p>Con el\u00a0VTO1000JM\u00a0permite la integraci\u00f3n con otros dispositivos de manera f\u00e1cil ya que su conexi\u00f3n es mediante 4 hilos.<\/p>\n<p>&nbsp;<\/p>\n<\/div>\n<\/div>\n<hr class=\"padding-bottom-2x\" \/>\n<div class=\"row align-items-center padding-bottom-2x\">\n<div class=\"col-md-5 order-md-2\"><img decoding=\"async\" class=\"d-block m-auto img-thumbnail\" src=\"https:\/\/tvc.mx\/media\/480046\/WDR-Dahua.png\" alt=\" \" \/><\/div>\n<div class=\"col-md-7 order-md-1 text-md-left text-center\">\n<h2>Amplio Rango Din\u00e1mico<\/h2>\n<p class=\"text-muted\">\n<p>La c\u00e1mara logra im\u00e1genes v\u00edvidas, incluso en las condiciones de iluminaci\u00f3n de contraste m\u00e1s intenso, utilizando la tecnolog\u00eda de rango din\u00e1mico amplio (WDR) l\u00edder en la industria. Para aplicaciones con condiciones de luz brillante y baja que cambian r\u00e1pidamente, WDR optimiza las \u00e1reas brillantes y oscuras de una escena al mismo tiempo para proporcionar video utilizable.<\/p>\n<p>&nbsp;<\/p>\n<\/div>\n<\/div>\n<hr class=\"padding-bottom-2x\" \/>\n<div class=\"row align-items-center padding-bottom-2x\">\n<div class=\"col-md-5\"><img decoding=\"async\" class=\"d-block m-auto img-thumbnail\" src=\"https:\/\/tvc.mx\/media\/480048\/IP66-dahua.png\" alt=\" \" \/><\/div>\n<div class=\"col-md-7 text-md-left text-center\">\n<h2>Protecci\u00f3n<\/h2>\n<p class=\"text-muted\">\n<p><strong>IP66:<\/strong>\u00a0Equipo herm\u00e9tico al polvo y protegido contra chorros de agua potentes.\u00a0Tiene funci\u00f3n a prueba de polvo, y el\u00a0agua disparada por una boquilla hacia el equipo desde cualquier direcci\u00f3n no tendr\u00e1 efectos da\u00f1inos.<\/p>\n<p>&nbsp;<\/p>\n<\/div>\n<\/div>\n<hr class=\"padding-bottom-2x\" \/>\n<div class=\"row align-items-center padding-bottom-2x\">\n<div class=\"col-md-5 order-md-2\"><img decoding=\"async\" class=\"d-block m-auto img-thumbnail\" src=\"https:\/\/tvc.mx\/media\/480050\/frente-de-calle-analogico-antivandalico-metalico-1.3-megapixeles--VTO1000JM-Dahua-caracteristicas.png\" alt=\" \" \/><\/div>\n<div class=\"col-md-7 order-md-1 text-md-left text-center\">\n<h2>Principales Caracter\u00edsticas<\/h2>\n<p class=\"text-muted\">\n<ul>\n<li>Funci\u00f3n videoportero: Desbloqueo, llamada de voz, videollamada y ajuste de volumen<\/li>\n<li>M\u00faltiples sonidos de campana<\/li>\n<li>Admite amplio rango din\u00e1mico digital (DWDR)<\/li>\n<li>Bot\u00f3n mec\u00e1nico<\/li>\n<li>Apariencia met\u00e1lica<\/li>\n<li>IK07\/IP66<\/li>\n<\/ul>\n<p>&nbsp;<\/p>\n<\/div>\n<\/div>\n<hr class=\"padding-bottom-2x\" \/>\n<div class=\"row align-items-center padding-bottom-2x\">\n<div class=\"col-md-5\"><img decoding=\"async\" class=\"d-block m-auto img-thumbnail\" src=\"https:\/\/tvc.mx\/media\/480052\/frente-de-calle-analogico-antivandalico-metalico-1.3-megapixeles--VTO1000JM-Dahua-especificaciones.png\" alt=\" \" \/><\/div>\n<div class=\"col-md-7 text-md-left text-center\">\n<h2>Especificaciones<\/h2>\n<p class=\"text-muted\">\n<ul>\n<li>CMOS de 1\/4&#8243; y 1,3 megap\u00edxeles<\/li>\n<li>DWDR<\/li>\n<li>IR autom\u00e1tico<\/li>\n<li>1 canal al micr\u00f3fono; distancia de recogida 0,5 m<\/li>\n<li>1 canal al altavoz<\/li>\n<li>1 luz indicadora; Verde: Encendido<\/li>\n<li>Desbloqueo remoto<\/li>\n<li>Bot\u00f3n de desbloqueo 1<\/li>\n<li>Alimentado por monitor interior<\/li>\n<li>IK07<\/li>\n<li>IP66<\/li>\n<\/ul>\n<\/div>\n<\/div>\n","protected":false},"excerpt":{"rendered":"<p>Informaci\u00f3n General El\u00a0VTO1000JM\u00a0es un frente de calle anal\u00f3gico\u00a0para uso residencial u oficina el cual permite tener una perfecta visi\u00f3n ya que cuenta con una c\u00e1mara 1.3\u00a0megap\u00edxeles,\u00a0se puede instalar en el exterior ya que cuenta con un \u00edndice de protecci\u00f3n\u00a0a la intemperie\u00a0IP66 adem\u00e1s de ser antivand\u00e1lico.&hellip;<\/p>\n","protected":false},"featured_media":6457,"comment_status":"open","ping_status":"closed","template":"","meta":{"om_disable_all_campaigns":false,"_monsterinsights_skip_tracking":false,"_monsterinsights_sitenote_active":false,"_monsterinsights_sitenote_note":"","_monsterinsights_sitenote_category":0},"product_brand":[],"product_cat":[545],"product_tag":[513,514,511,516,519,517,520,515,181,518,512],"class_list":{"0":"post-6458","1":"product","2":"type-product","3":"status-publish","4":"has-post-thumbnail","6":"product_cat-frentes-de-calle-videoporteros-analogicos-dahua-audio-video","7":"product_tag-altavoces","8":"product_tag-amplificadores","9":"product_tag-audio-y-video","10":"product_tag-audioporteros","11":"product_tag-digital-signage","12":"product_tag-intercomunicadores","13":"product_tag-kits-videoporteros","14":"product_tag-mezcladoras","15":"product_tag-microfonos","16":"product_tag-sistemas-de-enfermeria","17":"product_tag-videoporteros","19":"first","20":"instock","21":"sale","22":"taxable","23":"shipping-taxable","24":"purchasable","25":"product-type-simple"},"aioseo_notices":[],"_links":{"self":[{"href":"https:\/\/tecsecmty.com\/index.php\/wp-json\/wp\/v2\/product\/6458","targetHints":{"allow":["GET"]}}],"collection":[{"href":"https:\/\/tecsecmty.com\/index.php\/wp-json\/wp\/v2\/product"}],"about":[{"href":"https:\/\/tecsecmty.com\/index.php\/wp-json\/wp\/v2\/types\/product"}],"replies":[{"embeddable":true,"href":"https:\/\/tecsecmty.com\/index.php\/wp-json\/wp\/v2\/comments?post=6458"}],"version-history":[{"count":0,"href":"https:\/\/tecsecmty.com\/index.php\/wp-json\/wp\/v2\/product\/6458\/revisions"}],"wp:featuredmedia":[{"embeddable":true,"href":"https:\/\/tecsecmty.com\/index.php\/wp-json\/wp\/v2\/media\/6457"}],"wp:attachment":[{"href":"https:\/\/tecsecmty.com\/index.php\/wp-json\/wp\/v2\/media?parent=6458"}],"wp:term":[{"taxonomy":"product_brand","embeddable":true,"href":"https:\/\/tecsecmty.com\/index.php\/wp-json\/wp\/v2\/product_brand?post=6458"},{"taxonomy":"product_cat","embeddable":true,"href":"https:\/\/tecsecmty.com\/index.php\/wp-json\/wp\/v2\/product_cat?post=6458"},{"taxonomy":"product_tag","embeddable":true,"href":"https:\/\/tecsecmty.com\/index.php\/wp-json\/wp\/v2\/product_tag?post=6458"}],"curies":[{"name":"wp","href":"https:\/\/api.w.org\/{rel}","templated":true}]}}