{"id":6476,"date":"2023-02-23T12:06:04","date_gmt":"2023-02-23T18:06:04","guid":{"rendered":"https:\/\/tecsecmty.com\/index.php\/producto\/zkteco-ve08a01paq7p-paquete-de-videoportero-para-8-departamentos-ve08a01-con-1-monitor-vdpib3-de-7-pulgadas\/"},"modified":"2023-03-22T23:25:36","modified_gmt":"2023-03-23T05:25:36","slug":"zkteco-ve08a01paq7p-paquete-de-videoportero-para-8-departamentos-ve08a01-con-1-monitor-vdpib3-de-7-pulgadas","status":"publish","type":"product","link":"https:\/\/tecsecmty.com\/index.php\/producto\/zkteco-ve08a01paq7p-paquete-de-videoportero-para-8-departamentos-ve08a01-con-1-monitor-vdpib3-de-7-pulgadas\/","title":{"rendered":"ZKTeco VE08A01PAQ7P &#8211; Paquete de Videoportero para 8 Departamentos VE08A01 con 1 Monitor VDPIB3 de 7 pulgadas"},"content":{"rendered":"<div class=\"row aling-items-center padding-bottom-2x\">\n<div class=\"col-lg-12\">\n<h5 class=\"card-title text-center\">Descripci\u00f3n<\/h5>\n<p>El paquete\u00a0<strong>VE08A01PAQ7P<\/strong>\u00a0consiste en un Videoportero\u00a0Departamental\u00a0<strong>VE08A01<\/strong>\u00a0con un monitor LCD de 7 pulgadas de alta definici\u00f3n modelo\u00a0<strong>VDPIB3<\/strong>, el Videoportero Departamental es ideal para edificios donde podremos\u00a0<strong>conectar<\/strong>\u00a0<strong>hasta\u00a08 monitores<\/strong>, puede transmitir audio, video adem\u00e1s cuenta con la funci\u00f3n\u00a0apertura de puerta desde el monitor o con tarjeta de proximidad RFID, proporcionando un alto nivel de servicio de vigilancia con mucha seguridad, adem\u00e1s puede convivir con una cerradura el\u00e9ctrica, electroim\u00e1n, contrachapas, etc.<\/p>\n<p><img decoding=\"async\" class=\"overview-center-img-web\" src=\"https:\/\/tvc.mx\/media\/567827\/ZKTECO-ZKT2170004-VDP-8-DEPARTAMENTOS-MONITOR-7-PULGADAS-banner2.png\" alt=\"\" \/><\/div>\n<\/div>\n<div class=\"row align-items-center padding-bottom-2x\">\n<div class=\"col-md-5\"><img decoding=\"async\" class=\"d-block m-auto img-thumbnail\" src=\"https:\/\/tvc.mx\/media\/567847\/ZKTECO-ZKT2170004-VDP-8-DEPARTAMENTOS-MONITOR-7-PULGADAS-ov1.png\" alt=\" \" \/><\/div>\n<div class=\"col-md-7 text-md-left text-center\">\n<h2>Principales Caracter\u00edsticas del Videoportero Departamental<\/h2>\n<p class=\"text-muted\">\n<ul>\n<li class=\"ql-align-justify\">C\u00e1mara a color<\/li>\n<li class=\"ql-align-justify\">Lente CMOS de 700 TVL.<\/li>\n<li class=\"ql-align-justify\">Visi\u00f3n nocturna.<\/li>\n<li class=\"ql-align-justify\">Panel frontal de aluminio completo.<\/li>\n<li class=\"ql-align-justify\">\u00cdndice de protecci\u00f3n IP54.<\/li>\n<li class=\"ql-align-justify\">Soporta 500 tarjetas ID.<\/li>\n<li class=\"ql-align-justify\">F\u00e1cil instalaci\u00f3n.<\/li>\n<li class=\"ql-align-justify\">Conexi\u00f3n a monitor por cable de 4 hilos.<\/li>\n<li class=\"ql-align-justify\">Apertura con tarjeta de proximidad.<\/li>\n<li class=\"ql-align-justify\">Carcasa de aleaci\u00f3n de aluminio.<\/li>\n<\/ul>\n<p>&nbsp;<\/p>\n<\/div>\n<\/div>\n<hr class=\"padding-bottom-2x\" \/>\n<div class=\"row align-items-center padding-bottom-2x\">\n<div class=\"col-md-5 order-md-2\"><img decoding=\"async\" class=\"d-block m-auto img-thumbnail\" src=\"https:\/\/tvc.mx\/media\/567871\/ZKTECO-ZKT2170004-VDP-8-DEPARTAMENTOS-MONITOR-7-PULGADAS-ov2.png\" alt=\" \" \/><\/div>\n<div class=\"col-md-7 order-md-1 text-md-left text-center\">\n<h2>Principales Caracter\u00edsticas del Monitor<\/h2>\n<p class=\"text-muted\">\n<ul>\n<li class=\"ql-align-justify\">Intercomunicaci\u00f3n con el frente de calle.<\/li>\n<li class=\"ql-align-justify\">Pantalla TFT-LCD HD de 7&#8243;.<\/li>\n<li class=\"ql-align-justify\">Resoluci\u00f3n 800&#215;480 p\u00edxeles.<\/li>\n<li class=\"ql-align-justify\">Apertura de puerta.<\/li>\n<li class=\"ql-align-justify\">Bot\u00f3n de no molestar o bloqueo de llamada.<\/li>\n<li class=\"ql-align-justify\">25 tonos de llamada.<\/li>\n<li class=\"ql-align-justify\">Control de volumen.<\/li>\n<li class=\"ql-align-justify\">Control de brillo y color en la imagen.<\/li>\n<li class=\"ql-align-justify\">Conexi\u00f3n mediante 4 hilos m\u00e1ximo 100 mts con cable RVV4.<\/li>\n<li class=\"ql-align-justify\">Dimensiones 230 x 165 x 20\u202fmm.<\/li>\n<\/ul>\n<p>&nbsp;<\/p>\n<\/div>\n<\/div>\n<hr class=\"padding-bottom-2x\" \/>\n<div class=\"row align-items-center padding-bottom-2x\">\n<div class=\"col-md-5\"><img decoding=\"async\" class=\"d-block m-auto img-thumbnail\" src=\"https:\/\/tvc.mx\/media\/700727\/ZKTECO-VE06A01---Videoportero-Departamental-para-6-monitores.png\" alt=\" \" \/><\/div>\n<div class=\"col-md-7 text-md-left text-center\">\n<h2>Arn\u00e9s de conexi\u00f3n<\/h2>\n<p class=\"text-muted\">\n<ul>\n<li>Rojo &#8211; 15 V<\/li>\n<li>Negro &#8211; GND<\/li>\n<li>Azul &#8211; Audio<\/li>\n<li>Amarillo &#8211; Video<\/li>\n<li>Verde &#8211; Llamar(Call)<\/li>\n<\/ul>\n<p>&nbsp;<\/p>\n<\/div>\n<\/div>\n<hr class=\"padding-bottom-2x\" \/>\n<div class=\"row align-items-center padding-bottom-2x\">\n<div class=\"col-md-5 order-md-2\"><img decoding=\"async\" class=\"d-block m-auto img-thumbnail\" src=\"https:\/\/tvc.mx\/media\/567875\/ZKTECO-ZKT2170004-VDP-8-DEPARTAMENTOS-MONITOR-7-PULGADAS-incluye.png\" alt=\" \" \/><\/div>\n<div class=\"col-md-7 order-md-1 text-md-left text-center\">\n<h2>Incluye<\/h2>\n<p class=\"text-muted\">\n<ul>\n<li class=\"ql-align-justify\">Base de fijaci\u00f3n.<\/li>\n<li class=\"ql-align-justify\">Videoportero.<\/li>\n<li class=\"ql-align-justify\">Cables de conexi\u00f3n.<\/li>\n<li class=\"ql-align-justify\">Accesorios de instalaci\u00f3n.<\/li>\n<li class=\"ql-align-justify\">Torniller\u00eda de ajuste<\/li>\n<li class=\"ql-align-justify\">Llaveros ID.<\/li>\n<li class=\"ql-align-justify\">Fuente de poder.<\/li>\n<li class=\"ql-align-justify\">Manual de usuario.<\/li>\n<\/ul>\n<p>&nbsp;<\/p>\n<\/div>\n<\/div>\n<hr class=\"padding-bottom-2x\" \/>\n<div class=\"row align-items-center padding-bottom-2x\">\n<div class=\"col-md-5\"><img decoding=\"async\" class=\"d-block m-auto img-thumbnail\" src=\"https:\/\/tvc.mx\/media\/575899\/ZKTECO-ZKT2170004-VDP-8-DEPARTAMENTOS-MONITOR-7-PULGADAS-incluye2.png\" alt=\" \" \/><\/div>\n<div class=\"col-md-7 text-md-left text-center\">\n<h2>Incluye<\/h2>\n<p class=\"text-muted\">\n<ul>\n<li class=\"ql-align-justify\">Monitor TFT LCD 7&#8243;<\/li>\n<li class=\"ql-align-justify\">Base y tornillos de instalaci\u00f3n.<\/li>\n<li class=\"ql-align-justify\">Cables de conexi\u00f3n.<\/li>\n<li class=\"ql-align-justify\">Fuente de alimentaci\u00f3n.<\/li>\n<\/ul>\n<\/div>\n<\/div>\n","protected":false},"excerpt":{"rendered":"<p>Descripci\u00f3n El paquete\u00a0VE08A01PAQ7P\u00a0consiste en un Videoportero\u00a0Departamental\u00a0VE08A01\u00a0con un monitor LCD de 7 pulgadas de alta definici\u00f3n modelo\u00a0VDPIB3, el Videoportero Departamental es ideal para edificios donde podremos\u00a0conectar\u00a0hasta\u00a08 monitores, puede transmitir audio, video adem\u00e1s cuenta con la funci\u00f3n\u00a0apertura de puerta desde el monitor o con tarjeta de proximidad&hellip;<\/p>\n","protected":false},"featured_media":6475,"comment_status":"open","ping_status":"closed","template":"","meta":{"om_disable_all_campaigns":false,"_monsterinsights_skip_tracking":false,"_monsterinsights_sitenote_active":false,"_monsterinsights_sitenote_note":"","_monsterinsights_sitenote_category":0},"product_brand":[],"product_cat":[547],"product_tag":[513,514,511,516,519,517,520,515,181,518,512],"class_list":{"0":"post-6476","1":"product","2":"type-product","3":"status-publish","4":"has-post-thumbnail","6":"product_cat-frentes-de-calle-videoporteros-analogicos-zkteco-audio-video","7":"product_tag-altavoces","8":"product_tag-amplificadores","9":"product_tag-audio-y-video","10":"product_tag-audioporteros","11":"product_tag-digital-signage","12":"product_tag-intercomunicadores","13":"product_tag-kits-videoporteros","14":"product_tag-mezcladoras","15":"product_tag-microfonos","16":"product_tag-sistemas-de-enfermeria","17":"product_tag-videoporteros","19":"first","20":"instock","21":"sale","22":"taxable","23":"shipping-taxable","24":"purchasable","25":"product-type-simple"},"aioseo_notices":[],"_links":{"self":[{"href":"https:\/\/tecsecmty.com\/index.php\/wp-json\/wp\/v2\/product\/6476","targetHints":{"allow":["GET"]}}],"collection":[{"href":"https:\/\/tecsecmty.com\/index.php\/wp-json\/wp\/v2\/product"}],"about":[{"href":"https:\/\/tecsecmty.com\/index.php\/wp-json\/wp\/v2\/types\/product"}],"replies":[{"embeddable":true,"href":"https:\/\/tecsecmty.com\/index.php\/wp-json\/wp\/v2\/comments?post=6476"}],"version-history":[{"count":0,"href":"https:\/\/tecsecmty.com\/index.php\/wp-json\/wp\/v2\/product\/6476\/revisions"}],"wp:featuredmedia":[{"embeddable":true,"href":"https:\/\/tecsecmty.com\/index.php\/wp-json\/wp\/v2\/media\/6475"}],"wp:attachment":[{"href":"https:\/\/tecsecmty.com\/index.php\/wp-json\/wp\/v2\/media?parent=6476"}],"wp:term":[{"taxonomy":"product_brand","embeddable":true,"href":"https:\/\/tecsecmty.com\/index.php\/wp-json\/wp\/v2\/product_brand?post=6476"},{"taxonomy":"product_cat","embeddable":true,"href":"https:\/\/tecsecmty.com\/index.php\/wp-json\/wp\/v2\/product_cat?post=6476"},{"taxonomy":"product_tag","embeddable":true,"href":"https:\/\/tecsecmty.com\/index.php\/wp-json\/wp\/v2\/product_tag?post=6476"}],"curies":[{"name":"wp","href":"https:\/\/api.w.org\/{rel}","templated":true}]}}