{"id":6478,"date":"2023-02-23T12:06:06","date_gmt":"2023-02-23T18:06:06","guid":{"rendered":"https:\/\/tecsecmty.com\/index.php\/producto\/commax-rf2a-fuente-de-alimentacion-24v-dc-1a-distribuidores-de-piso-y-edificio-de-la-linea-departamental-de-videoporteros-modum-y-de-audio-audiogate-modum\/"},"modified":"2023-03-22T23:22:18","modified_gmt":"2023-03-23T05:22:18","slug":"commax-rf2a-fuente-de-alimentacion-24v-dc-1a-distribuidores-de-piso-y-edificio-de-la-linea-departamental-de-videoporteros-modum-y-de-audio-audiogate-modum","status":"publish","type":"product","link":"https:\/\/tecsecmty.com\/index.php\/producto\/commax-rf2a-fuente-de-alimentacion-24v-dc-1a-distribuidores-de-piso-y-edificio-de-la-linea-departamental-de-videoporteros-modum-y-de-audio-audiogate-modum\/","title":{"rendered":"COMMAX RF2A &#8211; Fuente de alimentaci\u00f3n 24V DC 1A distribuidores de piso y edificio de la l\u00ednea departamental de videoporteros Modum y de audio #Audiogate\/ #Modum"},"content":{"rendered":"<div class=\"row aling-items-center padding-bottom-2x\">\n<div class=\"col-lg-12\">\n<h5 class=\"card-title text-center\">Descripci\u00f3n general<\/h5>\n<p class=\"ql-align-justify\">Esta fuente de alimentaci\u00f3n de corriente continua proporciona una potencia a un dispositivo de aplicaci\u00f3n el\u00e9ctrica que no se puede proporcionar alimentaci\u00f3n de CA directamente.<\/p>\n<p class=\"ql-align-justify\">Fuente de alimentaci\u00f3n de 24 Volts ideal para la l\u00ednea Modum y Audiogate y TP90.<\/p>\n<p><img decoding=\"async\" class=\"overview-center-img-web\" src=\"https:\/\/tvc.mx\/media\/119522\/COMMAX-RF2A-FUENTE-DE-ALIMENTACION-24V-FUENTE-DE-PODER-DISTRIBUIDOR-DE-ENEGIA-CMX105004.jpg\" alt=\"\" \/><\/div>\n<\/div>\n<div class=\"row align-items-center padding-bottom-2x\">\n<div class=\"col-md-5\"><img decoding=\"async\" class=\"d-block m-auto img-thumbnail\" src=\"https:\/\/tvc.mx\/media\/119526\/COMMAX-RF2A-FUENTE-DE-ALIMENTACION-24V-FUENTE-DE-PODER-DISTRIBUIDOR-DE-ENEGIA-CMX105004-1.jpg\" alt=\" \" \/><\/div>\n<div class=\"col-md-7 text-md-left text-center\">\n<h2>Caracter\u00edsticas<\/h2>\n<p class=\"text-muted\">\n<ul>\n<li class=\"ql-align-justify\">Fuente de Alimentaci\u00f3n: 110\/120\/220\/230\/240V.<\/li>\n<li class=\"ql-align-justify\">Frecuencia de Entrada: 50-60 Hz.<\/li>\n<li class=\"ql-align-justify\">Salida de Voltaje: 24 V.<\/li>\n<li class=\"ql-align-justify\">Corriente: 1 Amp.<\/li>\n<\/ul>\n<p class=\"ql-align-justify\">\n<\/div>\n<\/div>\n","protected":false},"excerpt":{"rendered":"<p>Descripci\u00f3n general Esta fuente de alimentaci\u00f3n de corriente continua proporciona una potencia a un dispositivo de aplicaci\u00f3n el\u00e9ctrica que no se puede proporcionar alimentaci\u00f3n de CA directamente. Fuente de alimentaci\u00f3n de 24 Volts ideal para la l\u00ednea Modum y Audiogate y TP90. Caracter\u00edsticas Fuente de&hellip;<\/p>\n","protected":false},"featured_media":6477,"comment_status":"open","ping_status":"closed","template":"","meta":{"om_disable_all_campaigns":false,"_monsterinsights_skip_tracking":false,"_monsterinsights_sitenote_active":false,"_monsterinsights_sitenote_note":"","_monsterinsights_sitenote_category":0},"product_brand":[],"product_cat":[548],"product_tag":[513,514,511,516,519,517,520,515,181,518,512],"class_list":{"0":"post-6478","1":"product","2":"type-product","3":"status-publish","4":"has-post-thumbnail","6":"product_cat-fuentes-de-energia","7":"product_tag-altavoces","8":"product_tag-amplificadores","9":"product_tag-audio-y-video","10":"product_tag-audioporteros","11":"product_tag-digital-signage","12":"product_tag-intercomunicadores","13":"product_tag-kits-videoporteros","14":"product_tag-mezcladoras","15":"product_tag-microfonos","16":"product_tag-sistemas-de-enfermeria","17":"product_tag-videoporteros","19":"first","20":"instock","21":"sale","22":"taxable","23":"shipping-taxable","24":"purchasable","25":"product-type-simple"},"aioseo_notices":[],"_links":{"self":[{"href":"https:\/\/tecsecmty.com\/index.php\/wp-json\/wp\/v2\/product\/6478","targetHints":{"allow":["GET"]}}],"collection":[{"href":"https:\/\/tecsecmty.com\/index.php\/wp-json\/wp\/v2\/product"}],"about":[{"href":"https:\/\/tecsecmty.com\/index.php\/wp-json\/wp\/v2\/types\/product"}],"replies":[{"embeddable":true,"href":"https:\/\/tecsecmty.com\/index.php\/wp-json\/wp\/v2\/comments?post=6478"}],"version-history":[{"count":0,"href":"https:\/\/tecsecmty.com\/index.php\/wp-json\/wp\/v2\/product\/6478\/revisions"}],"wp:featuredmedia":[{"embeddable":true,"href":"https:\/\/tecsecmty.com\/index.php\/wp-json\/wp\/v2\/media\/6477"}],"wp:attachment":[{"href":"https:\/\/tecsecmty.com\/index.php\/wp-json\/wp\/v2\/media?parent=6478"}],"wp:term":[{"taxonomy":"product_brand","embeddable":true,"href":"https:\/\/tecsecmty.com\/index.php\/wp-json\/wp\/v2\/product_brand?post=6478"},{"taxonomy":"product_cat","embeddable":true,"href":"https:\/\/tecsecmty.com\/index.php\/wp-json\/wp\/v2\/product_cat?post=6478"},{"taxonomy":"product_tag","embeddable":true,"href":"https:\/\/tecsecmty.com\/index.php\/wp-json\/wp\/v2\/product_tag?post=6478"}],"curies":[{"name":"wp","href":"https:\/\/api.w.org\/{rel}","templated":true}]}}