{"id":6482,"date":"2023-02-23T12:06:10","date_gmt":"2023-02-23T18:06:10","guid":{"rendered":"https:\/\/tecsecmty.com\/index.php\/producto\/commax-cdv43k2drc4ln-kit-de-videoportero-commax-a-color-con-monitor-de-4-3-pulgadas-y-auricular-frente-de-calle-comunicacion-con-audio-y-video-funcion-de-apertura-de-puerta-no-requiere-configurac\/"},"modified":"2023-03-22T23:22:14","modified_gmt":"2023-03-23T05:22:14","slug":"commax-cdv43k2drc4ln-kit-de-videoportero-commax-a-color-con-monitor-de-4-3-pulgadas-y-auricular-frente-de-calle-comunicacion-con-audio-y-video-funcion-de-apertura-de-puerta-no-requiere-configurac","status":"publish","type":"product","link":"https:\/\/tecsecmty.com\/index.php\/producto\/commax-cdv43k2drc4ln-kit-de-videoportero-commax-a-color-con-monitor-de-4-3-pulgadas-y-auricular-frente-de-calle-comunicacion-con-audio-y-video-funcion-de-apertura-de-puerta-no-requiere-configurac\/","title":{"rendered":"COMMAX CDV43K2DRC4LN &#8211; Kit de videoportero Commax a color con monitor de 4.3 pulgadas y auricular, frente de calle, comunicaci\u00f3n con audio y video, funci\u00f3n de apertura de puerta no requiere configuraci\u00f3n \/ #PAREJAIDEAL"},"content":{"rendered":"<div class=\"row aling-items-center padding-bottom-2x\">\n<div class=\"col-lg-12\">\n<h5 class=\"card-title text-center\">Informaci\u00f3n general<\/h5>\n<p>Un videoportero es un aparato que nos permite tener control de qui\u00e9n accede y qui\u00e9n no a nuestras instalaciones u hogares, de modo que el videoportero\u00a0\u00a0junto con un frente de calle nos facilitan esta funci\u00f3n. Cuando el bot\u00f3n de alarma del frente de calle es accionado, nuestro videoportero suena de modo que el usuario en el interior tiene la oportunidad de ver qui\u00e9n se encuentra afuera por medio de la c\u00e1mara de nuestro frente de calle, una vez identificado el usuario desde el interior puede permitirle el paso presionando el bot\u00f3n t\u00e1ctil con forma de llave.<\/p>\n<p>Commax se esfuerza continuamente para la satisfacci\u00f3n de los clientes, deseando ser la primera elecci\u00f3n para nuestros usuarios en los mercados que servimos, proporcionando productos de dise\u00f1o superior, soluciones con avanzada tecnolog\u00eda, as\u00ed como las certificaciones requeridas por todos los mercados. En la actualidad COMMAX es una marca registrada en m\u00e1s de 115 pa\u00edses y sus exportaciones se realizan a m\u00e1s de 100 pa\u00edses, en su mayor\u00eda bajo la marca de COMMAX.<\/p>\n<p><img decoding=\"async\" class=\"overview-center-img-web\" src=\"https:\/\/tvc.mx\/media\/667972\/COMMAX-CDV43K2DRC4LN-VIDEOPORTERO-KIT-TVC-BANER3.png\" alt=\"\" \/><\/div>\n<\/div>\n<div class=\"row align-items-center padding-bottom-2x\">\n<div class=\"col-md-5\"><img decoding=\"async\" class=\"d-block m-auto img-thumbnail\" src=\"https:\/\/tvc.mx\/media\/565995\/COMMAX--CDV43K2-DRC4LN-KIT-VIDEOPORTERO-MONITOR--DERECHA.png\" alt=\" \" \/><\/div>\n<div class=\"col-md-7 text-md-left text-center\">\n<h2>Caracter\u00edsticas Principales<\/h2>\n<p class=\"text-muted\">\n<h4>Monitor<\/h4>\n<p>Pr\u00e1ctico y sencillo de instalar, apertura la chapa desde su panel t\u00e1ctil.<\/p>\n<ul>\n<li>Fuente de Energ\u00eda: AC 110 VAC 60Hz<\/li>\n<li>Tama\u00f1o LCD 4.3 pulgadas Display TFT LED a color<\/li>\n<li>Tipo de Montaje: superficial<\/li>\n<li>Cableado: 4 Hilos<\/li>\n<li>Distancia al frente de calle: 28m(24AWG) \/ 50m(22AWG)<\/li>\n<li>Dimensiones: 157mmx167mmx28mm<\/li>\n<\/ul>\n<p>&nbsp;<\/p>\n<\/div>\n<\/div>\n<hr class=\"padding-bottom-2x\" \/>\n<div class=\"row align-items-center padding-bottom-2x\">\n<div class=\"col-md-5\"><img decoding=\"async\" class=\"d-block m-auto img-thumbnail\" src=\"https:\/\/tvc.mx\/media\/667862\/COMMAX-CDV43K2DRC4LN-VIDEOPORTERO-KIT-TVC-OVERVIEW.png\" alt=\" \" \/><\/div>\n<div class=\"col-md-7 text-md-left text-center\">\n<h2>Caracter\u00edsticas Principales<\/h2>\n<p class=\"text-muted\">\n<h4>Frente de calle<\/h4>\n<p>Llamado frente de calle; es una\u00a0c\u00e1mara de puerta que cuenta con una luz led, la cual se enciende de noche cu\u00e1ndo el bot\u00f3n de timbre es accionado.<\/p>\n<ul>\n<li>Sensor de Iluminaci\u00f3n incluido<\/li>\n<li>Uso interior y exterior<\/li>\n<li>Tipo de instalaci\u00f3n en superficie<\/li>\n<li>Funci\u00f3n intercomunicaci\u00f3n<\/li>\n<li>Fuente de energ\u00eda 12 V suministrada por el monitor<\/li>\n<li>Sensor de imagen CMos<\/li>\n<li>Distancia al monitor:50m (22AWG)<\/li>\n<li>Dimensiones: 99.8mmx142.4mmx35.2mm<\/li>\n<\/ul>\n<p>&nbsp;<\/p>\n<\/div>\n<\/div>\n<hr class=\"padding-bottom-2x\" \/>\n<div class=\"row align-items-center padding-bottom-2x\">\n<div class=\"col-md-5 order-md-2\"><img decoding=\"async\" class=\"d-block m-auto img-thumbnail\" src=\"https:\/\/tvc.mx\/media\/566003\/COMMAX--CDV43K2-DRC4LN-KIT-VIDEOPORTERO-MONITOR--accesorios.png\" alt=\" \" \/><\/div>\n<div class=\"col-md-7 order-md-1 text-md-left text-center\">\n<h2>Incluye<\/h2>\n<p class=\"text-muted\">\n<ul>\n<li>Cables<\/li>\n<li>Tornillos de fijaci\u00f3n<\/li>\n<li>Placas de montaje:<\/li>\n<li>Monitor y frente de calle<\/li>\n<\/ul>\n<\/div>\n<\/div>\n","protected":false},"excerpt":{"rendered":"<p>Informaci\u00f3n general Un videoportero es un aparato que nos permite tener control de qui\u00e9n accede y qui\u00e9n no a nuestras instalaciones u hogares, de modo que el videoportero\u00a0\u00a0junto con un frente de calle nos facilitan esta funci\u00f3n. Cuando el bot\u00f3n de alarma del frente de&hellip;<\/p>\n","protected":false},"featured_media":6481,"comment_status":"open","ping_status":"closed","template":"","meta":{"om_disable_all_campaigns":false,"_monsterinsights_skip_tracking":false,"_monsterinsights_sitenote_active":false,"_monsterinsights_sitenote_note":"","_monsterinsights_sitenote_category":0},"product_brand":[],"product_cat":[549],"product_tag":[513,514,511,516,519,517,520,515,181,518,512],"class_list":{"0":"post-6482","1":"product","2":"type-product","3":"status-publish","4":"has-post-thumbnail","6":"product_cat-kits-de-videoporteros","7":"product_tag-altavoces","8":"product_tag-amplificadores","9":"product_tag-audio-y-video","10":"product_tag-audioporteros","11":"product_tag-digital-signage","12":"product_tag-intercomunicadores","13":"product_tag-kits-videoporteros","14":"product_tag-mezcladoras","15":"product_tag-microfonos","16":"product_tag-sistemas-de-enfermeria","17":"product_tag-videoporteros","19":"first","20":"instock","21":"sale","22":"taxable","23":"shipping-taxable","24":"purchasable","25":"product-type-simple"},"aioseo_notices":[],"_links":{"self":[{"href":"https:\/\/tecsecmty.com\/index.php\/wp-json\/wp\/v2\/product\/6482","targetHints":{"allow":["GET"]}}],"collection":[{"href":"https:\/\/tecsecmty.com\/index.php\/wp-json\/wp\/v2\/product"}],"about":[{"href":"https:\/\/tecsecmty.com\/index.php\/wp-json\/wp\/v2\/types\/product"}],"replies":[{"embeddable":true,"href":"https:\/\/tecsecmty.com\/index.php\/wp-json\/wp\/v2\/comments?post=6482"}],"version-history":[{"count":0,"href":"https:\/\/tecsecmty.com\/index.php\/wp-json\/wp\/v2\/product\/6482\/revisions"}],"wp:featuredmedia":[{"embeddable":true,"href":"https:\/\/tecsecmty.com\/index.php\/wp-json\/wp\/v2\/media\/6481"}],"wp:attachment":[{"href":"https:\/\/tecsecmty.com\/index.php\/wp-json\/wp\/v2\/media?parent=6482"}],"wp:term":[{"taxonomy":"product_brand","embeddable":true,"href":"https:\/\/tecsecmty.com\/index.php\/wp-json\/wp\/v2\/product_brand?post=6482"},{"taxonomy":"product_cat","embeddable":true,"href":"https:\/\/tecsecmty.com\/index.php\/wp-json\/wp\/v2\/product_cat?post=6482"},{"taxonomy":"product_tag","embeddable":true,"href":"https:\/\/tecsecmty.com\/index.php\/wp-json\/wp\/v2\/product_tag?post=6482"}],"curies":[{"name":"wp","href":"https:\/\/api.w.org\/{rel}","templated":true}]}}